{"id":9305,"date":"2025-11-12T15:43:18","date_gmt":"2025-11-12T14:43:18","guid":{"rendered":"https:\/\/givannacastelo.es\/?post_type=product&#038;p=9305"},"modified":"2025-11-12T15:44:53","modified_gmt":"2025-11-12T14:44:53","slug":"jeans-colombianos-push-up-ref-7184","status":"publish","type":"product","link":"https:\/\/givannacastelo.es\/index.php\/producto\/jeans-colombianos-push-up-ref-7184\/","title":{"rendered":"Jeans Colombianos Push Up Ref. 7184"},"content":{"rendered":"<p data-start=\"257\" data-end=\"501\">El\u00a0<strong data-start=\"260\" data-end=\"298\">jean colombiano Ref. 7184 de Sahre<\/strong>\u00a0combina dise\u00f1o y confort con un ajuste que realza la figura de forma natural. Su pretina ancha con doble bot\u00f3n y detalle de hebillas laterales proporciona control abdominal y una silueta m\u00e1s definida.<\/p>\n<p data-start=\"503\" data-end=\"746\">Con un acabado moderno tipo\u00a0<strong data-start=\"531\" data-end=\"541\">jogger<\/strong>, este modelo ofrece un calce perfecto y una sensaci\u00f3n de libertad total. Su tela en denim el\u00e1stico permite movilidad sin perder firmeza, ideal para quienes buscan estilo y comodidad en una misma prenda.<\/p>\n<p data-start=\"748\" data-end=\"781\"><strong data-start=\"748\" data-end=\"779\">Caracter\u00edsticas destacadas:<\/strong><\/p>\n<ul data-start=\"782\" data-end=\"1012\">\n<li data-start=\"782\" data-end=\"827\">\n<p data-start=\"784\" data-end=\"827\">Corte colombiano con efecto levanta cola.<\/p>\n<\/li>\n<li data-start=\"828\" data-end=\"882\">\n<p data-start=\"830\" data-end=\"882\">Pretina alta con doble bot\u00f3n y el\u00e1stico posterior.<\/p>\n<\/li>\n<li data-start=\"883\" data-end=\"942\">\n<p data-start=\"885\" data-end=\"942\">Dise\u00f1o tipo jogger con terminaci\u00f3n ajustada al tobillo.<\/p>\n<\/li>\n<li data-start=\"943\" data-end=\"984\">\n<p data-start=\"945\" data-end=\"984\">Tela denim el\u00e1stica y suave al tacto.<\/p>\n<\/li>\n<li data-start=\"985\" data-end=\"1012\">\n<p data-start=\"987\" data-end=\"1012\">Hecho 100% en Colombia.<\/p>\n<\/li>\n<\/ul>\n<p data-start=\"1014\" data-end=\"1138\">Una pieza imprescindible de la\u00a0<strong data-start=\"1045\" data-end=\"1064\">moda colombiana<\/strong>, disponible con\u00a0<strong data-start=\"1081\" data-end=\"1108\">env\u00edos gratis en Espa\u00f1a<\/strong>\u00a0y\u00a0<strong data-start=\"1111\" data-end=\"1135\">entregas en 24 horas<\/strong>.<\/p>\n","protected":false},"excerpt":{"rendered":"<p>El\u00a0jean colombiano Ref. 7184 de Sahre\u00a0combina dise\u00f1o y confort con un ajuste que realza la figura de forma natural. Su pretina ancha con doble bot\u00f3n y detalle de hebillas laterales proporciona control abdominal y una silueta m\u00e1s definida. Con un acabado moderno tipo\u00a0jogger, este modelo ofrece un calce perfecto y una sensaci\u00f3n de libertad total. [&hellip;]<\/p>\n","protected":false},"featured_media":9284,"comment_status":"open","ping_status":"closed","template":"","meta":{"_et_pb_use_builder":"","_et_pb_old_content":"","_et_gb_content_width":""},"product_brand":[],"product_cat":[213,218,26],"product_tag":[611,524,51,73,581],"class_list":{"0":"post-9305","1":"product","2":"type-product","3":"status-publish","4":"has-post-thumbnail","6":"product_cat-pantalones","7":"product_cat-pantalones-tiro-alto","8":"product_cat-jeans-push-up","9":"product_tag-diseno-tipo-joger","10":"product_tag-jeans-bota-recta","11":"product_tag-jeans-con-botones","12":"product_tag-jeans-levantacola","13":"product_tag-tela-denim-elastica","15":"first","16":"instock","17":"shipping-taxable","18":"purchasable","19":"product-type-variable"},"yoast_head":"<!-- This site is optimized with the Yoast SEO plugin v25.9 - https:\/\/yoast.com\/wordpress\/plugins\/seo\/ -->\n<title>Jeans Colombianos Push Up Ref. 7184 - Givanna Castelo<\/title>\n<meta name=\"description\" content=\"Jeans Colombianos Push Up Ref. 7184\" \/>\n<meta name=\"robots\" content=\"index, follow, max-snippet:-1, max-image-preview:large, max-video-preview:-1\" \/>\n<link rel=\"canonical\" href=\"https:\/\/givannacastelo.es\/index.php\/producto\/jeans-colombianos-push-up-ref-7184\/\" \/>\n<meta property=\"og:locale\" content=\"es_ES\" \/>\n<meta property=\"og:type\" content=\"article\" \/>\n<meta property=\"og:title\" content=\"Jeans Colombianos Push Up Ref. 7184 - Givanna Castelo\" \/>\n<meta property=\"og:description\" content=\"Jeans Colombianos Push Up Ref. 7184\" \/>\n<meta property=\"og:url\" content=\"https:\/\/givannacastelo.es\/index.php\/producto\/jeans-colombianos-push-up-ref-7184\/\" \/>\n<meta property=\"og:site_name\" content=\"Givanna Castelo\" \/>\n<meta property=\"article:modified_time\" content=\"2025-11-12T14:44:53+00:00\" \/>\n<meta property=\"og:image\" content=\"https:\/\/givannacastelo.es\/wp-content\/uploads\/2025\/11\/IMG-20251112-WA0006.jpg\" \/>\n\t<meta property=\"og:image:width\" content=\"1242\" \/>\n\t<meta property=\"og:image:height\" content=\"1280\" \/>\n\t<meta property=\"og:image:type\" content=\"image\/jpeg\" \/>\n<meta name=\"twitter:card\" content=\"summary_large_image\" \/>\n<meta name=\"twitter:label1\" content=\"Tiempo de lectura\" \/>\n\t<meta name=\"twitter:data1\" content=\"1 minuto\" \/>\n<script type=\"application\/ld+json\" class=\"yoast-schema-graph\">{\"@context\":\"https:\/\/schema.org\",\"@graph\":[{\"@type\":\"WebPage\",\"@id\":\"https:\/\/givannacastelo.es\/index.php\/producto\/jeans-colombianos-push-up-ref-7184\/\",\"url\":\"https:\/\/givannacastelo.es\/index.php\/producto\/jeans-colombianos-push-up-ref-7184\/\",\"name\":\"Jeans Colombianos Push Up Ref. 7184 - Givanna Castelo\",\"isPartOf\":{\"@id\":\"https:\/\/givannacastelo.es\/#website\"},\"primaryImageOfPage\":{\"@id\":\"https:\/\/givannacastelo.es\/index.php\/producto\/jeans-colombianos-push-up-ref-7184\/#primaryimage\"},\"image\":{\"@id\":\"https:\/\/givannacastelo.es\/index.php\/producto\/jeans-colombianos-push-up-ref-7184\/#primaryimage\"},\"thumbnailUrl\":\"https:\/\/givannacastelo.es\/wp-content\/uploads\/2025\/11\/IMG-20251112-WA0006.jpg\",\"datePublished\":\"2025-11-12T14:43:18+00:00\",\"dateModified\":\"2025-11-12T14:44:53+00:00\",\"description\":\"Jeans Colombianos Push Up Ref. 7184\",\"breadcrumb\":{\"@id\":\"https:\/\/givannacastelo.es\/index.php\/producto\/jeans-colombianos-push-up-ref-7184\/#breadcrumb\"},\"inLanguage\":\"es\",\"potentialAction\":[{\"@type\":\"ReadAction\",\"target\":[\"https:\/\/givannacastelo.es\/index.php\/producto\/jeans-colombianos-push-up-ref-7184\/\"]}]},{\"@type\":\"ImageObject\",\"inLanguage\":\"es\",\"@id\":\"https:\/\/givannacastelo.es\/index.php\/producto\/jeans-colombianos-push-up-ref-7184\/#primaryimage\",\"url\":\"https:\/\/givannacastelo.es\/wp-content\/uploads\/2025\/11\/IMG-20251112-WA0006.jpg\",\"contentUrl\":\"https:\/\/givannacastelo.es\/wp-content\/uploads\/2025\/11\/IMG-20251112-WA0006.jpg\",\"width\":1242,\"height\":1280},{\"@type\":\"BreadcrumbList\",\"@id\":\"https:\/\/givannacastelo.es\/index.php\/producto\/jeans-colombianos-push-up-ref-7184\/#breadcrumb\",\"itemListElement\":[{\"@type\":\"ListItem\",\"position\":1,\"name\":\"Portada\",\"item\":\"https:\/\/givannacastelo.es\/\"},{\"@type\":\"ListItem\",\"position\":2,\"name\":\"Tienda\",\"item\":\"https:\/\/givannacastelo.es\/index.php\/tienda\/\"},{\"@type\":\"ListItem\",\"position\":3,\"name\":\"Jeans Colombianos Push Up Ref. 7184\"}]},{\"@type\":\"WebSite\",\"@id\":\"https:\/\/givannacastelo.es\/#website\",\"url\":\"https:\/\/givannacastelo.es\/\",\"name\":\"Givanna Castelo\",\"description\":\"Descubre en Givanna Castelo las \u00faltimas tendencias en moda para mujer y hombre. Ropa de calidad, estilo \u00fanico y precios accesibles para que siempre luzcas espectacular. \u00a1Compra f\u00e1cil y r\u00e1pido online!\",\"publisher\":{\"@id\":\"https:\/\/givannacastelo.es\/#organization\"},\"alternateName\":\"givannacastelo.es\",\"potentialAction\":[{\"@type\":\"SearchAction\",\"target\":{\"@type\":\"EntryPoint\",\"urlTemplate\":\"https:\/\/givannacastelo.es\/?s={search_term_string}\"},\"query-input\":{\"@type\":\"PropertyValueSpecification\",\"valueRequired\":true,\"valueName\":\"search_term_string\"}}],\"inLanguage\":\"es\"},{\"@type\":\"Organization\",\"@id\":\"https:\/\/givannacastelo.es\/#organization\",\"name\":\"Givanna Castelo\",\"alternateName\":\"givanna castelo\",\"url\":\"https:\/\/givannacastelo.es\/\",\"logo\":{\"@type\":\"ImageObject\",\"inLanguage\":\"es\",\"@id\":\"https:\/\/givannacastelo.es\/#\/schema\/logo\/image\/\",\"url\":\"https:\/\/givannacastelo.es\/wp-content\/uploads\/2025\/09\/Asset-1-1-2.png\",\"contentUrl\":\"https:\/\/givannacastelo.es\/wp-content\/uploads\/2025\/09\/Asset-1-1-2.png\",\"width\":184,\"height\":177,\"caption\":\"Givanna Castelo\"},\"image\":{\"@id\":\"https:\/\/givannacastelo.es\/#\/schema\/logo\/image\/\"}}]}<\/script>\n<!-- \/ Yoast SEO plugin. -->","yoast_head_json":{"title":"Jeans Colombianos Push Up Ref. 7184 - Givanna Castelo","description":"Jeans Colombianos Push Up Ref. 7184","robots":{"index":"index","follow":"follow","max-snippet":"max-snippet:-1","max-image-preview":"max-image-preview:large","max-video-preview":"max-video-preview:-1"},"canonical":"https:\/\/givannacastelo.es\/index.php\/producto\/jeans-colombianos-push-up-ref-7184\/","og_locale":"es_ES","og_type":"article","og_title":"Jeans Colombianos Push Up Ref. 7184 - Givanna Castelo","og_description":"Jeans Colombianos Push Up Ref. 7184","og_url":"https:\/\/givannacastelo.es\/index.php\/producto\/jeans-colombianos-push-up-ref-7184\/","og_site_name":"Givanna Castelo","article_modified_time":"2025-11-12T14:44:53+00:00","og_image":[{"width":1242,"height":1280,"url":"https:\/\/givannacastelo.es\/wp-content\/uploads\/2025\/11\/IMG-20251112-WA0006.jpg","type":"image\/jpeg"}],"twitter_card":"summary_large_image","twitter_misc":{"Tiempo de lectura":"1 minuto"},"schema":{"@context":"https:\/\/schema.org","@graph":[{"@type":"WebPage","@id":"https:\/\/givannacastelo.es\/index.php\/producto\/jeans-colombianos-push-up-ref-7184\/","url":"https:\/\/givannacastelo.es\/index.php\/producto\/jeans-colombianos-push-up-ref-7184\/","name":"Jeans Colombianos Push Up Ref. 7184 - Givanna Castelo","isPartOf":{"@id":"https:\/\/givannacastelo.es\/#website"},"primaryImageOfPage":{"@id":"https:\/\/givannacastelo.es\/index.php\/producto\/jeans-colombianos-push-up-ref-7184\/#primaryimage"},"image":{"@id":"https:\/\/givannacastelo.es\/index.php\/producto\/jeans-colombianos-push-up-ref-7184\/#primaryimage"},"thumbnailUrl":"https:\/\/givannacastelo.es\/wp-content\/uploads\/2025\/11\/IMG-20251112-WA0006.jpg","datePublished":"2025-11-12T14:43:18+00:00","dateModified":"2025-11-12T14:44:53+00:00","description":"Jeans Colombianos Push Up Ref. 7184","breadcrumb":{"@id":"https:\/\/givannacastelo.es\/index.php\/producto\/jeans-colombianos-push-up-ref-7184\/#breadcrumb"},"inLanguage":"es","potentialAction":[{"@type":"ReadAction","target":["https:\/\/givannacastelo.es\/index.php\/producto\/jeans-colombianos-push-up-ref-7184\/"]}]},{"@type":"ImageObject","inLanguage":"es","@id":"https:\/\/givannacastelo.es\/index.php\/producto\/jeans-colombianos-push-up-ref-7184\/#primaryimage","url":"https:\/\/givannacastelo.es\/wp-content\/uploads\/2025\/11\/IMG-20251112-WA0006.jpg","contentUrl":"https:\/\/givannacastelo.es\/wp-content\/uploads\/2025\/11\/IMG-20251112-WA0006.jpg","width":1242,"height":1280},{"@type":"BreadcrumbList","@id":"https:\/\/givannacastelo.es\/index.php\/producto\/jeans-colombianos-push-up-ref-7184\/#breadcrumb","itemListElement":[{"@type":"ListItem","position":1,"name":"Portada","item":"https:\/\/givannacastelo.es\/"},{"@type":"ListItem","position":2,"name":"Tienda","item":"https:\/\/givannacastelo.es\/index.php\/tienda\/"},{"@type":"ListItem","position":3,"name":"Jeans Colombianos Push Up Ref. 7184"}]},{"@type":"WebSite","@id":"https:\/\/givannacastelo.es\/#website","url":"https:\/\/givannacastelo.es\/","name":"Givanna Castelo","description":"Descubre en Givanna Castelo las \u00faltimas tendencias en moda para mujer y hombre. Ropa de calidad, estilo \u00fanico y precios accesibles para que siempre luzcas espectacular. \u00a1Compra f\u00e1cil y r\u00e1pido online!","publisher":{"@id":"https:\/\/givannacastelo.es\/#organization"},"alternateName":"givannacastelo.es","potentialAction":[{"@type":"SearchAction","target":{"@type":"EntryPoint","urlTemplate":"https:\/\/givannacastelo.es\/?s={search_term_string}"},"query-input":{"@type":"PropertyValueSpecification","valueRequired":true,"valueName":"search_term_string"}}],"inLanguage":"es"},{"@type":"Organization","@id":"https:\/\/givannacastelo.es\/#organization","name":"Givanna Castelo","alternateName":"givanna castelo","url":"https:\/\/givannacastelo.es\/","logo":{"@type":"ImageObject","inLanguage":"es","@id":"https:\/\/givannacastelo.es\/#\/schema\/logo\/image\/","url":"https:\/\/givannacastelo.es\/wp-content\/uploads\/2025\/09\/Asset-1-1-2.png","contentUrl":"https:\/\/givannacastelo.es\/wp-content\/uploads\/2025\/09\/Asset-1-1-2.png","width":184,"height":177,"caption":"Givanna Castelo"},"image":{"@id":"https:\/\/givannacastelo.es\/#\/schema\/logo\/image\/"}}]}},"jetpack_sharing_enabled":true,"_links":{"self":[{"href":"https:\/\/givannacastelo.es\/index.php\/wp-json\/wp\/v2\/product\/9305","targetHints":{"allow":["GET"]}}],"collection":[{"href":"https:\/\/givannacastelo.es\/index.php\/wp-json\/wp\/v2\/product"}],"about":[{"href":"https:\/\/givannacastelo.es\/index.php\/wp-json\/wp\/v2\/types\/product"}],"replies":[{"embeddable":true,"href":"https:\/\/givannacastelo.es\/index.php\/wp-json\/wp\/v2\/comments?post=9305"}],"wp:featuredmedia":[{"embeddable":true,"href":"https:\/\/givannacastelo.es\/index.php\/wp-json\/wp\/v2\/media\/9284"}],"wp:attachment":[{"href":"https:\/\/givannacastelo.es\/index.php\/wp-json\/wp\/v2\/media?parent=9305"}],"wp:term":[{"taxonomy":"product_brand","embeddable":true,"href":"https:\/\/givannacastelo.es\/index.php\/wp-json\/wp\/v2\/product_brand?post=9305"},{"taxonomy":"product_cat","embeddable":true,"href":"https:\/\/givannacastelo.es\/index.php\/wp-json\/wp\/v2\/product_cat?post=9305"},{"taxonomy":"product_tag","embeddable":true,"href":"https:\/\/givannacastelo.es\/index.php\/wp-json\/wp\/v2\/product_tag?post=9305"}],"curies":[{"name":"wp","href":"https:\/\/api.w.org\/{rel}","templated":true}]}}