{"id":9052,"date":"2025-11-04T14:11:56","date_gmt":"2025-11-04T13:11:56","guid":{"rendered":"https:\/\/givannacastelo.es\/?post_type=product&#038;p=9052"},"modified":"2025-11-08T15:54:30","modified_gmt":"2025-11-08T14:54:30","slug":"pantalon-para-dama-bless-me-ref-bmp101","status":"publish","type":"product","link":"https:\/\/givannacastelo.es\/index.php\/producto\/pantalon-para-dama-bless-me-ref-bmp101\/","title":{"rendered":"Pantal\u00f3n para Dama Bless Me Ref. BMP101"},"content":{"rendered":"<div class=\"body\">\n<div id=\"ini\" class=\"product\">\n<div class=\"product-right\">\n<div class=\"row\">\n<p data-start=\"228\" data-end=\"488\">El\u00a0<strong data-start=\"231\" data-end=\"264\">Pantal\u00f3n Bless Me Ref. BMP101<\/strong>\u00a0combina la elegancia del dise\u00f1o colombiano con la comodidad de una prenda vers\u00e1til y moderna. Su corte fluido con el\u00e1stico en el tobillo ofrece un ajuste favorecedor que realza la figura sin perder libertad de movimiento.<\/p>\n<p data-start=\"490\" data-end=\"687\">El dise\u00f1o de tiro alto estiliza la cintura y define las curvas, mientras su tela de alta calidad proporciona suavidad y ca\u00edda perfecta. Ideal para looks casuales, de oficina o salidas con estilo.<\/p>\n<p data-start=\"689\" data-end=\"722\"><strong data-start=\"689\" data-end=\"720\">Caracter\u00edsticas destacadas:<\/strong><\/p>\n<ul data-start=\"723\" data-end=\"950\">\n<li data-start=\"723\" data-end=\"760\">\n<p data-start=\"725\" data-end=\"760\">Pantal\u00f3n colombiano de tiro alto.<\/p>\n<\/li>\n<li data-start=\"761\" data-end=\"803\">\n<p data-start=\"763\" data-end=\"803\">Dise\u00f1o fluido con el\u00e1stico en el bajo.<\/p>\n<\/li>\n<li data-start=\"804\" data-end=\"838\">\n<p data-start=\"806\" data-end=\"838\">Tela suave con ca\u00edda elegante.<\/p>\n<\/li>\n<li data-start=\"839\" data-end=\"884\">\n<p data-start=\"841\" data-end=\"884\">Corte favorecedor que estiliza la figura.<\/p>\n<\/li>\n<li data-start=\"885\" data-end=\"922\">\n<p data-start=\"887\" data-end=\"922\">Disponible en color beige y azul.<\/p>\n<\/li>\n<li data-start=\"923\" data-end=\"950\">\n<p data-start=\"925\" data-end=\"950\">100% hecho en Colombia.<\/p>\n<\/li>\n<\/ul>\n<p data-start=\"952\" data-end=\"1034\">Perfecto para mujeres que buscan elegancia, confort y moda colombiana aut\u00e9ntica.<\/p>\n<p data-start=\"1036\" data-end=\"1140\"><strong data-start=\"1036\" data-end=\"1087\">Env\u00edos gratis en Espa\u00f1a y entregas en 24 horas.<\/strong><br data-start=\"1087\" data-end=\"1090\" \/><strong data-start=\"1090\" data-end=\"1140\">Moda colombiana disponible en Espa\u00f1a y Europa.<\/strong><\/p>\n<\/div>\n<\/div>\n<\/div>\n<\/div>\n<div class=\"suscribete\"><\/div>\n","protected":false},"excerpt":{"rendered":"<p>El\u00a0Pantal\u00f3n Bless Me Ref. BMP101\u00a0combina la elegancia del dise\u00f1o colombiano con la comodidad de una prenda vers\u00e1til y moderna. Su corte fluido con el\u00e1stico en el tobillo ofrece un ajuste favorecedor que realza la figura sin perder libertad de movimiento. El dise\u00f1o de tiro alto estiliza la cintura y define las curvas, mientras su tela [&hellip;]<\/p>\n","protected":false},"featured_media":9046,"comment_status":"open","ping_status":"closed","template":"","meta":{"_et_pb_use_builder":"","_et_pb_old_content":"","_et_gb_content_width":""},"product_brand":[],"product_cat":[213,218],"product_tag":[588,400,376,589],"class_list":{"0":"post-9052","1":"product","2":"type-product","3":"status-publish","4":"has-post-thumbnail","6":"product_cat-pantalones","7":"product_cat-pantalones-tiro-alto","8":"product_tag-moda-100-colombiana","9":"product_tag-pantalon-a-la-moda","10":"product_tag-pantalon-bless-me","11":"product_tag-pantalon-comodo","13":"first","14":"instock","15":"shipping-taxable","16":"purchasable","17":"product-type-variable"},"yoast_head":"<!-- This site is optimized with the Yoast SEO plugin v25.9 - https:\/\/yoast.com\/wordpress\/plugins\/seo\/ -->\n<title>Pantal\u00f3n para Dama Bless Me Ref. BMP101 - Givanna Castelo<\/title>\n<meta name=\"description\" content=\"Pantal\u00f3n para Dama Bless Me Ref. BMP101\" \/>\n<meta name=\"robots\" content=\"index, follow, max-snippet:-1, max-image-preview:large, max-video-preview:-1\" \/>\n<link rel=\"canonical\" href=\"https:\/\/givannacastelo.es\/index.php\/producto\/pantalon-para-dama-bless-me-ref-bmp101\/\" \/>\n<meta property=\"og:locale\" content=\"es_ES\" \/>\n<meta property=\"og:type\" content=\"article\" \/>\n<meta property=\"og:title\" content=\"Pantal\u00f3n para Dama Bless Me Ref. BMP101 - Givanna Castelo\" \/>\n<meta property=\"og:description\" content=\"Pantal\u00f3n para Dama Bless Me Ref. BMP101\" \/>\n<meta property=\"og:url\" content=\"https:\/\/givannacastelo.es\/index.php\/producto\/pantalon-para-dama-bless-me-ref-bmp101\/\" \/>\n<meta property=\"og:site_name\" content=\"Givanna Castelo\" \/>\n<meta property=\"article:modified_time\" content=\"2025-11-08T14:54:30+00:00\" \/>\n<meta property=\"og:image\" content=\"https:\/\/givannacastelo.es\/wp-content\/uploads\/2025\/11\/IMG-20251104-WA0004.jpg\" \/>\n\t<meta property=\"og:image:width\" content=\"1600\" \/>\n\t<meta property=\"og:image:height\" content=\"1043\" \/>\n\t<meta property=\"og:image:type\" content=\"image\/jpeg\" \/>\n<meta name=\"twitter:card\" content=\"summary_large_image\" \/>\n<meta name=\"twitter:label1\" content=\"Tiempo de lectura\" \/>\n\t<meta name=\"twitter:data1\" content=\"1 minuto\" \/>\n<script type=\"application\/ld+json\" class=\"yoast-schema-graph\">{\"@context\":\"https:\/\/schema.org\",\"@graph\":[{\"@type\":\"WebPage\",\"@id\":\"https:\/\/givannacastelo.es\/index.php\/producto\/pantalon-para-dama-bless-me-ref-bmp101\/\",\"url\":\"https:\/\/givannacastelo.es\/index.php\/producto\/pantalon-para-dama-bless-me-ref-bmp101\/\",\"name\":\"Pantal\u00f3n para Dama Bless Me Ref. BMP101 - Givanna Castelo\",\"isPartOf\":{\"@id\":\"https:\/\/givannacastelo.es\/#website\"},\"primaryImageOfPage\":{\"@id\":\"https:\/\/givannacastelo.es\/index.php\/producto\/pantalon-para-dama-bless-me-ref-bmp101\/#primaryimage\"},\"image\":{\"@id\":\"https:\/\/givannacastelo.es\/index.php\/producto\/pantalon-para-dama-bless-me-ref-bmp101\/#primaryimage\"},\"thumbnailUrl\":\"https:\/\/givannacastelo.es\/wp-content\/uploads\/2025\/11\/IMG-20251104-WA0004.jpg\",\"datePublished\":\"2025-11-04T13:11:56+00:00\",\"dateModified\":\"2025-11-08T14:54:30+00:00\",\"description\":\"Pantal\u00f3n para Dama Bless Me Ref. BMP101\",\"breadcrumb\":{\"@id\":\"https:\/\/givannacastelo.es\/index.php\/producto\/pantalon-para-dama-bless-me-ref-bmp101\/#breadcrumb\"},\"inLanguage\":\"es\",\"potentialAction\":[{\"@type\":\"ReadAction\",\"target\":[\"https:\/\/givannacastelo.es\/index.php\/producto\/pantalon-para-dama-bless-me-ref-bmp101\/\"]}]},{\"@type\":\"ImageObject\",\"inLanguage\":\"es\",\"@id\":\"https:\/\/givannacastelo.es\/index.php\/producto\/pantalon-para-dama-bless-me-ref-bmp101\/#primaryimage\",\"url\":\"https:\/\/givannacastelo.es\/wp-content\/uploads\/2025\/11\/IMG-20251104-WA0004.jpg\",\"contentUrl\":\"https:\/\/givannacastelo.es\/wp-content\/uploads\/2025\/11\/IMG-20251104-WA0004.jpg\",\"width\":1600,\"height\":1043},{\"@type\":\"BreadcrumbList\",\"@id\":\"https:\/\/givannacastelo.es\/index.php\/producto\/pantalon-para-dama-bless-me-ref-bmp101\/#breadcrumb\",\"itemListElement\":[{\"@type\":\"ListItem\",\"position\":1,\"name\":\"Portada\",\"item\":\"https:\/\/givannacastelo.es\/\"},{\"@type\":\"ListItem\",\"position\":2,\"name\":\"Tienda\",\"item\":\"https:\/\/givannacastelo.es\/index.php\/tienda\/\"},{\"@type\":\"ListItem\",\"position\":3,\"name\":\"Pantal\u00f3n para Dama Bless Me Ref. BMP101\"}]},{\"@type\":\"WebSite\",\"@id\":\"https:\/\/givannacastelo.es\/#website\",\"url\":\"https:\/\/givannacastelo.es\/\",\"name\":\"Givanna Castelo\",\"description\":\"Descubre en Givanna Castelo las \u00faltimas tendencias en moda para mujer y hombre. Ropa de calidad, estilo \u00fanico y precios accesibles para que siempre luzcas espectacular. \u00a1Compra f\u00e1cil y r\u00e1pido online!\",\"publisher\":{\"@id\":\"https:\/\/givannacastelo.es\/#organization\"},\"alternateName\":\"givannacastelo.es\",\"potentialAction\":[{\"@type\":\"SearchAction\",\"target\":{\"@type\":\"EntryPoint\",\"urlTemplate\":\"https:\/\/givannacastelo.es\/?s={search_term_string}\"},\"query-input\":{\"@type\":\"PropertyValueSpecification\",\"valueRequired\":true,\"valueName\":\"search_term_string\"}}],\"inLanguage\":\"es\"},{\"@type\":\"Organization\",\"@id\":\"https:\/\/givannacastelo.es\/#organization\",\"name\":\"Givanna Castelo\",\"alternateName\":\"givanna castelo\",\"url\":\"https:\/\/givannacastelo.es\/\",\"logo\":{\"@type\":\"ImageObject\",\"inLanguage\":\"es\",\"@id\":\"https:\/\/givannacastelo.es\/#\/schema\/logo\/image\/\",\"url\":\"https:\/\/givannacastelo.es\/wp-content\/uploads\/2025\/09\/Asset-1-1-2.png\",\"contentUrl\":\"https:\/\/givannacastelo.es\/wp-content\/uploads\/2025\/09\/Asset-1-1-2.png\",\"width\":184,\"height\":177,\"caption\":\"Givanna Castelo\"},\"image\":{\"@id\":\"https:\/\/givannacastelo.es\/#\/schema\/logo\/image\/\"}}]}<\/script>\n<!-- \/ Yoast SEO plugin. -->","yoast_head_json":{"title":"Pantal\u00f3n para Dama Bless Me Ref. BMP101 - Givanna Castelo","description":"Pantal\u00f3n para Dama Bless Me Ref. BMP101","robots":{"index":"index","follow":"follow","max-snippet":"max-snippet:-1","max-image-preview":"max-image-preview:large","max-video-preview":"max-video-preview:-1"},"canonical":"https:\/\/givannacastelo.es\/index.php\/producto\/pantalon-para-dama-bless-me-ref-bmp101\/","og_locale":"es_ES","og_type":"article","og_title":"Pantal\u00f3n para Dama Bless Me Ref. BMP101 - Givanna Castelo","og_description":"Pantal\u00f3n para Dama Bless Me Ref. BMP101","og_url":"https:\/\/givannacastelo.es\/index.php\/producto\/pantalon-para-dama-bless-me-ref-bmp101\/","og_site_name":"Givanna Castelo","article_modified_time":"2025-11-08T14:54:30+00:00","og_image":[{"width":1600,"height":1043,"url":"https:\/\/givannacastelo.es\/wp-content\/uploads\/2025\/11\/IMG-20251104-WA0004.jpg","type":"image\/jpeg"}],"twitter_card":"summary_large_image","twitter_misc":{"Tiempo de lectura":"1 minuto"},"schema":{"@context":"https:\/\/schema.org","@graph":[{"@type":"WebPage","@id":"https:\/\/givannacastelo.es\/index.php\/producto\/pantalon-para-dama-bless-me-ref-bmp101\/","url":"https:\/\/givannacastelo.es\/index.php\/producto\/pantalon-para-dama-bless-me-ref-bmp101\/","name":"Pantal\u00f3n para Dama Bless Me Ref. BMP101 - Givanna Castelo","isPartOf":{"@id":"https:\/\/givannacastelo.es\/#website"},"primaryImageOfPage":{"@id":"https:\/\/givannacastelo.es\/index.php\/producto\/pantalon-para-dama-bless-me-ref-bmp101\/#primaryimage"},"image":{"@id":"https:\/\/givannacastelo.es\/index.php\/producto\/pantalon-para-dama-bless-me-ref-bmp101\/#primaryimage"},"thumbnailUrl":"https:\/\/givannacastelo.es\/wp-content\/uploads\/2025\/11\/IMG-20251104-WA0004.jpg","datePublished":"2025-11-04T13:11:56+00:00","dateModified":"2025-11-08T14:54:30+00:00","description":"Pantal\u00f3n para Dama Bless Me Ref. BMP101","breadcrumb":{"@id":"https:\/\/givannacastelo.es\/index.php\/producto\/pantalon-para-dama-bless-me-ref-bmp101\/#breadcrumb"},"inLanguage":"es","potentialAction":[{"@type":"ReadAction","target":["https:\/\/givannacastelo.es\/index.php\/producto\/pantalon-para-dama-bless-me-ref-bmp101\/"]}]},{"@type":"ImageObject","inLanguage":"es","@id":"https:\/\/givannacastelo.es\/index.php\/producto\/pantalon-para-dama-bless-me-ref-bmp101\/#primaryimage","url":"https:\/\/givannacastelo.es\/wp-content\/uploads\/2025\/11\/IMG-20251104-WA0004.jpg","contentUrl":"https:\/\/givannacastelo.es\/wp-content\/uploads\/2025\/11\/IMG-20251104-WA0004.jpg","width":1600,"height":1043},{"@type":"BreadcrumbList","@id":"https:\/\/givannacastelo.es\/index.php\/producto\/pantalon-para-dama-bless-me-ref-bmp101\/#breadcrumb","itemListElement":[{"@type":"ListItem","position":1,"name":"Portada","item":"https:\/\/givannacastelo.es\/"},{"@type":"ListItem","position":2,"name":"Tienda","item":"https:\/\/givannacastelo.es\/index.php\/tienda\/"},{"@type":"ListItem","position":3,"name":"Pantal\u00f3n para Dama Bless Me Ref. BMP101"}]},{"@type":"WebSite","@id":"https:\/\/givannacastelo.es\/#website","url":"https:\/\/givannacastelo.es\/","name":"Givanna Castelo","description":"Descubre en Givanna Castelo las \u00faltimas tendencias en moda para mujer y hombre. Ropa de calidad, estilo \u00fanico y precios accesibles para que siempre luzcas espectacular. \u00a1Compra f\u00e1cil y r\u00e1pido online!","publisher":{"@id":"https:\/\/givannacastelo.es\/#organization"},"alternateName":"givannacastelo.es","potentialAction":[{"@type":"SearchAction","target":{"@type":"EntryPoint","urlTemplate":"https:\/\/givannacastelo.es\/?s={search_term_string}"},"query-input":{"@type":"PropertyValueSpecification","valueRequired":true,"valueName":"search_term_string"}}],"inLanguage":"es"},{"@type":"Organization","@id":"https:\/\/givannacastelo.es\/#organization","name":"Givanna Castelo","alternateName":"givanna castelo","url":"https:\/\/givannacastelo.es\/","logo":{"@type":"ImageObject","inLanguage":"es","@id":"https:\/\/givannacastelo.es\/#\/schema\/logo\/image\/","url":"https:\/\/givannacastelo.es\/wp-content\/uploads\/2025\/09\/Asset-1-1-2.png","contentUrl":"https:\/\/givannacastelo.es\/wp-content\/uploads\/2025\/09\/Asset-1-1-2.png","width":184,"height":177,"caption":"Givanna Castelo"},"image":{"@id":"https:\/\/givannacastelo.es\/#\/schema\/logo\/image\/"}}]}},"jetpack_sharing_enabled":true,"_links":{"self":[{"href":"https:\/\/givannacastelo.es\/index.php\/wp-json\/wp\/v2\/product\/9052","targetHints":{"allow":["GET"]}}],"collection":[{"href":"https:\/\/givannacastelo.es\/index.php\/wp-json\/wp\/v2\/product"}],"about":[{"href":"https:\/\/givannacastelo.es\/index.php\/wp-json\/wp\/v2\/types\/product"}],"replies":[{"embeddable":true,"href":"https:\/\/givannacastelo.es\/index.php\/wp-json\/wp\/v2\/comments?post=9052"}],"wp:featuredmedia":[{"embeddable":true,"href":"https:\/\/givannacastelo.es\/index.php\/wp-json\/wp\/v2\/media\/9046"}],"wp:attachment":[{"href":"https:\/\/givannacastelo.es\/index.php\/wp-json\/wp\/v2\/media?parent=9052"}],"wp:term":[{"taxonomy":"product_brand","embeddable":true,"href":"https:\/\/givannacastelo.es\/index.php\/wp-json\/wp\/v2\/product_brand?post=9052"},{"taxonomy":"product_cat","embeddable":true,"href":"https:\/\/givannacastelo.es\/index.php\/wp-json\/wp\/v2\/product_cat?post=9052"},{"taxonomy":"product_tag","embeddable":true,"href":"https:\/\/givannacastelo.es\/index.php\/wp-json\/wp\/v2\/product_tag?post=9052"}],"curies":[{"name":"wp","href":"https:\/\/api.w.org\/{rel}","templated":true}]}}