{"id":9035,"date":"2025-11-04T02:07:15","date_gmt":"2025-11-04T01:07:15","guid":{"rendered":"https:\/\/givannacastelo.es\/?post_type=product&#038;p=9035"},"modified":"2025-11-08T19:21:28","modified_gmt":"2025-11-08T18:21:28","slug":"conjunto-largo-bless-me-ref-bm7931","status":"publish","type":"product","link":"https:\/\/givannacastelo.es\/index.php\/producto\/conjunto-largo-bless-me-ref-bm7931\/","title":{"rendered":"Conjunto Largo Bless Me Ref. BM7931"},"content":{"rendered":"<div class=\"body\">\n<div id=\"ini\" class=\"product\">\n<div class=\"product-right\">\n<div class=\"row\">\n<p data-start=\"229\" data-end=\"502\">El\u00a0<strong data-start=\"232\" data-end=\"256\">conjunto Ref. BM7931<\/strong>\u00a0de Bless Me combina la calidez del tejido suave con un dise\u00f1o elegante y vers\u00e1til. Su confecci\u00f3n en tono blanco con detalles en negro refleja equilibrio, estilo y sofisticaci\u00f3n, ideal para quienes buscan comodidad sin renunciar a la elegancia.<\/p>\n<p data-start=\"504\" data-end=\"691\">El su\u00e9ter presenta un aplique floral en relieve que a\u00f1ade un toque femenino y moderno, mientras el pantal\u00f3n de corte recto con cord\u00f3n ajustable asegura confort y libertad de movimiento.<\/p>\n<p data-start=\"693\" data-end=\"726\"><strong data-start=\"693\" data-end=\"724\">Caracter\u00edsticas destacadas:<\/strong><\/p>\n<ul data-start=\"727\" data-end=\"961\">\n<li data-start=\"727\" data-end=\"780\">\n<p data-start=\"729\" data-end=\"780\">Su\u00e9ter de manga larga con bordado floral frontal.<\/p>\n<\/li>\n<li data-start=\"781\" data-end=\"832\">\n<p data-start=\"783\" data-end=\"832\">Pantal\u00f3n de cintura media con ajuste de cord\u00f3n.<\/p>\n<\/li>\n<li data-start=\"833\" data-end=\"887\">\n<p data-start=\"835\" data-end=\"887\">Acabados en contraste negro que realzan el dise\u00f1o.<\/p>\n<\/li>\n<li data-start=\"888\" data-end=\"933\">\n<p data-start=\"890\" data-end=\"933\">Tejido de punto suave, c\u00e1lido y flexible.<\/p>\n<\/li>\n<li data-start=\"934\" data-end=\"961\">\n<p data-start=\"936\" data-end=\"961\">100% Hecho en Colombia.<\/p>\n<\/li>\n<\/ul>\n<p data-start=\"963\" data-end=\"1051\"><strong data-start=\"963\" data-end=\"978\">Ideal para:<\/strong>\u00a0looks casuales, encuentros sociales o momentos de descanso con estilo.<\/p>\n<p data-start=\"1053\" data-end=\"1190\">Descubre la esencia de la\u00a0<strong data-start=\"1079\" data-end=\"1098\">moda colombiana<\/strong>\u00a0con esta prenda \u00fanica. Disponible con\u00a0<strong data-start=\"1137\" data-end=\"1187\">env\u00edos gratis en Espa\u00f1a y entregas en 24 horas<\/strong>.<\/p>\n<\/div>\n<\/div>\n<\/div>\n<\/div>\n<div class=\"suscribete\"><\/div>\n","protected":false},"excerpt":{"rendered":"<ul>\n<li>Talla \u00danica<\/li>\n<\/ul>\n","protected":false},"featured_media":9027,"comment_status":"open","ping_status":"closed","template":"","meta":{"_et_pb_use_builder":"","_et_pb_old_content":"","_et_gb_content_width":""},"product_brand":[],"product_cat":[160,162,22],"product_tag":[109,83,432,472,597],"class_list":{"0":"post-9035","1":"product","2":"type-product","3":"status-publish","4":"has-post-thumbnail","6":"product_cat-conjuntos-2","7":"product_cat-conjuntos-largos","8":"product_cat-conjuntos","9":"product_tag-conjunto-colombiano","10":"product_tag-conjunto-de-moda","11":"product_tag-conjuntos-bless-me","12":"product_tag-conjuntos-casual","13":"product_tag-conjuntos-de-alta-calidad","15":"first","16":"instock","17":"shipping-taxable","18":"purchasable","19":"product-type-simple"},"yoast_head":"<!-- This site is optimized with the Yoast SEO plugin v25.9 - https:\/\/yoast.com\/wordpress\/plugins\/seo\/ -->\n<title>Conjunto Largo Bless Me Ref. BM7931 - Givanna Castelo<\/title>\n<meta name=\"description\" content=\"Conjunto Largo Bless Me Ref. BM7931\" \/>\n<meta name=\"robots\" content=\"index, follow, max-snippet:-1, max-image-preview:large, max-video-preview:-1\" \/>\n<link rel=\"canonical\" href=\"https:\/\/givannacastelo.es\/index.php\/producto\/conjunto-largo-bless-me-ref-bm7931\/\" \/>\n<meta property=\"og:locale\" content=\"es_ES\" \/>\n<meta property=\"og:type\" content=\"article\" \/>\n<meta property=\"og:title\" content=\"Conjunto Largo Bless Me Ref. BM7931 - Givanna Castelo\" \/>\n<meta property=\"og:description\" content=\"Conjunto Largo Bless Me Ref. BM7931\" \/>\n<meta property=\"og:url\" content=\"https:\/\/givannacastelo.es\/index.php\/producto\/conjunto-largo-bless-me-ref-bm7931\/\" \/>\n<meta property=\"og:site_name\" content=\"Givanna Castelo\" \/>\n<meta property=\"article:modified_time\" content=\"2025-11-08T18:21:28+00:00\" \/>\n<meta property=\"og:image\" content=\"https:\/\/givannacastelo.es\/wp-content\/uploads\/2025\/11\/IMG-20251103-WA0009.jpg\" \/>\n\t<meta property=\"og:image:width\" content=\"1600\" \/>\n\t<meta property=\"og:image:height\" content=\"1043\" \/>\n\t<meta property=\"og:image:type\" content=\"image\/jpeg\" \/>\n<meta name=\"twitter:card\" content=\"summary_large_image\" \/>\n<meta name=\"twitter:label1\" content=\"Tiempo de lectura\" \/>\n\t<meta name=\"twitter:data1\" content=\"1 minuto\" \/>\n<script type=\"application\/ld+json\" class=\"yoast-schema-graph\">{\"@context\":\"https:\/\/schema.org\",\"@graph\":[{\"@type\":\"WebPage\",\"@id\":\"https:\/\/givannacastelo.es\/index.php\/producto\/conjunto-largo-bless-me-ref-bm7931\/\",\"url\":\"https:\/\/givannacastelo.es\/index.php\/producto\/conjunto-largo-bless-me-ref-bm7931\/\",\"name\":\"Conjunto Largo Bless Me Ref. BM7931 - Givanna Castelo\",\"isPartOf\":{\"@id\":\"https:\/\/givannacastelo.es\/#website\"},\"primaryImageOfPage\":{\"@id\":\"https:\/\/givannacastelo.es\/index.php\/producto\/conjunto-largo-bless-me-ref-bm7931\/#primaryimage\"},\"image\":{\"@id\":\"https:\/\/givannacastelo.es\/index.php\/producto\/conjunto-largo-bless-me-ref-bm7931\/#primaryimage\"},\"thumbnailUrl\":\"https:\/\/givannacastelo.es\/wp-content\/uploads\/2025\/11\/IMG-20251103-WA0009.jpg\",\"datePublished\":\"2025-11-04T01:07:15+00:00\",\"dateModified\":\"2025-11-08T18:21:28+00:00\",\"description\":\"Conjunto Largo Bless Me Ref. BM7931\",\"breadcrumb\":{\"@id\":\"https:\/\/givannacastelo.es\/index.php\/producto\/conjunto-largo-bless-me-ref-bm7931\/#breadcrumb\"},\"inLanguage\":\"es\",\"potentialAction\":[{\"@type\":\"ReadAction\",\"target\":[\"https:\/\/givannacastelo.es\/index.php\/producto\/conjunto-largo-bless-me-ref-bm7931\/\"]}]},{\"@type\":\"ImageObject\",\"inLanguage\":\"es\",\"@id\":\"https:\/\/givannacastelo.es\/index.php\/producto\/conjunto-largo-bless-me-ref-bm7931\/#primaryimage\",\"url\":\"https:\/\/givannacastelo.es\/wp-content\/uploads\/2025\/11\/IMG-20251103-WA0009.jpg\",\"contentUrl\":\"https:\/\/givannacastelo.es\/wp-content\/uploads\/2025\/11\/IMG-20251103-WA0009.jpg\",\"width\":1600,\"height\":1043},{\"@type\":\"BreadcrumbList\",\"@id\":\"https:\/\/givannacastelo.es\/index.php\/producto\/conjunto-largo-bless-me-ref-bm7931\/#breadcrumb\",\"itemListElement\":[{\"@type\":\"ListItem\",\"position\":1,\"name\":\"Portada\",\"item\":\"https:\/\/givannacastelo.es\/\"},{\"@type\":\"ListItem\",\"position\":2,\"name\":\"Tienda\",\"item\":\"https:\/\/givannacastelo.es\/index.php\/tienda\/\"},{\"@type\":\"ListItem\",\"position\":3,\"name\":\"Conjunto Largo Bless Me Ref. BM7931\"}]},{\"@type\":\"WebSite\",\"@id\":\"https:\/\/givannacastelo.es\/#website\",\"url\":\"https:\/\/givannacastelo.es\/\",\"name\":\"Givanna Castelo\",\"description\":\"Descubre en Givanna Castelo las \u00faltimas tendencias en moda para mujer y hombre. Ropa de calidad, estilo \u00fanico y precios accesibles para que siempre luzcas espectacular. \u00a1Compra f\u00e1cil y r\u00e1pido online!\",\"publisher\":{\"@id\":\"https:\/\/givannacastelo.es\/#organization\"},\"alternateName\":\"givannacastelo.es\",\"potentialAction\":[{\"@type\":\"SearchAction\",\"target\":{\"@type\":\"EntryPoint\",\"urlTemplate\":\"https:\/\/givannacastelo.es\/?s={search_term_string}\"},\"query-input\":{\"@type\":\"PropertyValueSpecification\",\"valueRequired\":true,\"valueName\":\"search_term_string\"}}],\"inLanguage\":\"es\"},{\"@type\":\"Organization\",\"@id\":\"https:\/\/givannacastelo.es\/#organization\",\"name\":\"Givanna Castelo\",\"alternateName\":\"givanna castelo\",\"url\":\"https:\/\/givannacastelo.es\/\",\"logo\":{\"@type\":\"ImageObject\",\"inLanguage\":\"es\",\"@id\":\"https:\/\/givannacastelo.es\/#\/schema\/logo\/image\/\",\"url\":\"https:\/\/givannacastelo.es\/wp-content\/uploads\/2025\/09\/Asset-1-1-2.png\",\"contentUrl\":\"https:\/\/givannacastelo.es\/wp-content\/uploads\/2025\/09\/Asset-1-1-2.png\",\"width\":184,\"height\":177,\"caption\":\"Givanna Castelo\"},\"image\":{\"@id\":\"https:\/\/givannacastelo.es\/#\/schema\/logo\/image\/\"}}]}<\/script>\n<!-- \/ Yoast SEO plugin. -->","yoast_head_json":{"title":"Conjunto Largo Bless Me Ref. BM7931 - Givanna Castelo","description":"Conjunto Largo Bless Me Ref. BM7931","robots":{"index":"index","follow":"follow","max-snippet":"max-snippet:-1","max-image-preview":"max-image-preview:large","max-video-preview":"max-video-preview:-1"},"canonical":"https:\/\/givannacastelo.es\/index.php\/producto\/conjunto-largo-bless-me-ref-bm7931\/","og_locale":"es_ES","og_type":"article","og_title":"Conjunto Largo Bless Me Ref. BM7931 - Givanna Castelo","og_description":"Conjunto Largo Bless Me Ref. BM7931","og_url":"https:\/\/givannacastelo.es\/index.php\/producto\/conjunto-largo-bless-me-ref-bm7931\/","og_site_name":"Givanna Castelo","article_modified_time":"2025-11-08T18:21:28+00:00","og_image":[{"width":1600,"height":1043,"url":"https:\/\/givannacastelo.es\/wp-content\/uploads\/2025\/11\/IMG-20251103-WA0009.jpg","type":"image\/jpeg"}],"twitter_card":"summary_large_image","twitter_misc":{"Tiempo de lectura":"1 minuto"},"schema":{"@context":"https:\/\/schema.org","@graph":[{"@type":"WebPage","@id":"https:\/\/givannacastelo.es\/index.php\/producto\/conjunto-largo-bless-me-ref-bm7931\/","url":"https:\/\/givannacastelo.es\/index.php\/producto\/conjunto-largo-bless-me-ref-bm7931\/","name":"Conjunto Largo Bless Me Ref. BM7931 - Givanna Castelo","isPartOf":{"@id":"https:\/\/givannacastelo.es\/#website"},"primaryImageOfPage":{"@id":"https:\/\/givannacastelo.es\/index.php\/producto\/conjunto-largo-bless-me-ref-bm7931\/#primaryimage"},"image":{"@id":"https:\/\/givannacastelo.es\/index.php\/producto\/conjunto-largo-bless-me-ref-bm7931\/#primaryimage"},"thumbnailUrl":"https:\/\/givannacastelo.es\/wp-content\/uploads\/2025\/11\/IMG-20251103-WA0009.jpg","datePublished":"2025-11-04T01:07:15+00:00","dateModified":"2025-11-08T18:21:28+00:00","description":"Conjunto Largo Bless Me Ref. BM7931","breadcrumb":{"@id":"https:\/\/givannacastelo.es\/index.php\/producto\/conjunto-largo-bless-me-ref-bm7931\/#breadcrumb"},"inLanguage":"es","potentialAction":[{"@type":"ReadAction","target":["https:\/\/givannacastelo.es\/index.php\/producto\/conjunto-largo-bless-me-ref-bm7931\/"]}]},{"@type":"ImageObject","inLanguage":"es","@id":"https:\/\/givannacastelo.es\/index.php\/producto\/conjunto-largo-bless-me-ref-bm7931\/#primaryimage","url":"https:\/\/givannacastelo.es\/wp-content\/uploads\/2025\/11\/IMG-20251103-WA0009.jpg","contentUrl":"https:\/\/givannacastelo.es\/wp-content\/uploads\/2025\/11\/IMG-20251103-WA0009.jpg","width":1600,"height":1043},{"@type":"BreadcrumbList","@id":"https:\/\/givannacastelo.es\/index.php\/producto\/conjunto-largo-bless-me-ref-bm7931\/#breadcrumb","itemListElement":[{"@type":"ListItem","position":1,"name":"Portada","item":"https:\/\/givannacastelo.es\/"},{"@type":"ListItem","position":2,"name":"Tienda","item":"https:\/\/givannacastelo.es\/index.php\/tienda\/"},{"@type":"ListItem","position":3,"name":"Conjunto Largo Bless Me Ref. BM7931"}]},{"@type":"WebSite","@id":"https:\/\/givannacastelo.es\/#website","url":"https:\/\/givannacastelo.es\/","name":"Givanna Castelo","description":"Descubre en Givanna Castelo las \u00faltimas tendencias en moda para mujer y hombre. Ropa de calidad, estilo \u00fanico y precios accesibles para que siempre luzcas espectacular. \u00a1Compra f\u00e1cil y r\u00e1pido online!","publisher":{"@id":"https:\/\/givannacastelo.es\/#organization"},"alternateName":"givannacastelo.es","potentialAction":[{"@type":"SearchAction","target":{"@type":"EntryPoint","urlTemplate":"https:\/\/givannacastelo.es\/?s={search_term_string}"},"query-input":{"@type":"PropertyValueSpecification","valueRequired":true,"valueName":"search_term_string"}}],"inLanguage":"es"},{"@type":"Organization","@id":"https:\/\/givannacastelo.es\/#organization","name":"Givanna Castelo","alternateName":"givanna castelo","url":"https:\/\/givannacastelo.es\/","logo":{"@type":"ImageObject","inLanguage":"es","@id":"https:\/\/givannacastelo.es\/#\/schema\/logo\/image\/","url":"https:\/\/givannacastelo.es\/wp-content\/uploads\/2025\/09\/Asset-1-1-2.png","contentUrl":"https:\/\/givannacastelo.es\/wp-content\/uploads\/2025\/09\/Asset-1-1-2.png","width":184,"height":177,"caption":"Givanna Castelo"},"image":{"@id":"https:\/\/givannacastelo.es\/#\/schema\/logo\/image\/"}}]}},"jetpack_sharing_enabled":true,"_links":{"self":[{"href":"https:\/\/givannacastelo.es\/index.php\/wp-json\/wp\/v2\/product\/9035","targetHints":{"allow":["GET"]}}],"collection":[{"href":"https:\/\/givannacastelo.es\/index.php\/wp-json\/wp\/v2\/product"}],"about":[{"href":"https:\/\/givannacastelo.es\/index.php\/wp-json\/wp\/v2\/types\/product"}],"replies":[{"embeddable":true,"href":"https:\/\/givannacastelo.es\/index.php\/wp-json\/wp\/v2\/comments?post=9035"}],"wp:featuredmedia":[{"embeddable":true,"href":"https:\/\/givannacastelo.es\/index.php\/wp-json\/wp\/v2\/media\/9027"}],"wp:attachment":[{"href":"https:\/\/givannacastelo.es\/index.php\/wp-json\/wp\/v2\/media?parent=9035"}],"wp:term":[{"taxonomy":"product_brand","embeddable":true,"href":"https:\/\/givannacastelo.es\/index.php\/wp-json\/wp\/v2\/product_brand?post=9035"},{"taxonomy":"product_cat","embeddable":true,"href":"https:\/\/givannacastelo.es\/index.php\/wp-json\/wp\/v2\/product_cat?post=9035"},{"taxonomy":"product_tag","embeddable":true,"href":"https:\/\/givannacastelo.es\/index.php\/wp-json\/wp\/v2\/product_tag?post=9035"}],"curies":[{"name":"wp","href":"https:\/\/api.w.org\/{rel}","templated":true}]}}