{"id":8988,"date":"2025-10-31T16:43:21","date_gmt":"2025-10-31T15:43:21","guid":{"rendered":"https:\/\/givannacastelo.es\/?post_type=product&#038;p=8988"},"modified":"2025-10-31T16:43:21","modified_gmt":"2025-10-31T15:43:21","slug":"conjuntos-largos-push-up-rakket-ref-8181","status":"publish","type":"product","link":"https:\/\/givannacastelo.es\/index.php\/producto\/conjuntos-largos-push-up-rakket-ref-8181\/","title":{"rendered":"Conjuntos Largos Push Up Rakket Ref. 8181"},"content":{"rendered":"<p>Descubre el conjunto de jean push up levantacola con chaleco en color azul oscuro con detalles destroyer, un s\u00edmbolo de la moda colombiana dise\u00f1ado para realzar tu figura con elegancia y estilo. Este conjunto est\u00e1 meticulosamente elaborado en Colombia, conocido por su excelente artesan\u00eda y materiales de alta calidad. El jean push up con detalles destroyer est\u00e1 dise\u00f1ado con tecnolog\u00eda avanzada que levanta y moldea tus gl\u00fateos, proporcionando una silueta atractiva y un ajuste perfecto. Su tejido el\u00e1stico de alta resistencia asegura comodidad durante todo el d\u00eda, mientras que su corte y detalles desgastados a\u00f1aden un toque moderno y audaz a tu estilo. El chaleco, tambi\u00e9n en un sofisticado color azul oscuro, complementa perfectamente el jean, a\u00f1adiendo un toque chic y vers\u00e1til a tu guardarropa. Puedes combinarlo con una variedad de blusas y camisetas para lograr un look casual o elegante seg\u00fan la ocasi\u00f3n. Dale un giro moderno a tu vestuario con este conjunto que no solo realza tu figura, sino que tambi\u00e9n te brinda la m\u00e1xima comodidad y estilo. \u00a1A\u00f1\u00e1delo al carrito y compra ahora para lucir espectacular con lo mejor de la moda colombiana!<\/p>\n","protected":false},"excerpt":{"rendered":"<p>Descubre el conjunto de jean push up levantacola con chaleco en color azul oscuro con detalles destroyer, un s\u00edmbolo de la moda colombiana dise\u00f1ado para realzar tu figura con elegancia y estilo. Este conjunto est\u00e1 meticulosamente elaborado en Colombia, conocido por su excelente artesan\u00eda y materiales de alta calidad. El jean push up con detalles [&hellip;]<\/p>\n","protected":false},"featured_media":8984,"comment_status":"open","ping_status":"closed","template":"","meta":{"_et_pb_use_builder":"","_et_pb_old_content":"","_et_gb_content_width":""},"product_brand":[],"product_cat":[160,162,22,26],"product_tag":[420,411,527,356],"class_list":{"0":"post-8988","1":"product","2":"type-product","3":"status-publish","4":"has-post-thumbnail","6":"product_cat-conjuntos-2","7":"product_cat-conjuntos-largos","8":"product_cat-conjuntos","9":"product_cat-jeans-push-up","10":"product_tag-conjuntos-de-jeans","11":"product_tag-conjuntos-rakket","12":"product_tag-jeans-efecto-push-up","13":"product_tag-moda-colombiana","15":"first","16":"instock","17":"shipping-taxable","18":"purchasable","19":"product-type-variable"},"yoast_head":"<!-- This site is optimized with the Yoast SEO plugin v25.9 - https:\/\/yoast.com\/wordpress\/plugins\/seo\/ -->\n<title>Conjuntos Largos Push Up Rakket Ref. 8181 - Givanna Castelo<\/title>\n<meta name=\"description\" content=\"Conjuntos Largos Push Up Rakket Ref. 8181\" \/>\n<meta name=\"robots\" content=\"index, follow, max-snippet:-1, max-image-preview:large, max-video-preview:-1\" \/>\n<link rel=\"canonical\" href=\"https:\/\/givannacastelo.es\/index.php\/producto\/conjuntos-largos-push-up-rakket-ref-8181\/\" \/>\n<meta property=\"og:locale\" content=\"es_ES\" \/>\n<meta property=\"og:type\" content=\"article\" \/>\n<meta property=\"og:title\" content=\"Conjuntos Largos Push Up Rakket Ref. 8181 - Givanna Castelo\" \/>\n<meta property=\"og:description\" content=\"Conjuntos Largos Push Up Rakket Ref. 8181\" \/>\n<meta property=\"og:url\" content=\"https:\/\/givannacastelo.es\/index.php\/producto\/conjuntos-largos-push-up-rakket-ref-8181\/\" \/>\n<meta property=\"og:site_name\" content=\"Givanna Castelo\" \/>\n<meta property=\"og:image\" content=\"https:\/\/givannacastelo.es\/wp-content\/uploads\/2025\/10\/https___images.colombiaespassion.net_921716194622-scaled.jpg\" \/>\n\t<meta property=\"og:image:width\" content=\"1680\" \/>\n\t<meta property=\"og:image:height\" content=\"2560\" \/>\n\t<meta property=\"og:image:type\" content=\"image\/jpeg\" \/>\n<meta name=\"twitter:card\" content=\"summary_large_image\" \/>\n<meta name=\"twitter:label1\" content=\"Tiempo de lectura\" \/>\n\t<meta name=\"twitter:data1\" content=\"2 minutos\" \/>\n<script type=\"application\/ld+json\" class=\"yoast-schema-graph\">{\"@context\":\"https:\/\/schema.org\",\"@graph\":[{\"@type\":\"WebPage\",\"@id\":\"https:\/\/givannacastelo.es\/index.php\/producto\/conjuntos-largos-push-up-rakket-ref-8181\/\",\"url\":\"https:\/\/givannacastelo.es\/index.php\/producto\/conjuntos-largos-push-up-rakket-ref-8181\/\",\"name\":\"Conjuntos Largos Push Up Rakket Ref. 8181 - Givanna Castelo\",\"isPartOf\":{\"@id\":\"https:\/\/givannacastelo.es\/#website\"},\"primaryImageOfPage\":{\"@id\":\"https:\/\/givannacastelo.es\/index.php\/producto\/conjuntos-largos-push-up-rakket-ref-8181\/#primaryimage\"},\"image\":{\"@id\":\"https:\/\/givannacastelo.es\/index.php\/producto\/conjuntos-largos-push-up-rakket-ref-8181\/#primaryimage\"},\"thumbnailUrl\":\"https:\/\/givannacastelo.es\/wp-content\/uploads\/2025\/10\/https___images.colombiaespassion.net_921716194622-scaled.jpg\",\"datePublished\":\"2025-10-31T15:43:21+00:00\",\"description\":\"Conjuntos Largos Push Up Rakket Ref. 8181\",\"breadcrumb\":{\"@id\":\"https:\/\/givannacastelo.es\/index.php\/producto\/conjuntos-largos-push-up-rakket-ref-8181\/#breadcrumb\"},\"inLanguage\":\"es\",\"potentialAction\":[{\"@type\":\"ReadAction\",\"target\":[\"https:\/\/givannacastelo.es\/index.php\/producto\/conjuntos-largos-push-up-rakket-ref-8181\/\"]}]},{\"@type\":\"ImageObject\",\"inLanguage\":\"es\",\"@id\":\"https:\/\/givannacastelo.es\/index.php\/producto\/conjuntos-largos-push-up-rakket-ref-8181\/#primaryimage\",\"url\":\"https:\/\/givannacastelo.es\/wp-content\/uploads\/2025\/10\/https___images.colombiaespassion.net_921716194622-scaled.jpg\",\"contentUrl\":\"https:\/\/givannacastelo.es\/wp-content\/uploads\/2025\/10\/https___images.colombiaespassion.net_921716194622-scaled.jpg\",\"width\":1680,\"height\":2560},{\"@type\":\"BreadcrumbList\",\"@id\":\"https:\/\/givannacastelo.es\/index.php\/producto\/conjuntos-largos-push-up-rakket-ref-8181\/#breadcrumb\",\"itemListElement\":[{\"@type\":\"ListItem\",\"position\":1,\"name\":\"Portada\",\"item\":\"https:\/\/givannacastelo.es\/\"},{\"@type\":\"ListItem\",\"position\":2,\"name\":\"Tienda\",\"item\":\"https:\/\/givannacastelo.es\/index.php\/tienda\/\"},{\"@type\":\"ListItem\",\"position\":3,\"name\":\"Conjuntos Largos Push Up Rakket Ref. 8181\"}]},{\"@type\":\"WebSite\",\"@id\":\"https:\/\/givannacastelo.es\/#website\",\"url\":\"https:\/\/givannacastelo.es\/\",\"name\":\"Givanna Castelo\",\"description\":\"Descubre en Givanna Castelo las \u00faltimas tendencias en moda para mujer y hombre. Ropa de calidad, estilo \u00fanico y precios accesibles para que siempre luzcas espectacular. \u00a1Compra f\u00e1cil y r\u00e1pido online!\",\"publisher\":{\"@id\":\"https:\/\/givannacastelo.es\/#organization\"},\"alternateName\":\"givannacastelo.es\",\"potentialAction\":[{\"@type\":\"SearchAction\",\"target\":{\"@type\":\"EntryPoint\",\"urlTemplate\":\"https:\/\/givannacastelo.es\/?s={search_term_string}\"},\"query-input\":{\"@type\":\"PropertyValueSpecification\",\"valueRequired\":true,\"valueName\":\"search_term_string\"}}],\"inLanguage\":\"es\"},{\"@type\":\"Organization\",\"@id\":\"https:\/\/givannacastelo.es\/#organization\",\"name\":\"Givanna Castelo\",\"alternateName\":\"givanna castelo\",\"url\":\"https:\/\/givannacastelo.es\/\",\"logo\":{\"@type\":\"ImageObject\",\"inLanguage\":\"es\",\"@id\":\"https:\/\/givannacastelo.es\/#\/schema\/logo\/image\/\",\"url\":\"https:\/\/givannacastelo.es\/wp-content\/uploads\/2025\/09\/Asset-1-1-2.png\",\"contentUrl\":\"https:\/\/givannacastelo.es\/wp-content\/uploads\/2025\/09\/Asset-1-1-2.png\",\"width\":184,\"height\":177,\"caption\":\"Givanna Castelo\"},\"image\":{\"@id\":\"https:\/\/givannacastelo.es\/#\/schema\/logo\/image\/\"}}]}<\/script>\n<!-- \/ Yoast SEO plugin. -->","yoast_head_json":{"title":"Conjuntos Largos Push Up Rakket Ref. 8181 - Givanna Castelo","description":"Conjuntos Largos Push Up Rakket Ref. 8181","robots":{"index":"index","follow":"follow","max-snippet":"max-snippet:-1","max-image-preview":"max-image-preview:large","max-video-preview":"max-video-preview:-1"},"canonical":"https:\/\/givannacastelo.es\/index.php\/producto\/conjuntos-largos-push-up-rakket-ref-8181\/","og_locale":"es_ES","og_type":"article","og_title":"Conjuntos Largos Push Up Rakket Ref. 8181 - Givanna Castelo","og_description":"Conjuntos Largos Push Up Rakket Ref. 8181","og_url":"https:\/\/givannacastelo.es\/index.php\/producto\/conjuntos-largos-push-up-rakket-ref-8181\/","og_site_name":"Givanna Castelo","og_image":[{"width":1680,"height":2560,"url":"https:\/\/givannacastelo.es\/wp-content\/uploads\/2025\/10\/https___images.colombiaespassion.net_921716194622-scaled.jpg","type":"image\/jpeg"}],"twitter_card":"summary_large_image","twitter_misc":{"Tiempo de lectura":"2 minutos"},"schema":{"@context":"https:\/\/schema.org","@graph":[{"@type":"WebPage","@id":"https:\/\/givannacastelo.es\/index.php\/producto\/conjuntos-largos-push-up-rakket-ref-8181\/","url":"https:\/\/givannacastelo.es\/index.php\/producto\/conjuntos-largos-push-up-rakket-ref-8181\/","name":"Conjuntos Largos Push Up Rakket Ref. 8181 - Givanna Castelo","isPartOf":{"@id":"https:\/\/givannacastelo.es\/#website"},"primaryImageOfPage":{"@id":"https:\/\/givannacastelo.es\/index.php\/producto\/conjuntos-largos-push-up-rakket-ref-8181\/#primaryimage"},"image":{"@id":"https:\/\/givannacastelo.es\/index.php\/producto\/conjuntos-largos-push-up-rakket-ref-8181\/#primaryimage"},"thumbnailUrl":"https:\/\/givannacastelo.es\/wp-content\/uploads\/2025\/10\/https___images.colombiaespassion.net_921716194622-scaled.jpg","datePublished":"2025-10-31T15:43:21+00:00","description":"Conjuntos Largos Push Up Rakket Ref. 8181","breadcrumb":{"@id":"https:\/\/givannacastelo.es\/index.php\/producto\/conjuntos-largos-push-up-rakket-ref-8181\/#breadcrumb"},"inLanguage":"es","potentialAction":[{"@type":"ReadAction","target":["https:\/\/givannacastelo.es\/index.php\/producto\/conjuntos-largos-push-up-rakket-ref-8181\/"]}]},{"@type":"ImageObject","inLanguage":"es","@id":"https:\/\/givannacastelo.es\/index.php\/producto\/conjuntos-largos-push-up-rakket-ref-8181\/#primaryimage","url":"https:\/\/givannacastelo.es\/wp-content\/uploads\/2025\/10\/https___images.colombiaespassion.net_921716194622-scaled.jpg","contentUrl":"https:\/\/givannacastelo.es\/wp-content\/uploads\/2025\/10\/https___images.colombiaespassion.net_921716194622-scaled.jpg","width":1680,"height":2560},{"@type":"BreadcrumbList","@id":"https:\/\/givannacastelo.es\/index.php\/producto\/conjuntos-largos-push-up-rakket-ref-8181\/#breadcrumb","itemListElement":[{"@type":"ListItem","position":1,"name":"Portada","item":"https:\/\/givannacastelo.es\/"},{"@type":"ListItem","position":2,"name":"Tienda","item":"https:\/\/givannacastelo.es\/index.php\/tienda\/"},{"@type":"ListItem","position":3,"name":"Conjuntos Largos Push Up Rakket Ref. 8181"}]},{"@type":"WebSite","@id":"https:\/\/givannacastelo.es\/#website","url":"https:\/\/givannacastelo.es\/","name":"Givanna Castelo","description":"Descubre en Givanna Castelo las \u00faltimas tendencias en moda para mujer y hombre. Ropa de calidad, estilo \u00fanico y precios accesibles para que siempre luzcas espectacular. \u00a1Compra f\u00e1cil y r\u00e1pido online!","publisher":{"@id":"https:\/\/givannacastelo.es\/#organization"},"alternateName":"givannacastelo.es","potentialAction":[{"@type":"SearchAction","target":{"@type":"EntryPoint","urlTemplate":"https:\/\/givannacastelo.es\/?s={search_term_string}"},"query-input":{"@type":"PropertyValueSpecification","valueRequired":true,"valueName":"search_term_string"}}],"inLanguage":"es"},{"@type":"Organization","@id":"https:\/\/givannacastelo.es\/#organization","name":"Givanna Castelo","alternateName":"givanna castelo","url":"https:\/\/givannacastelo.es\/","logo":{"@type":"ImageObject","inLanguage":"es","@id":"https:\/\/givannacastelo.es\/#\/schema\/logo\/image\/","url":"https:\/\/givannacastelo.es\/wp-content\/uploads\/2025\/09\/Asset-1-1-2.png","contentUrl":"https:\/\/givannacastelo.es\/wp-content\/uploads\/2025\/09\/Asset-1-1-2.png","width":184,"height":177,"caption":"Givanna Castelo"},"image":{"@id":"https:\/\/givannacastelo.es\/#\/schema\/logo\/image\/"}}]}},"jetpack_sharing_enabled":true,"_links":{"self":[{"href":"https:\/\/givannacastelo.es\/index.php\/wp-json\/wp\/v2\/product\/8988","targetHints":{"allow":["GET"]}}],"collection":[{"href":"https:\/\/givannacastelo.es\/index.php\/wp-json\/wp\/v2\/product"}],"about":[{"href":"https:\/\/givannacastelo.es\/index.php\/wp-json\/wp\/v2\/types\/product"}],"replies":[{"embeddable":true,"href":"https:\/\/givannacastelo.es\/index.php\/wp-json\/wp\/v2\/comments?post=8988"}],"wp:featuredmedia":[{"embeddable":true,"href":"https:\/\/givannacastelo.es\/index.php\/wp-json\/wp\/v2\/media\/8984"}],"wp:attachment":[{"href":"https:\/\/givannacastelo.es\/index.php\/wp-json\/wp\/v2\/media?parent=8988"}],"wp:term":[{"taxonomy":"product_brand","embeddable":true,"href":"https:\/\/givannacastelo.es\/index.php\/wp-json\/wp\/v2\/product_brand?post=8988"},{"taxonomy":"product_cat","embeddable":true,"href":"https:\/\/givannacastelo.es\/index.php\/wp-json\/wp\/v2\/product_cat?post=8988"},{"taxonomy":"product_tag","embeddable":true,"href":"https:\/\/givannacastelo.es\/index.php\/wp-json\/wp\/v2\/product_tag?post=8988"}],"curies":[{"name":"wp","href":"https:\/\/api.w.org\/{rel}","templated":true}]}}