{"id":8772,"date":"2025-10-21T17:39:05","date_gmt":"2025-10-21T15:39:05","guid":{"rendered":"https:\/\/givannacastelo.es\/?post_type=product&#038;p=8772"},"modified":"2025-10-21T17:39:05","modified_gmt":"2025-10-21T15:39:05","slug":"jeans-colombianos-push-up-ref-sv1669","status":"publish","type":"product","link":"https:\/\/givannacastelo.es\/index.php\/producto\/jeans-colombianos-push-up-ref-sv1669\/","title":{"rendered":"Jeans Colombianos Push Up Ref. SV1669"},"content":{"rendered":"<p data-end=\"556\" data-start=\"289\">El\u00a0<strong data-end=\"307\" data-start=\"292\">Jean SV1669<\/strong>\u00a0combina el dise\u00f1o cl\u00e1sico de bota campana con un toque moderno que realza la figura femenina. Su confecci\u00f3n con\u00a0<strong data-end=\"444\" data-start=\"420\">pretina de 4 botones<\/strong>\u00a0y\u00a0<strong data-end=\"480\" data-start=\"447\">tiro alto con control abdomen<\/strong>\u00a0define la cintura y proporciona un ajuste c\u00f3modo que estiliza la silueta.<\/p>\n<p data-end=\"817\" data-start=\"558\">El tono\u00a0<strong data-end=\"607\" data-start=\"566\">azul medio oscuro con ligero desgaste<\/strong>\u00a0aporta un aire sofisticado y vers\u00e1til, ideal para combinar con tops, camisas o blusas seg\u00fan la ocasi\u00f3n. Su tela de alta calidad en mezcla 98\/2 ofrece elasticidad, durabilidad y comodidad durante todo el d\u00eda.<\/p>\n<p data-end=\"852\" data-start=\"819\"><strong data-end=\"850\" data-start=\"819\">Caracter\u00edsticas destacadas:<\/strong><\/p>\n<ul data-end=\"1205\" data-start=\"853\">\n<li data-end=\"906\" data-start=\"853\">\n<p data-end=\"906\" data-start=\"855\">Jean colombiano de tiro alto con control abdomen.<\/p>\n<\/li>\n<li data-end=\"951\" data-start=\"907\">\n<p data-end=\"951\" data-start=\"909\">Pretina ancha con 4 botones decorativos.<\/p>\n<\/li>\n<li data-end=\"1002\" data-start=\"952\">\n<p data-end=\"1002\" data-start=\"954\">Tono azul medio oscuro con efecto de desgaste.<\/p>\n<\/li>\n<li data-end=\"1062\" data-start=\"1003\">\n<p data-end=\"1062\" data-start=\"1005\">Dise\u00f1o bota campana que alarga visualmente las piernas.<\/p>\n<\/li>\n<li data-end=\"1127\" data-start=\"1063\">\n<p data-end=\"1127\" data-start=\"1065\">Incluye cintur\u00f3n elegante en tono blanco con hebilla dorada.<\/p>\n<\/li>\n<\/ul>\n<p data-end=\"1331\" data-start=\"1207\"><strong data-end=\"1229\" data-start=\"1207\">Hecho en Colombia.<\/strong><br data-end=\"1232\" data-start=\"1229\" \/><strong data-end=\"1329\" data-start=\"1278\">Env\u00edos gratis en Espa\u00f1a y entregas en 24 horas.<\/strong><\/p>\n<p data-end=\"1493\" data-start=\"1333\">Descubre el equilibrio perfecto entre control, comodidad y elegancia con este\u00a0<strong data-end=\"1438\" data-start=\"1411\">jean colombiano campana<\/strong>, ideal para resaltar tu figura con estilo aut\u00e9ntico.<\/p>\n","protected":false},"excerpt":{"rendered":"<p>El\u00a0Jean SV1669\u00a0combina el dise\u00f1o cl\u00e1sico de bota campana con un toque moderno que realza la figura femenina. Su confecci\u00f3n con\u00a0pretina de 4 botones\u00a0y\u00a0tiro alto con control abdomen\u00a0define la cintura y proporciona un ajuste c\u00f3modo que estiliza la silueta. El tono\u00a0azul medio oscuro con ligero desgaste\u00a0aporta un aire sofisticado y vers\u00e1til, ideal para combinar con tops, [&hellip;]<\/p>\n","protected":false},"featured_media":8721,"comment_status":"open","ping_status":"closed","template":"","meta":{"_et_pb_use_builder":"","_et_pb_old_content":"","_et_gb_content_width":""},"product_brand":[],"product_cat":[213,218,26],"product_tag":[481,509,555,47],"class_list":{"0":"post-8772","1":"product","2":"type-product","3":"status-publish","4":"has-post-thumbnail","6":"product_cat-pantalones","7":"product_cat-pantalones-tiro-alto","8":"product_cat-jeans-push-up","9":"product_tag-jeans-ajustados","10":"product_tag-jeans-colombianos","11":"product_tag-jeans-pretina-alta","12":"product_tag-jeans-push-up","14":"first","15":"instock","16":"shipping-taxable","17":"purchasable","18":"product-type-variable"},"yoast_head":"<!-- This site is optimized with the Yoast SEO plugin v25.9 - https:\/\/yoast.com\/wordpress\/plugins\/seo\/ -->\n<title>Jeans Colombianos Push Up Ref. SV1669 - Givanna Castelo<\/title>\n<meta name=\"description\" content=\"Jeans Colombianos Push Up Ref. SV1669\" \/>\n<meta name=\"robots\" content=\"index, follow, max-snippet:-1, max-image-preview:large, max-video-preview:-1\" \/>\n<link rel=\"canonical\" href=\"https:\/\/givannacastelo.es\/index.php\/producto\/jeans-colombianos-push-up-ref-sv1669\/\" \/>\n<meta property=\"og:locale\" content=\"es_ES\" \/>\n<meta property=\"og:type\" content=\"article\" \/>\n<meta property=\"og:title\" content=\"Jeans Colombianos Push Up Ref. SV1669 - Givanna Castelo\" \/>\n<meta property=\"og:description\" content=\"Jeans Colombianos Push Up Ref. SV1669\" \/>\n<meta property=\"og:url\" content=\"https:\/\/givannacastelo.es\/index.php\/producto\/jeans-colombianos-push-up-ref-sv1669\/\" \/>\n<meta property=\"og:site_name\" content=\"Givanna Castelo\" \/>\n<meta property=\"og:image\" content=\"https:\/\/givannacastelo.es\/wp-content\/uploads\/2025\/10\/IMG-20251020-WA0007.jpg\" \/>\n\t<meta property=\"og:image:width\" content=\"1600\" \/>\n\t<meta property=\"og:image:height\" content=\"1204\" \/>\n\t<meta property=\"og:image:type\" content=\"image\/jpeg\" \/>\n<meta name=\"twitter:card\" content=\"summary_large_image\" \/>\n<meta name=\"twitter:label1\" content=\"Tiempo de lectura\" \/>\n\t<meta name=\"twitter:data1\" content=\"1 minuto\" \/>\n<script type=\"application\/ld+json\" class=\"yoast-schema-graph\">{\"@context\":\"https:\/\/schema.org\",\"@graph\":[{\"@type\":\"WebPage\",\"@id\":\"https:\/\/givannacastelo.es\/index.php\/producto\/jeans-colombianos-push-up-ref-sv1669\/\",\"url\":\"https:\/\/givannacastelo.es\/index.php\/producto\/jeans-colombianos-push-up-ref-sv1669\/\",\"name\":\"Jeans Colombianos Push Up Ref. SV1669 - Givanna Castelo\",\"isPartOf\":{\"@id\":\"https:\/\/givannacastelo.es\/#website\"},\"primaryImageOfPage\":{\"@id\":\"https:\/\/givannacastelo.es\/index.php\/producto\/jeans-colombianos-push-up-ref-sv1669\/#primaryimage\"},\"image\":{\"@id\":\"https:\/\/givannacastelo.es\/index.php\/producto\/jeans-colombianos-push-up-ref-sv1669\/#primaryimage\"},\"thumbnailUrl\":\"https:\/\/givannacastelo.es\/wp-content\/uploads\/2025\/10\/IMG-20251020-WA0007.jpg\",\"datePublished\":\"2025-10-21T15:39:05+00:00\",\"description\":\"Jeans Colombianos Push Up Ref. SV1669\",\"breadcrumb\":{\"@id\":\"https:\/\/givannacastelo.es\/index.php\/producto\/jeans-colombianos-push-up-ref-sv1669\/#breadcrumb\"},\"inLanguage\":\"es\",\"potentialAction\":[{\"@type\":\"ReadAction\",\"target\":[\"https:\/\/givannacastelo.es\/index.php\/producto\/jeans-colombianos-push-up-ref-sv1669\/\"]}]},{\"@type\":\"ImageObject\",\"inLanguage\":\"es\",\"@id\":\"https:\/\/givannacastelo.es\/index.php\/producto\/jeans-colombianos-push-up-ref-sv1669\/#primaryimage\",\"url\":\"https:\/\/givannacastelo.es\/wp-content\/uploads\/2025\/10\/IMG-20251020-WA0007.jpg\",\"contentUrl\":\"https:\/\/givannacastelo.es\/wp-content\/uploads\/2025\/10\/IMG-20251020-WA0007.jpg\",\"width\":1600,\"height\":1204},{\"@type\":\"BreadcrumbList\",\"@id\":\"https:\/\/givannacastelo.es\/index.php\/producto\/jeans-colombianos-push-up-ref-sv1669\/#breadcrumb\",\"itemListElement\":[{\"@type\":\"ListItem\",\"position\":1,\"name\":\"Portada\",\"item\":\"https:\/\/givannacastelo.es\/\"},{\"@type\":\"ListItem\",\"position\":2,\"name\":\"Tienda\",\"item\":\"https:\/\/givannacastelo.es\/index.php\/tienda\/\"},{\"@type\":\"ListItem\",\"position\":3,\"name\":\"Jeans Colombianos Push Up Ref. SV1669\"}]},{\"@type\":\"WebSite\",\"@id\":\"https:\/\/givannacastelo.es\/#website\",\"url\":\"https:\/\/givannacastelo.es\/\",\"name\":\"Givanna Castelo\",\"description\":\"Descubre en Givanna Castelo las \u00faltimas tendencias en moda para mujer y hombre. Ropa de calidad, estilo \u00fanico y precios accesibles para que siempre luzcas espectacular. \u00a1Compra f\u00e1cil y r\u00e1pido online!\",\"publisher\":{\"@id\":\"https:\/\/givannacastelo.es\/#organization\"},\"alternateName\":\"givannacastelo.es\",\"potentialAction\":[{\"@type\":\"SearchAction\",\"target\":{\"@type\":\"EntryPoint\",\"urlTemplate\":\"https:\/\/givannacastelo.es\/?s={search_term_string}\"},\"query-input\":{\"@type\":\"PropertyValueSpecification\",\"valueRequired\":true,\"valueName\":\"search_term_string\"}}],\"inLanguage\":\"es\"},{\"@type\":\"Organization\",\"@id\":\"https:\/\/givannacastelo.es\/#organization\",\"name\":\"Givanna Castelo\",\"alternateName\":\"givanna castelo\",\"url\":\"https:\/\/givannacastelo.es\/\",\"logo\":{\"@type\":\"ImageObject\",\"inLanguage\":\"es\",\"@id\":\"https:\/\/givannacastelo.es\/#\/schema\/logo\/image\/\",\"url\":\"https:\/\/givannacastelo.es\/wp-content\/uploads\/2025\/09\/Asset-1-1-2.png\",\"contentUrl\":\"https:\/\/givannacastelo.es\/wp-content\/uploads\/2025\/09\/Asset-1-1-2.png\",\"width\":184,\"height\":177,\"caption\":\"Givanna Castelo\"},\"image\":{\"@id\":\"https:\/\/givannacastelo.es\/#\/schema\/logo\/image\/\"}}]}<\/script>\n<!-- \/ Yoast SEO plugin. -->","yoast_head_json":{"title":"Jeans Colombianos Push Up Ref. SV1669 - Givanna Castelo","description":"Jeans Colombianos Push Up Ref. SV1669","robots":{"index":"index","follow":"follow","max-snippet":"max-snippet:-1","max-image-preview":"max-image-preview:large","max-video-preview":"max-video-preview:-1"},"canonical":"https:\/\/givannacastelo.es\/index.php\/producto\/jeans-colombianos-push-up-ref-sv1669\/","og_locale":"es_ES","og_type":"article","og_title":"Jeans Colombianos Push Up Ref. SV1669 - Givanna Castelo","og_description":"Jeans Colombianos Push Up Ref. SV1669","og_url":"https:\/\/givannacastelo.es\/index.php\/producto\/jeans-colombianos-push-up-ref-sv1669\/","og_site_name":"Givanna Castelo","og_image":[{"width":1600,"height":1204,"url":"https:\/\/givannacastelo.es\/wp-content\/uploads\/2025\/10\/IMG-20251020-WA0007.jpg","type":"image\/jpeg"}],"twitter_card":"summary_large_image","twitter_misc":{"Tiempo de lectura":"1 minuto"},"schema":{"@context":"https:\/\/schema.org","@graph":[{"@type":"WebPage","@id":"https:\/\/givannacastelo.es\/index.php\/producto\/jeans-colombianos-push-up-ref-sv1669\/","url":"https:\/\/givannacastelo.es\/index.php\/producto\/jeans-colombianos-push-up-ref-sv1669\/","name":"Jeans Colombianos Push Up Ref. SV1669 - Givanna Castelo","isPartOf":{"@id":"https:\/\/givannacastelo.es\/#website"},"primaryImageOfPage":{"@id":"https:\/\/givannacastelo.es\/index.php\/producto\/jeans-colombianos-push-up-ref-sv1669\/#primaryimage"},"image":{"@id":"https:\/\/givannacastelo.es\/index.php\/producto\/jeans-colombianos-push-up-ref-sv1669\/#primaryimage"},"thumbnailUrl":"https:\/\/givannacastelo.es\/wp-content\/uploads\/2025\/10\/IMG-20251020-WA0007.jpg","datePublished":"2025-10-21T15:39:05+00:00","description":"Jeans Colombianos Push Up Ref. SV1669","breadcrumb":{"@id":"https:\/\/givannacastelo.es\/index.php\/producto\/jeans-colombianos-push-up-ref-sv1669\/#breadcrumb"},"inLanguage":"es","potentialAction":[{"@type":"ReadAction","target":["https:\/\/givannacastelo.es\/index.php\/producto\/jeans-colombianos-push-up-ref-sv1669\/"]}]},{"@type":"ImageObject","inLanguage":"es","@id":"https:\/\/givannacastelo.es\/index.php\/producto\/jeans-colombianos-push-up-ref-sv1669\/#primaryimage","url":"https:\/\/givannacastelo.es\/wp-content\/uploads\/2025\/10\/IMG-20251020-WA0007.jpg","contentUrl":"https:\/\/givannacastelo.es\/wp-content\/uploads\/2025\/10\/IMG-20251020-WA0007.jpg","width":1600,"height":1204},{"@type":"BreadcrumbList","@id":"https:\/\/givannacastelo.es\/index.php\/producto\/jeans-colombianos-push-up-ref-sv1669\/#breadcrumb","itemListElement":[{"@type":"ListItem","position":1,"name":"Portada","item":"https:\/\/givannacastelo.es\/"},{"@type":"ListItem","position":2,"name":"Tienda","item":"https:\/\/givannacastelo.es\/index.php\/tienda\/"},{"@type":"ListItem","position":3,"name":"Jeans Colombianos Push Up Ref. SV1669"}]},{"@type":"WebSite","@id":"https:\/\/givannacastelo.es\/#website","url":"https:\/\/givannacastelo.es\/","name":"Givanna Castelo","description":"Descubre en Givanna Castelo las \u00faltimas tendencias en moda para mujer y hombre. Ropa de calidad, estilo \u00fanico y precios accesibles para que siempre luzcas espectacular. \u00a1Compra f\u00e1cil y r\u00e1pido online!","publisher":{"@id":"https:\/\/givannacastelo.es\/#organization"},"alternateName":"givannacastelo.es","potentialAction":[{"@type":"SearchAction","target":{"@type":"EntryPoint","urlTemplate":"https:\/\/givannacastelo.es\/?s={search_term_string}"},"query-input":{"@type":"PropertyValueSpecification","valueRequired":true,"valueName":"search_term_string"}}],"inLanguage":"es"},{"@type":"Organization","@id":"https:\/\/givannacastelo.es\/#organization","name":"Givanna Castelo","alternateName":"givanna castelo","url":"https:\/\/givannacastelo.es\/","logo":{"@type":"ImageObject","inLanguage":"es","@id":"https:\/\/givannacastelo.es\/#\/schema\/logo\/image\/","url":"https:\/\/givannacastelo.es\/wp-content\/uploads\/2025\/09\/Asset-1-1-2.png","contentUrl":"https:\/\/givannacastelo.es\/wp-content\/uploads\/2025\/09\/Asset-1-1-2.png","width":184,"height":177,"caption":"Givanna Castelo"},"image":{"@id":"https:\/\/givannacastelo.es\/#\/schema\/logo\/image\/"}}]}},"jetpack_sharing_enabled":true,"_links":{"self":[{"href":"https:\/\/givannacastelo.es\/index.php\/wp-json\/wp\/v2\/product\/8772","targetHints":{"allow":["GET"]}}],"collection":[{"href":"https:\/\/givannacastelo.es\/index.php\/wp-json\/wp\/v2\/product"}],"about":[{"href":"https:\/\/givannacastelo.es\/index.php\/wp-json\/wp\/v2\/types\/product"}],"replies":[{"embeddable":true,"href":"https:\/\/givannacastelo.es\/index.php\/wp-json\/wp\/v2\/comments?post=8772"}],"wp:featuredmedia":[{"embeddable":true,"href":"https:\/\/givannacastelo.es\/index.php\/wp-json\/wp\/v2\/media\/8721"}],"wp:attachment":[{"href":"https:\/\/givannacastelo.es\/index.php\/wp-json\/wp\/v2\/media?parent=8772"}],"wp:term":[{"taxonomy":"product_brand","embeddable":true,"href":"https:\/\/givannacastelo.es\/index.php\/wp-json\/wp\/v2\/product_brand?post=8772"},{"taxonomy":"product_cat","embeddable":true,"href":"https:\/\/givannacastelo.es\/index.php\/wp-json\/wp\/v2\/product_cat?post=8772"},{"taxonomy":"product_tag","embeddable":true,"href":"https:\/\/givannacastelo.es\/index.php\/wp-json\/wp\/v2\/product_tag?post=8772"}],"curies":[{"name":"wp","href":"https:\/\/api.w.org\/{rel}","templated":true}]}}