{"id":8421,"date":"2025-10-17T21:58:12","date_gmt":"2025-10-17T19:58:12","guid":{"rendered":"https:\/\/givannacastelo.es\/?post_type=product&#038;p=8421"},"modified":"2025-10-17T21:58:12","modified_gmt":"2025-10-17T19:58:12","slug":"jeans-colombiano-push-up-ref-cb5110","status":"publish","type":"product","link":"https:\/\/givannacastelo.es\/index.php\/producto\/jeans-colombiano-push-up-ref-cb5110\/","title":{"rendered":"Jeans Colombiano Push Up Ref. CB5110"},"content":{"rendered":"<p style=\"font-weight: 400;\">Experimenta la fusi\u00f3n perfecta entre estilo y comodidad con el Jean Levantacola Caribbeans en un encantador tono azul. Dise\u00f1ado meticulosamente para realzar tu figura, este jean presenta una pretina alta que moldea tu silueta de manera elegante, y una bota tubo que a\u00f1ade un toque moderno y vers\u00e1til a tu estilo.<\/p>\n<p style=\"font-weight: 400;\">El distintivo detalle en la bota eleva este jean a otro nivel de sofisticaci\u00f3n, mostrando la autenticidad de la marca colombiana Caribbeans. Cada costura y acabado reflejan la dedicaci\u00f3n de la marca a la calidad y el estilo que perdura.<\/p>\n<p style=\"font-weight: 400;\">A\u00f1adir al carrito este Jean Levantacola Caribbeans en azul es sumergirse en la moda colombiana con una prenda \u00fanica y atemporal. Eleva tu estilo con la combinaci\u00f3n perfecta de detalles llamativos y comodidad duradera. \u00a1Agrega al carrito ahora y haz una declaraci\u00f3n de moda con Caribbeans!<\/p>\n<table>\n<tbody>\n<tr>\n<td><b>Talla<\/b><\/td>\n<td><b>Cintura (cm)<\/b><\/td>\n<td><b>Cadera (cm)<\/b><\/td>\n<td><b>Largo (cm)<\/b><\/td>\n<\/tr>\n<tr>\n<td>6<\/td>\n<td>62 \u2013 72<\/td>\n<td>80 \u2013 92<\/td>\n<td>94<\/td>\n<\/tr>\n<tr>\n<td>8<\/td>\n<td>66 \u2013 78<\/td>\n<td>88 \u2013 100<\/td>\n<td>95<\/td>\n<\/tr>\n<tr>\n<td>10<\/td>\n<td>72 \u2013 84<\/td>\n<td>90 \u2013 104<\/td>\n<td>96<\/td>\n<\/tr>\n<tr>\n<td>12<\/td>\n<td>76 \u2013 88<\/td>\n<td>92 \u2013 106<\/td>\n<td>97<\/td>\n<\/tr>\n<tr>\n<td>14<\/td>\n<td>78 \u2013 92<\/td>\n<td>96 \u2013 112<\/td>\n<td>98<\/td>\n<\/tr>\n<tr>\n<td>16<\/td>\n<td>82 \u2013 96<\/td>\n<td>98 \u2013 116<\/td>\n<td>99<\/td>\n<\/tr>\n<\/tbody>\n<\/table>\n","protected":false},"excerpt":{"rendered":"<p>Experimenta la fusi\u00f3n perfecta entre estilo y comodidad con el Jean Levantacola Caribbeans en un encantador tono azul. Dise\u00f1ado meticulosamente para realzar tu figura, este jean presenta una pretina alta que moldea tu silueta de manera elegante, y una bota tubo que a\u00f1ade un toque moderno y vers\u00e1til a tu estilo. El distintivo detalle en [&hellip;]<\/p>\n","protected":false},"featured_media":8422,"comment_status":"open","ping_status":"closed","template":"","meta":{"_et_pb_use_builder":"","_et_pb_old_content":"","_et_gb_content_width":""},"product_brand":[],"product_cat":[213,218,26],"product_tag":[75,500,74,124,47],"class_list":{"0":"post-8421","1":"product","2":"type-product","3":"status-publish","4":"has-post-thumbnail","6":"product_cat-pantalones","7":"product_cat-pantalones-tiro-alto","8":"product_cat-jeans-push-up","9":"product_tag-jeans-ajustado","10":"product_tag-jeans-bota-tubo","11":"product_tag-jeans-caribbeans","12":"product_tag-jeans-con-bolsillo","13":"product_tag-jeans-push-up","15":"first","16":"instock","17":"shipping-taxable","18":"purchasable","19":"product-type-variable"},"yoast_head":"<!-- This site is optimized with the Yoast SEO plugin v25.9 - https:\/\/yoast.com\/wordpress\/plugins\/seo\/ -->\n<title>Jeans Colombiano Push Up Ref. CB5110 - Givanna Castelo<\/title>\n<meta name=\"description\" content=\"Jeans Colombiano Push Up Ref. CB5110\" \/>\n<meta name=\"robots\" content=\"index, follow, max-snippet:-1, max-image-preview:large, max-video-preview:-1\" \/>\n<link rel=\"canonical\" href=\"https:\/\/givannacastelo.es\/index.php\/producto\/jeans-colombiano-push-up-ref-cb5110\/\" \/>\n<meta property=\"og:locale\" content=\"es_ES\" \/>\n<meta property=\"og:type\" content=\"article\" \/>\n<meta property=\"og:title\" content=\"Jeans Colombiano Push Up Ref. CB5110 - Givanna Castelo\" \/>\n<meta property=\"og:description\" content=\"Jeans Colombiano Push Up Ref. CB5110\" \/>\n<meta property=\"og:url\" content=\"https:\/\/givannacastelo.es\/index.php\/producto\/jeans-colombiano-push-up-ref-cb5110\/\" \/>\n<meta property=\"og:site_name\" content=\"Givanna Castelo\" \/>\n<meta property=\"og:image\" content=\"https:\/\/givannacastelo.es\/wp-content\/uploads\/2025\/10\/IMG-20251015-WA0022.jpg\" \/>\n\t<meta property=\"og:image:width\" content=\"1600\" \/>\n\t<meta property=\"og:image:height\" content=\"1042\" \/>\n\t<meta property=\"og:image:type\" content=\"image\/jpeg\" \/>\n<meta name=\"twitter:card\" content=\"summary_large_image\" \/>\n<meta name=\"twitter:label1\" content=\"Tiempo de lectura\" \/>\n\t<meta name=\"twitter:data1\" content=\"2 minutos\" \/>\n<script type=\"application\/ld+json\" class=\"yoast-schema-graph\">{\"@context\":\"https:\/\/schema.org\",\"@graph\":[{\"@type\":\"WebPage\",\"@id\":\"https:\/\/givannacastelo.es\/index.php\/producto\/jeans-colombiano-push-up-ref-cb5110\/\",\"url\":\"https:\/\/givannacastelo.es\/index.php\/producto\/jeans-colombiano-push-up-ref-cb5110\/\",\"name\":\"Jeans Colombiano Push Up Ref. CB5110 - Givanna Castelo\",\"isPartOf\":{\"@id\":\"https:\/\/givannacastelo.es\/#website\"},\"primaryImageOfPage\":{\"@id\":\"https:\/\/givannacastelo.es\/index.php\/producto\/jeans-colombiano-push-up-ref-cb5110\/#primaryimage\"},\"image\":{\"@id\":\"https:\/\/givannacastelo.es\/index.php\/producto\/jeans-colombiano-push-up-ref-cb5110\/#primaryimage\"},\"thumbnailUrl\":\"https:\/\/givannacastelo.es\/wp-content\/uploads\/2025\/10\/IMG-20251015-WA0022.jpg\",\"datePublished\":\"2025-10-17T19:58:12+00:00\",\"description\":\"Jeans Colombiano Push Up Ref. CB5110\",\"breadcrumb\":{\"@id\":\"https:\/\/givannacastelo.es\/index.php\/producto\/jeans-colombiano-push-up-ref-cb5110\/#breadcrumb\"},\"inLanguage\":\"es\",\"potentialAction\":[{\"@type\":\"ReadAction\",\"target\":[\"https:\/\/givannacastelo.es\/index.php\/producto\/jeans-colombiano-push-up-ref-cb5110\/\"]}]},{\"@type\":\"ImageObject\",\"inLanguage\":\"es\",\"@id\":\"https:\/\/givannacastelo.es\/index.php\/producto\/jeans-colombiano-push-up-ref-cb5110\/#primaryimage\",\"url\":\"https:\/\/givannacastelo.es\/wp-content\/uploads\/2025\/10\/IMG-20251015-WA0022.jpg\",\"contentUrl\":\"https:\/\/givannacastelo.es\/wp-content\/uploads\/2025\/10\/IMG-20251015-WA0022.jpg\",\"width\":1600,\"height\":1042},{\"@type\":\"BreadcrumbList\",\"@id\":\"https:\/\/givannacastelo.es\/index.php\/producto\/jeans-colombiano-push-up-ref-cb5110\/#breadcrumb\",\"itemListElement\":[{\"@type\":\"ListItem\",\"position\":1,\"name\":\"Portada\",\"item\":\"https:\/\/givannacastelo.es\/\"},{\"@type\":\"ListItem\",\"position\":2,\"name\":\"Tienda\",\"item\":\"https:\/\/givannacastelo.es\/index.php\/tienda\/\"},{\"@type\":\"ListItem\",\"position\":3,\"name\":\"Jeans Colombiano Push Up Ref. CB5110\"}]},{\"@type\":\"WebSite\",\"@id\":\"https:\/\/givannacastelo.es\/#website\",\"url\":\"https:\/\/givannacastelo.es\/\",\"name\":\"Givanna Castelo\",\"description\":\"Descubre en Givanna Castelo las \u00faltimas tendencias en moda para mujer y hombre. Ropa de calidad, estilo \u00fanico y precios accesibles para que siempre luzcas espectacular. \u00a1Compra f\u00e1cil y r\u00e1pido online!\",\"publisher\":{\"@id\":\"https:\/\/givannacastelo.es\/#organization\"},\"alternateName\":\"givannacastelo.es\",\"potentialAction\":[{\"@type\":\"SearchAction\",\"target\":{\"@type\":\"EntryPoint\",\"urlTemplate\":\"https:\/\/givannacastelo.es\/?s={search_term_string}\"},\"query-input\":{\"@type\":\"PropertyValueSpecification\",\"valueRequired\":true,\"valueName\":\"search_term_string\"}}],\"inLanguage\":\"es\"},{\"@type\":\"Organization\",\"@id\":\"https:\/\/givannacastelo.es\/#organization\",\"name\":\"Givanna Castelo\",\"alternateName\":\"givanna castelo\",\"url\":\"https:\/\/givannacastelo.es\/\",\"logo\":{\"@type\":\"ImageObject\",\"inLanguage\":\"es\",\"@id\":\"https:\/\/givannacastelo.es\/#\/schema\/logo\/image\/\",\"url\":\"https:\/\/givannacastelo.es\/wp-content\/uploads\/2025\/09\/Asset-1-1-2.png\",\"contentUrl\":\"https:\/\/givannacastelo.es\/wp-content\/uploads\/2025\/09\/Asset-1-1-2.png\",\"width\":184,\"height\":177,\"caption\":\"Givanna Castelo\"},\"image\":{\"@id\":\"https:\/\/givannacastelo.es\/#\/schema\/logo\/image\/\"}}]}<\/script>\n<!-- \/ Yoast SEO plugin. -->","yoast_head_json":{"title":"Jeans Colombiano Push Up Ref. CB5110 - Givanna Castelo","description":"Jeans Colombiano Push Up Ref. CB5110","robots":{"index":"index","follow":"follow","max-snippet":"max-snippet:-1","max-image-preview":"max-image-preview:large","max-video-preview":"max-video-preview:-1"},"canonical":"https:\/\/givannacastelo.es\/index.php\/producto\/jeans-colombiano-push-up-ref-cb5110\/","og_locale":"es_ES","og_type":"article","og_title":"Jeans Colombiano Push Up Ref. CB5110 - Givanna Castelo","og_description":"Jeans Colombiano Push Up Ref. CB5110","og_url":"https:\/\/givannacastelo.es\/index.php\/producto\/jeans-colombiano-push-up-ref-cb5110\/","og_site_name":"Givanna Castelo","og_image":[{"width":1600,"height":1042,"url":"https:\/\/givannacastelo.es\/wp-content\/uploads\/2025\/10\/IMG-20251015-WA0022.jpg","type":"image\/jpeg"}],"twitter_card":"summary_large_image","twitter_misc":{"Tiempo de lectura":"2 minutos"},"schema":{"@context":"https:\/\/schema.org","@graph":[{"@type":"WebPage","@id":"https:\/\/givannacastelo.es\/index.php\/producto\/jeans-colombiano-push-up-ref-cb5110\/","url":"https:\/\/givannacastelo.es\/index.php\/producto\/jeans-colombiano-push-up-ref-cb5110\/","name":"Jeans Colombiano Push Up Ref. CB5110 - Givanna Castelo","isPartOf":{"@id":"https:\/\/givannacastelo.es\/#website"},"primaryImageOfPage":{"@id":"https:\/\/givannacastelo.es\/index.php\/producto\/jeans-colombiano-push-up-ref-cb5110\/#primaryimage"},"image":{"@id":"https:\/\/givannacastelo.es\/index.php\/producto\/jeans-colombiano-push-up-ref-cb5110\/#primaryimage"},"thumbnailUrl":"https:\/\/givannacastelo.es\/wp-content\/uploads\/2025\/10\/IMG-20251015-WA0022.jpg","datePublished":"2025-10-17T19:58:12+00:00","description":"Jeans Colombiano Push Up Ref. CB5110","breadcrumb":{"@id":"https:\/\/givannacastelo.es\/index.php\/producto\/jeans-colombiano-push-up-ref-cb5110\/#breadcrumb"},"inLanguage":"es","potentialAction":[{"@type":"ReadAction","target":["https:\/\/givannacastelo.es\/index.php\/producto\/jeans-colombiano-push-up-ref-cb5110\/"]}]},{"@type":"ImageObject","inLanguage":"es","@id":"https:\/\/givannacastelo.es\/index.php\/producto\/jeans-colombiano-push-up-ref-cb5110\/#primaryimage","url":"https:\/\/givannacastelo.es\/wp-content\/uploads\/2025\/10\/IMG-20251015-WA0022.jpg","contentUrl":"https:\/\/givannacastelo.es\/wp-content\/uploads\/2025\/10\/IMG-20251015-WA0022.jpg","width":1600,"height":1042},{"@type":"BreadcrumbList","@id":"https:\/\/givannacastelo.es\/index.php\/producto\/jeans-colombiano-push-up-ref-cb5110\/#breadcrumb","itemListElement":[{"@type":"ListItem","position":1,"name":"Portada","item":"https:\/\/givannacastelo.es\/"},{"@type":"ListItem","position":2,"name":"Tienda","item":"https:\/\/givannacastelo.es\/index.php\/tienda\/"},{"@type":"ListItem","position":3,"name":"Jeans Colombiano Push Up Ref. CB5110"}]},{"@type":"WebSite","@id":"https:\/\/givannacastelo.es\/#website","url":"https:\/\/givannacastelo.es\/","name":"Givanna Castelo","description":"Descubre en Givanna Castelo las \u00faltimas tendencias en moda para mujer y hombre. Ropa de calidad, estilo \u00fanico y precios accesibles para que siempre luzcas espectacular. \u00a1Compra f\u00e1cil y r\u00e1pido online!","publisher":{"@id":"https:\/\/givannacastelo.es\/#organization"},"alternateName":"givannacastelo.es","potentialAction":[{"@type":"SearchAction","target":{"@type":"EntryPoint","urlTemplate":"https:\/\/givannacastelo.es\/?s={search_term_string}"},"query-input":{"@type":"PropertyValueSpecification","valueRequired":true,"valueName":"search_term_string"}}],"inLanguage":"es"},{"@type":"Organization","@id":"https:\/\/givannacastelo.es\/#organization","name":"Givanna Castelo","alternateName":"givanna castelo","url":"https:\/\/givannacastelo.es\/","logo":{"@type":"ImageObject","inLanguage":"es","@id":"https:\/\/givannacastelo.es\/#\/schema\/logo\/image\/","url":"https:\/\/givannacastelo.es\/wp-content\/uploads\/2025\/09\/Asset-1-1-2.png","contentUrl":"https:\/\/givannacastelo.es\/wp-content\/uploads\/2025\/09\/Asset-1-1-2.png","width":184,"height":177,"caption":"Givanna Castelo"},"image":{"@id":"https:\/\/givannacastelo.es\/#\/schema\/logo\/image\/"}}]}},"jetpack_sharing_enabled":true,"_links":{"self":[{"href":"https:\/\/givannacastelo.es\/index.php\/wp-json\/wp\/v2\/product\/8421","targetHints":{"allow":["GET"]}}],"collection":[{"href":"https:\/\/givannacastelo.es\/index.php\/wp-json\/wp\/v2\/product"}],"about":[{"href":"https:\/\/givannacastelo.es\/index.php\/wp-json\/wp\/v2\/types\/product"}],"replies":[{"embeddable":true,"href":"https:\/\/givannacastelo.es\/index.php\/wp-json\/wp\/v2\/comments?post=8421"}],"wp:featuredmedia":[{"embeddable":true,"href":"https:\/\/givannacastelo.es\/index.php\/wp-json\/wp\/v2\/media\/8422"}],"wp:attachment":[{"href":"https:\/\/givannacastelo.es\/index.php\/wp-json\/wp\/v2\/media?parent=8421"}],"wp:term":[{"taxonomy":"product_brand","embeddable":true,"href":"https:\/\/givannacastelo.es\/index.php\/wp-json\/wp\/v2\/product_brand?post=8421"},{"taxonomy":"product_cat","embeddable":true,"href":"https:\/\/givannacastelo.es\/index.php\/wp-json\/wp\/v2\/product_cat?post=8421"},{"taxonomy":"product_tag","embeddable":true,"href":"https:\/\/givannacastelo.es\/index.php\/wp-json\/wp\/v2\/product_tag?post=8421"}],"curies":[{"name":"wp","href":"https:\/\/api.w.org\/{rel}","templated":true}]}}