{"id":8419,"date":"2025-10-17T21:52:03","date_gmt":"2025-10-17T19:52:03","guid":{"rendered":"https:\/\/givannacastelo.es\/?post_type=product&#038;p=8419"},"modified":"2025-10-17T21:52:03","modified_gmt":"2025-10-17T19:52:03","slug":"jeans-colombiano-levantacola-ref-cb5109","status":"publish","type":"product","link":"https:\/\/givannacastelo.es\/index.php\/producto\/jeans-colombiano-levantacola-ref-cb5109\/","title":{"rendered":"Jeans Colombiano Levantacola Ref. CB5109"},"content":{"rendered":"<div>Sum\u00e9rgete en la elegancia del azul oscuro con el Jean Levantacola Caribbeans, una obra maestra de la moda colombiana. Este jean, dise\u00f1ado para resaltar tus curvas de manera impecable, presenta una pretina alta que esculpe tu figura con gracia, y un cautivador detalle lateral que a\u00f1ade un toque de distinci\u00f3n.<\/div>\n<div><\/div>\n<div>La bota tubo completa el look con su corte cl\u00e1sico y vers\u00e1til, permiti\u00e9ndote combinarlo f\u00e1cilmente con cualquier tipo de calzado. El azul oscuro agrega un toque de sofisticaci\u00f3n atemporal, convirtiendo este jean en una elecci\u00f3n elegante para diversas ocasiones.<\/div>\n<div><\/div>\n<div>La marca colombiana Caribbeans se enorgullece de ofrecer calidad y estilo en cada prenda. Desde la costura hasta los detalles \u00fanicos, este jean refleja la artesan\u00eda excepcional que caracteriza a la marca.<\/div>\n<div><\/div>\n<div>No pierdas la oportunidad de agregar al carrito este Jean Levantacola Caribbeans en azul oscuro y elevar tu estilo con una prenda que destaca por su elegancia y versatilidad. \u00a1Haz una declaraci\u00f3n de moda con Caribbeans!<\/div>\n","protected":false},"excerpt":{"rendered":"<p>Sum\u00e9rgete en la elegancia del azul oscuro con el Jean Levantacola Caribbeans, una obra maestra de la moda colombiana. Este jean, dise\u00f1ado para resaltar tus curvas de manera impecable, presenta una pretina alta que esculpe tu figura con gracia, y un cautivador detalle lateral que a\u00f1ade un toque de distinci\u00f3n. La bota tubo completa el [&hellip;]<\/p>\n","protected":false},"featured_media":8420,"comment_status":"open","ping_status":"closed","template":"","meta":{"_et_pb_use_builder":"","_et_pb_old_content":"","_et_gb_content_width":""},"product_brand":[],"product_cat":[213,26],"product_tag":[500,74,509,517,73],"class_list":{"0":"post-8419","1":"product","2":"type-product","3":"status-publish","4":"has-post-thumbnail","6":"product_cat-pantalones","7":"product_cat-jeans-push-up","8":"product_tag-jeans-bota-tubo","9":"product_tag-jeans-caribbeans","10":"product_tag-jeans-colombianos","11":"product_tag-jeans-corte-clasico","12":"product_tag-jeans-levantacola","14":"first","15":"instock","16":"shipping-taxable","17":"purchasable","18":"product-type-variable"},"yoast_head":"<!-- This site is optimized with the Yoast SEO plugin v25.9 - https:\/\/yoast.com\/wordpress\/plugins\/seo\/ -->\n<title>Jeans Colombiano Levantacola Ref. CB5109 - Givanna Castelo<\/title>\n<meta name=\"description\" content=\"Jeans Colombiano Levantacola Ref. CB5109\" \/>\n<meta name=\"robots\" content=\"index, follow, max-snippet:-1, max-image-preview:large, max-video-preview:-1\" \/>\n<link rel=\"canonical\" href=\"https:\/\/givannacastelo.es\/index.php\/producto\/jeans-colombiano-levantacola-ref-cb5109\/\" \/>\n<meta property=\"og:locale\" content=\"es_ES\" \/>\n<meta property=\"og:type\" content=\"article\" \/>\n<meta property=\"og:title\" content=\"Jeans Colombiano Levantacola Ref. CB5109 - Givanna Castelo\" \/>\n<meta property=\"og:description\" content=\"Jeans Colombiano Levantacola Ref. CB5109\" \/>\n<meta property=\"og:url\" content=\"https:\/\/givannacastelo.es\/index.php\/producto\/jeans-colombiano-levantacola-ref-cb5109\/\" \/>\n<meta property=\"og:site_name\" content=\"Givanna Castelo\" \/>\n<meta property=\"og:image\" content=\"https:\/\/givannacastelo.es\/wp-content\/uploads\/2025\/10\/IMG-20251015-WA0023.jpg\" \/>\n\t<meta property=\"og:image:width\" content=\"1600\" \/>\n\t<meta property=\"og:image:height\" content=\"1132\" \/>\n\t<meta property=\"og:image:type\" content=\"image\/jpeg\" \/>\n<meta name=\"twitter:card\" content=\"summary_large_image\" \/>\n<meta name=\"twitter:label1\" content=\"Tiempo de lectura\" \/>\n\t<meta name=\"twitter:data1\" content=\"1 minuto\" \/>\n<script type=\"application\/ld+json\" class=\"yoast-schema-graph\">{\"@context\":\"https:\/\/schema.org\",\"@graph\":[{\"@type\":\"WebPage\",\"@id\":\"https:\/\/givannacastelo.es\/index.php\/producto\/jeans-colombiano-levantacola-ref-cb5109\/\",\"url\":\"https:\/\/givannacastelo.es\/index.php\/producto\/jeans-colombiano-levantacola-ref-cb5109\/\",\"name\":\"Jeans Colombiano Levantacola Ref. CB5109 - Givanna Castelo\",\"isPartOf\":{\"@id\":\"https:\/\/givannacastelo.es\/#website\"},\"primaryImageOfPage\":{\"@id\":\"https:\/\/givannacastelo.es\/index.php\/producto\/jeans-colombiano-levantacola-ref-cb5109\/#primaryimage\"},\"image\":{\"@id\":\"https:\/\/givannacastelo.es\/index.php\/producto\/jeans-colombiano-levantacola-ref-cb5109\/#primaryimage\"},\"thumbnailUrl\":\"https:\/\/givannacastelo.es\/wp-content\/uploads\/2025\/10\/IMG-20251015-WA0023.jpg\",\"datePublished\":\"2025-10-17T19:52:03+00:00\",\"description\":\"Jeans Colombiano Levantacola Ref. CB5109\",\"breadcrumb\":{\"@id\":\"https:\/\/givannacastelo.es\/index.php\/producto\/jeans-colombiano-levantacola-ref-cb5109\/#breadcrumb\"},\"inLanguage\":\"es\",\"potentialAction\":[{\"@type\":\"ReadAction\",\"target\":[\"https:\/\/givannacastelo.es\/index.php\/producto\/jeans-colombiano-levantacola-ref-cb5109\/\"]}]},{\"@type\":\"ImageObject\",\"inLanguage\":\"es\",\"@id\":\"https:\/\/givannacastelo.es\/index.php\/producto\/jeans-colombiano-levantacola-ref-cb5109\/#primaryimage\",\"url\":\"https:\/\/givannacastelo.es\/wp-content\/uploads\/2025\/10\/IMG-20251015-WA0023.jpg\",\"contentUrl\":\"https:\/\/givannacastelo.es\/wp-content\/uploads\/2025\/10\/IMG-20251015-WA0023.jpg\",\"width\":1600,\"height\":1132},{\"@type\":\"BreadcrumbList\",\"@id\":\"https:\/\/givannacastelo.es\/index.php\/producto\/jeans-colombiano-levantacola-ref-cb5109\/#breadcrumb\",\"itemListElement\":[{\"@type\":\"ListItem\",\"position\":1,\"name\":\"Portada\",\"item\":\"https:\/\/givannacastelo.es\/\"},{\"@type\":\"ListItem\",\"position\":2,\"name\":\"Tienda\",\"item\":\"https:\/\/givannacastelo.es\/index.php\/tienda\/\"},{\"@type\":\"ListItem\",\"position\":3,\"name\":\"Jeans Colombiano Levantacola Ref. CB5109\"}]},{\"@type\":\"WebSite\",\"@id\":\"https:\/\/givannacastelo.es\/#website\",\"url\":\"https:\/\/givannacastelo.es\/\",\"name\":\"Givanna Castelo\",\"description\":\"Descubre en Givanna Castelo las \u00faltimas tendencias en moda para mujer y hombre. Ropa de calidad, estilo \u00fanico y precios accesibles para que siempre luzcas espectacular. \u00a1Compra f\u00e1cil y r\u00e1pido online!\",\"publisher\":{\"@id\":\"https:\/\/givannacastelo.es\/#organization\"},\"alternateName\":\"givannacastelo.es\",\"potentialAction\":[{\"@type\":\"SearchAction\",\"target\":{\"@type\":\"EntryPoint\",\"urlTemplate\":\"https:\/\/givannacastelo.es\/?s={search_term_string}\"},\"query-input\":{\"@type\":\"PropertyValueSpecification\",\"valueRequired\":true,\"valueName\":\"search_term_string\"}}],\"inLanguage\":\"es\"},{\"@type\":\"Organization\",\"@id\":\"https:\/\/givannacastelo.es\/#organization\",\"name\":\"Givanna Castelo\",\"alternateName\":\"givanna castelo\",\"url\":\"https:\/\/givannacastelo.es\/\",\"logo\":{\"@type\":\"ImageObject\",\"inLanguage\":\"es\",\"@id\":\"https:\/\/givannacastelo.es\/#\/schema\/logo\/image\/\",\"url\":\"https:\/\/givannacastelo.es\/wp-content\/uploads\/2025\/09\/Asset-1-1-2.png\",\"contentUrl\":\"https:\/\/givannacastelo.es\/wp-content\/uploads\/2025\/09\/Asset-1-1-2.png\",\"width\":184,\"height\":177,\"caption\":\"Givanna Castelo\"},\"image\":{\"@id\":\"https:\/\/givannacastelo.es\/#\/schema\/logo\/image\/\"}}]}<\/script>\n<!-- \/ Yoast SEO plugin. -->","yoast_head_json":{"title":"Jeans Colombiano Levantacola Ref. CB5109 - Givanna Castelo","description":"Jeans Colombiano Levantacola Ref. CB5109","robots":{"index":"index","follow":"follow","max-snippet":"max-snippet:-1","max-image-preview":"max-image-preview:large","max-video-preview":"max-video-preview:-1"},"canonical":"https:\/\/givannacastelo.es\/index.php\/producto\/jeans-colombiano-levantacola-ref-cb5109\/","og_locale":"es_ES","og_type":"article","og_title":"Jeans Colombiano Levantacola Ref. CB5109 - Givanna Castelo","og_description":"Jeans Colombiano Levantacola Ref. CB5109","og_url":"https:\/\/givannacastelo.es\/index.php\/producto\/jeans-colombiano-levantacola-ref-cb5109\/","og_site_name":"Givanna Castelo","og_image":[{"width":1600,"height":1132,"url":"https:\/\/givannacastelo.es\/wp-content\/uploads\/2025\/10\/IMG-20251015-WA0023.jpg","type":"image\/jpeg"}],"twitter_card":"summary_large_image","twitter_misc":{"Tiempo de lectura":"1 minuto"},"schema":{"@context":"https:\/\/schema.org","@graph":[{"@type":"WebPage","@id":"https:\/\/givannacastelo.es\/index.php\/producto\/jeans-colombiano-levantacola-ref-cb5109\/","url":"https:\/\/givannacastelo.es\/index.php\/producto\/jeans-colombiano-levantacola-ref-cb5109\/","name":"Jeans Colombiano Levantacola Ref. CB5109 - Givanna Castelo","isPartOf":{"@id":"https:\/\/givannacastelo.es\/#website"},"primaryImageOfPage":{"@id":"https:\/\/givannacastelo.es\/index.php\/producto\/jeans-colombiano-levantacola-ref-cb5109\/#primaryimage"},"image":{"@id":"https:\/\/givannacastelo.es\/index.php\/producto\/jeans-colombiano-levantacola-ref-cb5109\/#primaryimage"},"thumbnailUrl":"https:\/\/givannacastelo.es\/wp-content\/uploads\/2025\/10\/IMG-20251015-WA0023.jpg","datePublished":"2025-10-17T19:52:03+00:00","description":"Jeans Colombiano Levantacola Ref. CB5109","breadcrumb":{"@id":"https:\/\/givannacastelo.es\/index.php\/producto\/jeans-colombiano-levantacola-ref-cb5109\/#breadcrumb"},"inLanguage":"es","potentialAction":[{"@type":"ReadAction","target":["https:\/\/givannacastelo.es\/index.php\/producto\/jeans-colombiano-levantacola-ref-cb5109\/"]}]},{"@type":"ImageObject","inLanguage":"es","@id":"https:\/\/givannacastelo.es\/index.php\/producto\/jeans-colombiano-levantacola-ref-cb5109\/#primaryimage","url":"https:\/\/givannacastelo.es\/wp-content\/uploads\/2025\/10\/IMG-20251015-WA0023.jpg","contentUrl":"https:\/\/givannacastelo.es\/wp-content\/uploads\/2025\/10\/IMG-20251015-WA0023.jpg","width":1600,"height":1132},{"@type":"BreadcrumbList","@id":"https:\/\/givannacastelo.es\/index.php\/producto\/jeans-colombiano-levantacola-ref-cb5109\/#breadcrumb","itemListElement":[{"@type":"ListItem","position":1,"name":"Portada","item":"https:\/\/givannacastelo.es\/"},{"@type":"ListItem","position":2,"name":"Tienda","item":"https:\/\/givannacastelo.es\/index.php\/tienda\/"},{"@type":"ListItem","position":3,"name":"Jeans Colombiano Levantacola Ref. CB5109"}]},{"@type":"WebSite","@id":"https:\/\/givannacastelo.es\/#website","url":"https:\/\/givannacastelo.es\/","name":"Givanna Castelo","description":"Descubre en Givanna Castelo las \u00faltimas tendencias en moda para mujer y hombre. Ropa de calidad, estilo \u00fanico y precios accesibles para que siempre luzcas espectacular. \u00a1Compra f\u00e1cil y r\u00e1pido online!","publisher":{"@id":"https:\/\/givannacastelo.es\/#organization"},"alternateName":"givannacastelo.es","potentialAction":[{"@type":"SearchAction","target":{"@type":"EntryPoint","urlTemplate":"https:\/\/givannacastelo.es\/?s={search_term_string}"},"query-input":{"@type":"PropertyValueSpecification","valueRequired":true,"valueName":"search_term_string"}}],"inLanguage":"es"},{"@type":"Organization","@id":"https:\/\/givannacastelo.es\/#organization","name":"Givanna Castelo","alternateName":"givanna castelo","url":"https:\/\/givannacastelo.es\/","logo":{"@type":"ImageObject","inLanguage":"es","@id":"https:\/\/givannacastelo.es\/#\/schema\/logo\/image\/","url":"https:\/\/givannacastelo.es\/wp-content\/uploads\/2025\/09\/Asset-1-1-2.png","contentUrl":"https:\/\/givannacastelo.es\/wp-content\/uploads\/2025\/09\/Asset-1-1-2.png","width":184,"height":177,"caption":"Givanna Castelo"},"image":{"@id":"https:\/\/givannacastelo.es\/#\/schema\/logo\/image\/"}}]}},"jetpack_sharing_enabled":true,"_links":{"self":[{"href":"https:\/\/givannacastelo.es\/index.php\/wp-json\/wp\/v2\/product\/8419","targetHints":{"allow":["GET"]}}],"collection":[{"href":"https:\/\/givannacastelo.es\/index.php\/wp-json\/wp\/v2\/product"}],"about":[{"href":"https:\/\/givannacastelo.es\/index.php\/wp-json\/wp\/v2\/types\/product"}],"replies":[{"embeddable":true,"href":"https:\/\/givannacastelo.es\/index.php\/wp-json\/wp\/v2\/comments?post=8419"}],"wp:featuredmedia":[{"embeddable":true,"href":"https:\/\/givannacastelo.es\/index.php\/wp-json\/wp\/v2\/media\/8420"}],"wp:attachment":[{"href":"https:\/\/givannacastelo.es\/index.php\/wp-json\/wp\/v2\/media?parent=8419"}],"wp:term":[{"taxonomy":"product_brand","embeddable":true,"href":"https:\/\/givannacastelo.es\/index.php\/wp-json\/wp\/v2\/product_brand?post=8419"},{"taxonomy":"product_cat","embeddable":true,"href":"https:\/\/givannacastelo.es\/index.php\/wp-json\/wp\/v2\/product_cat?post=8419"},{"taxonomy":"product_tag","embeddable":true,"href":"https:\/\/givannacastelo.es\/index.php\/wp-json\/wp\/v2\/product_tag?post=8419"}],"curies":[{"name":"wp","href":"https:\/\/api.w.org\/{rel}","templated":true}]}}