{"id":8417,"date":"2025-10-17T22:05:19","date_gmt":"2025-10-17T20:05:19","guid":{"rendered":"https:\/\/givannacastelo.es\/?post_type=product&#038;p=8417"},"modified":"2025-10-17T22:05:19","modified_gmt":"2025-10-17T20:05:19","slug":"jeans-levantacola-colombiano-ref-cb5059","status":"publish","type":"product","link":"https:\/\/givannacastelo.es\/index.php\/producto\/jeans-levantacola-colombiano-ref-cb5059\/","title":{"rendered":"Jeans Levantacola Colombiano Ref. CB5059"},"content":{"rendered":"<div>Descubre la sofisticaci\u00f3n y la sensualidad con nuestro jean levantacola de la reconocida marca colombiana Caribbeans, ahora en un deslumbrante tono azul. Este jean presenta una pretina alta que resalta tu figura de manera favorecedora, mientras que su bota tubo en el mismo tono a\u00f1ade un toque moderno y elegante.<\/div>\n<div><\/div>\n<div>Elaborado con los m\u00e1s altos est\u00e1ndares de calidad, este jean no solo te brinda un ajuste c\u00f3modo y favorecedor, sino que tambi\u00e9n resalta tus curvas de manera natural. La atenci\u00f3n al detalle y el dise\u00f1o cuidadoso hacen de este jean una opci\u00f3n imprescindible para cualquier ocasi\u00f3n.<\/div>\n<div><\/div>\n<div>A\u00f1ade al carrito para llevar a casa esta prenda ic\u00f3nica y aseg\u00farate de destacar en cualquier evento. No pierdas la oportunidad de comprar ahora y elevar tu estilo con el inconfundible toque de Caribbeans. \u00a1Hazlo tuyo hoy mismo!<\/div>\n","protected":false},"excerpt":{"rendered":"<p>Descubre la sofisticaci\u00f3n y la sensualidad con nuestro jean levantacola de la reconocida marca colombiana Caribbeans, ahora en un deslumbrante tono azul. Este jean presenta una pretina alta que resalta tu figura de manera favorecedora, mientras que su bota tubo en el mismo tono a\u00f1ade un toque moderno y elegante. Elaborado con los m\u00e1s altos [&hellip;]<\/p>\n","protected":false},"featured_media":8418,"comment_status":"open","ping_status":"closed","template":"","meta":{"_et_pb_use_builder":"","_et_pb_old_content":"","_et_gb_content_width":""},"product_brand":[],"product_cat":[213,218],"product_tag":[75,74,509,73],"class_list":{"0":"post-8417","1":"product","2":"type-product","3":"status-publish","4":"has-post-thumbnail","6":"product_cat-pantalones","7":"product_cat-pantalones-tiro-alto","8":"product_tag-jeans-ajustado","9":"product_tag-jeans-caribbeans","10":"product_tag-jeans-colombianos","11":"product_tag-jeans-levantacola","13":"first","14":"instock","15":"shipping-taxable","16":"purchasable","17":"product-type-variable"},"yoast_head":"<!-- This site is optimized with the Yoast SEO plugin v25.9 - https:\/\/yoast.com\/wordpress\/plugins\/seo\/ -->\n<title>Jeans Levantacola Colombiano Ref. CB5059 - Givanna Castelo<\/title>\n<meta name=\"description\" content=\"Jeans Levantacola Colombiano Ref. CB5059\" \/>\n<meta name=\"robots\" content=\"index, follow, max-snippet:-1, max-image-preview:large, max-video-preview:-1\" \/>\n<link rel=\"canonical\" href=\"https:\/\/givannacastelo.es\/index.php\/producto\/jeans-levantacola-colombiano-ref-cb5059\/\" \/>\n<meta property=\"og:locale\" content=\"es_ES\" \/>\n<meta property=\"og:type\" content=\"article\" \/>\n<meta property=\"og:title\" content=\"Jeans Levantacola Colombiano Ref. CB5059 - Givanna Castelo\" \/>\n<meta property=\"og:description\" content=\"Jeans Levantacola Colombiano Ref. CB5059\" \/>\n<meta property=\"og:url\" content=\"https:\/\/givannacastelo.es\/index.php\/producto\/jeans-levantacola-colombiano-ref-cb5059\/\" \/>\n<meta property=\"og:site_name\" content=\"Givanna Castelo\" \/>\n<meta property=\"og:image\" content=\"https:\/\/givannacastelo.es\/wp-content\/uploads\/2025\/10\/IMG-20251015-WA0024.jpg\" \/>\n\t<meta property=\"og:image:width\" content=\"1600\" \/>\n\t<meta property=\"og:image:height\" content=\"1132\" \/>\n\t<meta property=\"og:image:type\" content=\"image\/jpeg\" \/>\n<meta name=\"twitter:card\" content=\"summary_large_image\" \/>\n<meta name=\"twitter:label1\" content=\"Tiempo de lectura\" \/>\n\t<meta name=\"twitter:data1\" content=\"1 minuto\" \/>\n<script type=\"application\/ld+json\" class=\"yoast-schema-graph\">{\"@context\":\"https:\/\/schema.org\",\"@graph\":[{\"@type\":\"WebPage\",\"@id\":\"https:\/\/givannacastelo.es\/index.php\/producto\/jeans-levantacola-colombiano-ref-cb5059\/\",\"url\":\"https:\/\/givannacastelo.es\/index.php\/producto\/jeans-levantacola-colombiano-ref-cb5059\/\",\"name\":\"Jeans Levantacola Colombiano Ref. CB5059 - Givanna Castelo\",\"isPartOf\":{\"@id\":\"https:\/\/givannacastelo.es\/#website\"},\"primaryImageOfPage\":{\"@id\":\"https:\/\/givannacastelo.es\/index.php\/producto\/jeans-levantacola-colombiano-ref-cb5059\/#primaryimage\"},\"image\":{\"@id\":\"https:\/\/givannacastelo.es\/index.php\/producto\/jeans-levantacola-colombiano-ref-cb5059\/#primaryimage\"},\"thumbnailUrl\":\"https:\/\/givannacastelo.es\/wp-content\/uploads\/2025\/10\/IMG-20251015-WA0024.jpg\",\"datePublished\":\"2025-10-17T20:05:19+00:00\",\"description\":\"Jeans Levantacola Colombiano Ref. CB5059\",\"breadcrumb\":{\"@id\":\"https:\/\/givannacastelo.es\/index.php\/producto\/jeans-levantacola-colombiano-ref-cb5059\/#breadcrumb\"},\"inLanguage\":\"es\",\"potentialAction\":[{\"@type\":\"ReadAction\",\"target\":[\"https:\/\/givannacastelo.es\/index.php\/producto\/jeans-levantacola-colombiano-ref-cb5059\/\"]}]},{\"@type\":\"ImageObject\",\"inLanguage\":\"es\",\"@id\":\"https:\/\/givannacastelo.es\/index.php\/producto\/jeans-levantacola-colombiano-ref-cb5059\/#primaryimage\",\"url\":\"https:\/\/givannacastelo.es\/wp-content\/uploads\/2025\/10\/IMG-20251015-WA0024.jpg\",\"contentUrl\":\"https:\/\/givannacastelo.es\/wp-content\/uploads\/2025\/10\/IMG-20251015-WA0024.jpg\",\"width\":1600,\"height\":1132},{\"@type\":\"BreadcrumbList\",\"@id\":\"https:\/\/givannacastelo.es\/index.php\/producto\/jeans-levantacola-colombiano-ref-cb5059\/#breadcrumb\",\"itemListElement\":[{\"@type\":\"ListItem\",\"position\":1,\"name\":\"Portada\",\"item\":\"https:\/\/givannacastelo.es\/\"},{\"@type\":\"ListItem\",\"position\":2,\"name\":\"Tienda\",\"item\":\"https:\/\/givannacastelo.es\/index.php\/tienda\/\"},{\"@type\":\"ListItem\",\"position\":3,\"name\":\"Jeans Levantacola Colombiano Ref. CB5059\"}]},{\"@type\":\"WebSite\",\"@id\":\"https:\/\/givannacastelo.es\/#website\",\"url\":\"https:\/\/givannacastelo.es\/\",\"name\":\"Givanna Castelo\",\"description\":\"Descubre en Givanna Castelo las \u00faltimas tendencias en moda para mujer y hombre. Ropa de calidad, estilo \u00fanico y precios accesibles para que siempre luzcas espectacular. \u00a1Compra f\u00e1cil y r\u00e1pido online!\",\"publisher\":{\"@id\":\"https:\/\/givannacastelo.es\/#organization\"},\"alternateName\":\"givannacastelo.es\",\"potentialAction\":[{\"@type\":\"SearchAction\",\"target\":{\"@type\":\"EntryPoint\",\"urlTemplate\":\"https:\/\/givannacastelo.es\/?s={search_term_string}\"},\"query-input\":{\"@type\":\"PropertyValueSpecification\",\"valueRequired\":true,\"valueName\":\"search_term_string\"}}],\"inLanguage\":\"es\"},{\"@type\":\"Organization\",\"@id\":\"https:\/\/givannacastelo.es\/#organization\",\"name\":\"Givanna Castelo\",\"alternateName\":\"givanna castelo\",\"url\":\"https:\/\/givannacastelo.es\/\",\"logo\":{\"@type\":\"ImageObject\",\"inLanguage\":\"es\",\"@id\":\"https:\/\/givannacastelo.es\/#\/schema\/logo\/image\/\",\"url\":\"https:\/\/givannacastelo.es\/wp-content\/uploads\/2025\/09\/Asset-1-1-2.png\",\"contentUrl\":\"https:\/\/givannacastelo.es\/wp-content\/uploads\/2025\/09\/Asset-1-1-2.png\",\"width\":184,\"height\":177,\"caption\":\"Givanna Castelo\"},\"image\":{\"@id\":\"https:\/\/givannacastelo.es\/#\/schema\/logo\/image\/\"}}]}<\/script>\n<!-- \/ Yoast SEO plugin. -->","yoast_head_json":{"title":"Jeans Levantacola Colombiano Ref. CB5059 - Givanna Castelo","description":"Jeans Levantacola Colombiano Ref. CB5059","robots":{"index":"index","follow":"follow","max-snippet":"max-snippet:-1","max-image-preview":"max-image-preview:large","max-video-preview":"max-video-preview:-1"},"canonical":"https:\/\/givannacastelo.es\/index.php\/producto\/jeans-levantacola-colombiano-ref-cb5059\/","og_locale":"es_ES","og_type":"article","og_title":"Jeans Levantacola Colombiano Ref. CB5059 - Givanna Castelo","og_description":"Jeans Levantacola Colombiano Ref. CB5059","og_url":"https:\/\/givannacastelo.es\/index.php\/producto\/jeans-levantacola-colombiano-ref-cb5059\/","og_site_name":"Givanna Castelo","og_image":[{"width":1600,"height":1132,"url":"https:\/\/givannacastelo.es\/wp-content\/uploads\/2025\/10\/IMG-20251015-WA0024.jpg","type":"image\/jpeg"}],"twitter_card":"summary_large_image","twitter_misc":{"Tiempo de lectura":"1 minuto"},"schema":{"@context":"https:\/\/schema.org","@graph":[{"@type":"WebPage","@id":"https:\/\/givannacastelo.es\/index.php\/producto\/jeans-levantacola-colombiano-ref-cb5059\/","url":"https:\/\/givannacastelo.es\/index.php\/producto\/jeans-levantacola-colombiano-ref-cb5059\/","name":"Jeans Levantacola Colombiano Ref. CB5059 - Givanna Castelo","isPartOf":{"@id":"https:\/\/givannacastelo.es\/#website"},"primaryImageOfPage":{"@id":"https:\/\/givannacastelo.es\/index.php\/producto\/jeans-levantacola-colombiano-ref-cb5059\/#primaryimage"},"image":{"@id":"https:\/\/givannacastelo.es\/index.php\/producto\/jeans-levantacola-colombiano-ref-cb5059\/#primaryimage"},"thumbnailUrl":"https:\/\/givannacastelo.es\/wp-content\/uploads\/2025\/10\/IMG-20251015-WA0024.jpg","datePublished":"2025-10-17T20:05:19+00:00","description":"Jeans Levantacola Colombiano Ref. CB5059","breadcrumb":{"@id":"https:\/\/givannacastelo.es\/index.php\/producto\/jeans-levantacola-colombiano-ref-cb5059\/#breadcrumb"},"inLanguage":"es","potentialAction":[{"@type":"ReadAction","target":["https:\/\/givannacastelo.es\/index.php\/producto\/jeans-levantacola-colombiano-ref-cb5059\/"]}]},{"@type":"ImageObject","inLanguage":"es","@id":"https:\/\/givannacastelo.es\/index.php\/producto\/jeans-levantacola-colombiano-ref-cb5059\/#primaryimage","url":"https:\/\/givannacastelo.es\/wp-content\/uploads\/2025\/10\/IMG-20251015-WA0024.jpg","contentUrl":"https:\/\/givannacastelo.es\/wp-content\/uploads\/2025\/10\/IMG-20251015-WA0024.jpg","width":1600,"height":1132},{"@type":"BreadcrumbList","@id":"https:\/\/givannacastelo.es\/index.php\/producto\/jeans-levantacola-colombiano-ref-cb5059\/#breadcrumb","itemListElement":[{"@type":"ListItem","position":1,"name":"Portada","item":"https:\/\/givannacastelo.es\/"},{"@type":"ListItem","position":2,"name":"Tienda","item":"https:\/\/givannacastelo.es\/index.php\/tienda\/"},{"@type":"ListItem","position":3,"name":"Jeans Levantacola Colombiano Ref. CB5059"}]},{"@type":"WebSite","@id":"https:\/\/givannacastelo.es\/#website","url":"https:\/\/givannacastelo.es\/","name":"Givanna Castelo","description":"Descubre en Givanna Castelo las \u00faltimas tendencias en moda para mujer y hombre. Ropa de calidad, estilo \u00fanico y precios accesibles para que siempre luzcas espectacular. \u00a1Compra f\u00e1cil y r\u00e1pido online!","publisher":{"@id":"https:\/\/givannacastelo.es\/#organization"},"alternateName":"givannacastelo.es","potentialAction":[{"@type":"SearchAction","target":{"@type":"EntryPoint","urlTemplate":"https:\/\/givannacastelo.es\/?s={search_term_string}"},"query-input":{"@type":"PropertyValueSpecification","valueRequired":true,"valueName":"search_term_string"}}],"inLanguage":"es"},{"@type":"Organization","@id":"https:\/\/givannacastelo.es\/#organization","name":"Givanna Castelo","alternateName":"givanna castelo","url":"https:\/\/givannacastelo.es\/","logo":{"@type":"ImageObject","inLanguage":"es","@id":"https:\/\/givannacastelo.es\/#\/schema\/logo\/image\/","url":"https:\/\/givannacastelo.es\/wp-content\/uploads\/2025\/09\/Asset-1-1-2.png","contentUrl":"https:\/\/givannacastelo.es\/wp-content\/uploads\/2025\/09\/Asset-1-1-2.png","width":184,"height":177,"caption":"Givanna Castelo"},"image":{"@id":"https:\/\/givannacastelo.es\/#\/schema\/logo\/image\/"}}]}},"jetpack_sharing_enabled":true,"_links":{"self":[{"href":"https:\/\/givannacastelo.es\/index.php\/wp-json\/wp\/v2\/product\/8417","targetHints":{"allow":["GET"]}}],"collection":[{"href":"https:\/\/givannacastelo.es\/index.php\/wp-json\/wp\/v2\/product"}],"about":[{"href":"https:\/\/givannacastelo.es\/index.php\/wp-json\/wp\/v2\/types\/product"}],"replies":[{"embeddable":true,"href":"https:\/\/givannacastelo.es\/index.php\/wp-json\/wp\/v2\/comments?post=8417"}],"wp:featuredmedia":[{"embeddable":true,"href":"https:\/\/givannacastelo.es\/index.php\/wp-json\/wp\/v2\/media\/8418"}],"wp:attachment":[{"href":"https:\/\/givannacastelo.es\/index.php\/wp-json\/wp\/v2\/media?parent=8417"}],"wp:term":[{"taxonomy":"product_brand","embeddable":true,"href":"https:\/\/givannacastelo.es\/index.php\/wp-json\/wp\/v2\/product_brand?post=8417"},{"taxonomy":"product_cat","embeddable":true,"href":"https:\/\/givannacastelo.es\/index.php\/wp-json\/wp\/v2\/product_cat?post=8417"},{"taxonomy":"product_tag","embeddable":true,"href":"https:\/\/givannacastelo.es\/index.php\/wp-json\/wp\/v2\/product_tag?post=8417"}],"curies":[{"name":"wp","href":"https:\/\/api.w.org\/{rel}","templated":true}]}}