{"id":8409,"date":"2025-10-17T17:49:43","date_gmt":"2025-10-17T15:49:43","guid":{"rendered":"https:\/\/givannacastelo.es\/?post_type=product&#038;p=8409"},"modified":"2025-10-17T17:49:43","modified_gmt":"2025-10-17T15:49:43","slug":"jeans-push-up-colombianos-ofori-ref-4292-belky","status":"publish","type":"product","link":"https:\/\/givannacastelo.es\/index.php\/producto\/jeans-push-up-colombianos-ofori-ref-4292-belky\/","title":{"rendered":"Jeans Push Up Colombianos Ofori Ref. 4292 Belky"},"content":{"rendered":"<p data-start=\"210\" data-end=\"512\">El\u00a0<strong data-start=\"213\" data-end=\"246\">Jean Belky Ref. 4292 de Ofori<\/strong>\u00a0est\u00e1 dise\u00f1ado para realzar tu figura con un ajuste perfecto y un toque de sofisticaci\u00f3n. Su\u00a0<strong data-start=\"339\" data-end=\"374\">pretina alta con cuatro botones<\/strong>\u00a0define la cintura y ofrece una sujeci\u00f3n ideal, mientras que el\u00a0<strong data-start=\"438\" data-end=\"473\">detalle sint\u00e9tico en la pretina<\/strong>\u00a0a\u00f1ade un acabado moderno y elegante.<\/p>\n<p data-start=\"514\" data-end=\"785\">Fabricado en\u00a0<strong data-start=\"527\" data-end=\"558\">tela efecto piel de durazno<\/strong>, su textura suave y el\u00e1stica garantiza comodidad durante todo el d\u00eda, adapt\u00e1ndose a cada movimiento. La\u00a0<strong data-start=\"663\" data-end=\"676\">bota tubo<\/strong>\u00a0estiliza las piernas y crea un look femenino y contempor\u00e1neo, ideal para combinar con tacones o sandalias.<\/p>\n<p data-start=\"787\" data-end=\"820\"><strong data-start=\"787\" data-end=\"818\">Caracter\u00edsticas destacadas:<\/strong><\/p>\n<ul data-start=\"821\" data-end=\"1134\">\n<li data-start=\"821\" data-end=\"868\">\n<p data-start=\"823\" data-end=\"868\">Jean con bolsillos posteriores funcionales.<\/p>\n<\/li>\n<li data-start=\"869\" data-end=\"933\">\n<p data-start=\"871\" data-end=\"933\">Pretina alta con cuatro botones para mejor control y ajuste.<\/p>\n<\/li>\n<li data-start=\"934\" data-end=\"978\">\n<p data-start=\"936\" data-end=\"978\">Detalle sint\u00e9tico decorativo en pretina.<\/p>\n<\/li>\n<li data-start=\"979\" data-end=\"1029\">\n<p data-start=\"981\" data-end=\"1029\">Tela efecto piel de durazno, suave y el\u00e1stica.<\/p>\n<\/li>\n<li data-start=\"1030\" data-end=\"1078\">\n<p data-start=\"1032\" data-end=\"1078\">Corte tipo tubo para una silueta estilizada.<\/p>\n<\/li>\n<li data-start=\"1079\" data-end=\"1134\">\n<p data-start=\"1081\" data-end=\"1134\">Dise\u00f1o colombiano exclusivo con confecci\u00f3n premium.<\/p>\n<\/li>\n<\/ul>\n<p data-start=\"1136\" data-end=\"1282\"><strong data-start=\"1136\" data-end=\"1215\">Moda colombiana en Espa\u00f1a y Europa con env\u00edo gratis y entregas en 24 horas.<\/strong><br data-start=\"1215\" data-end=\"1218\" \/><strong data-start=\"1218\" data-end=\"1282\">Descubre el fit perfecto que realza tu figura con elegancia.<\/strong><\/p>\n","protected":false},"excerpt":{"rendered":"<p>El\u00a0Jean Belky Ref. 4292 de Ofori\u00a0est\u00e1 dise\u00f1ado para realzar tu figura con un ajuste perfecto y un toque de sofisticaci\u00f3n. Su\u00a0pretina alta con cuatro botones\u00a0define la cintura y ofrece una sujeci\u00f3n ideal, mientras que el\u00a0detalle sint\u00e9tico en la pretina\u00a0a\u00f1ade un acabado moderno y elegante. Fabricado en\u00a0tela efecto piel de durazno, su textura suave y el\u00e1stica [&hellip;]<\/p>\n","protected":false},"featured_media":8410,"comment_status":"open","ping_status":"closed","template":"","meta":{"_et_pb_use_builder":"","_et_pb_old_content":"","_et_gb_content_width":""},"product_brand":[],"product_cat":[213,218,26],"product_tag":[49,48,124,47],"class_list":{"0":"post-8409","1":"product","2":"type-product","3":"status-publish","4":"has-post-thumbnail","6":"product_cat-pantalones","7":"product_cat-pantalones-tiro-alto","8":"product_cat-jeans-push-up","9":"product_tag-jeans-a-la-moda","10":"product_tag-jeans-colombiano","11":"product_tag-jeans-con-bolsillo","12":"product_tag-jeans-push-up","14":"first","15":"instock","16":"shipping-taxable","17":"purchasable","18":"product-type-variable"},"yoast_head":"<!-- This site is optimized with the Yoast SEO plugin v25.9 - https:\/\/yoast.com\/wordpress\/plugins\/seo\/ -->\n<title>Jeans Push Up Colombianos Ofori Ref. 4292 Belky - Givanna Castelo<\/title>\n<meta name=\"description\" content=\"Jeans Push Up Colombianos Ofori Ref. 4292 Belky\" \/>\n<meta name=\"robots\" content=\"index, follow, max-snippet:-1, max-image-preview:large, max-video-preview:-1\" \/>\n<link rel=\"canonical\" href=\"https:\/\/givannacastelo.es\/index.php\/producto\/jeans-push-up-colombianos-ofori-ref-4292-belky\/\" \/>\n<meta property=\"og:locale\" content=\"es_ES\" \/>\n<meta property=\"og:type\" content=\"article\" \/>\n<meta property=\"og:title\" content=\"Jeans Push Up Colombianos Ofori Ref. 4292 Belky - Givanna Castelo\" \/>\n<meta property=\"og:description\" content=\"Jeans Push Up Colombianos Ofori Ref. 4292 Belky\" \/>\n<meta property=\"og:url\" content=\"https:\/\/givannacastelo.es\/index.php\/producto\/jeans-push-up-colombianos-ofori-ref-4292-belky\/\" \/>\n<meta property=\"og:site_name\" content=\"Givanna Castelo\" \/>\n<meta property=\"og:image\" content=\"https:\/\/givannacastelo.es\/wp-content\/uploads\/2025\/10\/IMG-20251015-WA0028.jpg\" \/>\n\t<meta property=\"og:image:width\" content=\"1094\" \/>\n\t<meta property=\"og:image:height\" content=\"1600\" \/>\n\t<meta property=\"og:image:type\" content=\"image\/jpeg\" \/>\n<meta name=\"twitter:card\" content=\"summary_large_image\" \/>\n<meta name=\"twitter:label1\" content=\"Tiempo de lectura\" \/>\n\t<meta name=\"twitter:data1\" content=\"1 minuto\" \/>\n<script type=\"application\/ld+json\" class=\"yoast-schema-graph\">{\"@context\":\"https:\/\/schema.org\",\"@graph\":[{\"@type\":\"WebPage\",\"@id\":\"https:\/\/givannacastelo.es\/index.php\/producto\/jeans-push-up-colombianos-ofori-ref-4292-belky\/\",\"url\":\"https:\/\/givannacastelo.es\/index.php\/producto\/jeans-push-up-colombianos-ofori-ref-4292-belky\/\",\"name\":\"Jeans Push Up Colombianos Ofori Ref. 4292 Belky - Givanna Castelo\",\"isPartOf\":{\"@id\":\"https:\/\/givannacastelo.es\/#website\"},\"primaryImageOfPage\":{\"@id\":\"https:\/\/givannacastelo.es\/index.php\/producto\/jeans-push-up-colombianos-ofori-ref-4292-belky\/#primaryimage\"},\"image\":{\"@id\":\"https:\/\/givannacastelo.es\/index.php\/producto\/jeans-push-up-colombianos-ofori-ref-4292-belky\/#primaryimage\"},\"thumbnailUrl\":\"https:\/\/givannacastelo.es\/wp-content\/uploads\/2025\/10\/IMG-20251015-WA0028.jpg\",\"datePublished\":\"2025-10-17T15:49:43+00:00\",\"description\":\"Jeans Push Up Colombianos Ofori Ref. 4292 Belky\",\"breadcrumb\":{\"@id\":\"https:\/\/givannacastelo.es\/index.php\/producto\/jeans-push-up-colombianos-ofori-ref-4292-belky\/#breadcrumb\"},\"inLanguage\":\"es\",\"potentialAction\":[{\"@type\":\"ReadAction\",\"target\":[\"https:\/\/givannacastelo.es\/index.php\/producto\/jeans-push-up-colombianos-ofori-ref-4292-belky\/\"]}]},{\"@type\":\"ImageObject\",\"inLanguage\":\"es\",\"@id\":\"https:\/\/givannacastelo.es\/index.php\/producto\/jeans-push-up-colombianos-ofori-ref-4292-belky\/#primaryimage\",\"url\":\"https:\/\/givannacastelo.es\/wp-content\/uploads\/2025\/10\/IMG-20251015-WA0028.jpg\",\"contentUrl\":\"https:\/\/givannacastelo.es\/wp-content\/uploads\/2025\/10\/IMG-20251015-WA0028.jpg\",\"width\":1094,\"height\":1600},{\"@type\":\"BreadcrumbList\",\"@id\":\"https:\/\/givannacastelo.es\/index.php\/producto\/jeans-push-up-colombianos-ofori-ref-4292-belky\/#breadcrumb\",\"itemListElement\":[{\"@type\":\"ListItem\",\"position\":1,\"name\":\"Portada\",\"item\":\"https:\/\/givannacastelo.es\/\"},{\"@type\":\"ListItem\",\"position\":2,\"name\":\"Tienda\",\"item\":\"https:\/\/givannacastelo.es\/index.php\/tienda\/\"},{\"@type\":\"ListItem\",\"position\":3,\"name\":\"Jeans Push Up Colombianos Ofori Ref. 4292 Belky\"}]},{\"@type\":\"WebSite\",\"@id\":\"https:\/\/givannacastelo.es\/#website\",\"url\":\"https:\/\/givannacastelo.es\/\",\"name\":\"Givanna Castelo\",\"description\":\"Descubre en Givanna Castelo las \u00faltimas tendencias en moda para mujer y hombre. Ropa de calidad, estilo \u00fanico y precios accesibles para que siempre luzcas espectacular. \u00a1Compra f\u00e1cil y r\u00e1pido online!\",\"publisher\":{\"@id\":\"https:\/\/givannacastelo.es\/#organization\"},\"alternateName\":\"givannacastelo.es\",\"potentialAction\":[{\"@type\":\"SearchAction\",\"target\":{\"@type\":\"EntryPoint\",\"urlTemplate\":\"https:\/\/givannacastelo.es\/?s={search_term_string}\"},\"query-input\":{\"@type\":\"PropertyValueSpecification\",\"valueRequired\":true,\"valueName\":\"search_term_string\"}}],\"inLanguage\":\"es\"},{\"@type\":\"Organization\",\"@id\":\"https:\/\/givannacastelo.es\/#organization\",\"name\":\"Givanna Castelo\",\"alternateName\":\"givanna castelo\",\"url\":\"https:\/\/givannacastelo.es\/\",\"logo\":{\"@type\":\"ImageObject\",\"inLanguage\":\"es\",\"@id\":\"https:\/\/givannacastelo.es\/#\/schema\/logo\/image\/\",\"url\":\"https:\/\/givannacastelo.es\/wp-content\/uploads\/2025\/09\/Asset-1-1-2.png\",\"contentUrl\":\"https:\/\/givannacastelo.es\/wp-content\/uploads\/2025\/09\/Asset-1-1-2.png\",\"width\":184,\"height\":177,\"caption\":\"Givanna Castelo\"},\"image\":{\"@id\":\"https:\/\/givannacastelo.es\/#\/schema\/logo\/image\/\"}}]}<\/script>\n<!-- \/ Yoast SEO plugin. -->","yoast_head_json":{"title":"Jeans Push Up Colombianos Ofori Ref. 4292 Belky - Givanna Castelo","description":"Jeans Push Up Colombianos Ofori Ref. 4292 Belky","robots":{"index":"index","follow":"follow","max-snippet":"max-snippet:-1","max-image-preview":"max-image-preview:large","max-video-preview":"max-video-preview:-1"},"canonical":"https:\/\/givannacastelo.es\/index.php\/producto\/jeans-push-up-colombianos-ofori-ref-4292-belky\/","og_locale":"es_ES","og_type":"article","og_title":"Jeans Push Up Colombianos Ofori Ref. 4292 Belky - Givanna Castelo","og_description":"Jeans Push Up Colombianos Ofori Ref. 4292 Belky","og_url":"https:\/\/givannacastelo.es\/index.php\/producto\/jeans-push-up-colombianos-ofori-ref-4292-belky\/","og_site_name":"Givanna Castelo","og_image":[{"width":1094,"height":1600,"url":"https:\/\/givannacastelo.es\/wp-content\/uploads\/2025\/10\/IMG-20251015-WA0028.jpg","type":"image\/jpeg"}],"twitter_card":"summary_large_image","twitter_misc":{"Tiempo de lectura":"1 minuto"},"schema":{"@context":"https:\/\/schema.org","@graph":[{"@type":"WebPage","@id":"https:\/\/givannacastelo.es\/index.php\/producto\/jeans-push-up-colombianos-ofori-ref-4292-belky\/","url":"https:\/\/givannacastelo.es\/index.php\/producto\/jeans-push-up-colombianos-ofori-ref-4292-belky\/","name":"Jeans Push Up Colombianos Ofori Ref. 4292 Belky - Givanna Castelo","isPartOf":{"@id":"https:\/\/givannacastelo.es\/#website"},"primaryImageOfPage":{"@id":"https:\/\/givannacastelo.es\/index.php\/producto\/jeans-push-up-colombianos-ofori-ref-4292-belky\/#primaryimage"},"image":{"@id":"https:\/\/givannacastelo.es\/index.php\/producto\/jeans-push-up-colombianos-ofori-ref-4292-belky\/#primaryimage"},"thumbnailUrl":"https:\/\/givannacastelo.es\/wp-content\/uploads\/2025\/10\/IMG-20251015-WA0028.jpg","datePublished":"2025-10-17T15:49:43+00:00","description":"Jeans Push Up Colombianos Ofori Ref. 4292 Belky","breadcrumb":{"@id":"https:\/\/givannacastelo.es\/index.php\/producto\/jeans-push-up-colombianos-ofori-ref-4292-belky\/#breadcrumb"},"inLanguage":"es","potentialAction":[{"@type":"ReadAction","target":["https:\/\/givannacastelo.es\/index.php\/producto\/jeans-push-up-colombianos-ofori-ref-4292-belky\/"]}]},{"@type":"ImageObject","inLanguage":"es","@id":"https:\/\/givannacastelo.es\/index.php\/producto\/jeans-push-up-colombianos-ofori-ref-4292-belky\/#primaryimage","url":"https:\/\/givannacastelo.es\/wp-content\/uploads\/2025\/10\/IMG-20251015-WA0028.jpg","contentUrl":"https:\/\/givannacastelo.es\/wp-content\/uploads\/2025\/10\/IMG-20251015-WA0028.jpg","width":1094,"height":1600},{"@type":"BreadcrumbList","@id":"https:\/\/givannacastelo.es\/index.php\/producto\/jeans-push-up-colombianos-ofori-ref-4292-belky\/#breadcrumb","itemListElement":[{"@type":"ListItem","position":1,"name":"Portada","item":"https:\/\/givannacastelo.es\/"},{"@type":"ListItem","position":2,"name":"Tienda","item":"https:\/\/givannacastelo.es\/index.php\/tienda\/"},{"@type":"ListItem","position":3,"name":"Jeans Push Up Colombianos Ofori Ref. 4292 Belky"}]},{"@type":"WebSite","@id":"https:\/\/givannacastelo.es\/#website","url":"https:\/\/givannacastelo.es\/","name":"Givanna Castelo","description":"Descubre en Givanna Castelo las \u00faltimas tendencias en moda para mujer y hombre. Ropa de calidad, estilo \u00fanico y precios accesibles para que siempre luzcas espectacular. \u00a1Compra f\u00e1cil y r\u00e1pido online!","publisher":{"@id":"https:\/\/givannacastelo.es\/#organization"},"alternateName":"givannacastelo.es","potentialAction":[{"@type":"SearchAction","target":{"@type":"EntryPoint","urlTemplate":"https:\/\/givannacastelo.es\/?s={search_term_string}"},"query-input":{"@type":"PropertyValueSpecification","valueRequired":true,"valueName":"search_term_string"}}],"inLanguage":"es"},{"@type":"Organization","@id":"https:\/\/givannacastelo.es\/#organization","name":"Givanna Castelo","alternateName":"givanna castelo","url":"https:\/\/givannacastelo.es\/","logo":{"@type":"ImageObject","inLanguage":"es","@id":"https:\/\/givannacastelo.es\/#\/schema\/logo\/image\/","url":"https:\/\/givannacastelo.es\/wp-content\/uploads\/2025\/09\/Asset-1-1-2.png","contentUrl":"https:\/\/givannacastelo.es\/wp-content\/uploads\/2025\/09\/Asset-1-1-2.png","width":184,"height":177,"caption":"Givanna Castelo"},"image":{"@id":"https:\/\/givannacastelo.es\/#\/schema\/logo\/image\/"}}]}},"jetpack_sharing_enabled":true,"_links":{"self":[{"href":"https:\/\/givannacastelo.es\/index.php\/wp-json\/wp\/v2\/product\/8409","targetHints":{"allow":["GET"]}}],"collection":[{"href":"https:\/\/givannacastelo.es\/index.php\/wp-json\/wp\/v2\/product"}],"about":[{"href":"https:\/\/givannacastelo.es\/index.php\/wp-json\/wp\/v2\/types\/product"}],"replies":[{"embeddable":true,"href":"https:\/\/givannacastelo.es\/index.php\/wp-json\/wp\/v2\/comments?post=8409"}],"wp:featuredmedia":[{"embeddable":true,"href":"https:\/\/givannacastelo.es\/index.php\/wp-json\/wp\/v2\/media\/8410"}],"wp:attachment":[{"href":"https:\/\/givannacastelo.es\/index.php\/wp-json\/wp\/v2\/media?parent=8409"}],"wp:term":[{"taxonomy":"product_brand","embeddable":true,"href":"https:\/\/givannacastelo.es\/index.php\/wp-json\/wp\/v2\/product_brand?post=8409"},{"taxonomy":"product_cat","embeddable":true,"href":"https:\/\/givannacastelo.es\/index.php\/wp-json\/wp\/v2\/product_cat?post=8409"},{"taxonomy":"product_tag","embeddable":true,"href":"https:\/\/givannacastelo.es\/index.php\/wp-json\/wp\/v2\/product_tag?post=8409"}],"curies":[{"name":"wp","href":"https:\/\/api.w.org\/{rel}","templated":true}]}}