{"id":8349,"date":"2025-10-17T19:49:57","date_gmt":"2025-10-17T17:49:57","guid":{"rendered":"https:\/\/givannacastelo.es\/?post_type=product&#038;p=8349"},"modified":"2025-10-17T19:49:57","modified_gmt":"2025-10-17T17:49:57","slug":"vestido-fruncido-morado-ref-bm11597","status":"publish","type":"product","link":"https:\/\/givannacastelo.es\/index.php\/producto\/vestido-fruncido-morado-ref-bm11597\/","title":{"rendered":"Vestido Fruncido Morado Ref. BM11597"},"content":{"rendered":"<p data-start=\"112\" data-end=\"358\">Luce segura y poderosa con este vestido corto en tono p\u00farpura intenso. Su dise\u00f1o camisero con escote cruzado en V aporta un aire sofisticado, mientras que el fruncido lateral ajustable realza la silueta y permite personalizar el largo a tu gusto.<\/p>\n<p data-start=\"360\" data-end=\"569\">El tejido suave y el\u00e1stico se adapta al cuerpo con comodidad, mientras que las mangas largas con pu\u00f1o a\u00f1aden un toque formal que lo hace ideal tanto para salidas de noche como para eventos casuales con estilo.<\/p>\n<p data-start=\"571\" data-end=\"602\"><strong data-start=\"571\" data-end=\"602\">Caracter\u00edsticas destacadas:<\/strong><\/p>\n<ul data-start=\"604\" data-end=\"793\">\n<li data-start=\"604\" data-end=\"645\">\n<p data-start=\"606\" data-end=\"645\">Vestido camisero corto con escote en V.<\/p>\n<\/li>\n<li data-start=\"646\" data-end=\"685\">\n<p data-start=\"648\" data-end=\"685\">Fruncido lateral ajustable con tiras.<\/p>\n<\/li>\n<li data-start=\"686\" data-end=\"719\">\n<p data-start=\"688\" data-end=\"719\">Manga larga con pu\u00f1o abotonado.<\/p>\n<\/li>\n<li data-start=\"720\" data-end=\"752\">\n<p data-start=\"722\" data-end=\"752\">Tela suave, el\u00e1stica y c\u00f3moda.<\/p>\n<\/li>\n<li data-start=\"753\" data-end=\"793\">\n<p data-start=\"755\" data-end=\"793\">Corte entallado que resalta la figura.<\/p>\n<\/li>\n<\/ul>\n<p data-start=\"795\" data-end=\"1042\">Este vestido es una muestra de la moda colombiana que conquista Europa. Disponible en nuestra tienda online con env\u00edos a toda Espa\u00f1a y Europa. Atr\u00e9vete a destacar con una prenda que equilibra elegancia, sensualidad y car\u00e1cter. \u00bfLista para brillar?<\/p>\n","protected":false},"excerpt":{"rendered":"<p>Luce segura y poderosa con este vestido corto en tono p\u00farpura intenso. Su dise\u00f1o camisero con escote cruzado en V aporta un aire sofisticado, mientras que el fruncido lateral ajustable realza la silueta y permite personalizar el largo a tu gusto. El tejido suave y el\u00e1stico se adapta al cuerpo con comodidad, mientras que las [&hellip;]<\/p>\n","protected":false},"featured_media":8249,"comment_status":"open","ping_status":"closed","template":"","meta":{"_et_pb_use_builder":"","_et_pb_old_content":"","_et_gb_content_width":""},"product_brand":[],"product_cat":[231,235,32],"product_tag":[511,363,510,365],"class_list":{"0":"post-8349","1":"product","2":"type-product","3":"status-publish","4":"has-post-thumbnail","6":"product_cat-vestidos-2","7":"product_cat-vestidos-cortos","8":"product_cat-vestidos","9":"product_tag-vestido-corto","10":"product_tag-vestido-de-fiesta","11":"product_tag-vestido-fruncido","12":"product_tag-vestidos-bless-me","14":"first","15":"instock","16":"shipping-taxable","17":"purchasable","18":"product-type-variable"},"yoast_head":"<!-- This site is optimized with the Yoast SEO plugin v25.9 - https:\/\/yoast.com\/wordpress\/plugins\/seo\/ -->\n<title>Vestido Fruncido Morado Ref. BM11597 - Givanna Castelo<\/title>\n<meta name=\"description\" content=\"Vestido Fruncido Morado Ref. BM11597\" \/>\n<meta name=\"robots\" content=\"index, follow, max-snippet:-1, max-image-preview:large, max-video-preview:-1\" \/>\n<link rel=\"canonical\" href=\"https:\/\/givannacastelo.es\/index.php\/producto\/vestido-fruncido-morado-ref-bm11597\/\" \/>\n<meta property=\"og:locale\" content=\"es_ES\" \/>\n<meta property=\"og:type\" content=\"article\" \/>\n<meta property=\"og:title\" content=\"Vestido Fruncido Morado Ref. BM11597 - Givanna Castelo\" \/>\n<meta property=\"og:description\" content=\"Vestido Fruncido Morado Ref. BM11597\" \/>\n<meta property=\"og:url\" content=\"https:\/\/givannacastelo.es\/index.php\/producto\/vestido-fruncido-morado-ref-bm11597\/\" \/>\n<meta property=\"og:site_name\" content=\"Givanna Castelo\" \/>\n<meta property=\"og:image\" content=\"https:\/\/givannacastelo.es\/wp-content\/uploads\/2025\/10\/bm11597WhatsApp-Image-2025-10-13-at-9.50.11-AM-7.jpeg\" \/>\n\t<meta property=\"og:image:width\" content=\"1600\" \/>\n\t<meta property=\"og:image:height\" content=\"1043\" \/>\n\t<meta property=\"og:image:type\" content=\"image\/jpeg\" \/>\n<meta name=\"twitter:card\" content=\"summary_large_image\" \/>\n<meta name=\"twitter:label1\" content=\"Tiempo de lectura\" \/>\n\t<meta name=\"twitter:data1\" content=\"1 minuto\" \/>\n<script type=\"application\/ld+json\" class=\"yoast-schema-graph\">{\"@context\":\"https:\/\/schema.org\",\"@graph\":[{\"@type\":\"WebPage\",\"@id\":\"https:\/\/givannacastelo.es\/index.php\/producto\/vestido-fruncido-morado-ref-bm11597\/\",\"url\":\"https:\/\/givannacastelo.es\/index.php\/producto\/vestido-fruncido-morado-ref-bm11597\/\",\"name\":\"Vestido Fruncido Morado Ref. BM11597 - Givanna Castelo\",\"isPartOf\":{\"@id\":\"https:\/\/givannacastelo.es\/#website\"},\"primaryImageOfPage\":{\"@id\":\"https:\/\/givannacastelo.es\/index.php\/producto\/vestido-fruncido-morado-ref-bm11597\/#primaryimage\"},\"image\":{\"@id\":\"https:\/\/givannacastelo.es\/index.php\/producto\/vestido-fruncido-morado-ref-bm11597\/#primaryimage\"},\"thumbnailUrl\":\"https:\/\/givannacastelo.es\/wp-content\/uploads\/2025\/10\/bm11597WhatsApp-Image-2025-10-13-at-9.50.11-AM-7.jpeg\",\"datePublished\":\"2025-10-17T17:49:57+00:00\",\"description\":\"Vestido Fruncido Morado Ref. BM11597\",\"breadcrumb\":{\"@id\":\"https:\/\/givannacastelo.es\/index.php\/producto\/vestido-fruncido-morado-ref-bm11597\/#breadcrumb\"},\"inLanguage\":\"es\",\"potentialAction\":[{\"@type\":\"ReadAction\",\"target\":[\"https:\/\/givannacastelo.es\/index.php\/producto\/vestido-fruncido-morado-ref-bm11597\/\"]}]},{\"@type\":\"ImageObject\",\"inLanguage\":\"es\",\"@id\":\"https:\/\/givannacastelo.es\/index.php\/producto\/vestido-fruncido-morado-ref-bm11597\/#primaryimage\",\"url\":\"https:\/\/givannacastelo.es\/wp-content\/uploads\/2025\/10\/bm11597WhatsApp-Image-2025-10-13-at-9.50.11-AM-7.jpeg\",\"contentUrl\":\"https:\/\/givannacastelo.es\/wp-content\/uploads\/2025\/10\/bm11597WhatsApp-Image-2025-10-13-at-9.50.11-AM-7.jpeg\",\"width\":1600,\"height\":1043},{\"@type\":\"BreadcrumbList\",\"@id\":\"https:\/\/givannacastelo.es\/index.php\/producto\/vestido-fruncido-morado-ref-bm11597\/#breadcrumb\",\"itemListElement\":[{\"@type\":\"ListItem\",\"position\":1,\"name\":\"Portada\",\"item\":\"https:\/\/givannacastelo.es\/\"},{\"@type\":\"ListItem\",\"position\":2,\"name\":\"Tienda\",\"item\":\"https:\/\/givannacastelo.es\/index.php\/tienda\/\"},{\"@type\":\"ListItem\",\"position\":3,\"name\":\"Vestido Fruncido Morado Ref. BM11597\"}]},{\"@type\":\"WebSite\",\"@id\":\"https:\/\/givannacastelo.es\/#website\",\"url\":\"https:\/\/givannacastelo.es\/\",\"name\":\"Givanna Castelo\",\"description\":\"Descubre en Givanna Castelo las \u00faltimas tendencias en moda para mujer y hombre. Ropa de calidad, estilo \u00fanico y precios accesibles para que siempre luzcas espectacular. \u00a1Compra f\u00e1cil y r\u00e1pido online!\",\"publisher\":{\"@id\":\"https:\/\/givannacastelo.es\/#organization\"},\"alternateName\":\"givannacastelo.es\",\"potentialAction\":[{\"@type\":\"SearchAction\",\"target\":{\"@type\":\"EntryPoint\",\"urlTemplate\":\"https:\/\/givannacastelo.es\/?s={search_term_string}\"},\"query-input\":{\"@type\":\"PropertyValueSpecification\",\"valueRequired\":true,\"valueName\":\"search_term_string\"}}],\"inLanguage\":\"es\"},{\"@type\":\"Organization\",\"@id\":\"https:\/\/givannacastelo.es\/#organization\",\"name\":\"Givanna Castelo\",\"alternateName\":\"givanna castelo\",\"url\":\"https:\/\/givannacastelo.es\/\",\"logo\":{\"@type\":\"ImageObject\",\"inLanguage\":\"es\",\"@id\":\"https:\/\/givannacastelo.es\/#\/schema\/logo\/image\/\",\"url\":\"https:\/\/givannacastelo.es\/wp-content\/uploads\/2025\/09\/Asset-1-1-2.png\",\"contentUrl\":\"https:\/\/givannacastelo.es\/wp-content\/uploads\/2025\/09\/Asset-1-1-2.png\",\"width\":184,\"height\":177,\"caption\":\"Givanna Castelo\"},\"image\":{\"@id\":\"https:\/\/givannacastelo.es\/#\/schema\/logo\/image\/\"}}]}<\/script>\n<!-- \/ Yoast SEO plugin. -->","yoast_head_json":{"title":"Vestido Fruncido Morado Ref. BM11597 - Givanna Castelo","description":"Vestido Fruncido Morado Ref. BM11597","robots":{"index":"index","follow":"follow","max-snippet":"max-snippet:-1","max-image-preview":"max-image-preview:large","max-video-preview":"max-video-preview:-1"},"canonical":"https:\/\/givannacastelo.es\/index.php\/producto\/vestido-fruncido-morado-ref-bm11597\/","og_locale":"es_ES","og_type":"article","og_title":"Vestido Fruncido Morado Ref. BM11597 - Givanna Castelo","og_description":"Vestido Fruncido Morado Ref. BM11597","og_url":"https:\/\/givannacastelo.es\/index.php\/producto\/vestido-fruncido-morado-ref-bm11597\/","og_site_name":"Givanna Castelo","og_image":[{"width":1600,"height":1043,"url":"https:\/\/givannacastelo.es\/wp-content\/uploads\/2025\/10\/bm11597WhatsApp-Image-2025-10-13-at-9.50.11-AM-7.jpeg","type":"image\/jpeg"}],"twitter_card":"summary_large_image","twitter_misc":{"Tiempo de lectura":"1 minuto"},"schema":{"@context":"https:\/\/schema.org","@graph":[{"@type":"WebPage","@id":"https:\/\/givannacastelo.es\/index.php\/producto\/vestido-fruncido-morado-ref-bm11597\/","url":"https:\/\/givannacastelo.es\/index.php\/producto\/vestido-fruncido-morado-ref-bm11597\/","name":"Vestido Fruncido Morado Ref. BM11597 - Givanna Castelo","isPartOf":{"@id":"https:\/\/givannacastelo.es\/#website"},"primaryImageOfPage":{"@id":"https:\/\/givannacastelo.es\/index.php\/producto\/vestido-fruncido-morado-ref-bm11597\/#primaryimage"},"image":{"@id":"https:\/\/givannacastelo.es\/index.php\/producto\/vestido-fruncido-morado-ref-bm11597\/#primaryimage"},"thumbnailUrl":"https:\/\/givannacastelo.es\/wp-content\/uploads\/2025\/10\/bm11597WhatsApp-Image-2025-10-13-at-9.50.11-AM-7.jpeg","datePublished":"2025-10-17T17:49:57+00:00","description":"Vestido Fruncido Morado Ref. BM11597","breadcrumb":{"@id":"https:\/\/givannacastelo.es\/index.php\/producto\/vestido-fruncido-morado-ref-bm11597\/#breadcrumb"},"inLanguage":"es","potentialAction":[{"@type":"ReadAction","target":["https:\/\/givannacastelo.es\/index.php\/producto\/vestido-fruncido-morado-ref-bm11597\/"]}]},{"@type":"ImageObject","inLanguage":"es","@id":"https:\/\/givannacastelo.es\/index.php\/producto\/vestido-fruncido-morado-ref-bm11597\/#primaryimage","url":"https:\/\/givannacastelo.es\/wp-content\/uploads\/2025\/10\/bm11597WhatsApp-Image-2025-10-13-at-9.50.11-AM-7.jpeg","contentUrl":"https:\/\/givannacastelo.es\/wp-content\/uploads\/2025\/10\/bm11597WhatsApp-Image-2025-10-13-at-9.50.11-AM-7.jpeg","width":1600,"height":1043},{"@type":"BreadcrumbList","@id":"https:\/\/givannacastelo.es\/index.php\/producto\/vestido-fruncido-morado-ref-bm11597\/#breadcrumb","itemListElement":[{"@type":"ListItem","position":1,"name":"Portada","item":"https:\/\/givannacastelo.es\/"},{"@type":"ListItem","position":2,"name":"Tienda","item":"https:\/\/givannacastelo.es\/index.php\/tienda\/"},{"@type":"ListItem","position":3,"name":"Vestido Fruncido Morado Ref. BM11597"}]},{"@type":"WebSite","@id":"https:\/\/givannacastelo.es\/#website","url":"https:\/\/givannacastelo.es\/","name":"Givanna Castelo","description":"Descubre en Givanna Castelo las \u00faltimas tendencias en moda para mujer y hombre. Ropa de calidad, estilo \u00fanico y precios accesibles para que siempre luzcas espectacular. \u00a1Compra f\u00e1cil y r\u00e1pido online!","publisher":{"@id":"https:\/\/givannacastelo.es\/#organization"},"alternateName":"givannacastelo.es","potentialAction":[{"@type":"SearchAction","target":{"@type":"EntryPoint","urlTemplate":"https:\/\/givannacastelo.es\/?s={search_term_string}"},"query-input":{"@type":"PropertyValueSpecification","valueRequired":true,"valueName":"search_term_string"}}],"inLanguage":"es"},{"@type":"Organization","@id":"https:\/\/givannacastelo.es\/#organization","name":"Givanna Castelo","alternateName":"givanna castelo","url":"https:\/\/givannacastelo.es\/","logo":{"@type":"ImageObject","inLanguage":"es","@id":"https:\/\/givannacastelo.es\/#\/schema\/logo\/image\/","url":"https:\/\/givannacastelo.es\/wp-content\/uploads\/2025\/09\/Asset-1-1-2.png","contentUrl":"https:\/\/givannacastelo.es\/wp-content\/uploads\/2025\/09\/Asset-1-1-2.png","width":184,"height":177,"caption":"Givanna Castelo"},"image":{"@id":"https:\/\/givannacastelo.es\/#\/schema\/logo\/image\/"}}]}},"jetpack_sharing_enabled":true,"_links":{"self":[{"href":"https:\/\/givannacastelo.es\/index.php\/wp-json\/wp\/v2\/product\/8349","targetHints":{"allow":["GET"]}}],"collection":[{"href":"https:\/\/givannacastelo.es\/index.php\/wp-json\/wp\/v2\/product"}],"about":[{"href":"https:\/\/givannacastelo.es\/index.php\/wp-json\/wp\/v2\/types\/product"}],"replies":[{"embeddable":true,"href":"https:\/\/givannacastelo.es\/index.php\/wp-json\/wp\/v2\/comments?post=8349"}],"wp:featuredmedia":[{"embeddable":true,"href":"https:\/\/givannacastelo.es\/index.php\/wp-json\/wp\/v2\/media\/8249"}],"wp:attachment":[{"href":"https:\/\/givannacastelo.es\/index.php\/wp-json\/wp\/v2\/media?parent=8349"}],"wp:term":[{"taxonomy":"product_brand","embeddable":true,"href":"https:\/\/givannacastelo.es\/index.php\/wp-json\/wp\/v2\/product_brand?post=8349"},{"taxonomy":"product_cat","embeddable":true,"href":"https:\/\/givannacastelo.es\/index.php\/wp-json\/wp\/v2\/product_cat?post=8349"},{"taxonomy":"product_tag","embeddable":true,"href":"https:\/\/givannacastelo.es\/index.php\/wp-json\/wp\/v2\/product_tag?post=8349"}],"curies":[{"name":"wp","href":"https:\/\/api.w.org\/{rel}","templated":true}]}}