{"id":8316,"date":"2025-10-18T00:52:44","date_gmt":"2025-10-17T22:52:44","guid":{"rendered":"https:\/\/givannacastelo.es\/?post_type=product&#038;p=8316"},"modified":"2025-10-18T00:52:44","modified_gmt":"2025-10-17T22:52:44","slug":"jeans-push-up-colombianos-ref-l5611","status":"publish","type":"product","link":"https:\/\/givannacastelo.es\/index.php\/producto\/jeans-push-up-colombianos-ref-l5611\/","title":{"rendered":"Jeans Push Up Colombianos Ref. L5611"},"content":{"rendered":"<div class=\"body\">\n<div id=\"ini\" class=\"product\">\n<div class=\"product-right\">\n<div class=\"row\">\n<p data-start=\"264\" data-end=\"481\">El\u00a0<strong data-start=\"267\" data-end=\"297\">Jean Colombiano Ref. L5611<\/strong>\u00a0de\u00a0<strong data-start=\"301\" data-end=\"320\">Leandru\u2019s Jeans<\/strong>\u00a0ha sido dise\u00f1ado para moldear la silueta y ofrecer un ajuste perfecto gracias a su sistema\u00a0<strong data-start=\"412\" data-end=\"436\">Push Up Levanta Cola<\/strong>, que realza los gl\u00fateos de manera natural.<\/p>\n<p data-start=\"483\" data-end=\"745\">Su pretina alta con control de abdomen proporciona firmeza y una figura m\u00e1s estilizada, mientras que su corte recto favorece las piernas y se adapta a diferentes tipos de cuerpo. El cintur\u00f3n incluido complementa el dise\u00f1o aportando un toque moderno y elegante.<\/p>\n<p data-start=\"747\" data-end=\"971\">Fabricado en\u00a0<strong data-start=\"760\" data-end=\"791\">tela efecto piel de durazno<\/strong>, este jean combina suavidad, elasticidad y resistencia para brindar confort durante todo el d\u00eda. Ideal para looks casuales o para destacar en tus combinaciones m\u00e1s sofisticadas.<\/p>\n<p data-start=\"973\" data-end=\"1006\"><strong data-start=\"973\" data-end=\"1004\">Caracter\u00edsticas destacadas:<\/strong><\/p>\n<ul data-start=\"1007\" data-end=\"1362\">\n<li data-start=\"1007\" data-end=\"1056\">\n<p data-start=\"1009\" data-end=\"1056\">Dise\u00f1o Push Up que realza y define la figura.<\/p>\n<\/li>\n<li data-start=\"1057\" data-end=\"1097\">\n<p data-start=\"1059\" data-end=\"1097\">Pretina alta con control de abdomen.<\/p>\n<\/li>\n<li data-start=\"1098\" data-end=\"1154\">\n<p data-start=\"1100\" data-end=\"1154\">Corte recto para un efecto alargador en las piernas.<\/p>\n<\/li>\n<li data-start=\"1155\" data-end=\"1207\">\n<p data-start=\"1157\" data-end=\"1207\">Tela piel de durazno con elasticidad y suavidad.<\/p>\n<\/li>\n<li data-start=\"1208\" data-end=\"1253\">\n<p data-start=\"1210\" data-end=\"1253\">Cintur\u00f3n incluido para completar el look.<\/p>\n<\/li>\n<li data-start=\"1254\" data-end=\"1306\">\n<p data-start=\"1256\" data-end=\"1306\">Color azul cl\u00e1sico con leves desgastes modernos.<\/p>\n<\/li>\n<li data-start=\"1307\" data-end=\"1362\">\n<p data-start=\"1309\" data-end=\"1362\">Elaborado en Colombia con acabados de alta calidad.<\/p>\n<\/li>\n<\/ul>\n<p data-start=\"1364\" data-end=\"1550\"><strong data-start=\"1364\" data-end=\"1435\">Moda colombiana con env\u00edos gratis en Espa\u00f1a y entregas en 24 horas.<\/strong><br data-start=\"1435\" data-end=\"1438\" \/><strong data-start=\"1438\" data-end=\"1550\">Ropa colombiana en Espa\u00f1a y Europa, dise\u00f1ada para realzar tu figura con elegancia, comodidad y autenticidad.<\/strong><\/p>\n<\/div>\n<\/div>\n<\/div>\n<\/div>\n<div class=\"suscribete\"><\/div>\n","protected":false},"excerpt":{"rendered":"<p>El\u00a0Jean Colombiano Ref. L5611\u00a0de\u00a0Leandru\u2019s Jeans\u00a0ha sido dise\u00f1ado para moldear la silueta y ofrecer un ajuste perfecto gracias a su sistema\u00a0Push Up Levanta Cola, que realza los gl\u00fateos de manera natural. Su pretina alta con control de abdomen proporciona firmeza y una figura m\u00e1s estilizada, mientras que su corte recto favorece las piernas y se adapta [&hellip;]<\/p>\n","protected":false},"featured_media":8228,"comment_status":"open","ping_status":"closed","template":"","meta":{"_et_pb_use_builder":"","_et_pb_old_content":"","_et_gb_content_width":""},"product_brand":[],"product_cat":[213,218,26],"product_tag":[49,500,509,386,47],"class_list":{"0":"post-8316","1":"product","2":"type-product","3":"status-publish","4":"has-post-thumbnail","6":"product_cat-pantalones","7":"product_cat-pantalones-tiro-alto","8":"product_cat-jeans-push-up","9":"product_tag-jeans-a-la-moda","10":"product_tag-jeans-bota-tubo","11":"product_tag-jeans-colombianos","12":"product_tag-jeans-leandrus","13":"product_tag-jeans-push-up","15":"first","16":"instock","17":"shipping-taxable","18":"purchasable","19":"product-type-variable"},"yoast_head":"<!-- This site is optimized with the Yoast SEO plugin v25.9 - https:\/\/yoast.com\/wordpress\/plugins\/seo\/ -->\n<title>Jeans Push Up Colombianos Ref. L5611 - Givanna Castelo<\/title>\n<meta name=\"description\" content=\"Jeans Push Up Colombianos Ref. L5611\" \/>\n<meta name=\"robots\" content=\"index, follow, max-snippet:-1, max-image-preview:large, max-video-preview:-1\" \/>\n<link rel=\"canonical\" href=\"https:\/\/givannacastelo.es\/index.php\/producto\/jeans-push-up-colombianos-ref-l5611\/\" \/>\n<meta property=\"og:locale\" content=\"es_ES\" \/>\n<meta property=\"og:type\" content=\"article\" \/>\n<meta property=\"og:title\" content=\"Jeans Push Up Colombianos Ref. L5611 - Givanna Castelo\" \/>\n<meta property=\"og:description\" content=\"Jeans Push Up Colombianos Ref. L5611\" \/>\n<meta property=\"og:url\" content=\"https:\/\/givannacastelo.es\/index.php\/producto\/jeans-push-up-colombianos-ref-l5611\/\" \/>\n<meta property=\"og:site_name\" content=\"Givanna Castelo\" \/>\n<meta property=\"og:image\" content=\"https:\/\/givannacastelo.es\/wp-content\/uploads\/2025\/10\/l5611WhatsApp-Image-2025-10-13-at-9.50.09-AM-10.jpeg\" \/>\n\t<meta property=\"og:image:width\" content=\"1600\" \/>\n\t<meta property=\"og:image:height\" content=\"1043\" \/>\n\t<meta property=\"og:image:type\" content=\"image\/jpeg\" \/>\n<meta name=\"twitter:card\" content=\"summary_large_image\" \/>\n<meta name=\"twitter:label1\" content=\"Tiempo de lectura\" \/>\n\t<meta name=\"twitter:data1\" content=\"2 minutos\" \/>\n<script type=\"application\/ld+json\" class=\"yoast-schema-graph\">{\"@context\":\"https:\/\/schema.org\",\"@graph\":[{\"@type\":\"WebPage\",\"@id\":\"https:\/\/givannacastelo.es\/index.php\/producto\/jeans-push-up-colombianos-ref-l5611\/\",\"url\":\"https:\/\/givannacastelo.es\/index.php\/producto\/jeans-push-up-colombianos-ref-l5611\/\",\"name\":\"Jeans Push Up Colombianos Ref. L5611 - Givanna Castelo\",\"isPartOf\":{\"@id\":\"https:\/\/givannacastelo.es\/#website\"},\"primaryImageOfPage\":{\"@id\":\"https:\/\/givannacastelo.es\/index.php\/producto\/jeans-push-up-colombianos-ref-l5611\/#primaryimage\"},\"image\":{\"@id\":\"https:\/\/givannacastelo.es\/index.php\/producto\/jeans-push-up-colombianos-ref-l5611\/#primaryimage\"},\"thumbnailUrl\":\"https:\/\/givannacastelo.es\/wp-content\/uploads\/2025\/10\/l5611WhatsApp-Image-2025-10-13-at-9.50.09-AM-10.jpeg\",\"datePublished\":\"2025-10-17T22:52:44+00:00\",\"description\":\"Jeans Push Up Colombianos Ref. L5611\",\"breadcrumb\":{\"@id\":\"https:\/\/givannacastelo.es\/index.php\/producto\/jeans-push-up-colombianos-ref-l5611\/#breadcrumb\"},\"inLanguage\":\"es\",\"potentialAction\":[{\"@type\":\"ReadAction\",\"target\":[\"https:\/\/givannacastelo.es\/index.php\/producto\/jeans-push-up-colombianos-ref-l5611\/\"]}]},{\"@type\":\"ImageObject\",\"inLanguage\":\"es\",\"@id\":\"https:\/\/givannacastelo.es\/index.php\/producto\/jeans-push-up-colombianos-ref-l5611\/#primaryimage\",\"url\":\"https:\/\/givannacastelo.es\/wp-content\/uploads\/2025\/10\/l5611WhatsApp-Image-2025-10-13-at-9.50.09-AM-10.jpeg\",\"contentUrl\":\"https:\/\/givannacastelo.es\/wp-content\/uploads\/2025\/10\/l5611WhatsApp-Image-2025-10-13-at-9.50.09-AM-10.jpeg\",\"width\":1600,\"height\":1043},{\"@type\":\"BreadcrumbList\",\"@id\":\"https:\/\/givannacastelo.es\/index.php\/producto\/jeans-push-up-colombianos-ref-l5611\/#breadcrumb\",\"itemListElement\":[{\"@type\":\"ListItem\",\"position\":1,\"name\":\"Portada\",\"item\":\"https:\/\/givannacastelo.es\/\"},{\"@type\":\"ListItem\",\"position\":2,\"name\":\"Tienda\",\"item\":\"https:\/\/givannacastelo.es\/index.php\/tienda\/\"},{\"@type\":\"ListItem\",\"position\":3,\"name\":\"Jeans Push Up Colombianos Ref. L5611\"}]},{\"@type\":\"WebSite\",\"@id\":\"https:\/\/givannacastelo.es\/#website\",\"url\":\"https:\/\/givannacastelo.es\/\",\"name\":\"Givanna Castelo\",\"description\":\"Descubre en Givanna Castelo las \u00faltimas tendencias en moda para mujer y hombre. Ropa de calidad, estilo \u00fanico y precios accesibles para que siempre luzcas espectacular. \u00a1Compra f\u00e1cil y r\u00e1pido online!\",\"publisher\":{\"@id\":\"https:\/\/givannacastelo.es\/#organization\"},\"alternateName\":\"givannacastelo.es\",\"potentialAction\":[{\"@type\":\"SearchAction\",\"target\":{\"@type\":\"EntryPoint\",\"urlTemplate\":\"https:\/\/givannacastelo.es\/?s={search_term_string}\"},\"query-input\":{\"@type\":\"PropertyValueSpecification\",\"valueRequired\":true,\"valueName\":\"search_term_string\"}}],\"inLanguage\":\"es\"},{\"@type\":\"Organization\",\"@id\":\"https:\/\/givannacastelo.es\/#organization\",\"name\":\"Givanna Castelo\",\"alternateName\":\"givanna castelo\",\"url\":\"https:\/\/givannacastelo.es\/\",\"logo\":{\"@type\":\"ImageObject\",\"inLanguage\":\"es\",\"@id\":\"https:\/\/givannacastelo.es\/#\/schema\/logo\/image\/\",\"url\":\"https:\/\/givannacastelo.es\/wp-content\/uploads\/2025\/09\/Asset-1-1-2.png\",\"contentUrl\":\"https:\/\/givannacastelo.es\/wp-content\/uploads\/2025\/09\/Asset-1-1-2.png\",\"width\":184,\"height\":177,\"caption\":\"Givanna Castelo\"},\"image\":{\"@id\":\"https:\/\/givannacastelo.es\/#\/schema\/logo\/image\/\"}}]}<\/script>\n<!-- \/ Yoast SEO plugin. -->","yoast_head_json":{"title":"Jeans Push Up Colombianos Ref. L5611 - Givanna Castelo","description":"Jeans Push Up Colombianos Ref. L5611","robots":{"index":"index","follow":"follow","max-snippet":"max-snippet:-1","max-image-preview":"max-image-preview:large","max-video-preview":"max-video-preview:-1"},"canonical":"https:\/\/givannacastelo.es\/index.php\/producto\/jeans-push-up-colombianos-ref-l5611\/","og_locale":"es_ES","og_type":"article","og_title":"Jeans Push Up Colombianos Ref. L5611 - Givanna Castelo","og_description":"Jeans Push Up Colombianos Ref. L5611","og_url":"https:\/\/givannacastelo.es\/index.php\/producto\/jeans-push-up-colombianos-ref-l5611\/","og_site_name":"Givanna Castelo","og_image":[{"width":1600,"height":1043,"url":"https:\/\/givannacastelo.es\/wp-content\/uploads\/2025\/10\/l5611WhatsApp-Image-2025-10-13-at-9.50.09-AM-10.jpeg","type":"image\/jpeg"}],"twitter_card":"summary_large_image","twitter_misc":{"Tiempo de lectura":"2 minutos"},"schema":{"@context":"https:\/\/schema.org","@graph":[{"@type":"WebPage","@id":"https:\/\/givannacastelo.es\/index.php\/producto\/jeans-push-up-colombianos-ref-l5611\/","url":"https:\/\/givannacastelo.es\/index.php\/producto\/jeans-push-up-colombianos-ref-l5611\/","name":"Jeans Push Up Colombianos Ref. L5611 - Givanna Castelo","isPartOf":{"@id":"https:\/\/givannacastelo.es\/#website"},"primaryImageOfPage":{"@id":"https:\/\/givannacastelo.es\/index.php\/producto\/jeans-push-up-colombianos-ref-l5611\/#primaryimage"},"image":{"@id":"https:\/\/givannacastelo.es\/index.php\/producto\/jeans-push-up-colombianos-ref-l5611\/#primaryimage"},"thumbnailUrl":"https:\/\/givannacastelo.es\/wp-content\/uploads\/2025\/10\/l5611WhatsApp-Image-2025-10-13-at-9.50.09-AM-10.jpeg","datePublished":"2025-10-17T22:52:44+00:00","description":"Jeans Push Up Colombianos Ref. L5611","breadcrumb":{"@id":"https:\/\/givannacastelo.es\/index.php\/producto\/jeans-push-up-colombianos-ref-l5611\/#breadcrumb"},"inLanguage":"es","potentialAction":[{"@type":"ReadAction","target":["https:\/\/givannacastelo.es\/index.php\/producto\/jeans-push-up-colombianos-ref-l5611\/"]}]},{"@type":"ImageObject","inLanguage":"es","@id":"https:\/\/givannacastelo.es\/index.php\/producto\/jeans-push-up-colombianos-ref-l5611\/#primaryimage","url":"https:\/\/givannacastelo.es\/wp-content\/uploads\/2025\/10\/l5611WhatsApp-Image-2025-10-13-at-9.50.09-AM-10.jpeg","contentUrl":"https:\/\/givannacastelo.es\/wp-content\/uploads\/2025\/10\/l5611WhatsApp-Image-2025-10-13-at-9.50.09-AM-10.jpeg","width":1600,"height":1043},{"@type":"BreadcrumbList","@id":"https:\/\/givannacastelo.es\/index.php\/producto\/jeans-push-up-colombianos-ref-l5611\/#breadcrumb","itemListElement":[{"@type":"ListItem","position":1,"name":"Portada","item":"https:\/\/givannacastelo.es\/"},{"@type":"ListItem","position":2,"name":"Tienda","item":"https:\/\/givannacastelo.es\/index.php\/tienda\/"},{"@type":"ListItem","position":3,"name":"Jeans Push Up Colombianos Ref. L5611"}]},{"@type":"WebSite","@id":"https:\/\/givannacastelo.es\/#website","url":"https:\/\/givannacastelo.es\/","name":"Givanna Castelo","description":"Descubre en Givanna Castelo las \u00faltimas tendencias en moda para mujer y hombre. Ropa de calidad, estilo \u00fanico y precios accesibles para que siempre luzcas espectacular. \u00a1Compra f\u00e1cil y r\u00e1pido online!","publisher":{"@id":"https:\/\/givannacastelo.es\/#organization"},"alternateName":"givannacastelo.es","potentialAction":[{"@type":"SearchAction","target":{"@type":"EntryPoint","urlTemplate":"https:\/\/givannacastelo.es\/?s={search_term_string}"},"query-input":{"@type":"PropertyValueSpecification","valueRequired":true,"valueName":"search_term_string"}}],"inLanguage":"es"},{"@type":"Organization","@id":"https:\/\/givannacastelo.es\/#organization","name":"Givanna Castelo","alternateName":"givanna castelo","url":"https:\/\/givannacastelo.es\/","logo":{"@type":"ImageObject","inLanguage":"es","@id":"https:\/\/givannacastelo.es\/#\/schema\/logo\/image\/","url":"https:\/\/givannacastelo.es\/wp-content\/uploads\/2025\/09\/Asset-1-1-2.png","contentUrl":"https:\/\/givannacastelo.es\/wp-content\/uploads\/2025\/09\/Asset-1-1-2.png","width":184,"height":177,"caption":"Givanna Castelo"},"image":{"@id":"https:\/\/givannacastelo.es\/#\/schema\/logo\/image\/"}}]}},"jetpack_sharing_enabled":true,"_links":{"self":[{"href":"https:\/\/givannacastelo.es\/index.php\/wp-json\/wp\/v2\/product\/8316","targetHints":{"allow":["GET"]}}],"collection":[{"href":"https:\/\/givannacastelo.es\/index.php\/wp-json\/wp\/v2\/product"}],"about":[{"href":"https:\/\/givannacastelo.es\/index.php\/wp-json\/wp\/v2\/types\/product"}],"replies":[{"embeddable":true,"href":"https:\/\/givannacastelo.es\/index.php\/wp-json\/wp\/v2\/comments?post=8316"}],"wp:featuredmedia":[{"embeddable":true,"href":"https:\/\/givannacastelo.es\/index.php\/wp-json\/wp\/v2\/media\/8228"}],"wp:attachment":[{"href":"https:\/\/givannacastelo.es\/index.php\/wp-json\/wp\/v2\/media?parent=8316"}],"wp:term":[{"taxonomy":"product_brand","embeddable":true,"href":"https:\/\/givannacastelo.es\/index.php\/wp-json\/wp\/v2\/product_brand?post=8316"},{"taxonomy":"product_cat","embeddable":true,"href":"https:\/\/givannacastelo.es\/index.php\/wp-json\/wp\/v2\/product_cat?post=8316"},{"taxonomy":"product_tag","embeddable":true,"href":"https:\/\/givannacastelo.es\/index.php\/wp-json\/wp\/v2\/product_tag?post=8316"}],"curies":[{"name":"wp","href":"https:\/\/api.w.org\/{rel}","templated":true}]}}