{"id":8314,"date":"2025-10-18T01:33:54","date_gmt":"2025-10-17T23:33:54","guid":{"rendered":"https:\/\/givannacastelo.es\/?post_type=product&#038;p=8314"},"modified":"2025-10-18T01:33:54","modified_gmt":"2025-10-17T23:33:54","slug":"jeans-push-up-colombianos-ref-l5605","status":"publish","type":"product","link":"https:\/\/givannacastelo.es\/index.php\/producto\/jeans-push-up-colombianos-ref-l5605\/","title":{"rendered":"Jeans Push Up Colombianos Ref. L5605"},"content":{"rendered":"<p data-start=\"245\" data-end=\"555\">El\u00a0<strong data-start=\"248\" data-end=\"278\">Jean Colombiano Ref. L5605<\/strong>\u00a0de\u00a0<strong data-start=\"282\" data-end=\"301\">Leandru\u2019s Jeans<\/strong>\u00a0es la prenda ideal para quienes buscan una figura estilizada, c\u00f3moda y realzada en todo momento. Su dise\u00f1o\u00a0<strong data-start=\"409\" data-end=\"433\">Push Up Levanta Cola<\/strong>\u00a0acent\u00faa las curvas con naturalidad, mientras que su\u00a0<strong data-start=\"486\" data-end=\"502\">pretina alta<\/strong>\u00a0ofrece control en el abdomen sin perder movilidad.<\/p>\n<p data-start=\"557\" data-end=\"827\">Fabricado en\u00a0<strong data-start=\"570\" data-end=\"603\">denim premium piel de durazno<\/strong>, este jean combina suavidad, resistencia y elasticidad para un ajuste perfecto al cuerpo. Su corte\u00a0<strong data-start=\"703\" data-end=\"740\">bota recta ligeramente acampanada<\/strong>\u00a0alarga visualmente las piernas, brindando una silueta m\u00e1s equilibrada y sofisticada.<\/p>\n<p data-start=\"829\" data-end=\"991\">Con detalles sutiles y acabados impecables, es una prenda vers\u00e1til que puedes llevar tanto con tacones como con calzado casual, adapt\u00e1ndose a cualquier ocasi\u00f3n.<\/p>\n<p data-start=\"993\" data-end=\"1026\"><strong data-start=\"993\" data-end=\"1024\">Caracter\u00edsticas destacadas:<\/strong><\/p>\n<ul data-start=\"1027\" data-end=\"1371\">\n<li data-start=\"1027\" data-end=\"1073\">\n<p data-start=\"1029\" data-end=\"1073\">Tecnolog\u00eda Push Up que realza los gl\u00fateos.<\/p>\n<\/li>\n<li data-start=\"1074\" data-end=\"1114\">\n<p data-start=\"1076\" data-end=\"1114\">Pretina alta con control de abdomen.<\/p>\n<\/li>\n<li data-start=\"1115\" data-end=\"1157\">\n<p data-start=\"1117\" data-end=\"1157\">Corte bota recta con efecto alargador.<\/p>\n<\/li>\n<li data-start=\"1158\" data-end=\"1209\">\n<p data-start=\"1160\" data-end=\"1209\">Tela piel de durazno el\u00e1stica y suave al tacto.<\/p>\n<\/li>\n<li data-start=\"1210\" data-end=\"1253\"><\/li>\n<li data-start=\"1210\" data-end=\"1253\">\n<p data-start=\"1212\" data-end=\"1253\">Costuras reforzadas y acabados premium.<\/p>\n<\/li>\n<li data-start=\"1254\" data-end=\"1284\">\n<p data-start=\"1256\" data-end=\"1284\">Color azul oscuro cl\u00e1sico.<\/p>\n<\/li>\n<li data-start=\"1285\" data-end=\"1317\">\n<p data-start=\"1287\" data-end=\"1317\">Incluye cintur\u00f3n decorativo.<\/p>\n<\/li>\n<li data-start=\"1318\" data-end=\"1371\">\n<p data-start=\"1320\" data-end=\"1371\">Hecho en Colombia con materiales de alta calidad.<\/p>\n<\/li>\n<\/ul>\n<p data-start=\"1373\" data-end=\"1552\"><strong data-start=\"1373\" data-end=\"1444\">Moda colombiana con env\u00edos gratis en Espa\u00f1a y entregas en 24 horas.<\/strong><br data-start=\"1444\" data-end=\"1447\" \/><strong data-start=\"1447\" data-end=\"1552\">Ropa colombiana en Espa\u00f1a y Europa, creada para resaltar tu figura con elegancia, comodidad y estilo.<\/strong><\/p>\n","protected":false},"excerpt":{"rendered":"<p>El\u00a0Jean Colombiano Ref. L5605\u00a0de\u00a0Leandru\u2019s Jeans\u00a0es la prenda ideal para quienes buscan una figura estilizada, c\u00f3moda y realzada en todo momento. Su dise\u00f1o\u00a0Push Up Levanta Cola\u00a0acent\u00faa las curvas con naturalidad, mientras que su\u00a0pretina alta\u00a0ofrece control en el abdomen sin perder movilidad. Fabricado en\u00a0denim premium piel de durazno, este jean combina suavidad, resistencia y elasticidad para un [&hellip;]<\/p>\n","protected":false},"featured_media":8226,"comment_status":"open","ping_status":"closed","template":"","meta":{"_et_pb_use_builder":"","_et_pb_old_content":"","_et_gb_content_width":""},"product_brand":[],"product_cat":[213,218,26],"product_tag":[481,524,386,73,47],"class_list":{"0":"post-8314","1":"product","2":"type-product","3":"status-publish","4":"has-post-thumbnail","6":"product_cat-pantalones","7":"product_cat-pantalones-tiro-alto","8":"product_cat-jeans-push-up","9":"product_tag-jeans-ajustados","10":"product_tag-jeans-bota-recta","11":"product_tag-jeans-leandrus","12":"product_tag-jeans-levantacola","13":"product_tag-jeans-push-up","15":"first","16":"instock","17":"shipping-taxable","18":"purchasable","19":"product-type-variable"},"yoast_head":"<!-- This site is optimized with the Yoast SEO plugin v25.9 - https:\/\/yoast.com\/wordpress\/plugins\/seo\/ -->\n<title>Jeans Push Up Colombianos Ref. L5605 - Givanna Castelo<\/title>\n<meta name=\"description\" content=\"Jeans Push Up Colombianos Ref. L5605\" \/>\n<meta name=\"robots\" content=\"index, follow, max-snippet:-1, max-image-preview:large, max-video-preview:-1\" \/>\n<link rel=\"canonical\" href=\"https:\/\/givannacastelo.es\/index.php\/producto\/jeans-push-up-colombianos-ref-l5605\/\" \/>\n<meta property=\"og:locale\" content=\"es_ES\" \/>\n<meta property=\"og:type\" content=\"article\" \/>\n<meta property=\"og:title\" content=\"Jeans Push Up Colombianos Ref. L5605 - Givanna Castelo\" \/>\n<meta property=\"og:description\" content=\"Jeans Push Up Colombianos Ref. L5605\" \/>\n<meta property=\"og:url\" content=\"https:\/\/givannacastelo.es\/index.php\/producto\/jeans-push-up-colombianos-ref-l5605\/\" \/>\n<meta property=\"og:site_name\" content=\"Givanna Castelo\" \/>\n<meta property=\"og:image\" content=\"https:\/\/givannacastelo.es\/wp-content\/uploads\/2025\/10\/l5605WhatsApp-Image-2025-10-13-at-9.50.09-AM-12.jpeg\" \/>\n\t<meta property=\"og:image:width\" content=\"1600\" \/>\n\t<meta property=\"og:image:height\" content=\"1043\" \/>\n\t<meta property=\"og:image:type\" content=\"image\/jpeg\" \/>\n<meta name=\"twitter:card\" content=\"summary_large_image\" \/>\n<meta name=\"twitter:label1\" content=\"Tiempo de lectura\" \/>\n\t<meta name=\"twitter:data1\" content=\"2 minutos\" \/>\n<script type=\"application\/ld+json\" class=\"yoast-schema-graph\">{\"@context\":\"https:\/\/schema.org\",\"@graph\":[{\"@type\":\"WebPage\",\"@id\":\"https:\/\/givannacastelo.es\/index.php\/producto\/jeans-push-up-colombianos-ref-l5605\/\",\"url\":\"https:\/\/givannacastelo.es\/index.php\/producto\/jeans-push-up-colombianos-ref-l5605\/\",\"name\":\"Jeans Push Up Colombianos Ref. L5605 - Givanna Castelo\",\"isPartOf\":{\"@id\":\"https:\/\/givannacastelo.es\/#website\"},\"primaryImageOfPage\":{\"@id\":\"https:\/\/givannacastelo.es\/index.php\/producto\/jeans-push-up-colombianos-ref-l5605\/#primaryimage\"},\"image\":{\"@id\":\"https:\/\/givannacastelo.es\/index.php\/producto\/jeans-push-up-colombianos-ref-l5605\/#primaryimage\"},\"thumbnailUrl\":\"https:\/\/givannacastelo.es\/wp-content\/uploads\/2025\/10\/l5605WhatsApp-Image-2025-10-13-at-9.50.09-AM-12.jpeg\",\"datePublished\":\"2025-10-17T23:33:54+00:00\",\"description\":\"Jeans Push Up Colombianos Ref. L5605\",\"breadcrumb\":{\"@id\":\"https:\/\/givannacastelo.es\/index.php\/producto\/jeans-push-up-colombianos-ref-l5605\/#breadcrumb\"},\"inLanguage\":\"es\",\"potentialAction\":[{\"@type\":\"ReadAction\",\"target\":[\"https:\/\/givannacastelo.es\/index.php\/producto\/jeans-push-up-colombianos-ref-l5605\/\"]}]},{\"@type\":\"ImageObject\",\"inLanguage\":\"es\",\"@id\":\"https:\/\/givannacastelo.es\/index.php\/producto\/jeans-push-up-colombianos-ref-l5605\/#primaryimage\",\"url\":\"https:\/\/givannacastelo.es\/wp-content\/uploads\/2025\/10\/l5605WhatsApp-Image-2025-10-13-at-9.50.09-AM-12.jpeg\",\"contentUrl\":\"https:\/\/givannacastelo.es\/wp-content\/uploads\/2025\/10\/l5605WhatsApp-Image-2025-10-13-at-9.50.09-AM-12.jpeg\",\"width\":1600,\"height\":1043},{\"@type\":\"BreadcrumbList\",\"@id\":\"https:\/\/givannacastelo.es\/index.php\/producto\/jeans-push-up-colombianos-ref-l5605\/#breadcrumb\",\"itemListElement\":[{\"@type\":\"ListItem\",\"position\":1,\"name\":\"Portada\",\"item\":\"https:\/\/givannacastelo.es\/\"},{\"@type\":\"ListItem\",\"position\":2,\"name\":\"Tienda\",\"item\":\"https:\/\/givannacastelo.es\/index.php\/tienda\/\"},{\"@type\":\"ListItem\",\"position\":3,\"name\":\"Jeans Push Up Colombianos Ref. L5605\"}]},{\"@type\":\"WebSite\",\"@id\":\"https:\/\/givannacastelo.es\/#website\",\"url\":\"https:\/\/givannacastelo.es\/\",\"name\":\"Givanna Castelo\",\"description\":\"Descubre en Givanna Castelo las \u00faltimas tendencias en moda para mujer y hombre. Ropa de calidad, estilo \u00fanico y precios accesibles para que siempre luzcas espectacular. \u00a1Compra f\u00e1cil y r\u00e1pido online!\",\"publisher\":{\"@id\":\"https:\/\/givannacastelo.es\/#organization\"},\"alternateName\":\"givannacastelo.es\",\"potentialAction\":[{\"@type\":\"SearchAction\",\"target\":{\"@type\":\"EntryPoint\",\"urlTemplate\":\"https:\/\/givannacastelo.es\/?s={search_term_string}\"},\"query-input\":{\"@type\":\"PropertyValueSpecification\",\"valueRequired\":true,\"valueName\":\"search_term_string\"}}],\"inLanguage\":\"es\"},{\"@type\":\"Organization\",\"@id\":\"https:\/\/givannacastelo.es\/#organization\",\"name\":\"Givanna Castelo\",\"alternateName\":\"givanna castelo\",\"url\":\"https:\/\/givannacastelo.es\/\",\"logo\":{\"@type\":\"ImageObject\",\"inLanguage\":\"es\",\"@id\":\"https:\/\/givannacastelo.es\/#\/schema\/logo\/image\/\",\"url\":\"https:\/\/givannacastelo.es\/wp-content\/uploads\/2025\/09\/Asset-1-1-2.png\",\"contentUrl\":\"https:\/\/givannacastelo.es\/wp-content\/uploads\/2025\/09\/Asset-1-1-2.png\",\"width\":184,\"height\":177,\"caption\":\"Givanna Castelo\"},\"image\":{\"@id\":\"https:\/\/givannacastelo.es\/#\/schema\/logo\/image\/\"}}]}<\/script>\n<!-- \/ Yoast SEO plugin. -->","yoast_head_json":{"title":"Jeans Push Up Colombianos Ref. L5605 - Givanna Castelo","description":"Jeans Push Up Colombianos Ref. L5605","robots":{"index":"index","follow":"follow","max-snippet":"max-snippet:-1","max-image-preview":"max-image-preview:large","max-video-preview":"max-video-preview:-1"},"canonical":"https:\/\/givannacastelo.es\/index.php\/producto\/jeans-push-up-colombianos-ref-l5605\/","og_locale":"es_ES","og_type":"article","og_title":"Jeans Push Up Colombianos Ref. L5605 - Givanna Castelo","og_description":"Jeans Push Up Colombianos Ref. L5605","og_url":"https:\/\/givannacastelo.es\/index.php\/producto\/jeans-push-up-colombianos-ref-l5605\/","og_site_name":"Givanna Castelo","og_image":[{"width":1600,"height":1043,"url":"https:\/\/givannacastelo.es\/wp-content\/uploads\/2025\/10\/l5605WhatsApp-Image-2025-10-13-at-9.50.09-AM-12.jpeg","type":"image\/jpeg"}],"twitter_card":"summary_large_image","twitter_misc":{"Tiempo de lectura":"2 minutos"},"schema":{"@context":"https:\/\/schema.org","@graph":[{"@type":"WebPage","@id":"https:\/\/givannacastelo.es\/index.php\/producto\/jeans-push-up-colombianos-ref-l5605\/","url":"https:\/\/givannacastelo.es\/index.php\/producto\/jeans-push-up-colombianos-ref-l5605\/","name":"Jeans Push Up Colombianos Ref. L5605 - Givanna Castelo","isPartOf":{"@id":"https:\/\/givannacastelo.es\/#website"},"primaryImageOfPage":{"@id":"https:\/\/givannacastelo.es\/index.php\/producto\/jeans-push-up-colombianos-ref-l5605\/#primaryimage"},"image":{"@id":"https:\/\/givannacastelo.es\/index.php\/producto\/jeans-push-up-colombianos-ref-l5605\/#primaryimage"},"thumbnailUrl":"https:\/\/givannacastelo.es\/wp-content\/uploads\/2025\/10\/l5605WhatsApp-Image-2025-10-13-at-9.50.09-AM-12.jpeg","datePublished":"2025-10-17T23:33:54+00:00","description":"Jeans Push Up Colombianos Ref. L5605","breadcrumb":{"@id":"https:\/\/givannacastelo.es\/index.php\/producto\/jeans-push-up-colombianos-ref-l5605\/#breadcrumb"},"inLanguage":"es","potentialAction":[{"@type":"ReadAction","target":["https:\/\/givannacastelo.es\/index.php\/producto\/jeans-push-up-colombianos-ref-l5605\/"]}]},{"@type":"ImageObject","inLanguage":"es","@id":"https:\/\/givannacastelo.es\/index.php\/producto\/jeans-push-up-colombianos-ref-l5605\/#primaryimage","url":"https:\/\/givannacastelo.es\/wp-content\/uploads\/2025\/10\/l5605WhatsApp-Image-2025-10-13-at-9.50.09-AM-12.jpeg","contentUrl":"https:\/\/givannacastelo.es\/wp-content\/uploads\/2025\/10\/l5605WhatsApp-Image-2025-10-13-at-9.50.09-AM-12.jpeg","width":1600,"height":1043},{"@type":"BreadcrumbList","@id":"https:\/\/givannacastelo.es\/index.php\/producto\/jeans-push-up-colombianos-ref-l5605\/#breadcrumb","itemListElement":[{"@type":"ListItem","position":1,"name":"Portada","item":"https:\/\/givannacastelo.es\/"},{"@type":"ListItem","position":2,"name":"Tienda","item":"https:\/\/givannacastelo.es\/index.php\/tienda\/"},{"@type":"ListItem","position":3,"name":"Jeans Push Up Colombianos Ref. L5605"}]},{"@type":"WebSite","@id":"https:\/\/givannacastelo.es\/#website","url":"https:\/\/givannacastelo.es\/","name":"Givanna Castelo","description":"Descubre en Givanna Castelo las \u00faltimas tendencias en moda para mujer y hombre. Ropa de calidad, estilo \u00fanico y precios accesibles para que siempre luzcas espectacular. \u00a1Compra f\u00e1cil y r\u00e1pido online!","publisher":{"@id":"https:\/\/givannacastelo.es\/#organization"},"alternateName":"givannacastelo.es","potentialAction":[{"@type":"SearchAction","target":{"@type":"EntryPoint","urlTemplate":"https:\/\/givannacastelo.es\/?s={search_term_string}"},"query-input":{"@type":"PropertyValueSpecification","valueRequired":true,"valueName":"search_term_string"}}],"inLanguage":"es"},{"@type":"Organization","@id":"https:\/\/givannacastelo.es\/#organization","name":"Givanna Castelo","alternateName":"givanna castelo","url":"https:\/\/givannacastelo.es\/","logo":{"@type":"ImageObject","inLanguage":"es","@id":"https:\/\/givannacastelo.es\/#\/schema\/logo\/image\/","url":"https:\/\/givannacastelo.es\/wp-content\/uploads\/2025\/09\/Asset-1-1-2.png","contentUrl":"https:\/\/givannacastelo.es\/wp-content\/uploads\/2025\/09\/Asset-1-1-2.png","width":184,"height":177,"caption":"Givanna Castelo"},"image":{"@id":"https:\/\/givannacastelo.es\/#\/schema\/logo\/image\/"}}]}},"jetpack_sharing_enabled":true,"_links":{"self":[{"href":"https:\/\/givannacastelo.es\/index.php\/wp-json\/wp\/v2\/product\/8314","targetHints":{"allow":["GET"]}}],"collection":[{"href":"https:\/\/givannacastelo.es\/index.php\/wp-json\/wp\/v2\/product"}],"about":[{"href":"https:\/\/givannacastelo.es\/index.php\/wp-json\/wp\/v2\/types\/product"}],"replies":[{"embeddable":true,"href":"https:\/\/givannacastelo.es\/index.php\/wp-json\/wp\/v2\/comments?post=8314"}],"wp:featuredmedia":[{"embeddable":true,"href":"https:\/\/givannacastelo.es\/index.php\/wp-json\/wp\/v2\/media\/8226"}],"wp:attachment":[{"href":"https:\/\/givannacastelo.es\/index.php\/wp-json\/wp\/v2\/media?parent=8314"}],"wp:term":[{"taxonomy":"product_brand","embeddable":true,"href":"https:\/\/givannacastelo.es\/index.php\/wp-json\/wp\/v2\/product_brand?post=8314"},{"taxonomy":"product_cat","embeddable":true,"href":"https:\/\/givannacastelo.es\/index.php\/wp-json\/wp\/v2\/product_cat?post=8314"},{"taxonomy":"product_tag","embeddable":true,"href":"https:\/\/givannacastelo.es\/index.php\/wp-json\/wp\/v2\/product_tag?post=8314"}],"curies":[{"name":"wp","href":"https:\/\/api.w.org\/{rel}","templated":true}]}}