{"id":8309,"date":"2025-10-18T01:57:21","date_gmt":"2025-10-17T23:57:21","guid":{"rendered":"https:\/\/givannacastelo.es\/?post_type=product&#038;p=8309"},"modified":"2025-10-18T01:57:22","modified_gmt":"2025-10-17T23:57:22","slug":"jeans-colombianos-push-up-ref-c1457","status":"publish","type":"product","link":"https:\/\/givannacastelo.es\/index.php\/producto\/jeans-colombianos-push-up-ref-c1457\/","title":{"rendered":"Jeans Colombianos Push Up Ref. C1457"},"content":{"rendered":"<div class=\"body\">\n<div id=\"ini\" class=\"product\">\n<div class=\"product-right\">\n<div class=\"row\">\n<p data-end=\"420\" data-start=\"241\">Un jean que realza tu figura de forma natural. Su dise\u00f1o ajustado con efecto push-up y su color azul medio oscuro lo convierten en un b\u00e1sico imprescindible para cualquier ocasi\u00f3n.<\/p>\n<ul data-end=\"633\" data-start=\"422\">\n<li data-end=\"460\" data-start=\"422\">\n<p data-end=\"460\" data-start=\"424\">Corte bota tubo con efecto Push-Up<\/p>\n<\/li>\n<li data-end=\"513\" data-start=\"461\">\n<p data-end=\"513\" data-start=\"463\">Tela licrada de alta comodidad y ajuste perfecto<\/p>\n<\/li>\n<li data-end=\"562\" data-start=\"514\">\n<p data-end=\"562\" data-start=\"516\">Dise\u00f1o con 3 botones que estiliza el abdomen<\/p>\n<\/li>\n<li data-end=\"588\" data-start=\"563\">\n<p data-end=\"588\" data-start=\"565\">Bolsillos funcionales<\/p>\n<\/li>\n<li data-end=\"633\" data-start=\"589\">\n<p data-end=\"633\" data-start=\"591\">Color azul medio oscuro vers\u00e1til y moderno<\/p>\n<\/li>\n<\/ul>\n<p data-end=\"737\" data-start=\"635\"><strong data-end=\"667\" data-start=\"635\">Disponible en tallas 8 a 16.<\/strong><br data-end=\"670\" data-start=\"667\" \/>Dise\u00f1ado para mujeres reales que aman sentirse seguras y a la moda.<\/p>\n<p data-end=\"894\" data-start=\"739\"><strong data-end=\"809\" data-start=\"739\">Moda colombiana con env\u00edos gratis en Espa\u00f1a \u2013 Entregas en 24 horas<\/strong><\/p>\n<\/div>\n<\/div>\n<\/div>\n<\/div>\n<div class=\"suscribete\"><\/div>\n","protected":false},"excerpt":{"rendered":"<p>Un jean que realza tu figura de forma natural. Su dise\u00f1o ajustado con efecto push-up y su color azul medio oscuro lo convierten en un b\u00e1sico imprescindible para cualquier ocasi\u00f3n. Corte bota tubo con efecto Push-Up Tela licrada de alta comodidad y ajuste perfecto Dise\u00f1o con 3 botones que estiliza el abdomen Bolsillos funcionales Color [&hellip;]<\/p>\n","protected":false},"featured_media":8221,"comment_status":"open","ping_status":"closed","template":"","meta":{"_et_pb_use_builder":"","_et_pb_old_content":"","_et_gb_content_width":""},"product_brand":[],"product_cat":[213,218,26],"product_tag":[500,52,509,527,526],"class_list":{"0":"post-8309","1":"product","2":"type-product","3":"status-publish","4":"has-post-thumbnail","6":"product_cat-pantalones","7":"product_cat-pantalones-tiro-alto","8":"product_cat-jeans-push-up","9":"product_tag-jeans-bota-tubo","10":"product_tag-jeans-carisma","11":"product_tag-jeans-colombianos","12":"product_tag-jeans-efecto-push-up","13":"product_tag-tela-licrada","15":"first","16":"instock","17":"shipping-taxable","18":"purchasable","19":"product-type-variable"},"yoast_head":"<!-- This site is optimized with the Yoast SEO plugin v25.9 - https:\/\/yoast.com\/wordpress\/plugins\/seo\/ -->\n<title>Jeans Colombianos Push Up Ref. C1457 - Givanna Castelo<\/title>\n<meta name=\"description\" content=\"Jeans Colombianos Push Up Ref. C1457\" \/>\n<meta name=\"robots\" content=\"index, follow, max-snippet:-1, max-image-preview:large, max-video-preview:-1\" \/>\n<link rel=\"canonical\" href=\"https:\/\/givannacastelo.es\/index.php\/producto\/jeans-colombianos-push-up-ref-c1457\/\" \/>\n<meta property=\"og:locale\" content=\"es_ES\" \/>\n<meta property=\"og:type\" content=\"article\" \/>\n<meta property=\"og:title\" content=\"Jeans Colombianos Push Up Ref. C1457 - Givanna Castelo\" \/>\n<meta property=\"og:description\" content=\"Jeans Colombianos Push Up Ref. C1457\" \/>\n<meta property=\"og:url\" content=\"https:\/\/givannacastelo.es\/index.php\/producto\/jeans-colombianos-push-up-ref-c1457\/\" \/>\n<meta property=\"og:site_name\" content=\"Givanna Castelo\" \/>\n<meta property=\"article:modified_time\" content=\"2025-10-17T23:57:22+00:00\" \/>\n<meta property=\"og:image\" content=\"https:\/\/givannacastelo.es\/wp-content\/uploads\/2025\/10\/c1457WhatsApp-Image-2025-10-13-at-9.50.09-AM-9.jpeg\" \/>\n\t<meta property=\"og:image:width\" content=\"1600\" \/>\n\t<meta property=\"og:image:height\" content=\"1043\" \/>\n\t<meta property=\"og:image:type\" content=\"image\/jpeg\" \/>\n<meta name=\"twitter:card\" content=\"summary_large_image\" \/>\n<meta name=\"twitter:label1\" content=\"Tiempo de lectura\" \/>\n\t<meta name=\"twitter:data1\" content=\"1 minuto\" \/>\n<script type=\"application\/ld+json\" class=\"yoast-schema-graph\">{\"@context\":\"https:\/\/schema.org\",\"@graph\":[{\"@type\":\"WebPage\",\"@id\":\"https:\/\/givannacastelo.es\/index.php\/producto\/jeans-colombianos-push-up-ref-c1457\/\",\"url\":\"https:\/\/givannacastelo.es\/index.php\/producto\/jeans-colombianos-push-up-ref-c1457\/\",\"name\":\"Jeans Colombianos Push Up Ref. C1457 - Givanna Castelo\",\"isPartOf\":{\"@id\":\"https:\/\/givannacastelo.es\/#website\"},\"primaryImageOfPage\":{\"@id\":\"https:\/\/givannacastelo.es\/index.php\/producto\/jeans-colombianos-push-up-ref-c1457\/#primaryimage\"},\"image\":{\"@id\":\"https:\/\/givannacastelo.es\/index.php\/producto\/jeans-colombianos-push-up-ref-c1457\/#primaryimage\"},\"thumbnailUrl\":\"https:\/\/givannacastelo.es\/wp-content\/uploads\/2025\/10\/c1457WhatsApp-Image-2025-10-13-at-9.50.09-AM-9.jpeg\",\"datePublished\":\"2025-10-17T23:57:21+00:00\",\"dateModified\":\"2025-10-17T23:57:22+00:00\",\"description\":\"Jeans Colombianos Push Up Ref. C1457\",\"breadcrumb\":{\"@id\":\"https:\/\/givannacastelo.es\/index.php\/producto\/jeans-colombianos-push-up-ref-c1457\/#breadcrumb\"},\"inLanguage\":\"es\",\"potentialAction\":[{\"@type\":\"ReadAction\",\"target\":[\"https:\/\/givannacastelo.es\/index.php\/producto\/jeans-colombianos-push-up-ref-c1457\/\"]}]},{\"@type\":\"ImageObject\",\"inLanguage\":\"es\",\"@id\":\"https:\/\/givannacastelo.es\/index.php\/producto\/jeans-colombianos-push-up-ref-c1457\/#primaryimage\",\"url\":\"https:\/\/givannacastelo.es\/wp-content\/uploads\/2025\/10\/c1457WhatsApp-Image-2025-10-13-at-9.50.09-AM-9.jpeg\",\"contentUrl\":\"https:\/\/givannacastelo.es\/wp-content\/uploads\/2025\/10\/c1457WhatsApp-Image-2025-10-13-at-9.50.09-AM-9.jpeg\",\"width\":1600,\"height\":1043},{\"@type\":\"BreadcrumbList\",\"@id\":\"https:\/\/givannacastelo.es\/index.php\/producto\/jeans-colombianos-push-up-ref-c1457\/#breadcrumb\",\"itemListElement\":[{\"@type\":\"ListItem\",\"position\":1,\"name\":\"Portada\",\"item\":\"https:\/\/givannacastelo.es\/\"},{\"@type\":\"ListItem\",\"position\":2,\"name\":\"Tienda\",\"item\":\"https:\/\/givannacastelo.es\/index.php\/tienda\/\"},{\"@type\":\"ListItem\",\"position\":3,\"name\":\"Jeans Colombianos Push Up Ref. C1457\"}]},{\"@type\":\"WebSite\",\"@id\":\"https:\/\/givannacastelo.es\/#website\",\"url\":\"https:\/\/givannacastelo.es\/\",\"name\":\"Givanna Castelo\",\"description\":\"Descubre en Givanna Castelo las \u00faltimas tendencias en moda para mujer y hombre. Ropa de calidad, estilo \u00fanico y precios accesibles para que siempre luzcas espectacular. \u00a1Compra f\u00e1cil y r\u00e1pido online!\",\"publisher\":{\"@id\":\"https:\/\/givannacastelo.es\/#organization\"},\"alternateName\":\"givannacastelo.es\",\"potentialAction\":[{\"@type\":\"SearchAction\",\"target\":{\"@type\":\"EntryPoint\",\"urlTemplate\":\"https:\/\/givannacastelo.es\/?s={search_term_string}\"},\"query-input\":{\"@type\":\"PropertyValueSpecification\",\"valueRequired\":true,\"valueName\":\"search_term_string\"}}],\"inLanguage\":\"es\"},{\"@type\":\"Organization\",\"@id\":\"https:\/\/givannacastelo.es\/#organization\",\"name\":\"Givanna Castelo\",\"alternateName\":\"givanna castelo\",\"url\":\"https:\/\/givannacastelo.es\/\",\"logo\":{\"@type\":\"ImageObject\",\"inLanguage\":\"es\",\"@id\":\"https:\/\/givannacastelo.es\/#\/schema\/logo\/image\/\",\"url\":\"https:\/\/givannacastelo.es\/wp-content\/uploads\/2025\/09\/Asset-1-1-2.png\",\"contentUrl\":\"https:\/\/givannacastelo.es\/wp-content\/uploads\/2025\/09\/Asset-1-1-2.png\",\"width\":184,\"height\":177,\"caption\":\"Givanna Castelo\"},\"image\":{\"@id\":\"https:\/\/givannacastelo.es\/#\/schema\/logo\/image\/\"}}]}<\/script>\n<!-- \/ Yoast SEO plugin. -->","yoast_head_json":{"title":"Jeans Colombianos Push Up Ref. C1457 - Givanna Castelo","description":"Jeans Colombianos Push Up Ref. C1457","robots":{"index":"index","follow":"follow","max-snippet":"max-snippet:-1","max-image-preview":"max-image-preview:large","max-video-preview":"max-video-preview:-1"},"canonical":"https:\/\/givannacastelo.es\/index.php\/producto\/jeans-colombianos-push-up-ref-c1457\/","og_locale":"es_ES","og_type":"article","og_title":"Jeans Colombianos Push Up Ref. C1457 - Givanna Castelo","og_description":"Jeans Colombianos Push Up Ref. C1457","og_url":"https:\/\/givannacastelo.es\/index.php\/producto\/jeans-colombianos-push-up-ref-c1457\/","og_site_name":"Givanna Castelo","article_modified_time":"2025-10-17T23:57:22+00:00","og_image":[{"width":1600,"height":1043,"url":"https:\/\/givannacastelo.es\/wp-content\/uploads\/2025\/10\/c1457WhatsApp-Image-2025-10-13-at-9.50.09-AM-9.jpeg","type":"image\/jpeg"}],"twitter_card":"summary_large_image","twitter_misc":{"Tiempo de lectura":"1 minuto"},"schema":{"@context":"https:\/\/schema.org","@graph":[{"@type":"WebPage","@id":"https:\/\/givannacastelo.es\/index.php\/producto\/jeans-colombianos-push-up-ref-c1457\/","url":"https:\/\/givannacastelo.es\/index.php\/producto\/jeans-colombianos-push-up-ref-c1457\/","name":"Jeans Colombianos Push Up Ref. C1457 - Givanna Castelo","isPartOf":{"@id":"https:\/\/givannacastelo.es\/#website"},"primaryImageOfPage":{"@id":"https:\/\/givannacastelo.es\/index.php\/producto\/jeans-colombianos-push-up-ref-c1457\/#primaryimage"},"image":{"@id":"https:\/\/givannacastelo.es\/index.php\/producto\/jeans-colombianos-push-up-ref-c1457\/#primaryimage"},"thumbnailUrl":"https:\/\/givannacastelo.es\/wp-content\/uploads\/2025\/10\/c1457WhatsApp-Image-2025-10-13-at-9.50.09-AM-9.jpeg","datePublished":"2025-10-17T23:57:21+00:00","dateModified":"2025-10-17T23:57:22+00:00","description":"Jeans Colombianos Push Up Ref. C1457","breadcrumb":{"@id":"https:\/\/givannacastelo.es\/index.php\/producto\/jeans-colombianos-push-up-ref-c1457\/#breadcrumb"},"inLanguage":"es","potentialAction":[{"@type":"ReadAction","target":["https:\/\/givannacastelo.es\/index.php\/producto\/jeans-colombianos-push-up-ref-c1457\/"]}]},{"@type":"ImageObject","inLanguage":"es","@id":"https:\/\/givannacastelo.es\/index.php\/producto\/jeans-colombianos-push-up-ref-c1457\/#primaryimage","url":"https:\/\/givannacastelo.es\/wp-content\/uploads\/2025\/10\/c1457WhatsApp-Image-2025-10-13-at-9.50.09-AM-9.jpeg","contentUrl":"https:\/\/givannacastelo.es\/wp-content\/uploads\/2025\/10\/c1457WhatsApp-Image-2025-10-13-at-9.50.09-AM-9.jpeg","width":1600,"height":1043},{"@type":"BreadcrumbList","@id":"https:\/\/givannacastelo.es\/index.php\/producto\/jeans-colombianos-push-up-ref-c1457\/#breadcrumb","itemListElement":[{"@type":"ListItem","position":1,"name":"Portada","item":"https:\/\/givannacastelo.es\/"},{"@type":"ListItem","position":2,"name":"Tienda","item":"https:\/\/givannacastelo.es\/index.php\/tienda\/"},{"@type":"ListItem","position":3,"name":"Jeans Colombianos Push Up Ref. C1457"}]},{"@type":"WebSite","@id":"https:\/\/givannacastelo.es\/#website","url":"https:\/\/givannacastelo.es\/","name":"Givanna Castelo","description":"Descubre en Givanna Castelo las \u00faltimas tendencias en moda para mujer y hombre. Ropa de calidad, estilo \u00fanico y precios accesibles para que siempre luzcas espectacular. \u00a1Compra f\u00e1cil y r\u00e1pido online!","publisher":{"@id":"https:\/\/givannacastelo.es\/#organization"},"alternateName":"givannacastelo.es","potentialAction":[{"@type":"SearchAction","target":{"@type":"EntryPoint","urlTemplate":"https:\/\/givannacastelo.es\/?s={search_term_string}"},"query-input":{"@type":"PropertyValueSpecification","valueRequired":true,"valueName":"search_term_string"}}],"inLanguage":"es"},{"@type":"Organization","@id":"https:\/\/givannacastelo.es\/#organization","name":"Givanna Castelo","alternateName":"givanna castelo","url":"https:\/\/givannacastelo.es\/","logo":{"@type":"ImageObject","inLanguage":"es","@id":"https:\/\/givannacastelo.es\/#\/schema\/logo\/image\/","url":"https:\/\/givannacastelo.es\/wp-content\/uploads\/2025\/09\/Asset-1-1-2.png","contentUrl":"https:\/\/givannacastelo.es\/wp-content\/uploads\/2025\/09\/Asset-1-1-2.png","width":184,"height":177,"caption":"Givanna Castelo"},"image":{"@id":"https:\/\/givannacastelo.es\/#\/schema\/logo\/image\/"}}]}},"jetpack_sharing_enabled":true,"_links":{"self":[{"href":"https:\/\/givannacastelo.es\/index.php\/wp-json\/wp\/v2\/product\/8309","targetHints":{"allow":["GET"]}}],"collection":[{"href":"https:\/\/givannacastelo.es\/index.php\/wp-json\/wp\/v2\/product"}],"about":[{"href":"https:\/\/givannacastelo.es\/index.php\/wp-json\/wp\/v2\/types\/product"}],"replies":[{"embeddable":true,"href":"https:\/\/givannacastelo.es\/index.php\/wp-json\/wp\/v2\/comments?post=8309"}],"wp:featuredmedia":[{"embeddable":true,"href":"https:\/\/givannacastelo.es\/index.php\/wp-json\/wp\/v2\/media\/8221"}],"wp:attachment":[{"href":"https:\/\/givannacastelo.es\/index.php\/wp-json\/wp\/v2\/media?parent=8309"}],"wp:term":[{"taxonomy":"product_brand","embeddable":true,"href":"https:\/\/givannacastelo.es\/index.php\/wp-json\/wp\/v2\/product_brand?post=8309"},{"taxonomy":"product_cat","embeddable":true,"href":"https:\/\/givannacastelo.es\/index.php\/wp-json\/wp\/v2\/product_cat?post=8309"},{"taxonomy":"product_tag","embeddable":true,"href":"https:\/\/givannacastelo.es\/index.php\/wp-json\/wp\/v2\/product_tag?post=8309"}],"curies":[{"name":"wp","href":"https:\/\/api.w.org\/{rel}","templated":true}]}}