{"id":8186,"date":"2025-10-11T16:44:46","date_gmt":"2025-10-11T14:44:46","guid":{"rendered":"https:\/\/givannacastelo.es\/?post_type=product&#038;p=8186"},"modified":"2025-10-11T16:44:46","modified_gmt":"2025-10-11T14:44:46","slug":"jeans-push-up-colombiano-ref-l5314","status":"publish","type":"product","link":"https:\/\/givannacastelo.es\/index.php\/producto\/jeans-push-up-colombiano-ref-l5314\/","title":{"rendered":"Jeans Push Up Colombiano Ref. L5314"},"content":{"rendered":"<p data-start=\"70\" data-end=\"421\">Descubre el equilibrio perfecto entre estilo y comodidad con este\u00a0<b><strong data-start=\"136\" data-end=\"152\">jean push up<\/strong><\/b>\u00a0de\u00a0<b><strong data-start=\"156\" data-end=\"169\">tiro alto<\/strong><\/b>\u00a0en\u00a0<b><strong data-start=\"173\" data-end=\"187\">azul medio<\/strong><\/b>, dise\u00f1ado para ofrecer un ajuste favorecedor y realzar tu figura. Confeccionado en una mezcla de\u00a0<b><strong data-start=\"285\" data-end=\"328\">36% poli\u00e9ster, 62% algod\u00f3n y 2% spandex<\/strong><\/b>, este jean combina elasticidad y resistencia, adapt\u00e1ndose a tu cuerpo sin perder su forma.<\/p>\n<h3 data-start=\"423\" data-end=\"449\"><b><strong data-start=\"427\" data-end=\"447\">Caracter\u00edsticas:<\/strong><\/b><\/h3>\n<ul data-start=\"450\" data-end=\"741\">\n<li data-start=\"450\" data-end=\"515\"><b><strong data-start=\"452\" data-end=\"465\">Tiro alto<\/strong><\/b>\u00a0para definir la cintura y estilizar la silueta.<\/li>\n<li data-start=\"516\" data-end=\"579\"><b><strong data-start=\"518\" data-end=\"536\">Efecto push up<\/strong><\/b>\u00a0que realza tus curvas de manera natural.<\/li>\n<li data-start=\"580\" data-end=\"658\">Tela de alta calidad que proporciona libertad de movimiento y durabilidad.<\/li>\n<li data-start=\"659\" data-end=\"741\"><b><strong data-start=\"661\" data-end=\"689\">Producto 100% colombiano<\/strong><\/b>, reflejando la esencia de la\u00a0<b><strong data-start=\"719\" data-end=\"738\">moda colombiana<\/strong><\/b>.<\/li>\n<\/ul>\n<p data-start=\"743\" data-end=\"981\" data-is-last-node=\"\" data-is-only-node=\"\">Si buscas una prenda que combine tendencia y comodidad, este\u00a0<b><strong data-start=\"804\" data-end=\"823\">jean colombiano<\/strong><\/b>\u00a0de una\u00a0<b><strong data-start=\"831\" data-end=\"852\">tienda colombiana<\/strong><\/b>\u00a0es la elecci\u00f3n perfecta. Ideal para un look casual o elegante, a\u00f1ade un toque aut\u00e9ntico de\u00a0<b><strong data-start=\"944\" data-end=\"963\">moda colombiana<\/strong><\/b>\u00a0a tu guardarropa.<\/p>\n<table>\n<tbody>\n<tr>\n<td><b>TALLA<\/b><\/td>\n<td><b>CINTURA SIN ESTIRAR<\/b><\/td>\n<td><b>CINTURA M\u00c1XIMA ELONGACI\u00d3N<\/b><\/td>\n<td><b>CADERA SIN ESTIRAR<\/b><\/td>\n<td><b>CADERA M\u00c1XIMA ELONGACI\u00d3N<\/b><\/td>\n<td><b>LARGO<\/b><\/td>\n<\/tr>\n<tr>\n<td>6<\/td>\n<td>60 CM.<\/td>\n<td>74 CM.<\/td>\n<td>76 CM.<\/td>\n<td>88 CM.<\/td>\n<td>93 CM.<\/td>\n<\/tr>\n<tr>\n<td>8<\/td>\n<td>64 CM.<\/td>\n<td>78 CM.<\/td>\n<td>80CM.<\/td>\n<td>92 CM.<\/td>\n<td>94 CM.<\/td>\n<\/tr>\n<tr>\n<td>10<\/td>\n<td>68 CM.<\/td>\n<td>82 CM.<\/td>\n<td>84 CM.<\/td>\n<td>96 CM.<\/td>\n<td>95 CM.<\/td>\n<\/tr>\n<tr>\n<td>12<\/td>\n<td>72 CM.<\/td>\n<td>86 CM.<\/td>\n<td>88 CM.<\/td>\n<td>100 CM.<\/td>\n<td>96 CM.<\/td>\n<\/tr>\n<tr>\n<td>14<\/td>\n<td>76 CM.<\/td>\n<td>90 CM.<\/td>\n<td>92 CM.<\/td>\n<td>104 CM.<\/td>\n<td>97 CM.<\/td>\n<\/tr>\n<tr>\n<td>16<\/td>\n<td>80 CM.<\/td>\n<td>94 CM.<\/td>\n<td>96 CM.<\/td>\n<td>108 CM.<\/td>\n<td>98 CM.<\/td>\n<\/tr>\n<\/tbody>\n<\/table>\n<p>&nbsp;<\/p>\n","protected":false},"excerpt":{"rendered":"<p>Descubre el equilibrio perfecto entre estilo y comodidad con este\u00a0jean push up\u00a0de\u00a0tiro alto\u00a0en\u00a0azul medio, dise\u00f1ado para ofrecer un ajuste favorecedor y realzar tu figura. Confeccionado en una mezcla de\u00a036% poli\u00e9ster, 62% algod\u00f3n y 2% spandex, este jean combina elasticidad y resistencia, adapt\u00e1ndose a tu cuerpo sin perder su forma. Caracter\u00edsticas: Tiro alto\u00a0para definir la cintura [&hellip;]<\/p>\n","protected":false},"featured_media":8181,"comment_status":"open","ping_status":"closed","template":"","meta":{"_et_pb_use_builder":"","_et_pb_old_content":"","_et_gb_content_width":""},"product_brand":[],"product_cat":[213,218,26],"product_tag":[48,442,440,373],"class_list":{"0":"post-8186","1":"product","2":"type-product","3":"status-publish","4":"has-post-thumbnail","6":"product_cat-pantalones","7":"product_cat-pantalones-tiro-alto","8":"product_cat-jeans-push-up","9":"product_tag-jeans-colombiano","10":"product_tag-jeans-de-alta-calidad","11":"product_tag-jeans-de-moda","12":"product_tag-pantalos-con-efecto-push-up","14":"first","15":"instock","16":"shipping-taxable","17":"purchasable","18":"product-type-variable"},"yoast_head":"<!-- This site is optimized with the Yoast SEO plugin v25.9 - https:\/\/yoast.com\/wordpress\/plugins\/seo\/ -->\n<title>Jeans Push Up Colombiano Ref. L5314 - Givanna Castelo<\/title>\n<meta name=\"description\" content=\"Jeans Push Up Colombiano Ref. L5314\" \/>\n<meta name=\"robots\" content=\"index, follow, max-snippet:-1, max-image-preview:large, max-video-preview:-1\" \/>\n<link rel=\"canonical\" href=\"https:\/\/givannacastelo.es\/index.php\/producto\/jeans-push-up-colombiano-ref-l5314\/\" \/>\n<meta property=\"og:locale\" content=\"es_ES\" \/>\n<meta property=\"og:type\" content=\"article\" \/>\n<meta property=\"og:title\" content=\"Jeans Push Up Colombiano Ref. L5314 - Givanna Castelo\" \/>\n<meta property=\"og:description\" content=\"Jeans Push Up Colombiano Ref. L5314\" \/>\n<meta property=\"og:url\" content=\"https:\/\/givannacastelo.es\/index.php\/producto\/jeans-push-up-colombiano-ref-l5314\/\" \/>\n<meta property=\"og:site_name\" content=\"Givanna Castelo\" \/>\n<meta property=\"og:image\" content=\"https:\/\/givannacastelo.es\/wp-content\/uploads\/2025\/10\/l5314https___images.colombiaespassion.net_921741595387-scaled.jpg\" \/>\n\t<meta property=\"og:image:width\" content=\"1680\" \/>\n\t<meta property=\"og:image:height\" content=\"2560\" \/>\n\t<meta property=\"og:image:type\" content=\"image\/jpeg\" \/>\n<meta name=\"twitter:card\" content=\"summary_large_image\" \/>\n<meta name=\"twitter:label1\" content=\"Tiempo de lectura\" \/>\n\t<meta name=\"twitter:data1\" content=\"2 minutos\" \/>\n<script type=\"application\/ld+json\" class=\"yoast-schema-graph\">{\"@context\":\"https:\/\/schema.org\",\"@graph\":[{\"@type\":\"WebPage\",\"@id\":\"https:\/\/givannacastelo.es\/index.php\/producto\/jeans-push-up-colombiano-ref-l5314\/\",\"url\":\"https:\/\/givannacastelo.es\/index.php\/producto\/jeans-push-up-colombiano-ref-l5314\/\",\"name\":\"Jeans Push Up Colombiano Ref. L5314 - Givanna Castelo\",\"isPartOf\":{\"@id\":\"https:\/\/givannacastelo.es\/#website\"},\"primaryImageOfPage\":{\"@id\":\"https:\/\/givannacastelo.es\/index.php\/producto\/jeans-push-up-colombiano-ref-l5314\/#primaryimage\"},\"image\":{\"@id\":\"https:\/\/givannacastelo.es\/index.php\/producto\/jeans-push-up-colombiano-ref-l5314\/#primaryimage\"},\"thumbnailUrl\":\"https:\/\/givannacastelo.es\/wp-content\/uploads\/2025\/10\/l5314https___images.colombiaespassion.net_921741595387-scaled.jpg\",\"datePublished\":\"2025-10-11T14:44:46+00:00\",\"description\":\"Jeans Push Up Colombiano Ref. L5314\",\"breadcrumb\":{\"@id\":\"https:\/\/givannacastelo.es\/index.php\/producto\/jeans-push-up-colombiano-ref-l5314\/#breadcrumb\"},\"inLanguage\":\"es\",\"potentialAction\":[{\"@type\":\"ReadAction\",\"target\":[\"https:\/\/givannacastelo.es\/index.php\/producto\/jeans-push-up-colombiano-ref-l5314\/\"]}]},{\"@type\":\"ImageObject\",\"inLanguage\":\"es\",\"@id\":\"https:\/\/givannacastelo.es\/index.php\/producto\/jeans-push-up-colombiano-ref-l5314\/#primaryimage\",\"url\":\"https:\/\/givannacastelo.es\/wp-content\/uploads\/2025\/10\/l5314https___images.colombiaespassion.net_921741595387-scaled.jpg\",\"contentUrl\":\"https:\/\/givannacastelo.es\/wp-content\/uploads\/2025\/10\/l5314https___images.colombiaespassion.net_921741595387-scaled.jpg\",\"width\":1680,\"height\":2560},{\"@type\":\"BreadcrumbList\",\"@id\":\"https:\/\/givannacastelo.es\/index.php\/producto\/jeans-push-up-colombiano-ref-l5314\/#breadcrumb\",\"itemListElement\":[{\"@type\":\"ListItem\",\"position\":1,\"name\":\"Portada\",\"item\":\"https:\/\/givannacastelo.es\/\"},{\"@type\":\"ListItem\",\"position\":2,\"name\":\"Tienda\",\"item\":\"https:\/\/givannacastelo.es\/index.php\/tienda\/\"},{\"@type\":\"ListItem\",\"position\":3,\"name\":\"Jeans Push Up Colombiano Ref. L5314\"}]},{\"@type\":\"WebSite\",\"@id\":\"https:\/\/givannacastelo.es\/#website\",\"url\":\"https:\/\/givannacastelo.es\/\",\"name\":\"Givanna Castelo\",\"description\":\"Descubre en Givanna Castelo las \u00faltimas tendencias en moda para mujer y hombre. Ropa de calidad, estilo \u00fanico y precios accesibles para que siempre luzcas espectacular. \u00a1Compra f\u00e1cil y r\u00e1pido online!\",\"publisher\":{\"@id\":\"https:\/\/givannacastelo.es\/#organization\"},\"alternateName\":\"givannacastelo.es\",\"potentialAction\":[{\"@type\":\"SearchAction\",\"target\":{\"@type\":\"EntryPoint\",\"urlTemplate\":\"https:\/\/givannacastelo.es\/?s={search_term_string}\"},\"query-input\":{\"@type\":\"PropertyValueSpecification\",\"valueRequired\":true,\"valueName\":\"search_term_string\"}}],\"inLanguage\":\"es\"},{\"@type\":\"Organization\",\"@id\":\"https:\/\/givannacastelo.es\/#organization\",\"name\":\"Givanna Castelo\",\"alternateName\":\"givanna castelo\",\"url\":\"https:\/\/givannacastelo.es\/\",\"logo\":{\"@type\":\"ImageObject\",\"inLanguage\":\"es\",\"@id\":\"https:\/\/givannacastelo.es\/#\/schema\/logo\/image\/\",\"url\":\"https:\/\/givannacastelo.es\/wp-content\/uploads\/2025\/09\/Asset-1-1-2.png\",\"contentUrl\":\"https:\/\/givannacastelo.es\/wp-content\/uploads\/2025\/09\/Asset-1-1-2.png\",\"width\":184,\"height\":177,\"caption\":\"Givanna Castelo\"},\"image\":{\"@id\":\"https:\/\/givannacastelo.es\/#\/schema\/logo\/image\/\"}}]}<\/script>\n<!-- \/ Yoast SEO plugin. -->","yoast_head_json":{"title":"Jeans Push Up Colombiano Ref. L5314 - Givanna Castelo","description":"Jeans Push Up Colombiano Ref. L5314","robots":{"index":"index","follow":"follow","max-snippet":"max-snippet:-1","max-image-preview":"max-image-preview:large","max-video-preview":"max-video-preview:-1"},"canonical":"https:\/\/givannacastelo.es\/index.php\/producto\/jeans-push-up-colombiano-ref-l5314\/","og_locale":"es_ES","og_type":"article","og_title":"Jeans Push Up Colombiano Ref. L5314 - Givanna Castelo","og_description":"Jeans Push Up Colombiano Ref. L5314","og_url":"https:\/\/givannacastelo.es\/index.php\/producto\/jeans-push-up-colombiano-ref-l5314\/","og_site_name":"Givanna Castelo","og_image":[{"width":1680,"height":2560,"url":"https:\/\/givannacastelo.es\/wp-content\/uploads\/2025\/10\/l5314https___images.colombiaespassion.net_921741595387-scaled.jpg","type":"image\/jpeg"}],"twitter_card":"summary_large_image","twitter_misc":{"Tiempo de lectura":"2 minutos"},"schema":{"@context":"https:\/\/schema.org","@graph":[{"@type":"WebPage","@id":"https:\/\/givannacastelo.es\/index.php\/producto\/jeans-push-up-colombiano-ref-l5314\/","url":"https:\/\/givannacastelo.es\/index.php\/producto\/jeans-push-up-colombiano-ref-l5314\/","name":"Jeans Push Up Colombiano Ref. L5314 - Givanna Castelo","isPartOf":{"@id":"https:\/\/givannacastelo.es\/#website"},"primaryImageOfPage":{"@id":"https:\/\/givannacastelo.es\/index.php\/producto\/jeans-push-up-colombiano-ref-l5314\/#primaryimage"},"image":{"@id":"https:\/\/givannacastelo.es\/index.php\/producto\/jeans-push-up-colombiano-ref-l5314\/#primaryimage"},"thumbnailUrl":"https:\/\/givannacastelo.es\/wp-content\/uploads\/2025\/10\/l5314https___images.colombiaespassion.net_921741595387-scaled.jpg","datePublished":"2025-10-11T14:44:46+00:00","description":"Jeans Push Up Colombiano Ref. L5314","breadcrumb":{"@id":"https:\/\/givannacastelo.es\/index.php\/producto\/jeans-push-up-colombiano-ref-l5314\/#breadcrumb"},"inLanguage":"es","potentialAction":[{"@type":"ReadAction","target":["https:\/\/givannacastelo.es\/index.php\/producto\/jeans-push-up-colombiano-ref-l5314\/"]}]},{"@type":"ImageObject","inLanguage":"es","@id":"https:\/\/givannacastelo.es\/index.php\/producto\/jeans-push-up-colombiano-ref-l5314\/#primaryimage","url":"https:\/\/givannacastelo.es\/wp-content\/uploads\/2025\/10\/l5314https___images.colombiaespassion.net_921741595387-scaled.jpg","contentUrl":"https:\/\/givannacastelo.es\/wp-content\/uploads\/2025\/10\/l5314https___images.colombiaespassion.net_921741595387-scaled.jpg","width":1680,"height":2560},{"@type":"BreadcrumbList","@id":"https:\/\/givannacastelo.es\/index.php\/producto\/jeans-push-up-colombiano-ref-l5314\/#breadcrumb","itemListElement":[{"@type":"ListItem","position":1,"name":"Portada","item":"https:\/\/givannacastelo.es\/"},{"@type":"ListItem","position":2,"name":"Tienda","item":"https:\/\/givannacastelo.es\/index.php\/tienda\/"},{"@type":"ListItem","position":3,"name":"Jeans Push Up Colombiano Ref. L5314"}]},{"@type":"WebSite","@id":"https:\/\/givannacastelo.es\/#website","url":"https:\/\/givannacastelo.es\/","name":"Givanna Castelo","description":"Descubre en Givanna Castelo las \u00faltimas tendencias en moda para mujer y hombre. Ropa de calidad, estilo \u00fanico y precios accesibles para que siempre luzcas espectacular. \u00a1Compra f\u00e1cil y r\u00e1pido online!","publisher":{"@id":"https:\/\/givannacastelo.es\/#organization"},"alternateName":"givannacastelo.es","potentialAction":[{"@type":"SearchAction","target":{"@type":"EntryPoint","urlTemplate":"https:\/\/givannacastelo.es\/?s={search_term_string}"},"query-input":{"@type":"PropertyValueSpecification","valueRequired":true,"valueName":"search_term_string"}}],"inLanguage":"es"},{"@type":"Organization","@id":"https:\/\/givannacastelo.es\/#organization","name":"Givanna Castelo","alternateName":"givanna castelo","url":"https:\/\/givannacastelo.es\/","logo":{"@type":"ImageObject","inLanguage":"es","@id":"https:\/\/givannacastelo.es\/#\/schema\/logo\/image\/","url":"https:\/\/givannacastelo.es\/wp-content\/uploads\/2025\/09\/Asset-1-1-2.png","contentUrl":"https:\/\/givannacastelo.es\/wp-content\/uploads\/2025\/09\/Asset-1-1-2.png","width":184,"height":177,"caption":"Givanna Castelo"},"image":{"@id":"https:\/\/givannacastelo.es\/#\/schema\/logo\/image\/"}}]}},"jetpack_sharing_enabled":true,"_links":{"self":[{"href":"https:\/\/givannacastelo.es\/index.php\/wp-json\/wp\/v2\/product\/8186","targetHints":{"allow":["GET"]}}],"collection":[{"href":"https:\/\/givannacastelo.es\/index.php\/wp-json\/wp\/v2\/product"}],"about":[{"href":"https:\/\/givannacastelo.es\/index.php\/wp-json\/wp\/v2\/types\/product"}],"replies":[{"embeddable":true,"href":"https:\/\/givannacastelo.es\/index.php\/wp-json\/wp\/v2\/comments?post=8186"}],"wp:featuredmedia":[{"embeddable":true,"href":"https:\/\/givannacastelo.es\/index.php\/wp-json\/wp\/v2\/media\/8181"}],"wp:attachment":[{"href":"https:\/\/givannacastelo.es\/index.php\/wp-json\/wp\/v2\/media?parent=8186"}],"wp:term":[{"taxonomy":"product_brand","embeddable":true,"href":"https:\/\/givannacastelo.es\/index.php\/wp-json\/wp\/v2\/product_brand?post=8186"},{"taxonomy":"product_cat","embeddable":true,"href":"https:\/\/givannacastelo.es\/index.php\/wp-json\/wp\/v2\/product_cat?post=8186"},{"taxonomy":"product_tag","embeddable":true,"href":"https:\/\/givannacastelo.es\/index.php\/wp-json\/wp\/v2\/product_tag?post=8186"}],"curies":[{"name":"wp","href":"https:\/\/api.w.org\/{rel}","templated":true}]}}