{"id":8160,"date":"2025-10-11T16:01:19","date_gmt":"2025-10-11T14:01:19","guid":{"rendered":"https:\/\/givannacastelo.es\/?post_type=product&#038;p=8160"},"modified":"2025-10-11T16:01:20","modified_gmt":"2025-10-11T14:01:20","slug":"pantalon-jeans-cargo-hielo-correa-ref-d3005","status":"publish","type":"product","link":"https:\/\/givannacastelo.es\/index.php\/producto\/pantalon-jeans-cargo-hielo-correa-ref-d3005\/","title":{"rendered":"Pantal\u00f3n Jeans Cargo Hielo Correa Ref. D3005"},"content":{"rendered":"<p>\u00a1Eleva tu estilo con el Jean Cargo Levantacola en color azul hielo de la renombrada marca colombiana Doll! Este jean ha sido dise\u00f1ado meticulosamente para resaltar tu figura con su tecnolog\u00eda levantacola, ofreciendo un ajuste favorecedor que moldea y embellece tus curvas. El modelo cargo a\u00f1ade un toque de modernidad y practicidad, con bolsillos estrat\u00e9gicamente ubicados para un look casual pero sofisticado.<\/p>\n<p>El elegante color azul hielo es ideal para darle un toque fresco y vers\u00e1til a tu guardarropa, perfecto para cualquier ocasi\u00f3n, desde un d\u00eda relajado hasta una salida especial. Confeccionado con materiales de alta calidad, este jean asegura durabilidad y comodidad durante todo el d\u00eda. Su dise\u00f1o ergon\u00f3mico se adapta a tus curvas, proporcionando un ajuste c\u00f3modo y favorecedor.<\/p>\n<p>\u00a1No esperes m\u00e1s para a\u00f1adir esta prenda \u00fanica a tu colecci\u00f3n! Agr\u00e9galo al carrito y compra ahora en nuestra web. Realizamos env\u00edos a todos los destinos, para que puedas disfrutar de la moda Doll sin importar d\u00f3nde te encuentres.<\/p>\n<table>\n<tbody>\n<tr>\n<td><b>Talla<\/b><\/td>\n<td><b>Cintura <\/b><\/td>\n<td><b>Cadera <\/b><\/td>\n<td><b>Largo<\/b><\/td>\n<\/tr>\n<tr>\n<td>6<\/td>\n<td>62 cm.<\/td>\n<td>90 cm.<\/td>\n<td>100 cm.<\/td>\n<\/tr>\n<tr>\n<td>8<\/td>\n<td>66 cm.<\/td>\n<td>94 cm.<\/td>\n<td>100 cm.<\/td>\n<\/tr>\n<tr>\n<td>10<\/td>\n<td>70 cm.<\/td>\n<td>98 cm.<\/td>\n<td>104 cm.<\/td>\n<\/tr>\n<tr>\n<td>12<\/td>\n<td>74 cm.<\/td>\n<td>102 cm.<\/td>\n<td>106 cm.<\/td>\n<\/tr>\n<tr>\n<td>14<\/td>\n<td>78 cm.<\/td>\n<td>106 cm.<\/td>\n<td>107 cm.<\/td>\n<\/tr>\n<\/tbody>\n<\/table>\n<p>&nbsp;<\/p>\n","protected":false},"excerpt":{"rendered":"<ul>\n<li>Transforma tu estilo con el Jean Cargo Levantacola en azul hielo. \u00a1Elegancia y comodidad en un solo lugar!\n<p><b><strong>No estira.<br \/>\n<\/strong><\/b><\/li>\n<\/ul>\n","protected":false},"featured_media":8155,"comment_status":"open","ping_status":"closed","template":"","meta":{"_et_pb_use_builder":"","_et_pb_old_content":"","_et_gb_content_width":""},"product_brand":[],"product_cat":[213,224],"product_tag":[440,439,441,438,407],"class_list":{"0":"post-8160","1":"product","2":"type-product","3":"status-publish","4":"has-post-thumbnail","6":"product_cat-pantalones","7":"product_cat-pantalones-cargo","8":"product_tag-jeans-de-moda","9":"product_tag-pantalon-cargo","10":"product_tag-pantalon-cargo-con-correa","11":"product_tag-pantalon-jeans","12":"product_tag-pantalon-levantacola","14":"first","15":"instock","16":"shipping-taxable","17":"purchasable","18":"product-type-variable"},"yoast_head":"<!-- This site is optimized with the Yoast SEO plugin v25.9 - https:\/\/yoast.com\/wordpress\/plugins\/seo\/ -->\n<title>Pantal\u00f3n Jeans Cargo Hielo Correa Ref. D3005 - Givanna Castelo<\/title>\n<meta name=\"description\" content=\"Pantal\u00f3n Jeans Cargo Hielo Correa Ref. D3005\" \/>\n<meta name=\"robots\" content=\"index, follow, max-snippet:-1, max-image-preview:large, max-video-preview:-1\" \/>\n<link rel=\"canonical\" href=\"https:\/\/givannacastelo.es\/index.php\/producto\/pantalon-jeans-cargo-hielo-correa-ref-d3005\/\" \/>\n<meta property=\"og:locale\" content=\"es_ES\" \/>\n<meta property=\"og:type\" content=\"article\" \/>\n<meta property=\"og:title\" content=\"Pantal\u00f3n Jeans Cargo Hielo Correa Ref. D3005 - Givanna Castelo\" \/>\n<meta property=\"og:description\" content=\"Pantal\u00f3n Jeans Cargo Hielo Correa Ref. D3005\" \/>\n<meta property=\"og:url\" content=\"https:\/\/givannacastelo.es\/index.php\/producto\/pantalon-jeans-cargo-hielo-correa-ref-d3005\/\" \/>\n<meta property=\"og:site_name\" content=\"Givanna Castelo\" \/>\n<meta property=\"article:modified_time\" content=\"2025-10-11T14:01:20+00:00\" \/>\n<meta property=\"og:image\" content=\"https:\/\/givannacastelo.es\/wp-content\/uploads\/2025\/10\/d3005https___images.colombiaespassion.net_921720014557.jpg\" \/>\n\t<meta property=\"og:image:width\" content=\"1890\" \/>\n\t<meta property=\"og:image:height\" content=\"2363\" \/>\n\t<meta property=\"og:image:type\" content=\"image\/jpeg\" \/>\n<meta name=\"twitter:card\" content=\"summary_large_image\" \/>\n<meta name=\"twitter:label1\" content=\"Tiempo de lectura\" \/>\n\t<meta name=\"twitter:data1\" content=\"2 minutos\" \/>\n<script type=\"application\/ld+json\" class=\"yoast-schema-graph\">{\"@context\":\"https:\/\/schema.org\",\"@graph\":[{\"@type\":\"WebPage\",\"@id\":\"https:\/\/givannacastelo.es\/index.php\/producto\/pantalon-jeans-cargo-hielo-correa-ref-d3005\/\",\"url\":\"https:\/\/givannacastelo.es\/index.php\/producto\/pantalon-jeans-cargo-hielo-correa-ref-d3005\/\",\"name\":\"Pantal\u00f3n Jeans Cargo Hielo Correa Ref. D3005 - Givanna Castelo\",\"isPartOf\":{\"@id\":\"https:\/\/givannacastelo.es\/#website\"},\"primaryImageOfPage\":{\"@id\":\"https:\/\/givannacastelo.es\/index.php\/producto\/pantalon-jeans-cargo-hielo-correa-ref-d3005\/#primaryimage\"},\"image\":{\"@id\":\"https:\/\/givannacastelo.es\/index.php\/producto\/pantalon-jeans-cargo-hielo-correa-ref-d3005\/#primaryimage\"},\"thumbnailUrl\":\"https:\/\/givannacastelo.es\/wp-content\/uploads\/2025\/10\/d3005https___images.colombiaespassion.net_921720014557.jpg\",\"datePublished\":\"2025-10-11T14:01:19+00:00\",\"dateModified\":\"2025-10-11T14:01:20+00:00\",\"description\":\"Pantal\u00f3n Jeans Cargo Hielo Correa Ref. D3005\",\"breadcrumb\":{\"@id\":\"https:\/\/givannacastelo.es\/index.php\/producto\/pantalon-jeans-cargo-hielo-correa-ref-d3005\/#breadcrumb\"},\"inLanguage\":\"es\",\"potentialAction\":[{\"@type\":\"ReadAction\",\"target\":[\"https:\/\/givannacastelo.es\/index.php\/producto\/pantalon-jeans-cargo-hielo-correa-ref-d3005\/\"]}]},{\"@type\":\"ImageObject\",\"inLanguage\":\"es\",\"@id\":\"https:\/\/givannacastelo.es\/index.php\/producto\/pantalon-jeans-cargo-hielo-correa-ref-d3005\/#primaryimage\",\"url\":\"https:\/\/givannacastelo.es\/wp-content\/uploads\/2025\/10\/d3005https___images.colombiaespassion.net_921720014557.jpg\",\"contentUrl\":\"https:\/\/givannacastelo.es\/wp-content\/uploads\/2025\/10\/d3005https___images.colombiaespassion.net_921720014557.jpg\",\"width\":1890,\"height\":2363},{\"@type\":\"BreadcrumbList\",\"@id\":\"https:\/\/givannacastelo.es\/index.php\/producto\/pantalon-jeans-cargo-hielo-correa-ref-d3005\/#breadcrumb\",\"itemListElement\":[{\"@type\":\"ListItem\",\"position\":1,\"name\":\"Portada\",\"item\":\"https:\/\/givannacastelo.es\/\"},{\"@type\":\"ListItem\",\"position\":2,\"name\":\"Tienda\",\"item\":\"https:\/\/givannacastelo.es\/index.php\/tienda\/\"},{\"@type\":\"ListItem\",\"position\":3,\"name\":\"Pantal\u00f3n Jeans Cargo Hielo Correa Ref. D3005\"}]},{\"@type\":\"WebSite\",\"@id\":\"https:\/\/givannacastelo.es\/#website\",\"url\":\"https:\/\/givannacastelo.es\/\",\"name\":\"Givanna Castelo\",\"description\":\"Descubre en Givanna Castelo las \u00faltimas tendencias en moda para mujer y hombre. Ropa de calidad, estilo \u00fanico y precios accesibles para que siempre luzcas espectacular. \u00a1Compra f\u00e1cil y r\u00e1pido online!\",\"publisher\":{\"@id\":\"https:\/\/givannacastelo.es\/#organization\"},\"alternateName\":\"givannacastelo.es\",\"potentialAction\":[{\"@type\":\"SearchAction\",\"target\":{\"@type\":\"EntryPoint\",\"urlTemplate\":\"https:\/\/givannacastelo.es\/?s={search_term_string}\"},\"query-input\":{\"@type\":\"PropertyValueSpecification\",\"valueRequired\":true,\"valueName\":\"search_term_string\"}}],\"inLanguage\":\"es\"},{\"@type\":\"Organization\",\"@id\":\"https:\/\/givannacastelo.es\/#organization\",\"name\":\"Givanna Castelo\",\"alternateName\":\"givanna castelo\",\"url\":\"https:\/\/givannacastelo.es\/\",\"logo\":{\"@type\":\"ImageObject\",\"inLanguage\":\"es\",\"@id\":\"https:\/\/givannacastelo.es\/#\/schema\/logo\/image\/\",\"url\":\"https:\/\/givannacastelo.es\/wp-content\/uploads\/2025\/09\/Asset-1-1-2.png\",\"contentUrl\":\"https:\/\/givannacastelo.es\/wp-content\/uploads\/2025\/09\/Asset-1-1-2.png\",\"width\":184,\"height\":177,\"caption\":\"Givanna Castelo\"},\"image\":{\"@id\":\"https:\/\/givannacastelo.es\/#\/schema\/logo\/image\/\"}}]}<\/script>\n<!-- \/ Yoast SEO plugin. -->","yoast_head_json":{"title":"Pantal\u00f3n Jeans Cargo Hielo Correa Ref. D3005 - Givanna Castelo","description":"Pantal\u00f3n Jeans Cargo Hielo Correa Ref. D3005","robots":{"index":"index","follow":"follow","max-snippet":"max-snippet:-1","max-image-preview":"max-image-preview:large","max-video-preview":"max-video-preview:-1"},"canonical":"https:\/\/givannacastelo.es\/index.php\/producto\/pantalon-jeans-cargo-hielo-correa-ref-d3005\/","og_locale":"es_ES","og_type":"article","og_title":"Pantal\u00f3n Jeans Cargo Hielo Correa Ref. D3005 - Givanna Castelo","og_description":"Pantal\u00f3n Jeans Cargo Hielo Correa Ref. D3005","og_url":"https:\/\/givannacastelo.es\/index.php\/producto\/pantalon-jeans-cargo-hielo-correa-ref-d3005\/","og_site_name":"Givanna Castelo","article_modified_time":"2025-10-11T14:01:20+00:00","og_image":[{"width":1890,"height":2363,"url":"https:\/\/givannacastelo.es\/wp-content\/uploads\/2025\/10\/d3005https___images.colombiaespassion.net_921720014557.jpg","type":"image\/jpeg"}],"twitter_card":"summary_large_image","twitter_misc":{"Tiempo de lectura":"2 minutos"},"schema":{"@context":"https:\/\/schema.org","@graph":[{"@type":"WebPage","@id":"https:\/\/givannacastelo.es\/index.php\/producto\/pantalon-jeans-cargo-hielo-correa-ref-d3005\/","url":"https:\/\/givannacastelo.es\/index.php\/producto\/pantalon-jeans-cargo-hielo-correa-ref-d3005\/","name":"Pantal\u00f3n Jeans Cargo Hielo Correa Ref. D3005 - Givanna Castelo","isPartOf":{"@id":"https:\/\/givannacastelo.es\/#website"},"primaryImageOfPage":{"@id":"https:\/\/givannacastelo.es\/index.php\/producto\/pantalon-jeans-cargo-hielo-correa-ref-d3005\/#primaryimage"},"image":{"@id":"https:\/\/givannacastelo.es\/index.php\/producto\/pantalon-jeans-cargo-hielo-correa-ref-d3005\/#primaryimage"},"thumbnailUrl":"https:\/\/givannacastelo.es\/wp-content\/uploads\/2025\/10\/d3005https___images.colombiaespassion.net_921720014557.jpg","datePublished":"2025-10-11T14:01:19+00:00","dateModified":"2025-10-11T14:01:20+00:00","description":"Pantal\u00f3n Jeans Cargo Hielo Correa Ref. D3005","breadcrumb":{"@id":"https:\/\/givannacastelo.es\/index.php\/producto\/pantalon-jeans-cargo-hielo-correa-ref-d3005\/#breadcrumb"},"inLanguage":"es","potentialAction":[{"@type":"ReadAction","target":["https:\/\/givannacastelo.es\/index.php\/producto\/pantalon-jeans-cargo-hielo-correa-ref-d3005\/"]}]},{"@type":"ImageObject","inLanguage":"es","@id":"https:\/\/givannacastelo.es\/index.php\/producto\/pantalon-jeans-cargo-hielo-correa-ref-d3005\/#primaryimage","url":"https:\/\/givannacastelo.es\/wp-content\/uploads\/2025\/10\/d3005https___images.colombiaespassion.net_921720014557.jpg","contentUrl":"https:\/\/givannacastelo.es\/wp-content\/uploads\/2025\/10\/d3005https___images.colombiaespassion.net_921720014557.jpg","width":1890,"height":2363},{"@type":"BreadcrumbList","@id":"https:\/\/givannacastelo.es\/index.php\/producto\/pantalon-jeans-cargo-hielo-correa-ref-d3005\/#breadcrumb","itemListElement":[{"@type":"ListItem","position":1,"name":"Portada","item":"https:\/\/givannacastelo.es\/"},{"@type":"ListItem","position":2,"name":"Tienda","item":"https:\/\/givannacastelo.es\/index.php\/tienda\/"},{"@type":"ListItem","position":3,"name":"Pantal\u00f3n Jeans Cargo Hielo Correa Ref. D3005"}]},{"@type":"WebSite","@id":"https:\/\/givannacastelo.es\/#website","url":"https:\/\/givannacastelo.es\/","name":"Givanna Castelo","description":"Descubre en Givanna Castelo las \u00faltimas tendencias en moda para mujer y hombre. Ropa de calidad, estilo \u00fanico y precios accesibles para que siempre luzcas espectacular. \u00a1Compra f\u00e1cil y r\u00e1pido online!","publisher":{"@id":"https:\/\/givannacastelo.es\/#organization"},"alternateName":"givannacastelo.es","potentialAction":[{"@type":"SearchAction","target":{"@type":"EntryPoint","urlTemplate":"https:\/\/givannacastelo.es\/?s={search_term_string}"},"query-input":{"@type":"PropertyValueSpecification","valueRequired":true,"valueName":"search_term_string"}}],"inLanguage":"es"},{"@type":"Organization","@id":"https:\/\/givannacastelo.es\/#organization","name":"Givanna Castelo","alternateName":"givanna castelo","url":"https:\/\/givannacastelo.es\/","logo":{"@type":"ImageObject","inLanguage":"es","@id":"https:\/\/givannacastelo.es\/#\/schema\/logo\/image\/","url":"https:\/\/givannacastelo.es\/wp-content\/uploads\/2025\/09\/Asset-1-1-2.png","contentUrl":"https:\/\/givannacastelo.es\/wp-content\/uploads\/2025\/09\/Asset-1-1-2.png","width":184,"height":177,"caption":"Givanna Castelo"},"image":{"@id":"https:\/\/givannacastelo.es\/#\/schema\/logo\/image\/"}}]}},"jetpack_sharing_enabled":true,"_links":{"self":[{"href":"https:\/\/givannacastelo.es\/index.php\/wp-json\/wp\/v2\/product\/8160","targetHints":{"allow":["GET"]}}],"collection":[{"href":"https:\/\/givannacastelo.es\/index.php\/wp-json\/wp\/v2\/product"}],"about":[{"href":"https:\/\/givannacastelo.es\/index.php\/wp-json\/wp\/v2\/types\/product"}],"replies":[{"embeddable":true,"href":"https:\/\/givannacastelo.es\/index.php\/wp-json\/wp\/v2\/comments?post=8160"}],"wp:featuredmedia":[{"embeddable":true,"href":"https:\/\/givannacastelo.es\/index.php\/wp-json\/wp\/v2\/media\/8155"}],"wp:attachment":[{"href":"https:\/\/givannacastelo.es\/index.php\/wp-json\/wp\/v2\/media?parent=8160"}],"wp:term":[{"taxonomy":"product_brand","embeddable":true,"href":"https:\/\/givannacastelo.es\/index.php\/wp-json\/wp\/v2\/product_brand?post=8160"},{"taxonomy":"product_cat","embeddable":true,"href":"https:\/\/givannacastelo.es\/index.php\/wp-json\/wp\/v2\/product_cat?post=8160"},{"taxonomy":"product_tag","embeddable":true,"href":"https:\/\/givannacastelo.es\/index.php\/wp-json\/wp\/v2\/product_tag?post=8160"}],"curies":[{"name":"wp","href":"https:\/\/api.w.org\/{rel}","templated":true}]}}