{"id":8072,"date":"2025-10-10T15:02:17","date_gmt":"2025-10-10T13:02:17","guid":{"rendered":"https:\/\/givannacastelo.es\/?post_type=product&#038;p=8072"},"modified":"2025-10-10T15:02:18","modified_gmt":"2025-10-10T13:02:18","slug":"pantalon-colombiano-ref-b1904","status":"publish","type":"product","link":"https:\/\/givannacastelo.es\/index.php\/producto\/pantalon-colombiano-ref-b1904\/","title":{"rendered":"Pantal\u00f3n Colombiano Ref. B1904"},"content":{"rendered":"<p class=\"\" data-start=\"88\" data-end=\"328\">Este\u00a0<strong data-start=\"93\" data-end=\"119\">jean skinny colombiano<\/strong>\u00a0combina un dise\u00f1o moderno con detalles que realzan tu figura de manera natural. Confeccionado en\u00a0<strong data-start=\"217\" data-end=\"242\">tela con efecto cuero<\/strong>, ofrece un acabado elegante y llamativo, ideal para looks nocturnos o sofisticados.<\/p>\n<p class=\"\" data-start=\"330\" data-end=\"626\">Su\u00a0<strong data-start=\"333\" data-end=\"363\">pretina alta con 3 botones<\/strong>\u00a0proporciona\u00a0<strong data-start=\"376\" data-end=\"398\">control de abdomen<\/strong>, ayudando a definir la cintura y brindar un ajuste firme. El dise\u00f1o\u00a0<strong data-start=\"467\" data-end=\"478\">push up<\/strong>\u00a0con\u00a0<strong data-start=\"483\" data-end=\"502\">detalle bordado<\/strong>\u00a0a\u00f1ade un toque femenino y \u00fanico. Adem\u00e1s,\u00a0<strong data-start=\"544\" data-end=\"564\">incluye cintur\u00f3n<\/strong>, que complementa y realza a\u00fan m\u00e1s el estilo de esta prenda.<\/p>\n<h3 class=\"\" data-start=\"628\" data-end=\"654\"><strong data-start=\"632\" data-end=\"652\">Caracter\u00edsticas:<\/strong><\/h3>\n<ul data-start=\"655\" data-end=\"1102\">\n<li class=\"\" data-start=\"655\" data-end=\"724\">\n<p class=\"\" data-start=\"657\" data-end=\"724\"><strong data-start=\"657\" data-end=\"678\">Tela efecto cuero<\/strong>, moderna, resistente y con un brillo sutil.<\/p>\n<\/li>\n<li class=\"\" data-start=\"725\" data-end=\"786\">\n<p class=\"\" data-start=\"727\" data-end=\"786\"><strong data-start=\"727\" data-end=\"740\">Bota tubo<\/strong>, estiliza y alarga visualmente las piernas.<\/p>\n<\/li>\n<li class=\"\" data-start=\"787\" data-end=\"849\">\n<p class=\"\" data-start=\"789\" data-end=\"849\"><strong data-start=\"789\" data-end=\"819\">Pretina alta con 3 botones<\/strong>, soporte y ajuste perfecto.<\/p>\n<\/li>\n<li class=\"\" data-start=\"850\" data-end=\"922\">\n<p class=\"\" data-start=\"852\" data-end=\"922\"><strong data-start=\"852\" data-end=\"871\">Control abdomen<\/strong>, moldea la zona media para una silueta definida.<\/p>\n<\/li>\n<li class=\"\" data-start=\"923\" data-end=\"985\">\n<p class=\"\" data-start=\"925\" data-end=\"985\"><strong data-start=\"925\" data-end=\"936\">Push up<\/strong>, realza y moldea los gl\u00fateos de forma natural.<\/p>\n<\/li>\n<li class=\"\" data-start=\"986\" data-end=\"1043\">\n<p class=\"\" data-start=\"988\" data-end=\"1043\"><strong data-start=\"988\" data-end=\"1007\">Detalle bordado<\/strong>, un acabado exclusivo y elegante.<\/p>\n<\/li>\n<li class=\"\" data-start=\"1044\" data-end=\"1102\">\n<p class=\"\" data-start=\"1046\" data-end=\"1102\"><strong data-start=\"1046\" data-end=\"1066\">Incluye cintur\u00f3n<\/strong>, que completa el look con estilo.<\/p>\n<\/li>\n<\/ul>\n<p class=\"\" data-start=\"1104\" data-end=\"1354\">Ideal para quienes buscan una prenda con car\u00e1cter, este dise\u00f1o es parte de lo mejor en\u00a0<strong data-start=\"1191\" data-end=\"1224\">jeans colombianos levantacola<\/strong>. Disponible en tiendas de\u00a0<strong data-start=\"1251\" data-end=\"1289\">ropa colombiana en Espa\u00f1a y Europa<\/strong>, representa la autenticidad y calidad de la\u00a0<strong data-start=\"1334\" data-end=\"1353\">moda colombiana<\/strong>.<\/p>\n","protected":false},"excerpt":{"rendered":"<p>Este\u00a0jean skinny colombiano\u00a0combina un dise\u00f1o moderno con detalles que realzan tu figura de manera natural. Confeccionado en\u00a0tela con efecto cuero, ofrece un acabado elegante y llamativo, ideal para looks nocturnos o sofisticados. Su\u00a0pretina alta con 3 botones\u00a0proporciona\u00a0control de abdomen, ayudando a definir la cintura y brindar un ajuste firme. El dise\u00f1o\u00a0push up\u00a0con\u00a0detalle bordado\u00a0a\u00f1ade un toque [&hellip;]<\/p>\n","protected":false},"featured_media":8062,"comment_status":"open","ping_status":"closed","template":"","meta":{"_et_pb_use_builder":"","_et_pb_old_content":"","_et_gb_content_width":""},"product_brand":[],"product_cat":[213,226,218,26],"product_tag":[404,400,403,401,402],"class_list":{"0":"post-8072","1":"product","2":"type-product","3":"status-publish","4":"has-post-thumbnail","6":"product_cat-pantalones","7":"product_cat-pantalones-efecto-cuero","8":"product_cat-pantalones-tiro-alto","9":"product_cat-jeans-push-up","10":"product_tag-detalle-bordado","11":"product_tag-pantalon-a-la-moda","12":"product_tag-pantalon-ajustado","13":"product_tag-pantalon-colombiano","14":"product_tag-pantalon-con-botones","16":"first","17":"instock","18":"shipping-taxable","19":"purchasable","20":"product-type-variable"},"yoast_head":"<!-- This site is optimized with the Yoast SEO plugin v25.9 - https:\/\/yoast.com\/wordpress\/plugins\/seo\/ -->\n<title>Pantal\u00f3n Colombiano Ref. B1904 - Givanna Castelo<\/title>\n<meta name=\"description\" content=\"Pantal\u00f3n Colombiano Ref. B1904\" \/>\n<meta name=\"robots\" content=\"index, follow, max-snippet:-1, max-image-preview:large, max-video-preview:-1\" \/>\n<link rel=\"canonical\" href=\"https:\/\/givannacastelo.es\/index.php\/producto\/pantalon-colombiano-ref-b1904\/\" \/>\n<meta property=\"og:locale\" content=\"es_ES\" \/>\n<meta property=\"og:type\" content=\"article\" \/>\n<meta property=\"og:title\" content=\"Pantal\u00f3n Colombiano Ref. B1904 - Givanna Castelo\" \/>\n<meta property=\"og:description\" content=\"Pantal\u00f3n Colombiano Ref. B1904\" \/>\n<meta property=\"og:url\" content=\"https:\/\/givannacastelo.es\/index.php\/producto\/pantalon-colombiano-ref-b1904\/\" \/>\n<meta property=\"og:site_name\" content=\"Givanna Castelo\" \/>\n<meta property=\"article:modified_time\" content=\"2025-10-10T13:02:18+00:00\" \/>\n<meta property=\"og:image\" content=\"https:\/\/givannacastelo.es\/wp-content\/uploads\/2025\/10\/b1904https___images.colombiaespassion.net_921744272508-scaled.jpg\" \/>\n\t<meta property=\"og:image:width\" content=\"1680\" \/>\n\t<meta property=\"og:image:height\" content=\"2560\" \/>\n\t<meta property=\"og:image:type\" content=\"image\/jpeg\" \/>\n<meta name=\"twitter:card\" content=\"summary_large_image\" \/>\n<meta name=\"twitter:label1\" content=\"Tiempo de lectura\" \/>\n\t<meta name=\"twitter:data1\" content=\"2 minutos\" \/>\n<script type=\"application\/ld+json\" class=\"yoast-schema-graph\">{\"@context\":\"https:\/\/schema.org\",\"@graph\":[{\"@type\":\"WebPage\",\"@id\":\"https:\/\/givannacastelo.es\/index.php\/producto\/pantalon-colombiano-ref-b1904\/\",\"url\":\"https:\/\/givannacastelo.es\/index.php\/producto\/pantalon-colombiano-ref-b1904\/\",\"name\":\"Pantal\u00f3n Colombiano Ref. B1904 - Givanna Castelo\",\"isPartOf\":{\"@id\":\"https:\/\/givannacastelo.es\/#website\"},\"primaryImageOfPage\":{\"@id\":\"https:\/\/givannacastelo.es\/index.php\/producto\/pantalon-colombiano-ref-b1904\/#primaryimage\"},\"image\":{\"@id\":\"https:\/\/givannacastelo.es\/index.php\/producto\/pantalon-colombiano-ref-b1904\/#primaryimage\"},\"thumbnailUrl\":\"https:\/\/givannacastelo.es\/wp-content\/uploads\/2025\/10\/b1904https___images.colombiaespassion.net_921744272508-scaled.jpg\",\"datePublished\":\"2025-10-10T13:02:17+00:00\",\"dateModified\":\"2025-10-10T13:02:18+00:00\",\"description\":\"Pantal\u00f3n Colombiano Ref. B1904\",\"breadcrumb\":{\"@id\":\"https:\/\/givannacastelo.es\/index.php\/producto\/pantalon-colombiano-ref-b1904\/#breadcrumb\"},\"inLanguage\":\"es\",\"potentialAction\":[{\"@type\":\"ReadAction\",\"target\":[\"https:\/\/givannacastelo.es\/index.php\/producto\/pantalon-colombiano-ref-b1904\/\"]}]},{\"@type\":\"ImageObject\",\"inLanguage\":\"es\",\"@id\":\"https:\/\/givannacastelo.es\/index.php\/producto\/pantalon-colombiano-ref-b1904\/#primaryimage\",\"url\":\"https:\/\/givannacastelo.es\/wp-content\/uploads\/2025\/10\/b1904https___images.colombiaespassion.net_921744272508-scaled.jpg\",\"contentUrl\":\"https:\/\/givannacastelo.es\/wp-content\/uploads\/2025\/10\/b1904https___images.colombiaespassion.net_921744272508-scaled.jpg\",\"width\":1680,\"height\":2560},{\"@type\":\"BreadcrumbList\",\"@id\":\"https:\/\/givannacastelo.es\/index.php\/producto\/pantalon-colombiano-ref-b1904\/#breadcrumb\",\"itemListElement\":[{\"@type\":\"ListItem\",\"position\":1,\"name\":\"Portada\",\"item\":\"https:\/\/givannacastelo.es\/\"},{\"@type\":\"ListItem\",\"position\":2,\"name\":\"Tienda\",\"item\":\"https:\/\/givannacastelo.es\/index.php\/tienda\/\"},{\"@type\":\"ListItem\",\"position\":3,\"name\":\"Pantal\u00f3n Colombiano Ref. B1904\"}]},{\"@type\":\"WebSite\",\"@id\":\"https:\/\/givannacastelo.es\/#website\",\"url\":\"https:\/\/givannacastelo.es\/\",\"name\":\"Givanna Castelo\",\"description\":\"Descubre en Givanna Castelo las \u00faltimas tendencias en moda para mujer y hombre. Ropa de calidad, estilo \u00fanico y precios accesibles para que siempre luzcas espectacular. \u00a1Compra f\u00e1cil y r\u00e1pido online!\",\"publisher\":{\"@id\":\"https:\/\/givannacastelo.es\/#organization\"},\"alternateName\":\"givannacastelo.es\",\"potentialAction\":[{\"@type\":\"SearchAction\",\"target\":{\"@type\":\"EntryPoint\",\"urlTemplate\":\"https:\/\/givannacastelo.es\/?s={search_term_string}\"},\"query-input\":{\"@type\":\"PropertyValueSpecification\",\"valueRequired\":true,\"valueName\":\"search_term_string\"}}],\"inLanguage\":\"es\"},{\"@type\":\"Organization\",\"@id\":\"https:\/\/givannacastelo.es\/#organization\",\"name\":\"Givanna Castelo\",\"alternateName\":\"givanna castelo\",\"url\":\"https:\/\/givannacastelo.es\/\",\"logo\":{\"@type\":\"ImageObject\",\"inLanguage\":\"es\",\"@id\":\"https:\/\/givannacastelo.es\/#\/schema\/logo\/image\/\",\"url\":\"https:\/\/givannacastelo.es\/wp-content\/uploads\/2025\/09\/Asset-1-1-2.png\",\"contentUrl\":\"https:\/\/givannacastelo.es\/wp-content\/uploads\/2025\/09\/Asset-1-1-2.png\",\"width\":184,\"height\":177,\"caption\":\"Givanna Castelo\"},\"image\":{\"@id\":\"https:\/\/givannacastelo.es\/#\/schema\/logo\/image\/\"}}]}<\/script>\n<!-- \/ Yoast SEO plugin. -->","yoast_head_json":{"title":"Pantal\u00f3n Colombiano Ref. B1904 - Givanna Castelo","description":"Pantal\u00f3n Colombiano Ref. B1904","robots":{"index":"index","follow":"follow","max-snippet":"max-snippet:-1","max-image-preview":"max-image-preview:large","max-video-preview":"max-video-preview:-1"},"canonical":"https:\/\/givannacastelo.es\/index.php\/producto\/pantalon-colombiano-ref-b1904\/","og_locale":"es_ES","og_type":"article","og_title":"Pantal\u00f3n Colombiano Ref. B1904 - Givanna Castelo","og_description":"Pantal\u00f3n Colombiano Ref. B1904","og_url":"https:\/\/givannacastelo.es\/index.php\/producto\/pantalon-colombiano-ref-b1904\/","og_site_name":"Givanna Castelo","article_modified_time":"2025-10-10T13:02:18+00:00","og_image":[{"width":1680,"height":2560,"url":"https:\/\/givannacastelo.es\/wp-content\/uploads\/2025\/10\/b1904https___images.colombiaespassion.net_921744272508-scaled.jpg","type":"image\/jpeg"}],"twitter_card":"summary_large_image","twitter_misc":{"Tiempo de lectura":"2 minutos"},"schema":{"@context":"https:\/\/schema.org","@graph":[{"@type":"WebPage","@id":"https:\/\/givannacastelo.es\/index.php\/producto\/pantalon-colombiano-ref-b1904\/","url":"https:\/\/givannacastelo.es\/index.php\/producto\/pantalon-colombiano-ref-b1904\/","name":"Pantal\u00f3n Colombiano Ref. B1904 - Givanna Castelo","isPartOf":{"@id":"https:\/\/givannacastelo.es\/#website"},"primaryImageOfPage":{"@id":"https:\/\/givannacastelo.es\/index.php\/producto\/pantalon-colombiano-ref-b1904\/#primaryimage"},"image":{"@id":"https:\/\/givannacastelo.es\/index.php\/producto\/pantalon-colombiano-ref-b1904\/#primaryimage"},"thumbnailUrl":"https:\/\/givannacastelo.es\/wp-content\/uploads\/2025\/10\/b1904https___images.colombiaespassion.net_921744272508-scaled.jpg","datePublished":"2025-10-10T13:02:17+00:00","dateModified":"2025-10-10T13:02:18+00:00","description":"Pantal\u00f3n Colombiano Ref. B1904","breadcrumb":{"@id":"https:\/\/givannacastelo.es\/index.php\/producto\/pantalon-colombiano-ref-b1904\/#breadcrumb"},"inLanguage":"es","potentialAction":[{"@type":"ReadAction","target":["https:\/\/givannacastelo.es\/index.php\/producto\/pantalon-colombiano-ref-b1904\/"]}]},{"@type":"ImageObject","inLanguage":"es","@id":"https:\/\/givannacastelo.es\/index.php\/producto\/pantalon-colombiano-ref-b1904\/#primaryimage","url":"https:\/\/givannacastelo.es\/wp-content\/uploads\/2025\/10\/b1904https___images.colombiaespassion.net_921744272508-scaled.jpg","contentUrl":"https:\/\/givannacastelo.es\/wp-content\/uploads\/2025\/10\/b1904https___images.colombiaespassion.net_921744272508-scaled.jpg","width":1680,"height":2560},{"@type":"BreadcrumbList","@id":"https:\/\/givannacastelo.es\/index.php\/producto\/pantalon-colombiano-ref-b1904\/#breadcrumb","itemListElement":[{"@type":"ListItem","position":1,"name":"Portada","item":"https:\/\/givannacastelo.es\/"},{"@type":"ListItem","position":2,"name":"Tienda","item":"https:\/\/givannacastelo.es\/index.php\/tienda\/"},{"@type":"ListItem","position":3,"name":"Pantal\u00f3n Colombiano Ref. B1904"}]},{"@type":"WebSite","@id":"https:\/\/givannacastelo.es\/#website","url":"https:\/\/givannacastelo.es\/","name":"Givanna Castelo","description":"Descubre en Givanna Castelo las \u00faltimas tendencias en moda para mujer y hombre. Ropa de calidad, estilo \u00fanico y precios accesibles para que siempre luzcas espectacular. \u00a1Compra f\u00e1cil y r\u00e1pido online!","publisher":{"@id":"https:\/\/givannacastelo.es\/#organization"},"alternateName":"givannacastelo.es","potentialAction":[{"@type":"SearchAction","target":{"@type":"EntryPoint","urlTemplate":"https:\/\/givannacastelo.es\/?s={search_term_string}"},"query-input":{"@type":"PropertyValueSpecification","valueRequired":true,"valueName":"search_term_string"}}],"inLanguage":"es"},{"@type":"Organization","@id":"https:\/\/givannacastelo.es\/#organization","name":"Givanna Castelo","alternateName":"givanna castelo","url":"https:\/\/givannacastelo.es\/","logo":{"@type":"ImageObject","inLanguage":"es","@id":"https:\/\/givannacastelo.es\/#\/schema\/logo\/image\/","url":"https:\/\/givannacastelo.es\/wp-content\/uploads\/2025\/09\/Asset-1-1-2.png","contentUrl":"https:\/\/givannacastelo.es\/wp-content\/uploads\/2025\/09\/Asset-1-1-2.png","width":184,"height":177,"caption":"Givanna Castelo"},"image":{"@id":"https:\/\/givannacastelo.es\/#\/schema\/logo\/image\/"}}]}},"jetpack_sharing_enabled":true,"_links":{"self":[{"href":"https:\/\/givannacastelo.es\/index.php\/wp-json\/wp\/v2\/product\/8072","targetHints":{"allow":["GET"]}}],"collection":[{"href":"https:\/\/givannacastelo.es\/index.php\/wp-json\/wp\/v2\/product"}],"about":[{"href":"https:\/\/givannacastelo.es\/index.php\/wp-json\/wp\/v2\/types\/product"}],"replies":[{"embeddable":true,"href":"https:\/\/givannacastelo.es\/index.php\/wp-json\/wp\/v2\/comments?post=8072"}],"wp:featuredmedia":[{"embeddable":true,"href":"https:\/\/givannacastelo.es\/index.php\/wp-json\/wp\/v2\/media\/8062"}],"wp:attachment":[{"href":"https:\/\/givannacastelo.es\/index.php\/wp-json\/wp\/v2\/media?parent=8072"}],"wp:term":[{"taxonomy":"product_brand","embeddable":true,"href":"https:\/\/givannacastelo.es\/index.php\/wp-json\/wp\/v2\/product_brand?post=8072"},{"taxonomy":"product_cat","embeddable":true,"href":"https:\/\/givannacastelo.es\/index.php\/wp-json\/wp\/v2\/product_cat?post=8072"},{"taxonomy":"product_tag","embeddable":true,"href":"https:\/\/givannacastelo.es\/index.php\/wp-json\/wp\/v2\/product_tag?post=8072"}],"curies":[{"name":"wp","href":"https:\/\/api.w.org\/{rel}","templated":true}]}}