{"id":8016,"date":"2025-10-10T17:38:36","date_gmt":"2025-10-10T15:38:36","guid":{"rendered":"https:\/\/givannacastelo.es\/?post_type=product&#038;p=8016"},"modified":"2025-10-10T17:38:36","modified_gmt":"2025-10-10T15:38:36","slug":"conjunto-largo-colombiano-bless-me-ref-bm1690","status":"publish","type":"product","link":"https:\/\/givannacastelo.es\/index.php\/producto\/conjunto-largo-colombiano-bless-me-ref-bm1690\/","title":{"rendered":"Conjunto Largo Colombiano Bless Me Ref. BM1690"},"content":{"rendered":"<p>\u00a1Desata tu estilo con el conjunto celestial de chaqueta y pantal\u00f3n de Bless Me en un deslumbrante azul! Este conjunto no es solo moda, es una experiencia. La chaqueta abraza tu figura con elegancia, destacando cada curva con su corte impecable y detalles que te har\u00e1n brillar. El pantal\u00f3n, por su parte, no se queda atr\u00e1s, moldeando tu silueta de manera sublime y garantizando la combinaci\u00f3n perfecta entre comodidad y glamour.<\/p>\n<p>Confeccionado con los m\u00e1s finos materiales, este conjunto no solo es una expresi\u00f3n de estilo, sino tambi\u00e9n de la artesan\u00eda y el cuidado que Bless Me imprime en cada creaci\u00f3n. \u00bfLista para comprar este conjunto azul que elevar\u00e1 tu presencia a otro nivel? \u00a1Haz clic en \u00abcomprar\u00bb y sum\u00e9rgete en la experiencia Bless Me! Porque la moda no solo se lleva, se vive.<\/p>\n","protected":false},"excerpt":{"rendered":"<p>\u00a1Desata tu estilo con el conjunto celestial de chaqueta y pantal\u00f3n de Bless Me en un deslumbrante azul! Este conjunto no es solo moda, es una experiencia. La chaqueta abraza tu figura con elegancia, destacando cada curva con su corte impecable y detalles que te har\u00e1n brillar. El pantal\u00f3n, por su parte, no se queda [&hellip;]<\/p>\n","protected":false},"featured_media":7941,"comment_status":"open","ping_status":"closed","template":"","meta":{"_et_pb_use_builder":"","_et_pb_old_content":"","_et_gb_content_width":""},"product_brand":[],"product_cat":[160,162,22],"product_tag":[131,432,81,106,411],"class_list":{"0":"post-8016","1":"product","2":"type-product","3":"status-publish","4":"has-post-thumbnail","6":"product_cat-conjuntos-2","7":"product_cat-conjuntos-largos","8":"product_cat-conjuntos","9":"product_tag-conjunto-de-pantalon","10":"product_tag-conjuntos-bless-me","11":"product_tag-conjuntos-colombianos","12":"product_tag-conjuntos-de-moda","13":"product_tag-conjuntos-rakket","15":"first","16":"instock","17":"shipping-taxable","18":"purchasable","19":"product-type-variable"},"yoast_head":"<!-- This site is optimized with the Yoast SEO plugin v25.9 - https:\/\/yoast.com\/wordpress\/plugins\/seo\/ -->\n<title>Conjunto Largo Colombiano Bless Me Ref. BM1690 - Givanna Castelo<\/title>\n<meta name=\"description\" content=\"Conjunto Largo Colombiano Bless Me Ref. BM1690\" \/>\n<meta name=\"robots\" content=\"index, follow, max-snippet:-1, max-image-preview:large, max-video-preview:-1\" \/>\n<link rel=\"canonical\" href=\"https:\/\/givannacastelo.es\/index.php\/producto\/conjunto-largo-colombiano-bless-me-ref-bm1690\/\" \/>\n<meta property=\"og:locale\" content=\"es_ES\" \/>\n<meta property=\"og:type\" content=\"article\" \/>\n<meta property=\"og:title\" content=\"Conjunto Largo Colombiano Bless Me Ref. BM1690 - Givanna Castelo\" \/>\n<meta property=\"og:description\" content=\"Conjunto Largo Colombiano Bless Me Ref. BM1690\" \/>\n<meta property=\"og:url\" content=\"https:\/\/givannacastelo.es\/index.php\/producto\/conjunto-largo-colombiano-bless-me-ref-bm1690\/\" \/>\n<meta property=\"og:site_name\" content=\"Givanna Castelo\" \/>\n<meta property=\"og:image\" content=\"https:\/\/givannacastelo.es\/wp-content\/uploads\/2025\/10\/1690-https___images.colombiaespassion.net_921730794334-scaled.jpg\" \/>\n\t<meta property=\"og:image:width\" content=\"1680\" \/>\n\t<meta property=\"og:image:height\" content=\"2560\" \/>\n\t<meta property=\"og:image:type\" content=\"image\/jpeg\" \/>\n<meta name=\"twitter:card\" content=\"summary_large_image\" \/>\n<meta name=\"twitter:label1\" content=\"Tiempo de lectura\" \/>\n\t<meta name=\"twitter:data1\" content=\"1 minuto\" \/>\n<script type=\"application\/ld+json\" class=\"yoast-schema-graph\">{\"@context\":\"https:\/\/schema.org\",\"@graph\":[{\"@type\":\"WebPage\",\"@id\":\"https:\/\/givannacastelo.es\/index.php\/producto\/conjunto-largo-colombiano-bless-me-ref-bm1690\/\",\"url\":\"https:\/\/givannacastelo.es\/index.php\/producto\/conjunto-largo-colombiano-bless-me-ref-bm1690\/\",\"name\":\"Conjunto Largo Colombiano Bless Me Ref. BM1690 - Givanna Castelo\",\"isPartOf\":{\"@id\":\"https:\/\/givannacastelo.es\/#website\"},\"primaryImageOfPage\":{\"@id\":\"https:\/\/givannacastelo.es\/index.php\/producto\/conjunto-largo-colombiano-bless-me-ref-bm1690\/#primaryimage\"},\"image\":{\"@id\":\"https:\/\/givannacastelo.es\/index.php\/producto\/conjunto-largo-colombiano-bless-me-ref-bm1690\/#primaryimage\"},\"thumbnailUrl\":\"https:\/\/givannacastelo.es\/wp-content\/uploads\/2025\/10\/1690-https___images.colombiaespassion.net_921730794334-scaled.jpg\",\"datePublished\":\"2025-10-10T15:38:36+00:00\",\"description\":\"Conjunto Largo Colombiano Bless Me Ref. BM1690\",\"breadcrumb\":{\"@id\":\"https:\/\/givannacastelo.es\/index.php\/producto\/conjunto-largo-colombiano-bless-me-ref-bm1690\/#breadcrumb\"},\"inLanguage\":\"es\",\"potentialAction\":[{\"@type\":\"ReadAction\",\"target\":[\"https:\/\/givannacastelo.es\/index.php\/producto\/conjunto-largo-colombiano-bless-me-ref-bm1690\/\"]}]},{\"@type\":\"ImageObject\",\"inLanguage\":\"es\",\"@id\":\"https:\/\/givannacastelo.es\/index.php\/producto\/conjunto-largo-colombiano-bless-me-ref-bm1690\/#primaryimage\",\"url\":\"https:\/\/givannacastelo.es\/wp-content\/uploads\/2025\/10\/1690-https___images.colombiaespassion.net_921730794334-scaled.jpg\",\"contentUrl\":\"https:\/\/givannacastelo.es\/wp-content\/uploads\/2025\/10\/1690-https___images.colombiaespassion.net_921730794334-scaled.jpg\",\"width\":1680,\"height\":2560},{\"@type\":\"BreadcrumbList\",\"@id\":\"https:\/\/givannacastelo.es\/index.php\/producto\/conjunto-largo-colombiano-bless-me-ref-bm1690\/#breadcrumb\",\"itemListElement\":[{\"@type\":\"ListItem\",\"position\":1,\"name\":\"Portada\",\"item\":\"https:\/\/givannacastelo.es\/\"},{\"@type\":\"ListItem\",\"position\":2,\"name\":\"Tienda\",\"item\":\"https:\/\/givannacastelo.es\/index.php\/tienda\/\"},{\"@type\":\"ListItem\",\"position\":3,\"name\":\"Conjunto Largo Colombiano Bless Me Ref. BM1690\"}]},{\"@type\":\"WebSite\",\"@id\":\"https:\/\/givannacastelo.es\/#website\",\"url\":\"https:\/\/givannacastelo.es\/\",\"name\":\"Givanna Castelo\",\"description\":\"Descubre en Givanna Castelo las \u00faltimas tendencias en moda para mujer y hombre. Ropa de calidad, estilo \u00fanico y precios accesibles para que siempre luzcas espectacular. \u00a1Compra f\u00e1cil y r\u00e1pido online!\",\"publisher\":{\"@id\":\"https:\/\/givannacastelo.es\/#organization\"},\"alternateName\":\"givannacastelo.es\",\"potentialAction\":[{\"@type\":\"SearchAction\",\"target\":{\"@type\":\"EntryPoint\",\"urlTemplate\":\"https:\/\/givannacastelo.es\/?s={search_term_string}\"},\"query-input\":{\"@type\":\"PropertyValueSpecification\",\"valueRequired\":true,\"valueName\":\"search_term_string\"}}],\"inLanguage\":\"es\"},{\"@type\":\"Organization\",\"@id\":\"https:\/\/givannacastelo.es\/#organization\",\"name\":\"Givanna Castelo\",\"alternateName\":\"givanna castelo\",\"url\":\"https:\/\/givannacastelo.es\/\",\"logo\":{\"@type\":\"ImageObject\",\"inLanguage\":\"es\",\"@id\":\"https:\/\/givannacastelo.es\/#\/schema\/logo\/image\/\",\"url\":\"https:\/\/givannacastelo.es\/wp-content\/uploads\/2025\/09\/Asset-1-1-2.png\",\"contentUrl\":\"https:\/\/givannacastelo.es\/wp-content\/uploads\/2025\/09\/Asset-1-1-2.png\",\"width\":184,\"height\":177,\"caption\":\"Givanna Castelo\"},\"image\":{\"@id\":\"https:\/\/givannacastelo.es\/#\/schema\/logo\/image\/\"}}]}<\/script>\n<!-- \/ Yoast SEO plugin. -->","yoast_head_json":{"title":"Conjunto Largo Colombiano Bless Me Ref. BM1690 - Givanna Castelo","description":"Conjunto Largo Colombiano Bless Me Ref. BM1690","robots":{"index":"index","follow":"follow","max-snippet":"max-snippet:-1","max-image-preview":"max-image-preview:large","max-video-preview":"max-video-preview:-1"},"canonical":"https:\/\/givannacastelo.es\/index.php\/producto\/conjunto-largo-colombiano-bless-me-ref-bm1690\/","og_locale":"es_ES","og_type":"article","og_title":"Conjunto Largo Colombiano Bless Me Ref. BM1690 - Givanna Castelo","og_description":"Conjunto Largo Colombiano Bless Me Ref. BM1690","og_url":"https:\/\/givannacastelo.es\/index.php\/producto\/conjunto-largo-colombiano-bless-me-ref-bm1690\/","og_site_name":"Givanna Castelo","og_image":[{"width":1680,"height":2560,"url":"https:\/\/givannacastelo.es\/wp-content\/uploads\/2025\/10\/1690-https___images.colombiaespassion.net_921730794334-scaled.jpg","type":"image\/jpeg"}],"twitter_card":"summary_large_image","twitter_misc":{"Tiempo de lectura":"1 minuto"},"schema":{"@context":"https:\/\/schema.org","@graph":[{"@type":"WebPage","@id":"https:\/\/givannacastelo.es\/index.php\/producto\/conjunto-largo-colombiano-bless-me-ref-bm1690\/","url":"https:\/\/givannacastelo.es\/index.php\/producto\/conjunto-largo-colombiano-bless-me-ref-bm1690\/","name":"Conjunto Largo Colombiano Bless Me Ref. BM1690 - Givanna Castelo","isPartOf":{"@id":"https:\/\/givannacastelo.es\/#website"},"primaryImageOfPage":{"@id":"https:\/\/givannacastelo.es\/index.php\/producto\/conjunto-largo-colombiano-bless-me-ref-bm1690\/#primaryimage"},"image":{"@id":"https:\/\/givannacastelo.es\/index.php\/producto\/conjunto-largo-colombiano-bless-me-ref-bm1690\/#primaryimage"},"thumbnailUrl":"https:\/\/givannacastelo.es\/wp-content\/uploads\/2025\/10\/1690-https___images.colombiaespassion.net_921730794334-scaled.jpg","datePublished":"2025-10-10T15:38:36+00:00","description":"Conjunto Largo Colombiano Bless Me Ref. BM1690","breadcrumb":{"@id":"https:\/\/givannacastelo.es\/index.php\/producto\/conjunto-largo-colombiano-bless-me-ref-bm1690\/#breadcrumb"},"inLanguage":"es","potentialAction":[{"@type":"ReadAction","target":["https:\/\/givannacastelo.es\/index.php\/producto\/conjunto-largo-colombiano-bless-me-ref-bm1690\/"]}]},{"@type":"ImageObject","inLanguage":"es","@id":"https:\/\/givannacastelo.es\/index.php\/producto\/conjunto-largo-colombiano-bless-me-ref-bm1690\/#primaryimage","url":"https:\/\/givannacastelo.es\/wp-content\/uploads\/2025\/10\/1690-https___images.colombiaespassion.net_921730794334-scaled.jpg","contentUrl":"https:\/\/givannacastelo.es\/wp-content\/uploads\/2025\/10\/1690-https___images.colombiaespassion.net_921730794334-scaled.jpg","width":1680,"height":2560},{"@type":"BreadcrumbList","@id":"https:\/\/givannacastelo.es\/index.php\/producto\/conjunto-largo-colombiano-bless-me-ref-bm1690\/#breadcrumb","itemListElement":[{"@type":"ListItem","position":1,"name":"Portada","item":"https:\/\/givannacastelo.es\/"},{"@type":"ListItem","position":2,"name":"Tienda","item":"https:\/\/givannacastelo.es\/index.php\/tienda\/"},{"@type":"ListItem","position":3,"name":"Conjunto Largo Colombiano Bless Me Ref. BM1690"}]},{"@type":"WebSite","@id":"https:\/\/givannacastelo.es\/#website","url":"https:\/\/givannacastelo.es\/","name":"Givanna Castelo","description":"Descubre en Givanna Castelo las \u00faltimas tendencias en moda para mujer y hombre. Ropa de calidad, estilo \u00fanico y precios accesibles para que siempre luzcas espectacular. \u00a1Compra f\u00e1cil y r\u00e1pido online!","publisher":{"@id":"https:\/\/givannacastelo.es\/#organization"},"alternateName":"givannacastelo.es","potentialAction":[{"@type":"SearchAction","target":{"@type":"EntryPoint","urlTemplate":"https:\/\/givannacastelo.es\/?s={search_term_string}"},"query-input":{"@type":"PropertyValueSpecification","valueRequired":true,"valueName":"search_term_string"}}],"inLanguage":"es"},{"@type":"Organization","@id":"https:\/\/givannacastelo.es\/#organization","name":"Givanna Castelo","alternateName":"givanna castelo","url":"https:\/\/givannacastelo.es\/","logo":{"@type":"ImageObject","inLanguage":"es","@id":"https:\/\/givannacastelo.es\/#\/schema\/logo\/image\/","url":"https:\/\/givannacastelo.es\/wp-content\/uploads\/2025\/09\/Asset-1-1-2.png","contentUrl":"https:\/\/givannacastelo.es\/wp-content\/uploads\/2025\/09\/Asset-1-1-2.png","width":184,"height":177,"caption":"Givanna Castelo"},"image":{"@id":"https:\/\/givannacastelo.es\/#\/schema\/logo\/image\/"}}]}},"jetpack_sharing_enabled":true,"_links":{"self":[{"href":"https:\/\/givannacastelo.es\/index.php\/wp-json\/wp\/v2\/product\/8016","targetHints":{"allow":["GET"]}}],"collection":[{"href":"https:\/\/givannacastelo.es\/index.php\/wp-json\/wp\/v2\/product"}],"about":[{"href":"https:\/\/givannacastelo.es\/index.php\/wp-json\/wp\/v2\/types\/product"}],"replies":[{"embeddable":true,"href":"https:\/\/givannacastelo.es\/index.php\/wp-json\/wp\/v2\/comments?post=8016"}],"wp:featuredmedia":[{"embeddable":true,"href":"https:\/\/givannacastelo.es\/index.php\/wp-json\/wp\/v2\/media\/7941"}],"wp:attachment":[{"href":"https:\/\/givannacastelo.es\/index.php\/wp-json\/wp\/v2\/media?parent=8016"}],"wp:term":[{"taxonomy":"product_brand","embeddable":true,"href":"https:\/\/givannacastelo.es\/index.php\/wp-json\/wp\/v2\/product_brand?post=8016"},{"taxonomy":"product_cat","embeddable":true,"href":"https:\/\/givannacastelo.es\/index.php\/wp-json\/wp\/v2\/product_cat?post=8016"},{"taxonomy":"product_tag","embeddable":true,"href":"https:\/\/givannacastelo.es\/index.php\/wp-json\/wp\/v2\/product_tag?post=8016"}],"curies":[{"name":"wp","href":"https:\/\/api.w.org\/{rel}","templated":true}]}}