{"id":8002,"date":"2025-10-14T17:20:14","date_gmt":"2025-10-14T15:20:14","guid":{"rendered":"https:\/\/givannacastelo.es\/?post_type=product&#038;p=8002"},"modified":"2025-10-14T17:20:14","modified_gmt":"2025-10-14T15:20:14","slug":"conjunto-de-fiesta-colombiano-ref-bm1709","status":"publish","type":"product","link":"https:\/\/givannacastelo.es\/index.php\/producto\/conjunto-de-fiesta-colombiano-ref-bm1709\/","title":{"rendered":"Conjunto de Fiesta Colombiano Ref. BM1709"},"content":{"rendered":"<div>\u00a1Descubre la elegancia atemporal con nuestro conjunto en color beige de Bless Me! Esta marca colombiana te trae un conjunto de chaqueta y pantal\u00f3n que encarna la sofisticaci\u00f3n en cada detalle.<\/div>\n<div><\/div>\n<div>La chaqueta, con su corte impecable y dise\u00f1o moderno, se convierte en una pieza clave de tu guardarropa. El tejido suave y la atenci\u00f3n meticulosa a los detalles garantizan comodidad sin comprometer el estilo. El pantal\u00f3n, con su silueta favorecedora, ofrece versatilidad para cualquier ocasi\u00f3n, desde eventos casuales hasta momentos m\u00e1s formales.<\/div>\n<div><\/div>\n<div>El tono beige, sereno y vers\u00e1til, a\u00f1ade un toque de refinamiento a tu look diario. Es la elecci\u00f3n perfecta para transmitir una imagen elegante y atemporal. Este conjunto te permite destacar con sutileza, mostrando tu estilo con confianza y clase.<\/div>\n<div><\/div>\n<div>\u00a1A\u00f1ade un toque de distinci\u00f3n a tu guardarropa con Bless Me! No pierdas la oportunidad de adquirir este conjunto en color beige y experimenta la fusi\u00f3n de moda colombiana y tu propio sentido \u00fanico de estilo. \u00a1Compra ahora y transforma tu apariencia con esta joya de elegancia y moda!<\/div>\n","protected":false},"excerpt":{"rendered":"<p>\u00a1Descubre la elegancia atemporal con nuestro conjunto en color beige de Bless Me! Esta marca colombiana te trae un conjunto de chaqueta y pantal\u00f3n que encarna la sofisticaci\u00f3n en cada detalle. La chaqueta, con su corte impecable y dise\u00f1o moderno, se convierte en una pieza clave de tu guardarropa. El tejido suave y la atenci\u00f3n [&hellip;]<\/p>\n","protected":false},"featured_media":7968,"comment_status":"open","ping_status":"closed","template":"","meta":{"_et_pb_use_builder":"","_et_pb_old_content":"","_et_gb_content_width":""},"product_brand":[],"product_cat":[160,162,22],"product_tag":[432,81,467,449,106],"class_list":{"0":"post-8002","1":"product","2":"type-product","3":"status-publish","4":"has-post-thumbnail","6":"product_cat-conjuntos-2","7":"product_cat-conjuntos-largos","8":"product_cat-conjuntos","9":"product_tag-conjuntos-bless-me","10":"product_tag-conjuntos-colombianos","11":"product_tag-conjuntos-de-fiesta","12":"product_tag-conjuntos-de-manga-larga","13":"product_tag-conjuntos-de-moda","15":"first","16":"instock","17":"shipping-taxable","18":"purchasable","19":"product-type-variable"},"yoast_head":"<!-- This site is optimized with the Yoast SEO plugin v25.9 - https:\/\/yoast.com\/wordpress\/plugins\/seo\/ -->\n<title>Conjunto de Fiesta Colombiano Ref. BM1709 - Givanna Castelo<\/title>\n<meta name=\"description\" content=\"Conjunto de Fiesta Colombiano Ref. BM1709\" \/>\n<meta name=\"robots\" content=\"index, follow, max-snippet:-1, max-image-preview:large, max-video-preview:-1\" \/>\n<link rel=\"canonical\" href=\"https:\/\/givannacastelo.es\/index.php\/producto\/conjunto-de-fiesta-colombiano-ref-bm1709\/\" \/>\n<meta property=\"og:locale\" content=\"es_ES\" \/>\n<meta property=\"og:type\" content=\"article\" \/>\n<meta property=\"og:title\" content=\"Conjunto de Fiesta Colombiano Ref. BM1709 - Givanna Castelo\" \/>\n<meta property=\"og:description\" content=\"Conjunto de Fiesta Colombiano Ref. BM1709\" \/>\n<meta property=\"og:url\" content=\"https:\/\/givannacastelo.es\/index.php\/producto\/conjunto-de-fiesta-colombiano-ref-bm1709\/\" \/>\n<meta property=\"og:site_name\" content=\"Givanna Castelo\" \/>\n<meta property=\"og:image\" content=\"https:\/\/givannacastelo.es\/wp-content\/uploads\/2025\/10\/bm1709https___images.colombiaespassion.net_921702996000-scaled.jpg\" \/>\n\t<meta property=\"og:image:width\" content=\"1680\" \/>\n\t<meta property=\"og:image:height\" content=\"2560\" \/>\n\t<meta property=\"og:image:type\" content=\"image\/jpeg\" \/>\n<meta name=\"twitter:card\" content=\"summary_large_image\" \/>\n<meta name=\"twitter:label1\" content=\"Tiempo de lectura\" \/>\n\t<meta name=\"twitter:data1\" content=\"1 minuto\" \/>\n<script type=\"application\/ld+json\" class=\"yoast-schema-graph\">{\"@context\":\"https:\/\/schema.org\",\"@graph\":[{\"@type\":\"WebPage\",\"@id\":\"https:\/\/givannacastelo.es\/index.php\/producto\/conjunto-de-fiesta-colombiano-ref-bm1709\/\",\"url\":\"https:\/\/givannacastelo.es\/index.php\/producto\/conjunto-de-fiesta-colombiano-ref-bm1709\/\",\"name\":\"Conjunto de Fiesta Colombiano Ref. BM1709 - Givanna Castelo\",\"isPartOf\":{\"@id\":\"https:\/\/givannacastelo.es\/#website\"},\"primaryImageOfPage\":{\"@id\":\"https:\/\/givannacastelo.es\/index.php\/producto\/conjunto-de-fiesta-colombiano-ref-bm1709\/#primaryimage\"},\"image\":{\"@id\":\"https:\/\/givannacastelo.es\/index.php\/producto\/conjunto-de-fiesta-colombiano-ref-bm1709\/#primaryimage\"},\"thumbnailUrl\":\"https:\/\/givannacastelo.es\/wp-content\/uploads\/2025\/10\/bm1709https___images.colombiaespassion.net_921702996000-scaled.jpg\",\"datePublished\":\"2025-10-14T15:20:14+00:00\",\"description\":\"Conjunto de Fiesta Colombiano Ref. BM1709\",\"breadcrumb\":{\"@id\":\"https:\/\/givannacastelo.es\/index.php\/producto\/conjunto-de-fiesta-colombiano-ref-bm1709\/#breadcrumb\"},\"inLanguage\":\"es\",\"potentialAction\":[{\"@type\":\"ReadAction\",\"target\":[\"https:\/\/givannacastelo.es\/index.php\/producto\/conjunto-de-fiesta-colombiano-ref-bm1709\/\"]}]},{\"@type\":\"ImageObject\",\"inLanguage\":\"es\",\"@id\":\"https:\/\/givannacastelo.es\/index.php\/producto\/conjunto-de-fiesta-colombiano-ref-bm1709\/#primaryimage\",\"url\":\"https:\/\/givannacastelo.es\/wp-content\/uploads\/2025\/10\/bm1709https___images.colombiaespassion.net_921702996000-scaled.jpg\",\"contentUrl\":\"https:\/\/givannacastelo.es\/wp-content\/uploads\/2025\/10\/bm1709https___images.colombiaespassion.net_921702996000-scaled.jpg\",\"width\":1680,\"height\":2560},{\"@type\":\"BreadcrumbList\",\"@id\":\"https:\/\/givannacastelo.es\/index.php\/producto\/conjunto-de-fiesta-colombiano-ref-bm1709\/#breadcrumb\",\"itemListElement\":[{\"@type\":\"ListItem\",\"position\":1,\"name\":\"Portada\",\"item\":\"https:\/\/givannacastelo.es\/\"},{\"@type\":\"ListItem\",\"position\":2,\"name\":\"Tienda\",\"item\":\"https:\/\/givannacastelo.es\/index.php\/tienda\/\"},{\"@type\":\"ListItem\",\"position\":3,\"name\":\"Conjunto de Fiesta Colombiano Ref. BM1709\"}]},{\"@type\":\"WebSite\",\"@id\":\"https:\/\/givannacastelo.es\/#website\",\"url\":\"https:\/\/givannacastelo.es\/\",\"name\":\"Givanna Castelo\",\"description\":\"Descubre en Givanna Castelo las \u00faltimas tendencias en moda para mujer y hombre. Ropa de calidad, estilo \u00fanico y precios accesibles para que siempre luzcas espectacular. \u00a1Compra f\u00e1cil y r\u00e1pido online!\",\"publisher\":{\"@id\":\"https:\/\/givannacastelo.es\/#organization\"},\"alternateName\":\"givannacastelo.es\",\"potentialAction\":[{\"@type\":\"SearchAction\",\"target\":{\"@type\":\"EntryPoint\",\"urlTemplate\":\"https:\/\/givannacastelo.es\/?s={search_term_string}\"},\"query-input\":{\"@type\":\"PropertyValueSpecification\",\"valueRequired\":true,\"valueName\":\"search_term_string\"}}],\"inLanguage\":\"es\"},{\"@type\":\"Organization\",\"@id\":\"https:\/\/givannacastelo.es\/#organization\",\"name\":\"Givanna Castelo\",\"alternateName\":\"givanna castelo\",\"url\":\"https:\/\/givannacastelo.es\/\",\"logo\":{\"@type\":\"ImageObject\",\"inLanguage\":\"es\",\"@id\":\"https:\/\/givannacastelo.es\/#\/schema\/logo\/image\/\",\"url\":\"https:\/\/givannacastelo.es\/wp-content\/uploads\/2025\/09\/Asset-1-1-2.png\",\"contentUrl\":\"https:\/\/givannacastelo.es\/wp-content\/uploads\/2025\/09\/Asset-1-1-2.png\",\"width\":184,\"height\":177,\"caption\":\"Givanna Castelo\"},\"image\":{\"@id\":\"https:\/\/givannacastelo.es\/#\/schema\/logo\/image\/\"}}]}<\/script>\n<!-- \/ Yoast SEO plugin. -->","yoast_head_json":{"title":"Conjunto de Fiesta Colombiano Ref. BM1709 - Givanna Castelo","description":"Conjunto de Fiesta Colombiano Ref. BM1709","robots":{"index":"index","follow":"follow","max-snippet":"max-snippet:-1","max-image-preview":"max-image-preview:large","max-video-preview":"max-video-preview:-1"},"canonical":"https:\/\/givannacastelo.es\/index.php\/producto\/conjunto-de-fiesta-colombiano-ref-bm1709\/","og_locale":"es_ES","og_type":"article","og_title":"Conjunto de Fiesta Colombiano Ref. BM1709 - Givanna Castelo","og_description":"Conjunto de Fiesta Colombiano Ref. BM1709","og_url":"https:\/\/givannacastelo.es\/index.php\/producto\/conjunto-de-fiesta-colombiano-ref-bm1709\/","og_site_name":"Givanna Castelo","og_image":[{"width":1680,"height":2560,"url":"https:\/\/givannacastelo.es\/wp-content\/uploads\/2025\/10\/bm1709https___images.colombiaespassion.net_921702996000-scaled.jpg","type":"image\/jpeg"}],"twitter_card":"summary_large_image","twitter_misc":{"Tiempo de lectura":"1 minuto"},"schema":{"@context":"https:\/\/schema.org","@graph":[{"@type":"WebPage","@id":"https:\/\/givannacastelo.es\/index.php\/producto\/conjunto-de-fiesta-colombiano-ref-bm1709\/","url":"https:\/\/givannacastelo.es\/index.php\/producto\/conjunto-de-fiesta-colombiano-ref-bm1709\/","name":"Conjunto de Fiesta Colombiano Ref. BM1709 - Givanna Castelo","isPartOf":{"@id":"https:\/\/givannacastelo.es\/#website"},"primaryImageOfPage":{"@id":"https:\/\/givannacastelo.es\/index.php\/producto\/conjunto-de-fiesta-colombiano-ref-bm1709\/#primaryimage"},"image":{"@id":"https:\/\/givannacastelo.es\/index.php\/producto\/conjunto-de-fiesta-colombiano-ref-bm1709\/#primaryimage"},"thumbnailUrl":"https:\/\/givannacastelo.es\/wp-content\/uploads\/2025\/10\/bm1709https___images.colombiaespassion.net_921702996000-scaled.jpg","datePublished":"2025-10-14T15:20:14+00:00","description":"Conjunto de Fiesta Colombiano Ref. BM1709","breadcrumb":{"@id":"https:\/\/givannacastelo.es\/index.php\/producto\/conjunto-de-fiesta-colombiano-ref-bm1709\/#breadcrumb"},"inLanguage":"es","potentialAction":[{"@type":"ReadAction","target":["https:\/\/givannacastelo.es\/index.php\/producto\/conjunto-de-fiesta-colombiano-ref-bm1709\/"]}]},{"@type":"ImageObject","inLanguage":"es","@id":"https:\/\/givannacastelo.es\/index.php\/producto\/conjunto-de-fiesta-colombiano-ref-bm1709\/#primaryimage","url":"https:\/\/givannacastelo.es\/wp-content\/uploads\/2025\/10\/bm1709https___images.colombiaespassion.net_921702996000-scaled.jpg","contentUrl":"https:\/\/givannacastelo.es\/wp-content\/uploads\/2025\/10\/bm1709https___images.colombiaespassion.net_921702996000-scaled.jpg","width":1680,"height":2560},{"@type":"BreadcrumbList","@id":"https:\/\/givannacastelo.es\/index.php\/producto\/conjunto-de-fiesta-colombiano-ref-bm1709\/#breadcrumb","itemListElement":[{"@type":"ListItem","position":1,"name":"Portada","item":"https:\/\/givannacastelo.es\/"},{"@type":"ListItem","position":2,"name":"Tienda","item":"https:\/\/givannacastelo.es\/index.php\/tienda\/"},{"@type":"ListItem","position":3,"name":"Conjunto de Fiesta Colombiano Ref. BM1709"}]},{"@type":"WebSite","@id":"https:\/\/givannacastelo.es\/#website","url":"https:\/\/givannacastelo.es\/","name":"Givanna Castelo","description":"Descubre en Givanna Castelo las \u00faltimas tendencias en moda para mujer y hombre. Ropa de calidad, estilo \u00fanico y precios accesibles para que siempre luzcas espectacular. \u00a1Compra f\u00e1cil y r\u00e1pido online!","publisher":{"@id":"https:\/\/givannacastelo.es\/#organization"},"alternateName":"givannacastelo.es","potentialAction":[{"@type":"SearchAction","target":{"@type":"EntryPoint","urlTemplate":"https:\/\/givannacastelo.es\/?s={search_term_string}"},"query-input":{"@type":"PropertyValueSpecification","valueRequired":true,"valueName":"search_term_string"}}],"inLanguage":"es"},{"@type":"Organization","@id":"https:\/\/givannacastelo.es\/#organization","name":"Givanna Castelo","alternateName":"givanna castelo","url":"https:\/\/givannacastelo.es\/","logo":{"@type":"ImageObject","inLanguage":"es","@id":"https:\/\/givannacastelo.es\/#\/schema\/logo\/image\/","url":"https:\/\/givannacastelo.es\/wp-content\/uploads\/2025\/09\/Asset-1-1-2.png","contentUrl":"https:\/\/givannacastelo.es\/wp-content\/uploads\/2025\/09\/Asset-1-1-2.png","width":184,"height":177,"caption":"Givanna Castelo"},"image":{"@id":"https:\/\/givannacastelo.es\/#\/schema\/logo\/image\/"}}]}},"jetpack_sharing_enabled":true,"_links":{"self":[{"href":"https:\/\/givannacastelo.es\/index.php\/wp-json\/wp\/v2\/product\/8002","targetHints":{"allow":["GET"]}}],"collection":[{"href":"https:\/\/givannacastelo.es\/index.php\/wp-json\/wp\/v2\/product"}],"about":[{"href":"https:\/\/givannacastelo.es\/index.php\/wp-json\/wp\/v2\/types\/product"}],"replies":[{"embeddable":true,"href":"https:\/\/givannacastelo.es\/index.php\/wp-json\/wp\/v2\/comments?post=8002"}],"wp:featuredmedia":[{"embeddable":true,"href":"https:\/\/givannacastelo.es\/index.php\/wp-json\/wp\/v2\/media\/7968"}],"wp:attachment":[{"href":"https:\/\/givannacastelo.es\/index.php\/wp-json\/wp\/v2\/media?parent=8002"}],"wp:term":[{"taxonomy":"product_brand","embeddable":true,"href":"https:\/\/givannacastelo.es\/index.php\/wp-json\/wp\/v2\/product_brand?post=8002"},{"taxonomy":"product_cat","embeddable":true,"href":"https:\/\/givannacastelo.es\/index.php\/wp-json\/wp\/v2\/product_cat?post=8002"},{"taxonomy":"product_tag","embeddable":true,"href":"https:\/\/givannacastelo.es\/index.php\/wp-json\/wp\/v2\/product_tag?post=8002"}],"curies":[{"name":"wp","href":"https:\/\/api.w.org\/{rel}","templated":true}]}}