{"id":7855,"date":"2025-10-18T03:11:17","date_gmt":"2025-10-18T01:11:17","guid":{"rendered":"https:\/\/givannacastelo.es\/?post_type=product&#038;p=7855"},"modified":"2025-10-18T03:11:17","modified_gmt":"2025-10-18T01:11:17","slug":"jeans-colombianos-push-up-ref-a846","status":"publish","type":"product","link":"https:\/\/givannacastelo.es\/index.php\/producto\/jeans-colombianos-push-up-ref-a846\/","title":{"rendered":"Jeans Colombianos Push Up Ref. A846"},"content":{"rendered":"<p data-start=\"150\" data-end=\"524\">Este jean tipo campana es la mezcla perfecta entre elegancia y comodidad. Dise\u00f1ado para estilizar tu figura, su tiro alto aporta un excelente control en la zona abdominal mientras realza naturalmente tus curvas gracias al sistema push-up. Ideal para looks sofisticados o casuales, su bota campana aporta un toque retro y moderno a la vez, favoreciendo todo tipo de siluetas.<\/p>\n<p data-start=\"526\" data-end=\"778\">Confeccionado en tela tipo jean licrado que se ajusta sin apretar, te permite moverte con total libertad y seguridad. El detalle en costuras visibles y su estructura cl\u00e1sica lo hacen un b\u00e1sico imprescindible que se adapta f\u00e1cilmente a cualquier estilo.<\/p>\n<h4 data-start=\"780\" data-end=\"812\">Caracter\u00edsticas destacadas:<\/h4>\n<ul data-start=\"813\" data-end=\"1006\">\n<li data-start=\"813\" data-end=\"846\">\n<p data-start=\"815\" data-end=\"846\">Tiro alto con control abdomen<\/p>\n<\/li>\n<li data-start=\"847\" data-end=\"881\">\n<p data-start=\"849\" data-end=\"881\">Realce de gl\u00fateos tipo push-up<\/p>\n<\/li>\n<li data-start=\"882\" data-end=\"911\">\n<p data-start=\"884\" data-end=\"911\">Bota campana favorecedora<\/p>\n<\/li>\n<li data-start=\"912\" data-end=\"957\">\n<p data-start=\"914\" data-end=\"957\">Tela tipo jean licrado, c\u00f3moda y flexible<\/p>\n<\/li>\n<li data-start=\"958\" data-end=\"1006\">\n<p data-start=\"960\" data-end=\"1006\">Dise\u00f1o colombiano con acabados de alta calidad<\/p>\n<\/li>\n<\/ul>\n<p data-start=\"1008\" data-end=\"1162\"><strong data-start=\"1008\" data-end=\"1085\">Descubre la autenticidad de la moda colombiana con este dise\u00f1o exclusivo.<\/strong><br data-start=\"1085\" data-end=\"1088\" \/>Env\u00edos a Espa\u00f1a y toda Europa. \u00a1Pide el tuyo y marca tendencia con estilo!<\/p>\n","protected":false},"excerpt":{"rendered":"<p>Este jean tipo campana es la mezcla perfecta entre elegancia y comodidad. Dise\u00f1ado para estilizar tu figura, su tiro alto aporta un excelente control en la zona abdominal mientras realza naturalmente tus curvas gracias al sistema push-up. Ideal para looks sofisticados o casuales, su bota campana aporta un toque retro y moderno a la vez, [&hellip;]<\/p>\n","protected":false},"featured_media":7856,"comment_status":"open","ping_status":"closed","template":"","meta":{"_et_pb_use_builder":"","_et_pb_old_content":"","_et_gb_content_width":""},"product_brand":[],"product_cat":[213,221,218,26],"product_tag":[509,440,536,47],"class_list":{"0":"post-7855","1":"product","2":"type-product","3":"status-publish","4":"has-post-thumbnail","6":"product_cat-pantalones","7":"product_cat-pantalones-bota-campana","8":"product_cat-pantalones-tiro-alto","9":"product_cat-jeans-push-up","10":"product_tag-jeans-colombianos","11":"product_tag-jeans-de-moda","12":"product_tag-jeans-licrado","13":"product_tag-jeans-push-up","15":"first","16":"instock","17":"shipping-taxable","18":"purchasable","19":"product-type-variable"},"yoast_head":"<!-- This site is optimized with the Yoast SEO plugin v25.9 - https:\/\/yoast.com\/wordpress\/plugins\/seo\/ -->\n<title>Jeans Colombianos Push Up Ref. A846 - Givanna Castelo<\/title>\n<meta name=\"description\" content=\"Jeans Colombianos Push Up Ref. A846\" \/>\n<meta name=\"robots\" content=\"index, follow, max-snippet:-1, max-image-preview:large, max-video-preview:-1\" \/>\n<link rel=\"canonical\" href=\"https:\/\/givannacastelo.es\/index.php\/producto\/jeans-colombianos-push-up-ref-a846\/\" \/>\n<meta property=\"og:locale\" content=\"es_ES\" \/>\n<meta property=\"og:type\" content=\"article\" \/>\n<meta property=\"og:title\" content=\"Jeans Colombianos Push Up Ref. A846 - Givanna Castelo\" \/>\n<meta property=\"og:description\" content=\"Jeans Colombianos Push Up Ref. A846\" \/>\n<meta property=\"og:url\" content=\"https:\/\/givannacastelo.es\/index.php\/producto\/jeans-colombianos-push-up-ref-a846\/\" \/>\n<meta property=\"og:site_name\" content=\"Givanna Castelo\" \/>\n<meta property=\"og:image\" content=\"https:\/\/givannacastelo.es\/wp-content\/uploads\/2025\/10\/https___images.colombiaespassion.net_921747816267-scaled.jpg\" \/>\n\t<meta property=\"og:image:width\" content=\"1680\" \/>\n\t<meta property=\"og:image:height\" content=\"2560\" \/>\n\t<meta property=\"og:image:type\" content=\"image\/jpeg\" \/>\n<meta name=\"twitter:card\" content=\"summary_large_image\" \/>\n<meta name=\"twitter:label1\" content=\"Tiempo de lectura\" \/>\n\t<meta name=\"twitter:data1\" content=\"1 minuto\" \/>\n<script type=\"application\/ld+json\" class=\"yoast-schema-graph\">{\"@context\":\"https:\/\/schema.org\",\"@graph\":[{\"@type\":\"WebPage\",\"@id\":\"https:\/\/givannacastelo.es\/index.php\/producto\/jeans-colombianos-push-up-ref-a846\/\",\"url\":\"https:\/\/givannacastelo.es\/index.php\/producto\/jeans-colombianos-push-up-ref-a846\/\",\"name\":\"Jeans Colombianos Push Up Ref. A846 - Givanna Castelo\",\"isPartOf\":{\"@id\":\"https:\/\/givannacastelo.es\/#website\"},\"primaryImageOfPage\":{\"@id\":\"https:\/\/givannacastelo.es\/index.php\/producto\/jeans-colombianos-push-up-ref-a846\/#primaryimage\"},\"image\":{\"@id\":\"https:\/\/givannacastelo.es\/index.php\/producto\/jeans-colombianos-push-up-ref-a846\/#primaryimage\"},\"thumbnailUrl\":\"https:\/\/givannacastelo.es\/wp-content\/uploads\/2025\/10\/https___images.colombiaespassion.net_921747816267-scaled.jpg\",\"datePublished\":\"2025-10-18T01:11:17+00:00\",\"description\":\"Jeans Colombianos Push Up Ref. A846\",\"breadcrumb\":{\"@id\":\"https:\/\/givannacastelo.es\/index.php\/producto\/jeans-colombianos-push-up-ref-a846\/#breadcrumb\"},\"inLanguage\":\"es\",\"potentialAction\":[{\"@type\":\"ReadAction\",\"target\":[\"https:\/\/givannacastelo.es\/index.php\/producto\/jeans-colombianos-push-up-ref-a846\/\"]}]},{\"@type\":\"ImageObject\",\"inLanguage\":\"es\",\"@id\":\"https:\/\/givannacastelo.es\/index.php\/producto\/jeans-colombianos-push-up-ref-a846\/#primaryimage\",\"url\":\"https:\/\/givannacastelo.es\/wp-content\/uploads\/2025\/10\/https___images.colombiaespassion.net_921747816267-scaled.jpg\",\"contentUrl\":\"https:\/\/givannacastelo.es\/wp-content\/uploads\/2025\/10\/https___images.colombiaespassion.net_921747816267-scaled.jpg\",\"width\":1680,\"height\":2560},{\"@type\":\"BreadcrumbList\",\"@id\":\"https:\/\/givannacastelo.es\/index.php\/producto\/jeans-colombianos-push-up-ref-a846\/#breadcrumb\",\"itemListElement\":[{\"@type\":\"ListItem\",\"position\":1,\"name\":\"Portada\",\"item\":\"https:\/\/givannacastelo.es\/\"},{\"@type\":\"ListItem\",\"position\":2,\"name\":\"Tienda\",\"item\":\"https:\/\/givannacastelo.es\/index.php\/tienda\/\"},{\"@type\":\"ListItem\",\"position\":3,\"name\":\"Jeans Colombianos Push Up Ref. A846\"}]},{\"@type\":\"WebSite\",\"@id\":\"https:\/\/givannacastelo.es\/#website\",\"url\":\"https:\/\/givannacastelo.es\/\",\"name\":\"Givanna Castelo\",\"description\":\"Descubre en Givanna Castelo las \u00faltimas tendencias en moda para mujer y hombre. Ropa de calidad, estilo \u00fanico y precios accesibles para que siempre luzcas espectacular. \u00a1Compra f\u00e1cil y r\u00e1pido online!\",\"publisher\":{\"@id\":\"https:\/\/givannacastelo.es\/#organization\"},\"alternateName\":\"givannacastelo.es\",\"potentialAction\":[{\"@type\":\"SearchAction\",\"target\":{\"@type\":\"EntryPoint\",\"urlTemplate\":\"https:\/\/givannacastelo.es\/?s={search_term_string}\"},\"query-input\":{\"@type\":\"PropertyValueSpecification\",\"valueRequired\":true,\"valueName\":\"search_term_string\"}}],\"inLanguage\":\"es\"},{\"@type\":\"Organization\",\"@id\":\"https:\/\/givannacastelo.es\/#organization\",\"name\":\"Givanna Castelo\",\"alternateName\":\"givanna castelo\",\"url\":\"https:\/\/givannacastelo.es\/\",\"logo\":{\"@type\":\"ImageObject\",\"inLanguage\":\"es\",\"@id\":\"https:\/\/givannacastelo.es\/#\/schema\/logo\/image\/\",\"url\":\"https:\/\/givannacastelo.es\/wp-content\/uploads\/2025\/09\/Asset-1-1-2.png\",\"contentUrl\":\"https:\/\/givannacastelo.es\/wp-content\/uploads\/2025\/09\/Asset-1-1-2.png\",\"width\":184,\"height\":177,\"caption\":\"Givanna Castelo\"},\"image\":{\"@id\":\"https:\/\/givannacastelo.es\/#\/schema\/logo\/image\/\"}}]}<\/script>\n<!-- \/ Yoast SEO plugin. -->","yoast_head_json":{"title":"Jeans Colombianos Push Up Ref. A846 - Givanna Castelo","description":"Jeans Colombianos Push Up Ref. A846","robots":{"index":"index","follow":"follow","max-snippet":"max-snippet:-1","max-image-preview":"max-image-preview:large","max-video-preview":"max-video-preview:-1"},"canonical":"https:\/\/givannacastelo.es\/index.php\/producto\/jeans-colombianos-push-up-ref-a846\/","og_locale":"es_ES","og_type":"article","og_title":"Jeans Colombianos Push Up Ref. A846 - Givanna Castelo","og_description":"Jeans Colombianos Push Up Ref. A846","og_url":"https:\/\/givannacastelo.es\/index.php\/producto\/jeans-colombianos-push-up-ref-a846\/","og_site_name":"Givanna Castelo","og_image":[{"width":1680,"height":2560,"url":"https:\/\/givannacastelo.es\/wp-content\/uploads\/2025\/10\/https___images.colombiaespassion.net_921747816267-scaled.jpg","type":"image\/jpeg"}],"twitter_card":"summary_large_image","twitter_misc":{"Tiempo de lectura":"1 minuto"},"schema":{"@context":"https:\/\/schema.org","@graph":[{"@type":"WebPage","@id":"https:\/\/givannacastelo.es\/index.php\/producto\/jeans-colombianos-push-up-ref-a846\/","url":"https:\/\/givannacastelo.es\/index.php\/producto\/jeans-colombianos-push-up-ref-a846\/","name":"Jeans Colombianos Push Up Ref. A846 - Givanna Castelo","isPartOf":{"@id":"https:\/\/givannacastelo.es\/#website"},"primaryImageOfPage":{"@id":"https:\/\/givannacastelo.es\/index.php\/producto\/jeans-colombianos-push-up-ref-a846\/#primaryimage"},"image":{"@id":"https:\/\/givannacastelo.es\/index.php\/producto\/jeans-colombianos-push-up-ref-a846\/#primaryimage"},"thumbnailUrl":"https:\/\/givannacastelo.es\/wp-content\/uploads\/2025\/10\/https___images.colombiaespassion.net_921747816267-scaled.jpg","datePublished":"2025-10-18T01:11:17+00:00","description":"Jeans Colombianos Push Up Ref. A846","breadcrumb":{"@id":"https:\/\/givannacastelo.es\/index.php\/producto\/jeans-colombianos-push-up-ref-a846\/#breadcrumb"},"inLanguage":"es","potentialAction":[{"@type":"ReadAction","target":["https:\/\/givannacastelo.es\/index.php\/producto\/jeans-colombianos-push-up-ref-a846\/"]}]},{"@type":"ImageObject","inLanguage":"es","@id":"https:\/\/givannacastelo.es\/index.php\/producto\/jeans-colombianos-push-up-ref-a846\/#primaryimage","url":"https:\/\/givannacastelo.es\/wp-content\/uploads\/2025\/10\/https___images.colombiaespassion.net_921747816267-scaled.jpg","contentUrl":"https:\/\/givannacastelo.es\/wp-content\/uploads\/2025\/10\/https___images.colombiaespassion.net_921747816267-scaled.jpg","width":1680,"height":2560},{"@type":"BreadcrumbList","@id":"https:\/\/givannacastelo.es\/index.php\/producto\/jeans-colombianos-push-up-ref-a846\/#breadcrumb","itemListElement":[{"@type":"ListItem","position":1,"name":"Portada","item":"https:\/\/givannacastelo.es\/"},{"@type":"ListItem","position":2,"name":"Tienda","item":"https:\/\/givannacastelo.es\/index.php\/tienda\/"},{"@type":"ListItem","position":3,"name":"Jeans Colombianos Push Up Ref. A846"}]},{"@type":"WebSite","@id":"https:\/\/givannacastelo.es\/#website","url":"https:\/\/givannacastelo.es\/","name":"Givanna Castelo","description":"Descubre en Givanna Castelo las \u00faltimas tendencias en moda para mujer y hombre. Ropa de calidad, estilo \u00fanico y precios accesibles para que siempre luzcas espectacular. \u00a1Compra f\u00e1cil y r\u00e1pido online!","publisher":{"@id":"https:\/\/givannacastelo.es\/#organization"},"alternateName":"givannacastelo.es","potentialAction":[{"@type":"SearchAction","target":{"@type":"EntryPoint","urlTemplate":"https:\/\/givannacastelo.es\/?s={search_term_string}"},"query-input":{"@type":"PropertyValueSpecification","valueRequired":true,"valueName":"search_term_string"}}],"inLanguage":"es"},{"@type":"Organization","@id":"https:\/\/givannacastelo.es\/#organization","name":"Givanna Castelo","alternateName":"givanna castelo","url":"https:\/\/givannacastelo.es\/","logo":{"@type":"ImageObject","inLanguage":"es","@id":"https:\/\/givannacastelo.es\/#\/schema\/logo\/image\/","url":"https:\/\/givannacastelo.es\/wp-content\/uploads\/2025\/09\/Asset-1-1-2.png","contentUrl":"https:\/\/givannacastelo.es\/wp-content\/uploads\/2025\/09\/Asset-1-1-2.png","width":184,"height":177,"caption":"Givanna Castelo"},"image":{"@id":"https:\/\/givannacastelo.es\/#\/schema\/logo\/image\/"}}]}},"jetpack_sharing_enabled":true,"_links":{"self":[{"href":"https:\/\/givannacastelo.es\/index.php\/wp-json\/wp\/v2\/product\/7855","targetHints":{"allow":["GET"]}}],"collection":[{"href":"https:\/\/givannacastelo.es\/index.php\/wp-json\/wp\/v2\/product"}],"about":[{"href":"https:\/\/givannacastelo.es\/index.php\/wp-json\/wp\/v2\/types\/product"}],"replies":[{"embeddable":true,"href":"https:\/\/givannacastelo.es\/index.php\/wp-json\/wp\/v2\/comments?post=7855"}],"wp:featuredmedia":[{"embeddable":true,"href":"https:\/\/givannacastelo.es\/index.php\/wp-json\/wp\/v2\/media\/7856"}],"wp:attachment":[{"href":"https:\/\/givannacastelo.es\/index.php\/wp-json\/wp\/v2\/media?parent=7855"}],"wp:term":[{"taxonomy":"product_brand","embeddable":true,"href":"https:\/\/givannacastelo.es\/index.php\/wp-json\/wp\/v2\/product_brand?post=7855"},{"taxonomy":"product_cat","embeddable":true,"href":"https:\/\/givannacastelo.es\/index.php\/wp-json\/wp\/v2\/product_cat?post=7855"},{"taxonomy":"product_tag","embeddable":true,"href":"https:\/\/givannacastelo.es\/index.php\/wp-json\/wp\/v2\/product_tag?post=7855"}],"curies":[{"name":"wp","href":"https:\/\/api.w.org\/{rel}","templated":true}]}}