{"id":7811,"date":"2025-10-09T16:39:57","date_gmt":"2025-10-09T14:39:57","guid":{"rendered":"https:\/\/givannacastelo.es\/?post_type=product&#038;p=7811"},"modified":"2025-10-09T16:39:57","modified_gmt":"2025-10-09T14:39:57","slug":"jeans-push-up-colombiano-ref-4170-colibri","status":"publish","type":"product","link":"https:\/\/givannacastelo.es\/index.php\/producto\/jeans-push-up-colombiano-ref-4170-colibri\/","title":{"rendered":"Jeans Push Up Colombiano Ref. 4170 COLIBRI"},"content":{"rendered":"<p data-end=\"440\" data-start=\"144\">El jean COLIBR\u00cd de OFORI est\u00e1 dise\u00f1ado para quienes buscan estilo, firmeza y sensualidad en una sola prenda. Con pretina alta de 5 botones, control abdomen y acabado efecto piel de durazno, este dise\u00f1o sin bolsillos traseros logra una silueta limpia y estilizada que eleva naturalmente tu figura.<\/p>\n<p data-end=\"547\" data-start=\"442\">El cintur\u00f3n con hebilla decorativa a\u00f1ade un toque sofisticado, ideal para looks con tops o bodys ce\u00f1idos.<\/p>\n<p data-end=\"576\" data-start=\"549\"><b><strong data-end=\"576\" data-start=\"549\">\u00bfPor qu\u00e9 lo vas a amar?<\/strong><\/b><\/p>\n<ul>\n<li data-end=\"576\" data-start=\"549\">Tiro alto con 5 botones para moldear el abdomen<\/li>\n<li data-end=\"666\" data-start=\"627\">Tela suave con efecto piel de durazno<\/li>\n<li data-end=\"733\" data-start=\"667\">Dise\u00f1o sin bolsillos traseros para un efecto push-up m\u00e1s marcado<\/li>\n<li data-end=\"776\" data-start=\"734\">Bota tubo para un fit moderno y elegante<\/li>\n<\/ul>\n<p data-end=\"968\" data-is-last-node=\"\" data-is-only-node=\"\" data-start=\"778\"><b><strong data-end=\"853\" data-start=\"815\">Moda colombiana en Espa\u00f1a y Europa<\/strong><\/b><\/p>\n<table>\n<tbody>\n<tr>\n<td><b>Talla<\/b><\/td>\n<td><b>Cintura (cm)<\/b><\/td>\n<td><b>Cadera (cm)<\/b><\/td>\n<td><b>Largo (cm)<\/b><\/td>\n<\/tr>\n<tr>\n<td>8<\/td>\n<td>68 &#8211; 80<\/td>\n<td>84 &#8211; 96<\/td>\n<td>99<\/td>\n<\/tr>\n<tr>\n<td>10<\/td>\n<td>70 &#8211; 84<\/td>\n<td>88 &#8211; 100<\/td>\n<td>100<\/td>\n<\/tr>\n<tr>\n<td>12<\/td>\n<td>74 &#8211; 88<\/td>\n<td>90 &#8211; 104<\/td>\n<td>101<\/td>\n<\/tr>\n<tr>\n<td>14<\/td>\n<td>80 &#8211; 92<\/td>\n<td>94 &#8211; 108<\/td>\n<td>102<\/td>\n<\/tr>\n<\/tbody>\n<\/table>\n","protected":false},"excerpt":{"rendered":"<p>El jean COLIBR\u00cd de OFORI est\u00e1 dise\u00f1ado para quienes buscan estilo, firmeza y sensualidad en una sola prenda. Con pretina alta de 5 botones, control abdomen y acabado efecto piel de durazno, este dise\u00f1o sin bolsillos traseros logra una silueta limpia y estilizada que eleva naturalmente tu figura. El cintur\u00f3n con hebilla decorativa a\u00f1ade un [&hellip;]<\/p>\n","protected":false},"featured_media":7812,"comment_status":"open","ping_status":"closed","template":"","meta":{"_et_pb_use_builder":"","_et_pb_old_content":"","_et_gb_content_width":""},"product_brand":[],"product_cat":[213,218],"product_tag":[49,75,48,124,118],"class_list":{"0":"post-7811","1":"product","2":"type-product","3":"status-publish","4":"has-post-thumbnail","6":"product_cat-pantalones","7":"product_cat-pantalones-tiro-alto","8":"product_tag-jeans-a-la-moda","9":"product_tag-jeans-ajustado","10":"product_tag-jeans-colombiano","11":"product_tag-jeans-con-bolsillo","12":"product_tag-jeans-con-pretina","14":"first","15":"instock","16":"shipping-taxable","17":"purchasable","18":"product-type-variable"},"yoast_head":"<!-- This site is optimized with the Yoast SEO plugin v25.9 - https:\/\/yoast.com\/wordpress\/plugins\/seo\/ -->\n<title>Jeans Push Up Colombiano Ref. 4170 COLIBRI - Givanna Castelo<\/title>\n<meta name=\"description\" content=\"Jeans Push Up Colombiano Ref. 4170 COLIBRI\" \/>\n<meta name=\"robots\" content=\"index, follow, max-snippet:-1, max-image-preview:large, max-video-preview:-1\" \/>\n<link rel=\"canonical\" href=\"https:\/\/givannacastelo.es\/index.php\/producto\/jeans-push-up-colombiano-ref-4170-colibri\/\" \/>\n<meta property=\"og:locale\" content=\"es_ES\" \/>\n<meta property=\"og:type\" content=\"article\" \/>\n<meta property=\"og:title\" content=\"Jeans Push Up Colombiano Ref. 4170 COLIBRI - Givanna Castelo\" \/>\n<meta property=\"og:description\" content=\"Jeans Push Up Colombiano Ref. 4170 COLIBRI\" \/>\n<meta property=\"og:url\" content=\"https:\/\/givannacastelo.es\/index.php\/producto\/jeans-push-up-colombiano-ref-4170-colibri\/\" \/>\n<meta property=\"og:site_name\" content=\"Givanna Castelo\" \/>\n<meta property=\"og:image\" content=\"https:\/\/givannacastelo.es\/wp-content\/uploads\/2025\/10\/921749110427-scaled.jpg\" \/>\n\t<meta property=\"og:image:width\" content=\"1680\" \/>\n\t<meta property=\"og:image:height\" content=\"2560\" \/>\n\t<meta property=\"og:image:type\" content=\"image\/jpeg\" \/>\n<meta name=\"twitter:card\" content=\"summary_large_image\" \/>\n<meta name=\"twitter:label1\" content=\"Tiempo de lectura\" \/>\n\t<meta name=\"twitter:data1\" content=\"1 minuto\" \/>\n<script type=\"application\/ld+json\" class=\"yoast-schema-graph\">{\"@context\":\"https:\/\/schema.org\",\"@graph\":[{\"@type\":\"WebPage\",\"@id\":\"https:\/\/givannacastelo.es\/index.php\/producto\/jeans-push-up-colombiano-ref-4170-colibri\/\",\"url\":\"https:\/\/givannacastelo.es\/index.php\/producto\/jeans-push-up-colombiano-ref-4170-colibri\/\",\"name\":\"Jeans Push Up Colombiano Ref. 4170 COLIBRI - Givanna Castelo\",\"isPartOf\":{\"@id\":\"https:\/\/givannacastelo.es\/#website\"},\"primaryImageOfPage\":{\"@id\":\"https:\/\/givannacastelo.es\/index.php\/producto\/jeans-push-up-colombiano-ref-4170-colibri\/#primaryimage\"},\"image\":{\"@id\":\"https:\/\/givannacastelo.es\/index.php\/producto\/jeans-push-up-colombiano-ref-4170-colibri\/#primaryimage\"},\"thumbnailUrl\":\"https:\/\/givannacastelo.es\/wp-content\/uploads\/2025\/10\/921749110427-scaled.jpg\",\"datePublished\":\"2025-10-09T14:39:57+00:00\",\"description\":\"Jeans Push Up Colombiano Ref. 4170 COLIBRI\",\"breadcrumb\":{\"@id\":\"https:\/\/givannacastelo.es\/index.php\/producto\/jeans-push-up-colombiano-ref-4170-colibri\/#breadcrumb\"},\"inLanguage\":\"es\",\"potentialAction\":[{\"@type\":\"ReadAction\",\"target\":[\"https:\/\/givannacastelo.es\/index.php\/producto\/jeans-push-up-colombiano-ref-4170-colibri\/\"]}]},{\"@type\":\"ImageObject\",\"inLanguage\":\"es\",\"@id\":\"https:\/\/givannacastelo.es\/index.php\/producto\/jeans-push-up-colombiano-ref-4170-colibri\/#primaryimage\",\"url\":\"https:\/\/givannacastelo.es\/wp-content\/uploads\/2025\/10\/921749110427-scaled.jpg\",\"contentUrl\":\"https:\/\/givannacastelo.es\/wp-content\/uploads\/2025\/10\/921749110427-scaled.jpg\",\"width\":1680,\"height\":2560},{\"@type\":\"BreadcrumbList\",\"@id\":\"https:\/\/givannacastelo.es\/index.php\/producto\/jeans-push-up-colombiano-ref-4170-colibri\/#breadcrumb\",\"itemListElement\":[{\"@type\":\"ListItem\",\"position\":1,\"name\":\"Portada\",\"item\":\"https:\/\/givannacastelo.es\/\"},{\"@type\":\"ListItem\",\"position\":2,\"name\":\"Tienda\",\"item\":\"https:\/\/givannacastelo.es\/index.php\/tienda\/\"},{\"@type\":\"ListItem\",\"position\":3,\"name\":\"Jeans Push Up Colombiano Ref. 4170 COLIBRI\"}]},{\"@type\":\"WebSite\",\"@id\":\"https:\/\/givannacastelo.es\/#website\",\"url\":\"https:\/\/givannacastelo.es\/\",\"name\":\"Givanna Castelo\",\"description\":\"Descubre en Givanna Castelo las \u00faltimas tendencias en moda para mujer y hombre. Ropa de calidad, estilo \u00fanico y precios accesibles para que siempre luzcas espectacular. \u00a1Compra f\u00e1cil y r\u00e1pido online!\",\"publisher\":{\"@id\":\"https:\/\/givannacastelo.es\/#organization\"},\"alternateName\":\"givannacastelo.es\",\"potentialAction\":[{\"@type\":\"SearchAction\",\"target\":{\"@type\":\"EntryPoint\",\"urlTemplate\":\"https:\/\/givannacastelo.es\/?s={search_term_string}\"},\"query-input\":{\"@type\":\"PropertyValueSpecification\",\"valueRequired\":true,\"valueName\":\"search_term_string\"}}],\"inLanguage\":\"es\"},{\"@type\":\"Organization\",\"@id\":\"https:\/\/givannacastelo.es\/#organization\",\"name\":\"Givanna Castelo\",\"alternateName\":\"givanna castelo\",\"url\":\"https:\/\/givannacastelo.es\/\",\"logo\":{\"@type\":\"ImageObject\",\"inLanguage\":\"es\",\"@id\":\"https:\/\/givannacastelo.es\/#\/schema\/logo\/image\/\",\"url\":\"https:\/\/givannacastelo.es\/wp-content\/uploads\/2025\/09\/Asset-1-1-2.png\",\"contentUrl\":\"https:\/\/givannacastelo.es\/wp-content\/uploads\/2025\/09\/Asset-1-1-2.png\",\"width\":184,\"height\":177,\"caption\":\"Givanna Castelo\"},\"image\":{\"@id\":\"https:\/\/givannacastelo.es\/#\/schema\/logo\/image\/\"}}]}<\/script>\n<!-- \/ Yoast SEO plugin. -->","yoast_head_json":{"title":"Jeans Push Up Colombiano Ref. 4170 COLIBRI - Givanna Castelo","description":"Jeans Push Up Colombiano Ref. 4170 COLIBRI","robots":{"index":"index","follow":"follow","max-snippet":"max-snippet:-1","max-image-preview":"max-image-preview:large","max-video-preview":"max-video-preview:-1"},"canonical":"https:\/\/givannacastelo.es\/index.php\/producto\/jeans-push-up-colombiano-ref-4170-colibri\/","og_locale":"es_ES","og_type":"article","og_title":"Jeans Push Up Colombiano Ref. 4170 COLIBRI - Givanna Castelo","og_description":"Jeans Push Up Colombiano Ref. 4170 COLIBRI","og_url":"https:\/\/givannacastelo.es\/index.php\/producto\/jeans-push-up-colombiano-ref-4170-colibri\/","og_site_name":"Givanna Castelo","og_image":[{"width":1680,"height":2560,"url":"https:\/\/givannacastelo.es\/wp-content\/uploads\/2025\/10\/921749110427-scaled.jpg","type":"image\/jpeg"}],"twitter_card":"summary_large_image","twitter_misc":{"Tiempo de lectura":"1 minuto"},"schema":{"@context":"https:\/\/schema.org","@graph":[{"@type":"WebPage","@id":"https:\/\/givannacastelo.es\/index.php\/producto\/jeans-push-up-colombiano-ref-4170-colibri\/","url":"https:\/\/givannacastelo.es\/index.php\/producto\/jeans-push-up-colombiano-ref-4170-colibri\/","name":"Jeans Push Up Colombiano Ref. 4170 COLIBRI - Givanna Castelo","isPartOf":{"@id":"https:\/\/givannacastelo.es\/#website"},"primaryImageOfPage":{"@id":"https:\/\/givannacastelo.es\/index.php\/producto\/jeans-push-up-colombiano-ref-4170-colibri\/#primaryimage"},"image":{"@id":"https:\/\/givannacastelo.es\/index.php\/producto\/jeans-push-up-colombiano-ref-4170-colibri\/#primaryimage"},"thumbnailUrl":"https:\/\/givannacastelo.es\/wp-content\/uploads\/2025\/10\/921749110427-scaled.jpg","datePublished":"2025-10-09T14:39:57+00:00","description":"Jeans Push Up Colombiano Ref. 4170 COLIBRI","breadcrumb":{"@id":"https:\/\/givannacastelo.es\/index.php\/producto\/jeans-push-up-colombiano-ref-4170-colibri\/#breadcrumb"},"inLanguage":"es","potentialAction":[{"@type":"ReadAction","target":["https:\/\/givannacastelo.es\/index.php\/producto\/jeans-push-up-colombiano-ref-4170-colibri\/"]}]},{"@type":"ImageObject","inLanguage":"es","@id":"https:\/\/givannacastelo.es\/index.php\/producto\/jeans-push-up-colombiano-ref-4170-colibri\/#primaryimage","url":"https:\/\/givannacastelo.es\/wp-content\/uploads\/2025\/10\/921749110427-scaled.jpg","contentUrl":"https:\/\/givannacastelo.es\/wp-content\/uploads\/2025\/10\/921749110427-scaled.jpg","width":1680,"height":2560},{"@type":"BreadcrumbList","@id":"https:\/\/givannacastelo.es\/index.php\/producto\/jeans-push-up-colombiano-ref-4170-colibri\/#breadcrumb","itemListElement":[{"@type":"ListItem","position":1,"name":"Portada","item":"https:\/\/givannacastelo.es\/"},{"@type":"ListItem","position":2,"name":"Tienda","item":"https:\/\/givannacastelo.es\/index.php\/tienda\/"},{"@type":"ListItem","position":3,"name":"Jeans Push Up Colombiano Ref. 4170 COLIBRI"}]},{"@type":"WebSite","@id":"https:\/\/givannacastelo.es\/#website","url":"https:\/\/givannacastelo.es\/","name":"Givanna Castelo","description":"Descubre en Givanna Castelo las \u00faltimas tendencias en moda para mujer y hombre. Ropa de calidad, estilo \u00fanico y precios accesibles para que siempre luzcas espectacular. \u00a1Compra f\u00e1cil y r\u00e1pido online!","publisher":{"@id":"https:\/\/givannacastelo.es\/#organization"},"alternateName":"givannacastelo.es","potentialAction":[{"@type":"SearchAction","target":{"@type":"EntryPoint","urlTemplate":"https:\/\/givannacastelo.es\/?s={search_term_string}"},"query-input":{"@type":"PropertyValueSpecification","valueRequired":true,"valueName":"search_term_string"}}],"inLanguage":"es"},{"@type":"Organization","@id":"https:\/\/givannacastelo.es\/#organization","name":"Givanna Castelo","alternateName":"givanna castelo","url":"https:\/\/givannacastelo.es\/","logo":{"@type":"ImageObject","inLanguage":"es","@id":"https:\/\/givannacastelo.es\/#\/schema\/logo\/image\/","url":"https:\/\/givannacastelo.es\/wp-content\/uploads\/2025\/09\/Asset-1-1-2.png","contentUrl":"https:\/\/givannacastelo.es\/wp-content\/uploads\/2025\/09\/Asset-1-1-2.png","width":184,"height":177,"caption":"Givanna Castelo"},"image":{"@id":"https:\/\/givannacastelo.es\/#\/schema\/logo\/image\/"}}]}},"jetpack_sharing_enabled":true,"_links":{"self":[{"href":"https:\/\/givannacastelo.es\/index.php\/wp-json\/wp\/v2\/product\/7811","targetHints":{"allow":["GET"]}}],"collection":[{"href":"https:\/\/givannacastelo.es\/index.php\/wp-json\/wp\/v2\/product"}],"about":[{"href":"https:\/\/givannacastelo.es\/index.php\/wp-json\/wp\/v2\/types\/product"}],"replies":[{"embeddable":true,"href":"https:\/\/givannacastelo.es\/index.php\/wp-json\/wp\/v2\/comments?post=7811"}],"wp:featuredmedia":[{"embeddable":true,"href":"https:\/\/givannacastelo.es\/index.php\/wp-json\/wp\/v2\/media\/7812"}],"wp:attachment":[{"href":"https:\/\/givannacastelo.es\/index.php\/wp-json\/wp\/v2\/media?parent=7811"}],"wp:term":[{"taxonomy":"product_brand","embeddable":true,"href":"https:\/\/givannacastelo.es\/index.php\/wp-json\/wp\/v2\/product_brand?post=7811"},{"taxonomy":"product_cat","embeddable":true,"href":"https:\/\/givannacastelo.es\/index.php\/wp-json\/wp\/v2\/product_cat?post=7811"},{"taxonomy":"product_tag","embeddable":true,"href":"https:\/\/givannacastelo.es\/index.php\/wp-json\/wp\/v2\/product_tag?post=7811"}],"curies":[{"name":"wp","href":"https:\/\/api.w.org\/{rel}","templated":true}]}}