{"id":7785,"date":"2025-10-15T17:34:05","date_gmt":"2025-10-15T15:34:05","guid":{"rendered":"https:\/\/givannacastelo.es\/?post_type=product&#038;p=7785"},"modified":"2025-10-15T17:34:06","modified_gmt":"2025-10-15T15:34:06","slug":"pantalon-colombiano-levantacola-ref-cb5091","status":"publish","type":"product","link":"https:\/\/givannacastelo.es\/index.php\/producto\/pantalon-colombiano-levantacola-ref-cb5091\/","title":{"rendered":"Pantal\u00f3n Colombiano Levantacola Ref. CB5091"},"content":{"rendered":"<div>\u00a1Destaca con estilo y frescura con el Jean Push Up LevantaCola de Caribbeans en un encantador tono azul claro con un dise\u00f1o especial en las rodillas! Este jean no solo resalta tus curvas de manera favorecedora, sino que tambi\u00e9n agrega un toque de originalidad a tu look diario.<\/div>\n<div><\/div>\n<div>El dise\u00f1o especial en las rodillas a\u00f1ade un toque de modernidad y sofisticaci\u00f3n, asegurando que destaques con elegancia en cualquier ocasi\u00f3n. Adem\u00e1s, el corte push up realza tus gl\u00fateos para una silueta a\u00fan m\u00e1s llamativa.<\/div>\n<div><\/div>\n<div>Fabricado con materiales de alta calidad, este jean te brinda comodidad y durabilidad para que te sientas segura y con estilo todo el d\u00eda.<\/div>\n<div><\/div>\n<div>\u00a1No esperes m\u00e1s para brillar con este exclusivo jean de Caribbeans! A\u00f1\u00e1delo a tu carrito y hazlo tuyo hoy mismo.<\/div>\n<div><\/div>\n","protected":false},"excerpt":{"rendered":"<p>\u00a1Destaca con estilo y frescura con el Jean Push Up LevantaCola de Caribbeans en un encantador tono azul claro con un dise\u00f1o especial en las rodillas! Este jean no solo resalta tus curvas de manera favorecedora, sino que tambi\u00e9n agrega un toque de originalidad a tu look diario. El dise\u00f1o especial en las rodillas a\u00f1ade [&hellip;]<\/p>\n","protected":false},"featured_media":7786,"comment_status":"open","ping_status":"closed","template":"","meta":{"_et_pb_use_builder":"","_et_pb_old_content":"","_et_gb_content_width":""},"product_brand":[],"product_cat":[213,26],"product_tag":[400,389,401,407],"class_list":{"0":"post-7785","1":"product","2":"type-product","3":"status-publish","4":"has-post-thumbnail","6":"product_cat-pantalones","7":"product_cat-jeans-push-up","8":"product_tag-pantalon-a-la-moda","9":"product_tag-pantalon-casual","10":"product_tag-pantalon-colombiano","11":"product_tag-pantalon-levantacola","13":"first","14":"instock","15":"shipping-taxable","16":"purchasable","17":"product-type-variable"},"yoast_head":"<!-- This site is optimized with the Yoast SEO plugin v25.9 - https:\/\/yoast.com\/wordpress\/plugins\/seo\/ -->\n<title>Pantal\u00f3n Colombiano Levantacola Ref. CB5091 - Givanna Castelo<\/title>\n<meta name=\"description\" content=\"Pantal\u00f3n Colombiano Levantacola Ref. CB5091\" \/>\n<meta name=\"robots\" content=\"index, follow, max-snippet:-1, max-image-preview:large, max-video-preview:-1\" \/>\n<link rel=\"canonical\" href=\"https:\/\/givannacastelo.es\/index.php\/producto\/pantalon-colombiano-levantacola-ref-cb5091\/\" \/>\n<meta property=\"og:locale\" content=\"es_ES\" \/>\n<meta property=\"og:type\" content=\"article\" \/>\n<meta property=\"og:title\" content=\"Pantal\u00f3n Colombiano Levantacola Ref. CB5091 - Givanna Castelo\" \/>\n<meta property=\"og:description\" content=\"Pantal\u00f3n Colombiano Levantacola Ref. CB5091\" \/>\n<meta property=\"og:url\" content=\"https:\/\/givannacastelo.es\/index.php\/producto\/pantalon-colombiano-levantacola-ref-cb5091\/\" \/>\n<meta property=\"og:site_name\" content=\"Givanna Castelo\" \/>\n<meta property=\"article:modified_time\" content=\"2025-10-15T15:34:06+00:00\" \/>\n<meta property=\"og:image\" content=\"https:\/\/givannacastelo.es\/wp-content\/uploads\/2025\/10\/921713967633-scaled.jpg\" \/>\n\t<meta property=\"og:image:width\" content=\"1680\" \/>\n\t<meta property=\"og:image:height\" content=\"2560\" \/>\n\t<meta property=\"og:image:type\" content=\"image\/jpeg\" \/>\n<meta name=\"twitter:card\" content=\"summary_large_image\" \/>\n<meta name=\"twitter:label1\" content=\"Tiempo de lectura\" \/>\n\t<meta name=\"twitter:data1\" content=\"1 minuto\" \/>\n<script type=\"application\/ld+json\" class=\"yoast-schema-graph\">{\"@context\":\"https:\/\/schema.org\",\"@graph\":[{\"@type\":\"WebPage\",\"@id\":\"https:\/\/givannacastelo.es\/index.php\/producto\/pantalon-colombiano-levantacola-ref-cb5091\/\",\"url\":\"https:\/\/givannacastelo.es\/index.php\/producto\/pantalon-colombiano-levantacola-ref-cb5091\/\",\"name\":\"Pantal\u00f3n Colombiano Levantacola Ref. CB5091 - Givanna Castelo\",\"isPartOf\":{\"@id\":\"https:\/\/givannacastelo.es\/#website\"},\"primaryImageOfPage\":{\"@id\":\"https:\/\/givannacastelo.es\/index.php\/producto\/pantalon-colombiano-levantacola-ref-cb5091\/#primaryimage\"},\"image\":{\"@id\":\"https:\/\/givannacastelo.es\/index.php\/producto\/pantalon-colombiano-levantacola-ref-cb5091\/#primaryimage\"},\"thumbnailUrl\":\"https:\/\/givannacastelo.es\/wp-content\/uploads\/2025\/10\/921713967633-scaled.jpg\",\"datePublished\":\"2025-10-15T15:34:05+00:00\",\"dateModified\":\"2025-10-15T15:34:06+00:00\",\"description\":\"Pantal\u00f3n Colombiano Levantacola Ref. CB5091\",\"breadcrumb\":{\"@id\":\"https:\/\/givannacastelo.es\/index.php\/producto\/pantalon-colombiano-levantacola-ref-cb5091\/#breadcrumb\"},\"inLanguage\":\"es\",\"potentialAction\":[{\"@type\":\"ReadAction\",\"target\":[\"https:\/\/givannacastelo.es\/index.php\/producto\/pantalon-colombiano-levantacola-ref-cb5091\/\"]}]},{\"@type\":\"ImageObject\",\"inLanguage\":\"es\",\"@id\":\"https:\/\/givannacastelo.es\/index.php\/producto\/pantalon-colombiano-levantacola-ref-cb5091\/#primaryimage\",\"url\":\"https:\/\/givannacastelo.es\/wp-content\/uploads\/2025\/10\/921713967633-scaled.jpg\",\"contentUrl\":\"https:\/\/givannacastelo.es\/wp-content\/uploads\/2025\/10\/921713967633-scaled.jpg\",\"width\":1680,\"height\":2560},{\"@type\":\"BreadcrumbList\",\"@id\":\"https:\/\/givannacastelo.es\/index.php\/producto\/pantalon-colombiano-levantacola-ref-cb5091\/#breadcrumb\",\"itemListElement\":[{\"@type\":\"ListItem\",\"position\":1,\"name\":\"Portada\",\"item\":\"https:\/\/givannacastelo.es\/\"},{\"@type\":\"ListItem\",\"position\":2,\"name\":\"Tienda\",\"item\":\"https:\/\/givannacastelo.es\/index.php\/tienda\/\"},{\"@type\":\"ListItem\",\"position\":3,\"name\":\"Pantal\u00f3n Colombiano Levantacola Ref. CB5091\"}]},{\"@type\":\"WebSite\",\"@id\":\"https:\/\/givannacastelo.es\/#website\",\"url\":\"https:\/\/givannacastelo.es\/\",\"name\":\"Givanna Castelo\",\"description\":\"Descubre en Givanna Castelo las \u00faltimas tendencias en moda para mujer y hombre. Ropa de calidad, estilo \u00fanico y precios accesibles para que siempre luzcas espectacular. \u00a1Compra f\u00e1cil y r\u00e1pido online!\",\"publisher\":{\"@id\":\"https:\/\/givannacastelo.es\/#organization\"},\"alternateName\":\"givannacastelo.es\",\"potentialAction\":[{\"@type\":\"SearchAction\",\"target\":{\"@type\":\"EntryPoint\",\"urlTemplate\":\"https:\/\/givannacastelo.es\/?s={search_term_string}\"},\"query-input\":{\"@type\":\"PropertyValueSpecification\",\"valueRequired\":true,\"valueName\":\"search_term_string\"}}],\"inLanguage\":\"es\"},{\"@type\":\"Organization\",\"@id\":\"https:\/\/givannacastelo.es\/#organization\",\"name\":\"Givanna Castelo\",\"alternateName\":\"givanna castelo\",\"url\":\"https:\/\/givannacastelo.es\/\",\"logo\":{\"@type\":\"ImageObject\",\"inLanguage\":\"es\",\"@id\":\"https:\/\/givannacastelo.es\/#\/schema\/logo\/image\/\",\"url\":\"https:\/\/givannacastelo.es\/wp-content\/uploads\/2025\/09\/Asset-1-1-2.png\",\"contentUrl\":\"https:\/\/givannacastelo.es\/wp-content\/uploads\/2025\/09\/Asset-1-1-2.png\",\"width\":184,\"height\":177,\"caption\":\"Givanna Castelo\"},\"image\":{\"@id\":\"https:\/\/givannacastelo.es\/#\/schema\/logo\/image\/\"}}]}<\/script>\n<!-- \/ Yoast SEO plugin. -->","yoast_head_json":{"title":"Pantal\u00f3n Colombiano Levantacola Ref. CB5091 - Givanna Castelo","description":"Pantal\u00f3n Colombiano Levantacola Ref. CB5091","robots":{"index":"index","follow":"follow","max-snippet":"max-snippet:-1","max-image-preview":"max-image-preview:large","max-video-preview":"max-video-preview:-1"},"canonical":"https:\/\/givannacastelo.es\/index.php\/producto\/pantalon-colombiano-levantacola-ref-cb5091\/","og_locale":"es_ES","og_type":"article","og_title":"Pantal\u00f3n Colombiano Levantacola Ref. CB5091 - Givanna Castelo","og_description":"Pantal\u00f3n Colombiano Levantacola Ref. CB5091","og_url":"https:\/\/givannacastelo.es\/index.php\/producto\/pantalon-colombiano-levantacola-ref-cb5091\/","og_site_name":"Givanna Castelo","article_modified_time":"2025-10-15T15:34:06+00:00","og_image":[{"width":1680,"height":2560,"url":"https:\/\/givannacastelo.es\/wp-content\/uploads\/2025\/10\/921713967633-scaled.jpg","type":"image\/jpeg"}],"twitter_card":"summary_large_image","twitter_misc":{"Tiempo de lectura":"1 minuto"},"schema":{"@context":"https:\/\/schema.org","@graph":[{"@type":"WebPage","@id":"https:\/\/givannacastelo.es\/index.php\/producto\/pantalon-colombiano-levantacola-ref-cb5091\/","url":"https:\/\/givannacastelo.es\/index.php\/producto\/pantalon-colombiano-levantacola-ref-cb5091\/","name":"Pantal\u00f3n Colombiano Levantacola Ref. CB5091 - Givanna Castelo","isPartOf":{"@id":"https:\/\/givannacastelo.es\/#website"},"primaryImageOfPage":{"@id":"https:\/\/givannacastelo.es\/index.php\/producto\/pantalon-colombiano-levantacola-ref-cb5091\/#primaryimage"},"image":{"@id":"https:\/\/givannacastelo.es\/index.php\/producto\/pantalon-colombiano-levantacola-ref-cb5091\/#primaryimage"},"thumbnailUrl":"https:\/\/givannacastelo.es\/wp-content\/uploads\/2025\/10\/921713967633-scaled.jpg","datePublished":"2025-10-15T15:34:05+00:00","dateModified":"2025-10-15T15:34:06+00:00","description":"Pantal\u00f3n Colombiano Levantacola Ref. CB5091","breadcrumb":{"@id":"https:\/\/givannacastelo.es\/index.php\/producto\/pantalon-colombiano-levantacola-ref-cb5091\/#breadcrumb"},"inLanguage":"es","potentialAction":[{"@type":"ReadAction","target":["https:\/\/givannacastelo.es\/index.php\/producto\/pantalon-colombiano-levantacola-ref-cb5091\/"]}]},{"@type":"ImageObject","inLanguage":"es","@id":"https:\/\/givannacastelo.es\/index.php\/producto\/pantalon-colombiano-levantacola-ref-cb5091\/#primaryimage","url":"https:\/\/givannacastelo.es\/wp-content\/uploads\/2025\/10\/921713967633-scaled.jpg","contentUrl":"https:\/\/givannacastelo.es\/wp-content\/uploads\/2025\/10\/921713967633-scaled.jpg","width":1680,"height":2560},{"@type":"BreadcrumbList","@id":"https:\/\/givannacastelo.es\/index.php\/producto\/pantalon-colombiano-levantacola-ref-cb5091\/#breadcrumb","itemListElement":[{"@type":"ListItem","position":1,"name":"Portada","item":"https:\/\/givannacastelo.es\/"},{"@type":"ListItem","position":2,"name":"Tienda","item":"https:\/\/givannacastelo.es\/index.php\/tienda\/"},{"@type":"ListItem","position":3,"name":"Pantal\u00f3n Colombiano Levantacola Ref. CB5091"}]},{"@type":"WebSite","@id":"https:\/\/givannacastelo.es\/#website","url":"https:\/\/givannacastelo.es\/","name":"Givanna Castelo","description":"Descubre en Givanna Castelo las \u00faltimas tendencias en moda para mujer y hombre. Ropa de calidad, estilo \u00fanico y precios accesibles para que siempre luzcas espectacular. \u00a1Compra f\u00e1cil y r\u00e1pido online!","publisher":{"@id":"https:\/\/givannacastelo.es\/#organization"},"alternateName":"givannacastelo.es","potentialAction":[{"@type":"SearchAction","target":{"@type":"EntryPoint","urlTemplate":"https:\/\/givannacastelo.es\/?s={search_term_string}"},"query-input":{"@type":"PropertyValueSpecification","valueRequired":true,"valueName":"search_term_string"}}],"inLanguage":"es"},{"@type":"Organization","@id":"https:\/\/givannacastelo.es\/#organization","name":"Givanna Castelo","alternateName":"givanna castelo","url":"https:\/\/givannacastelo.es\/","logo":{"@type":"ImageObject","inLanguage":"es","@id":"https:\/\/givannacastelo.es\/#\/schema\/logo\/image\/","url":"https:\/\/givannacastelo.es\/wp-content\/uploads\/2025\/09\/Asset-1-1-2.png","contentUrl":"https:\/\/givannacastelo.es\/wp-content\/uploads\/2025\/09\/Asset-1-1-2.png","width":184,"height":177,"caption":"Givanna Castelo"},"image":{"@id":"https:\/\/givannacastelo.es\/#\/schema\/logo\/image\/"}}]}},"jetpack_sharing_enabled":true,"_links":{"self":[{"href":"https:\/\/givannacastelo.es\/index.php\/wp-json\/wp\/v2\/product\/7785","targetHints":{"allow":["GET"]}}],"collection":[{"href":"https:\/\/givannacastelo.es\/index.php\/wp-json\/wp\/v2\/product"}],"about":[{"href":"https:\/\/givannacastelo.es\/index.php\/wp-json\/wp\/v2\/types\/product"}],"replies":[{"embeddable":true,"href":"https:\/\/givannacastelo.es\/index.php\/wp-json\/wp\/v2\/comments?post=7785"}],"wp:featuredmedia":[{"embeddable":true,"href":"https:\/\/givannacastelo.es\/index.php\/wp-json\/wp\/v2\/media\/7786"}],"wp:attachment":[{"href":"https:\/\/givannacastelo.es\/index.php\/wp-json\/wp\/v2\/media?parent=7785"}],"wp:term":[{"taxonomy":"product_brand","embeddable":true,"href":"https:\/\/givannacastelo.es\/index.php\/wp-json\/wp\/v2\/product_brand?post=7785"},{"taxonomy":"product_cat","embeddable":true,"href":"https:\/\/givannacastelo.es\/index.php\/wp-json\/wp\/v2\/product_cat?post=7785"},{"taxonomy":"product_tag","embeddable":true,"href":"https:\/\/givannacastelo.es\/index.php\/wp-json\/wp\/v2\/product_tag?post=7785"}],"curies":[{"name":"wp","href":"https:\/\/api.w.org\/{rel}","templated":true}]}}