{"id":536,"date":"2025-09-14T16:31:44","date_gmt":"2025-09-14T14:31:44","guid":{"rendered":"https:\/\/givannacastelo.es\/?post_type=product&#038;p=536"},"modified":"2025-10-03T20:23:24","modified_gmt":"2025-10-03T18:23:24","slug":"faja-primera-etapa-medio-muslo-ref-fpe006","status":"publish","type":"product","link":"https:\/\/givannacastelo.es\/index.php\/producto\/faja-primera-etapa-medio-muslo-ref-fpe006\/","title":{"rendered":"Faja Primera Etapa Medio Muslo Ref. FPE006"},"content":{"rendered":"<div>Introducimos nuestra Faja Medio Muslo en Tejido Tipo NonSpacer, una prenda revolucionaria dise\u00f1ada para ofrecerte el soporte y la compresi\u00f3n necesarios durante tu proceso de recuperaci\u00f3n postquir\u00fargica. Este innovador tejido proporciona un ajuste firme y c\u00f3modo sin costuras, asegurando la m\u00e1xima comodidad mientras te recuperas.<\/div>\n<div><\/div>\n<div>Especialmente dise\u00f1ada para diversas cirug\u00edas, como Liposucci\u00f3n, Abdominoplastia, Marcaci\u00f3n Abdominal, Lipotransferencia, Lipo High Definition y otros procedimientos localizados, nuestra faja se adapta a tus necesidades espec\u00edficas, proporcionando el soporte adecuado en cada fase de tu recuperaci\u00f3n.<\/div>\n<div><\/div>\n<div>La Faja Medio Muslo ha sido esterilizada para garantizar la m\u00e1xima higiene y seguridad, brind\u00e1ndote tranquilidad en tu proceso postoperatorio. Con 2 niveles de ajuste en los hombros, puedes graduar la prenda seg\u00fan tus preferencias y necesidades, asegurando un ajuste personalizado para una comodidad \u00f3ptima.<\/div>\n<div><\/div>\n<div>Para mayor versatilidad, la cargadera es removible en el busto, permiti\u00e9ndote adaptar la faja a diferentes prendas de vestir. Adem\u00e1s, cuenta con 3 niveles de ajuste frontal para brindarte un control preciso sobre la compresi\u00f3n, adapt\u00e1ndose a tu progreso en la recuperaci\u00f3n.<\/div>\n<div><\/div>\n<div>La abertura con refuerzo en la zona \u00edntima proporciona conveniencia sin comprometer la seguridad y el soporte. Con nuestra Faja Medio Muslo, experimentar\u00e1s una recuperaci\u00f3n sin complicaciones, respaldada por la calidad y la innovaci\u00f3n que ofrecemos en cada detalle de nuestro producto.<\/div>\n","protected":false},"excerpt":{"rendered":"<p>Introducimos nuestra Faja Medio Muslo en Tejido Tipo NonSpacer, una prenda revolucionaria dise\u00f1ada para ofrecerte el soporte y la compresi\u00f3n necesarios durante tu proceso de recuperaci\u00f3n postquir\u00fargica. Este innovador tejido proporciona un ajuste firme y c\u00f3modo sin costuras, asegurando la m\u00e1xima comodidad mientras te recuperas. Especialmente dise\u00f1ada para diversas cirug\u00edas, como Liposucci\u00f3n, Abdominoplastia, Marcaci\u00f3n Abdominal, [&hellip;]<\/p>\n","protected":false},"featured_media":592,"comment_status":"open","ping_status":"closed","template":"","meta":{"_et_pb_use_builder":"","_et_pb_old_content":"","_et_gb_content_width":""},"product_brand":[],"product_cat":[24],"product_tag":[57,95,96,59],"class_list":{"0":"post-536","1":"product","2":"type-product","3":"status-publish","4":"has-post-thumbnail","6":"product_cat-fajas-colombianas","7":"product_tag-fajas-colombianas","8":"product_tag-fajas-con-powernet","9":"product_tag-fajas-de-alta-compresion","10":"product_tag-fajas-postquirurgicas","12":"first","13":"instock","14":"shipping-taxable","15":"purchasable","16":"product-type-variable"},"yoast_head":"<!-- This site is optimized with the Yoast SEO plugin v25.9 - https:\/\/yoast.com\/wordpress\/plugins\/seo\/ -->\n<title>Faja Primera Etapa Medio Muslo Ref. FPE006 - Givanna Castelo<\/title>\n<meta name=\"description\" content=\"Faja Primera Etapa Medio Muslo Ref. FPE006\" \/>\n<meta name=\"robots\" content=\"index, follow, max-snippet:-1, max-image-preview:large, max-video-preview:-1\" \/>\n<link rel=\"canonical\" href=\"https:\/\/givannacastelo.es\/index.php\/producto\/faja-primera-etapa-medio-muslo-ref-fpe006\/\" \/>\n<meta property=\"og:locale\" content=\"es_ES\" \/>\n<meta property=\"og:type\" content=\"article\" \/>\n<meta property=\"og:title\" content=\"Faja Primera Etapa Medio Muslo Ref. FPE006 - Givanna Castelo\" \/>\n<meta property=\"og:description\" content=\"Faja Primera Etapa Medio Muslo Ref. FPE006\" \/>\n<meta property=\"og:url\" content=\"https:\/\/givannacastelo.es\/index.php\/producto\/faja-primera-etapa-medio-muslo-ref-fpe006\/\" \/>\n<meta property=\"og:site_name\" content=\"Givanna Castelo\" \/>\n<meta property=\"article:modified_time\" content=\"2025-10-03T18:23:24+00:00\" \/>\n<meta property=\"og:image\" content=\"https:\/\/givannacastelo.es\/wp-content\/uploads\/2025\/09\/https___images.colombiaespassion.net_921734534414.jpg\" \/>\n\t<meta property=\"og:image:width\" content=\"1050\" \/>\n\t<meta property=\"og:image:height\" content=\"1600\" \/>\n\t<meta property=\"og:image:type\" content=\"image\/jpeg\" \/>\n<meta name=\"twitter:card\" content=\"summary_large_image\" \/>\n<meta name=\"twitter:label1\" content=\"Tiempo de lectura\" \/>\n\t<meta name=\"twitter:data1\" content=\"2 minutos\" \/>\n<script type=\"application\/ld+json\" class=\"yoast-schema-graph\">{\"@context\":\"https:\/\/schema.org\",\"@graph\":[{\"@type\":\"WebPage\",\"@id\":\"https:\/\/givannacastelo.es\/index.php\/producto\/faja-primera-etapa-medio-muslo-ref-fpe006\/\",\"url\":\"https:\/\/givannacastelo.es\/index.php\/producto\/faja-primera-etapa-medio-muslo-ref-fpe006\/\",\"name\":\"Faja Primera Etapa Medio Muslo Ref. FPE006 - Givanna Castelo\",\"isPartOf\":{\"@id\":\"https:\/\/givannacastelo.es\/#website\"},\"primaryImageOfPage\":{\"@id\":\"https:\/\/givannacastelo.es\/index.php\/producto\/faja-primera-etapa-medio-muslo-ref-fpe006\/#primaryimage\"},\"image\":{\"@id\":\"https:\/\/givannacastelo.es\/index.php\/producto\/faja-primera-etapa-medio-muslo-ref-fpe006\/#primaryimage\"},\"thumbnailUrl\":\"https:\/\/givannacastelo.es\/wp-content\/uploads\/2025\/09\/https___images.colombiaespassion.net_921734534414.jpg\",\"datePublished\":\"2025-09-14T14:31:44+00:00\",\"dateModified\":\"2025-10-03T18:23:24+00:00\",\"description\":\"Faja Primera Etapa Medio Muslo Ref. FPE006\",\"breadcrumb\":{\"@id\":\"https:\/\/givannacastelo.es\/index.php\/producto\/faja-primera-etapa-medio-muslo-ref-fpe006\/#breadcrumb\"},\"inLanguage\":\"es\",\"potentialAction\":[{\"@type\":\"ReadAction\",\"target\":[\"https:\/\/givannacastelo.es\/index.php\/producto\/faja-primera-etapa-medio-muslo-ref-fpe006\/\"]}]},{\"@type\":\"ImageObject\",\"inLanguage\":\"es\",\"@id\":\"https:\/\/givannacastelo.es\/index.php\/producto\/faja-primera-etapa-medio-muslo-ref-fpe006\/#primaryimage\",\"url\":\"https:\/\/givannacastelo.es\/wp-content\/uploads\/2025\/09\/https___images.colombiaespassion.net_921734534414.jpg\",\"contentUrl\":\"https:\/\/givannacastelo.es\/wp-content\/uploads\/2025\/09\/https___images.colombiaespassion.net_921734534414.jpg\",\"width\":1050,\"height\":1600},{\"@type\":\"BreadcrumbList\",\"@id\":\"https:\/\/givannacastelo.es\/index.php\/producto\/faja-primera-etapa-medio-muslo-ref-fpe006\/#breadcrumb\",\"itemListElement\":[{\"@type\":\"ListItem\",\"position\":1,\"name\":\"Portada\",\"item\":\"https:\/\/givannacastelo.es\/\"},{\"@type\":\"ListItem\",\"position\":2,\"name\":\"Tienda\",\"item\":\"https:\/\/givannacastelo.es\/index.php\/tienda\/\"},{\"@type\":\"ListItem\",\"position\":3,\"name\":\"Faja Primera Etapa Medio Muslo Ref. FPE006\"}]},{\"@type\":\"WebSite\",\"@id\":\"https:\/\/givannacastelo.es\/#website\",\"url\":\"https:\/\/givannacastelo.es\/\",\"name\":\"Givanna Castelo\",\"description\":\"Descubre en Givanna Castelo las \u00faltimas tendencias en moda para mujer y hombre. Ropa de calidad, estilo \u00fanico y precios accesibles para que siempre luzcas espectacular. \u00a1Compra f\u00e1cil y r\u00e1pido online!\",\"publisher\":{\"@id\":\"https:\/\/givannacastelo.es\/#organization\"},\"alternateName\":\"givannacastelo.es\",\"potentialAction\":[{\"@type\":\"SearchAction\",\"target\":{\"@type\":\"EntryPoint\",\"urlTemplate\":\"https:\/\/givannacastelo.es\/?s={search_term_string}\"},\"query-input\":{\"@type\":\"PropertyValueSpecification\",\"valueRequired\":true,\"valueName\":\"search_term_string\"}}],\"inLanguage\":\"es\"},{\"@type\":\"Organization\",\"@id\":\"https:\/\/givannacastelo.es\/#organization\",\"name\":\"Givanna Castelo\",\"alternateName\":\"givanna castelo\",\"url\":\"https:\/\/givannacastelo.es\/\",\"logo\":{\"@type\":\"ImageObject\",\"inLanguage\":\"es\",\"@id\":\"https:\/\/givannacastelo.es\/#\/schema\/logo\/image\/\",\"url\":\"https:\/\/givannacastelo.es\/wp-content\/uploads\/2025\/09\/Asset-1-1-2.png\",\"contentUrl\":\"https:\/\/givannacastelo.es\/wp-content\/uploads\/2025\/09\/Asset-1-1-2.png\",\"width\":184,\"height\":177,\"caption\":\"Givanna Castelo\"},\"image\":{\"@id\":\"https:\/\/givannacastelo.es\/#\/schema\/logo\/image\/\"}}]}<\/script>\n<!-- \/ Yoast SEO plugin. -->","yoast_head_json":{"title":"Faja Primera Etapa Medio Muslo Ref. FPE006 - Givanna Castelo","description":"Faja Primera Etapa Medio Muslo Ref. FPE006","robots":{"index":"index","follow":"follow","max-snippet":"max-snippet:-1","max-image-preview":"max-image-preview:large","max-video-preview":"max-video-preview:-1"},"canonical":"https:\/\/givannacastelo.es\/index.php\/producto\/faja-primera-etapa-medio-muslo-ref-fpe006\/","og_locale":"es_ES","og_type":"article","og_title":"Faja Primera Etapa Medio Muslo Ref. FPE006 - Givanna Castelo","og_description":"Faja Primera Etapa Medio Muslo Ref. FPE006","og_url":"https:\/\/givannacastelo.es\/index.php\/producto\/faja-primera-etapa-medio-muslo-ref-fpe006\/","og_site_name":"Givanna Castelo","article_modified_time":"2025-10-03T18:23:24+00:00","og_image":[{"width":1050,"height":1600,"url":"https:\/\/givannacastelo.es\/wp-content\/uploads\/2025\/09\/https___images.colombiaespassion.net_921734534414.jpg","type":"image\/jpeg"}],"twitter_card":"summary_large_image","twitter_misc":{"Tiempo de lectura":"2 minutos"},"schema":{"@context":"https:\/\/schema.org","@graph":[{"@type":"WebPage","@id":"https:\/\/givannacastelo.es\/index.php\/producto\/faja-primera-etapa-medio-muslo-ref-fpe006\/","url":"https:\/\/givannacastelo.es\/index.php\/producto\/faja-primera-etapa-medio-muslo-ref-fpe006\/","name":"Faja Primera Etapa Medio Muslo Ref. FPE006 - Givanna Castelo","isPartOf":{"@id":"https:\/\/givannacastelo.es\/#website"},"primaryImageOfPage":{"@id":"https:\/\/givannacastelo.es\/index.php\/producto\/faja-primera-etapa-medio-muslo-ref-fpe006\/#primaryimage"},"image":{"@id":"https:\/\/givannacastelo.es\/index.php\/producto\/faja-primera-etapa-medio-muslo-ref-fpe006\/#primaryimage"},"thumbnailUrl":"https:\/\/givannacastelo.es\/wp-content\/uploads\/2025\/09\/https___images.colombiaespassion.net_921734534414.jpg","datePublished":"2025-09-14T14:31:44+00:00","dateModified":"2025-10-03T18:23:24+00:00","description":"Faja Primera Etapa Medio Muslo Ref. FPE006","breadcrumb":{"@id":"https:\/\/givannacastelo.es\/index.php\/producto\/faja-primera-etapa-medio-muslo-ref-fpe006\/#breadcrumb"},"inLanguage":"es","potentialAction":[{"@type":"ReadAction","target":["https:\/\/givannacastelo.es\/index.php\/producto\/faja-primera-etapa-medio-muslo-ref-fpe006\/"]}]},{"@type":"ImageObject","inLanguage":"es","@id":"https:\/\/givannacastelo.es\/index.php\/producto\/faja-primera-etapa-medio-muslo-ref-fpe006\/#primaryimage","url":"https:\/\/givannacastelo.es\/wp-content\/uploads\/2025\/09\/https___images.colombiaespassion.net_921734534414.jpg","contentUrl":"https:\/\/givannacastelo.es\/wp-content\/uploads\/2025\/09\/https___images.colombiaespassion.net_921734534414.jpg","width":1050,"height":1600},{"@type":"BreadcrumbList","@id":"https:\/\/givannacastelo.es\/index.php\/producto\/faja-primera-etapa-medio-muslo-ref-fpe006\/#breadcrumb","itemListElement":[{"@type":"ListItem","position":1,"name":"Portada","item":"https:\/\/givannacastelo.es\/"},{"@type":"ListItem","position":2,"name":"Tienda","item":"https:\/\/givannacastelo.es\/index.php\/tienda\/"},{"@type":"ListItem","position":3,"name":"Faja Primera Etapa Medio Muslo Ref. FPE006"}]},{"@type":"WebSite","@id":"https:\/\/givannacastelo.es\/#website","url":"https:\/\/givannacastelo.es\/","name":"Givanna Castelo","description":"Descubre en Givanna Castelo las \u00faltimas tendencias en moda para mujer y hombre. Ropa de calidad, estilo \u00fanico y precios accesibles para que siempre luzcas espectacular. \u00a1Compra f\u00e1cil y r\u00e1pido online!","publisher":{"@id":"https:\/\/givannacastelo.es\/#organization"},"alternateName":"givannacastelo.es","potentialAction":[{"@type":"SearchAction","target":{"@type":"EntryPoint","urlTemplate":"https:\/\/givannacastelo.es\/?s={search_term_string}"},"query-input":{"@type":"PropertyValueSpecification","valueRequired":true,"valueName":"search_term_string"}}],"inLanguage":"es"},{"@type":"Organization","@id":"https:\/\/givannacastelo.es\/#organization","name":"Givanna Castelo","alternateName":"givanna castelo","url":"https:\/\/givannacastelo.es\/","logo":{"@type":"ImageObject","inLanguage":"es","@id":"https:\/\/givannacastelo.es\/#\/schema\/logo\/image\/","url":"https:\/\/givannacastelo.es\/wp-content\/uploads\/2025\/09\/Asset-1-1-2.png","contentUrl":"https:\/\/givannacastelo.es\/wp-content\/uploads\/2025\/09\/Asset-1-1-2.png","width":184,"height":177,"caption":"Givanna Castelo"},"image":{"@id":"https:\/\/givannacastelo.es\/#\/schema\/logo\/image\/"}}]}},"jetpack_sharing_enabled":true,"_links":{"self":[{"href":"https:\/\/givannacastelo.es\/index.php\/wp-json\/wp\/v2\/product\/536","targetHints":{"allow":["GET"]}}],"collection":[{"href":"https:\/\/givannacastelo.es\/index.php\/wp-json\/wp\/v2\/product"}],"about":[{"href":"https:\/\/givannacastelo.es\/index.php\/wp-json\/wp\/v2\/types\/product"}],"replies":[{"embeddable":true,"href":"https:\/\/givannacastelo.es\/index.php\/wp-json\/wp\/v2\/comments?post=536"}],"wp:featuredmedia":[{"embeddable":true,"href":"https:\/\/givannacastelo.es\/index.php\/wp-json\/wp\/v2\/media\/592"}],"wp:attachment":[{"href":"https:\/\/givannacastelo.es\/index.php\/wp-json\/wp\/v2\/media?parent=536"}],"wp:term":[{"taxonomy":"product_brand","embeddable":true,"href":"https:\/\/givannacastelo.es\/index.php\/wp-json\/wp\/v2\/product_brand?post=536"},{"taxonomy":"product_cat","embeddable":true,"href":"https:\/\/givannacastelo.es\/index.php\/wp-json\/wp\/v2\/product_cat?post=536"},{"taxonomy":"product_tag","embeddable":true,"href":"https:\/\/givannacastelo.es\/index.php\/wp-json\/wp\/v2\/product_tag?post=536"}],"curies":[{"name":"wp","href":"https:\/\/api.w.org\/{rel}","templated":true}]}}