{"id":10629,"date":"2026-02-22T02:48:39","date_gmt":"2026-02-22T01:48:39","guid":{"rendered":"https:\/\/givannacastelo.es\/?post_type=product&#038;p=10629"},"modified":"2026-02-22T02:55:23","modified_gmt":"2026-02-22T01:55:23","slug":"jeans-colombiano-push-up-ref-b1934","status":"publish","type":"product","link":"https:\/\/givannacastelo.es\/index.php\/producto\/jeans-colombiano-push-up-ref-b1934\/","title":{"rendered":"Jeans Colombiano Push Up Ref. B1934"},"content":{"rendered":"<p data-end=\"549\" data-start=\"199\">Dale un toque elegante y moderno a tu outfit con este jean skinny que combina dise\u00f1o, confort y estilo. Su corte tubo se ajusta perfectamente a tu figura, mientras que la pretina alta con efecto levanta cola realza tus curvas con discreci\u00f3n. El detalle en pedrer\u00eda y el cintur\u00f3n en efecto cocodrilo lo convierten en un imprescindible para tu armario.<\/p>\n<ul data-end=\"804\" data-start=\"551\">\n<li data-end=\"587\" data-start=\"551\">\n<p data-end=\"587\" data-start=\"553\">Pretina alta con control abdomen<\/p>\n<\/li>\n<li data-end=\"619\" data-start=\"588\">\n<p data-end=\"619\" data-start=\"590\">Corte skinny tipo bota tubo<\/p>\n<\/li>\n<li data-end=\"663\" data-start=\"620\">\n<p data-end=\"663\" data-start=\"622\">Efecto levanta cola con costura coraz\u00f3n<\/p>\n<\/li>\n<li data-end=\"710\" data-start=\"664\">\n<p data-end=\"710\" data-start=\"666\">Detalles en pretina y pedrer\u00eda en tobillos<\/p>\n<\/li>\n<li data-end=\"756\" data-start=\"711\">\n<p data-end=\"756\" data-start=\"713\">Tela piel de durazno con excelente ajuste<\/p>\n<\/li>\n<li data-end=\"804\" data-start=\"757\">\n<p data-end=\"804\" data-start=\"759\">Incluye cintur\u00f3n elegante tipo animal print<\/p>\n<\/li>\n<\/ul>\n<p data-end=\"931\" data-start=\"854\"><b><strong data-end=\"931\" data-start=\"854\">Moda colombiana original \u2013 Env\u00edos gratis en Espa\u00f1a \u2013 Entregas en 24 horas<\/strong><\/b><\/p>\n<table>\n<tbody>\n<tr>\n<td><b>Talla<\/b><\/td>\n<td><b>Cintura (cm)<\/b><\/td>\n<td><b>Cadera (cm)<\/b><\/td>\n<td><b>Largo (cm)<\/b><\/td>\n<\/tr>\n<tr>\n<td>6<\/td>\n<td>60\u201372<\/td>\n<td>78\u201386<\/td>\n<td>95<\/td>\n<\/tr>\n<tr>\n<td>8<\/td>\n<td>62\u201374<\/td>\n<td>80\u201390<\/td>\n<td>94<\/td>\n<\/tr>\n<tr>\n<td>10<\/td>\n<td>68\u201380<\/td>\n<td>86\u201396<\/td>\n<td>97<\/td>\n<\/tr>\n<tr>\n<td>12<\/td>\n<td>74\u201386<\/td>\n<td>90\u2013106<\/td>\n<td>96<\/td>\n<\/tr>\n<tr>\n<td>14<\/td>\n<td>78\u201390<\/td>\n<td>94\u2013110<\/td>\n<td>98<\/td>\n<\/tr>\n<\/tbody>\n<\/table>\n","protected":false},"excerpt":{"rendered":"<p>Dale un toque elegante y moderno a tu outfit con este jean skinny que combina dise\u00f1o, confort y estilo. Su corte tubo se ajusta perfectamente a tu figura, mientras que la pretina alta con efecto levanta cola realza tus curvas con discreci\u00f3n. El detalle en pedrer\u00eda y el cintur\u00f3n en efecto cocodrilo lo convierten en [&hellip;]<\/p>\n","protected":false},"featured_media":10491,"comment_status":"open","ping_status":"closed","template":"","meta":{"_et_pb_use_builder":"","_et_pb_old_content":"","_et_gb_content_width":""},"product_brand":[],"product_cat":[213,218,26],"product_tag":[535,596,49,481,500,47,554],"class_list":{"0":"post-10629","1":"product","2":"type-product","3":"status-publish","4":"has-post-thumbnail","6":"product_cat-pantalones","7":"product_cat-pantalones-tiro-alto","8":"product_cat-jeans-push-up","9":"product_tag-estilo-skinny","10":"product_tag-jean-de-alta-calidad","11":"product_tag-jeans-a-la-moda","12":"product_tag-jeans-ajustados","13":"product_tag-jeans-bota-tubo","14":"product_tag-jeans-push-up","15":"product_tag-tela-efecto-piel-durazno","17":"first","18":"instock","19":"shipping-taxable","20":"purchasable","21":"product-type-variable"},"yoast_head":"<!-- This site is optimized with the Yoast SEO plugin v25.9 - https:\/\/yoast.com\/wordpress\/plugins\/seo\/ -->\n<title>Jeans Colombiano Push Up Ref. B1934 - Givanna Castelo<\/title>\n<meta name=\"description\" content=\"Jeans Colombiano Push Up Ref. B1934\" \/>\n<meta name=\"robots\" content=\"index, follow, max-snippet:-1, max-image-preview:large, max-video-preview:-1\" \/>\n<link rel=\"canonical\" href=\"https:\/\/givannacastelo.es\/index.php\/producto\/jeans-colombiano-push-up-ref-b1934\/\" \/>\n<meta property=\"og:locale\" content=\"es_ES\" \/>\n<meta property=\"og:type\" content=\"article\" \/>\n<meta property=\"og:title\" content=\"Jeans Colombiano Push Up Ref. B1934 - Givanna Castelo\" \/>\n<meta property=\"og:description\" content=\"Jeans Colombiano Push Up Ref. B1934\" \/>\n<meta property=\"og:url\" content=\"https:\/\/givannacastelo.es\/index.php\/producto\/jeans-colombiano-push-up-ref-b1934\/\" \/>\n<meta property=\"og:site_name\" content=\"Givanna Castelo\" \/>\n<meta property=\"article:modified_time\" content=\"2026-02-22T01:55:23+00:00\" \/>\n<meta property=\"og:image\" content=\"https:\/\/givannacastelo.es\/wp-content\/uploads\/2026\/02\/IMG-20260209-WA0020.jpg\" \/>\n\t<meta property=\"og:image:width\" content=\"1600\" \/>\n\t<meta property=\"og:image:height\" content=\"1219\" \/>\n\t<meta property=\"og:image:type\" content=\"image\/jpeg\" \/>\n<meta name=\"twitter:card\" content=\"summary_large_image\" \/>\n<meta name=\"twitter:label1\" content=\"Tiempo de lectura\" \/>\n\t<meta name=\"twitter:data1\" content=\"1 minuto\" \/>\n<script type=\"application\/ld+json\" class=\"yoast-schema-graph\">{\"@context\":\"https:\/\/schema.org\",\"@graph\":[{\"@type\":\"WebPage\",\"@id\":\"https:\/\/givannacastelo.es\/index.php\/producto\/jeans-colombiano-push-up-ref-b1934\/\",\"url\":\"https:\/\/givannacastelo.es\/index.php\/producto\/jeans-colombiano-push-up-ref-b1934\/\",\"name\":\"Jeans Colombiano Push Up Ref. B1934 - Givanna Castelo\",\"isPartOf\":{\"@id\":\"https:\/\/givannacastelo.es\/#website\"},\"primaryImageOfPage\":{\"@id\":\"https:\/\/givannacastelo.es\/index.php\/producto\/jeans-colombiano-push-up-ref-b1934\/#primaryimage\"},\"image\":{\"@id\":\"https:\/\/givannacastelo.es\/index.php\/producto\/jeans-colombiano-push-up-ref-b1934\/#primaryimage\"},\"thumbnailUrl\":\"https:\/\/givannacastelo.es\/wp-content\/uploads\/2026\/02\/IMG-20260209-WA0020.jpg\",\"datePublished\":\"2026-02-22T01:48:39+00:00\",\"dateModified\":\"2026-02-22T01:55:23+00:00\",\"description\":\"Jeans Colombiano Push Up Ref. B1934\",\"breadcrumb\":{\"@id\":\"https:\/\/givannacastelo.es\/index.php\/producto\/jeans-colombiano-push-up-ref-b1934\/#breadcrumb\"},\"inLanguage\":\"es\",\"potentialAction\":[{\"@type\":\"ReadAction\",\"target\":[\"https:\/\/givannacastelo.es\/index.php\/producto\/jeans-colombiano-push-up-ref-b1934\/\"]}]},{\"@type\":\"ImageObject\",\"inLanguage\":\"es\",\"@id\":\"https:\/\/givannacastelo.es\/index.php\/producto\/jeans-colombiano-push-up-ref-b1934\/#primaryimage\",\"url\":\"https:\/\/givannacastelo.es\/wp-content\/uploads\/2026\/02\/IMG-20260209-WA0020.jpg\",\"contentUrl\":\"https:\/\/givannacastelo.es\/wp-content\/uploads\/2026\/02\/IMG-20260209-WA0020.jpg\",\"width\":1600,\"height\":1219},{\"@type\":\"BreadcrumbList\",\"@id\":\"https:\/\/givannacastelo.es\/index.php\/producto\/jeans-colombiano-push-up-ref-b1934\/#breadcrumb\",\"itemListElement\":[{\"@type\":\"ListItem\",\"position\":1,\"name\":\"Portada\",\"item\":\"https:\/\/givannacastelo.es\/\"},{\"@type\":\"ListItem\",\"position\":2,\"name\":\"Tienda\",\"item\":\"https:\/\/givannacastelo.es\/index.php\/tienda\/\"},{\"@type\":\"ListItem\",\"position\":3,\"name\":\"Jeans Colombiano Push Up Ref. B1934\"}]},{\"@type\":\"WebSite\",\"@id\":\"https:\/\/givannacastelo.es\/#website\",\"url\":\"https:\/\/givannacastelo.es\/\",\"name\":\"Givanna Castelo\",\"description\":\"Descubre en Givanna Castelo las \u00faltimas tendencias en moda para mujer y hombre. Ropa de calidad, estilo \u00fanico y precios accesibles para que siempre luzcas espectacular. \u00a1Compra f\u00e1cil y r\u00e1pido online!\",\"publisher\":{\"@id\":\"https:\/\/givannacastelo.es\/#organization\"},\"alternateName\":\"givannacastelo.es\",\"potentialAction\":[{\"@type\":\"SearchAction\",\"target\":{\"@type\":\"EntryPoint\",\"urlTemplate\":\"https:\/\/givannacastelo.es\/?s={search_term_string}\"},\"query-input\":{\"@type\":\"PropertyValueSpecification\",\"valueRequired\":true,\"valueName\":\"search_term_string\"}}],\"inLanguage\":\"es\"},{\"@type\":\"Organization\",\"@id\":\"https:\/\/givannacastelo.es\/#organization\",\"name\":\"Givanna Castelo\",\"alternateName\":\"givanna castelo\",\"url\":\"https:\/\/givannacastelo.es\/\",\"logo\":{\"@type\":\"ImageObject\",\"inLanguage\":\"es\",\"@id\":\"https:\/\/givannacastelo.es\/#\/schema\/logo\/image\/\",\"url\":\"https:\/\/givannacastelo.es\/wp-content\/uploads\/2025\/09\/Asset-1-1-2.png\",\"contentUrl\":\"https:\/\/givannacastelo.es\/wp-content\/uploads\/2025\/09\/Asset-1-1-2.png\",\"width\":184,\"height\":177,\"caption\":\"Givanna Castelo\"},\"image\":{\"@id\":\"https:\/\/givannacastelo.es\/#\/schema\/logo\/image\/\"}}]}<\/script>\n<!-- \/ Yoast SEO plugin. -->","yoast_head_json":{"title":"Jeans Colombiano Push Up Ref. B1934 - Givanna Castelo","description":"Jeans Colombiano Push Up Ref. B1934","robots":{"index":"index","follow":"follow","max-snippet":"max-snippet:-1","max-image-preview":"max-image-preview:large","max-video-preview":"max-video-preview:-1"},"canonical":"https:\/\/givannacastelo.es\/index.php\/producto\/jeans-colombiano-push-up-ref-b1934\/","og_locale":"es_ES","og_type":"article","og_title":"Jeans Colombiano Push Up Ref. B1934 - Givanna Castelo","og_description":"Jeans Colombiano Push Up Ref. B1934","og_url":"https:\/\/givannacastelo.es\/index.php\/producto\/jeans-colombiano-push-up-ref-b1934\/","og_site_name":"Givanna Castelo","article_modified_time":"2026-02-22T01:55:23+00:00","og_image":[{"width":1600,"height":1219,"url":"https:\/\/givannacastelo.es\/wp-content\/uploads\/2026\/02\/IMG-20260209-WA0020.jpg","type":"image\/jpeg"}],"twitter_card":"summary_large_image","twitter_misc":{"Tiempo de lectura":"1 minuto"},"schema":{"@context":"https:\/\/schema.org","@graph":[{"@type":"WebPage","@id":"https:\/\/givannacastelo.es\/index.php\/producto\/jeans-colombiano-push-up-ref-b1934\/","url":"https:\/\/givannacastelo.es\/index.php\/producto\/jeans-colombiano-push-up-ref-b1934\/","name":"Jeans Colombiano Push Up Ref. B1934 - Givanna Castelo","isPartOf":{"@id":"https:\/\/givannacastelo.es\/#website"},"primaryImageOfPage":{"@id":"https:\/\/givannacastelo.es\/index.php\/producto\/jeans-colombiano-push-up-ref-b1934\/#primaryimage"},"image":{"@id":"https:\/\/givannacastelo.es\/index.php\/producto\/jeans-colombiano-push-up-ref-b1934\/#primaryimage"},"thumbnailUrl":"https:\/\/givannacastelo.es\/wp-content\/uploads\/2026\/02\/IMG-20260209-WA0020.jpg","datePublished":"2026-02-22T01:48:39+00:00","dateModified":"2026-02-22T01:55:23+00:00","description":"Jeans Colombiano Push Up Ref. B1934","breadcrumb":{"@id":"https:\/\/givannacastelo.es\/index.php\/producto\/jeans-colombiano-push-up-ref-b1934\/#breadcrumb"},"inLanguage":"es","potentialAction":[{"@type":"ReadAction","target":["https:\/\/givannacastelo.es\/index.php\/producto\/jeans-colombiano-push-up-ref-b1934\/"]}]},{"@type":"ImageObject","inLanguage":"es","@id":"https:\/\/givannacastelo.es\/index.php\/producto\/jeans-colombiano-push-up-ref-b1934\/#primaryimage","url":"https:\/\/givannacastelo.es\/wp-content\/uploads\/2026\/02\/IMG-20260209-WA0020.jpg","contentUrl":"https:\/\/givannacastelo.es\/wp-content\/uploads\/2026\/02\/IMG-20260209-WA0020.jpg","width":1600,"height":1219},{"@type":"BreadcrumbList","@id":"https:\/\/givannacastelo.es\/index.php\/producto\/jeans-colombiano-push-up-ref-b1934\/#breadcrumb","itemListElement":[{"@type":"ListItem","position":1,"name":"Portada","item":"https:\/\/givannacastelo.es\/"},{"@type":"ListItem","position":2,"name":"Tienda","item":"https:\/\/givannacastelo.es\/index.php\/tienda\/"},{"@type":"ListItem","position":3,"name":"Jeans Colombiano Push Up Ref. B1934"}]},{"@type":"WebSite","@id":"https:\/\/givannacastelo.es\/#website","url":"https:\/\/givannacastelo.es\/","name":"Givanna Castelo","description":"Descubre en Givanna Castelo las \u00faltimas tendencias en moda para mujer y hombre. Ropa de calidad, estilo \u00fanico y precios accesibles para que siempre luzcas espectacular. \u00a1Compra f\u00e1cil y r\u00e1pido online!","publisher":{"@id":"https:\/\/givannacastelo.es\/#organization"},"alternateName":"givannacastelo.es","potentialAction":[{"@type":"SearchAction","target":{"@type":"EntryPoint","urlTemplate":"https:\/\/givannacastelo.es\/?s={search_term_string}"},"query-input":{"@type":"PropertyValueSpecification","valueRequired":true,"valueName":"search_term_string"}}],"inLanguage":"es"},{"@type":"Organization","@id":"https:\/\/givannacastelo.es\/#organization","name":"Givanna Castelo","alternateName":"givanna castelo","url":"https:\/\/givannacastelo.es\/","logo":{"@type":"ImageObject","inLanguage":"es","@id":"https:\/\/givannacastelo.es\/#\/schema\/logo\/image\/","url":"https:\/\/givannacastelo.es\/wp-content\/uploads\/2025\/09\/Asset-1-1-2.png","contentUrl":"https:\/\/givannacastelo.es\/wp-content\/uploads\/2025\/09\/Asset-1-1-2.png","width":184,"height":177,"caption":"Givanna Castelo"},"image":{"@id":"https:\/\/givannacastelo.es\/#\/schema\/logo\/image\/"}}]}},"jetpack_sharing_enabled":true,"_links":{"self":[{"href":"https:\/\/givannacastelo.es\/index.php\/wp-json\/wp\/v2\/product\/10629","targetHints":{"allow":["GET"]}}],"collection":[{"href":"https:\/\/givannacastelo.es\/index.php\/wp-json\/wp\/v2\/product"}],"about":[{"href":"https:\/\/givannacastelo.es\/index.php\/wp-json\/wp\/v2\/types\/product"}],"replies":[{"embeddable":true,"href":"https:\/\/givannacastelo.es\/index.php\/wp-json\/wp\/v2\/comments?post=10629"}],"wp:featuredmedia":[{"embeddable":true,"href":"https:\/\/givannacastelo.es\/index.php\/wp-json\/wp\/v2\/media\/10491"}],"wp:attachment":[{"href":"https:\/\/givannacastelo.es\/index.php\/wp-json\/wp\/v2\/media?parent=10629"}],"wp:term":[{"taxonomy":"product_brand","embeddable":true,"href":"https:\/\/givannacastelo.es\/index.php\/wp-json\/wp\/v2\/product_brand?post=10629"},{"taxonomy":"product_cat","embeddable":true,"href":"https:\/\/givannacastelo.es\/index.php\/wp-json\/wp\/v2\/product_cat?post=10629"},{"taxonomy":"product_tag","embeddable":true,"href":"https:\/\/givannacastelo.es\/index.php\/wp-json\/wp\/v2\/product_tag?post=10629"}],"curies":[{"name":"wp","href":"https:\/\/api.w.org\/{rel}","templated":true}]}}