{"id":10528,"date":"2026-02-17T15:52:11","date_gmt":"2026-02-17T14:52:11","guid":{"rendered":"https:\/\/givannacastelo.es\/?post_type=product&#038;p=10528"},"modified":"2026-02-17T15:55:24","modified_gmt":"2026-02-17T14:55:24","slug":"jeans-colombianos-push-up-ref-a840","status":"publish","type":"product","link":"https:\/\/givannacastelo.es\/index.php\/producto\/jeans-colombianos-push-up-ref-a840\/","title":{"rendered":"Jeans Colombianos Push Up Ref. A840"},"content":{"rendered":"<p data-end=\"346\" data-start=\"141\">Potencia tu figura con el jean A840 de Anglejeans, dise\u00f1ado para ofrecer control, estilo y comodidad en cada uso. Este modelo combina un ajuste preciso con detalles que realzan tu silueta de forma natural.<\/p>\n<p data-end=\"733\" data-start=\"348\">Su tiro alto con efecto control abdomen y los 4 botones frontales estilizan la cintura mientras proporcionan seguridad en cada movimiento. Fabricado en tela tipo piel de durazno, brinda suavidad y flexibilidad para un ajuste que se adapta sin apretar. Adem\u00e1s, incorpora bolsillos traseros tipo ojal y un dise\u00f1o posterior con efecto push-up que realza los gl\u00fateos de forma favorecedora.<\/p>\n<p data-end=\"766\" data-start=\"735\"><strong data-end=\"766\" data-start=\"735\">Caracter\u00edsticas destacadas:<\/strong><\/p>\n<ul data-end=\"995\" data-start=\"767\">\n<li data-end=\"804\" data-start=\"767\">\n<p data-end=\"804\" data-start=\"769\">Dise\u00f1o pitillo con horma colombiana<\/p>\n<\/li>\n<li data-end=\"834\" data-start=\"805\">\n<p data-end=\"834\" data-start=\"807\">Tiro alto y control abdomen<\/p>\n<\/li>\n<li data-end=\"875\" data-start=\"835\">\n<p data-end=\"875\" data-start=\"837\">4 botones frontales para mayor firmeza<\/p>\n<\/li>\n<li data-end=\"917\" data-start=\"876\">\n<p data-end=\"917\" data-start=\"878\">Bolsillos tipo ojal en la parte trasera<\/p>\n<\/li>\n<li data-end=\"956\" data-start=\"918\">\n<p data-end=\"956\" data-start=\"920\">Tela piel de durazno, suave y c\u00f3moda<\/p>\n<\/li>\n<li data-end=\"995\" data-start=\"957\">\n<p data-end=\"995\" data-start=\"959\">Sistema push-up que levanta y define<\/p>\n<\/li>\n<\/ul>\n<p data-end=\"1210\" data-start=\"997\">Un jean ideal para crear looks sofisticados o casuales, seg\u00fan lo combines. Hecho en Colombia con calidad garantizada. Disponible con env\u00edos a toda Espa\u00f1a y Europa. Siente el poder de una prenda que se adapta a ti.<\/p>\n<table>\n<tbody>\n<tr>\n<td><b>Talla<\/b><\/td>\n<td><b>Cintura (cm)<\/b><\/td>\n<td><b>Cadera (cm)<\/b><\/td>\n<td><b>Largo (cm)<\/b><\/td>\n<\/tr>\n<tr>\n<td>6<\/td>\n<td>56 &#8211; 74<\/td>\n<td>80 &#8211; 98<\/td>\n<td>92<\/td>\n<\/tr>\n<tr>\n<td>8<\/td>\n<td>62 &#8211; 80<\/td>\n<td>82 &#8211; 100<\/td>\n<td>93<\/td>\n<\/tr>\n<tr>\n<td>10<\/td>\n<td>64 &#8211; 82<\/td>\n<td>86 &#8211; 102<\/td>\n<td>95<\/td>\n<\/tr>\n<tr>\n<td>12<\/td>\n<td>68 &#8211; 84<\/td>\n<td>92 &#8211; 106<\/td>\n<td>96<\/td>\n<\/tr>\n<tr>\n<td>14<\/td>\n<td>72 &#8211; 86<\/td>\n<td>94 &#8211; 110<\/td>\n<td>97<\/td>\n<\/tr>\n<tr>\n<td>16<\/td>\n<td>74 &#8211; 88<\/td>\n<td>96 &#8211; 112<\/td>\n<td>99<\/td>\n<\/tr>\n<\/tbody>\n<\/table>\n<p data-end=\"439\" data-start=\"143\">\n","protected":false},"excerpt":{"rendered":"<p>Potencia tu figura con el jean A840 de Anglejeans, dise\u00f1ado para ofrecer control, estilo y comodidad en cada uso. Este modelo combina un ajuste preciso con detalles que realzan tu silueta de forma natural. Su tiro alto con efecto control abdomen y los 4 botones frontales estilizan la cintura mientras proporcionan seguridad en cada movimiento. [&hellip;]<\/p>\n","protected":false},"featured_media":10520,"comment_status":"open","ping_status":"closed","template":"","meta":{"_et_pb_use_builder":"","_et_pb_old_content":"","_et_gb_content_width":""},"product_brand":[],"product_cat":[213,218,26],"product_tag":[481,500,509,51,47],"class_list":{"0":"post-10528","1":"product","2":"type-product","3":"status-publish","4":"has-post-thumbnail","6":"product_cat-pantalones","7":"product_cat-pantalones-tiro-alto","8":"product_cat-jeans-push-up","9":"product_tag-jeans-ajustados","10":"product_tag-jeans-bota-tubo","11":"product_tag-jeans-colombianos","12":"product_tag-jeans-con-botones","13":"product_tag-jeans-push-up","15":"first","16":"instock","17":"shipping-taxable","18":"purchasable","19":"product-type-variable"},"yoast_head":"<!-- This site is optimized with the Yoast SEO plugin v25.9 - https:\/\/yoast.com\/wordpress\/plugins\/seo\/ -->\n<title>Jeans Colombianos Push Up Ref. A840 - Givanna Castelo<\/title>\n<meta name=\"description\" content=\"Jeans Colombianos Push Up Ref. A840\" \/>\n<meta name=\"robots\" content=\"index, follow, max-snippet:-1, max-image-preview:large, max-video-preview:-1\" \/>\n<link rel=\"canonical\" href=\"https:\/\/givannacastelo.es\/index.php\/producto\/jeans-colombianos-push-up-ref-a840\/\" \/>\n<meta property=\"og:locale\" content=\"es_ES\" \/>\n<meta property=\"og:type\" content=\"article\" \/>\n<meta property=\"og:title\" content=\"Jeans Colombianos Push Up Ref. A840 - Givanna Castelo\" \/>\n<meta property=\"og:description\" content=\"Jeans Colombianos Push Up Ref. A840\" \/>\n<meta property=\"og:url\" content=\"https:\/\/givannacastelo.es\/index.php\/producto\/jeans-colombianos-push-up-ref-a840\/\" \/>\n<meta property=\"og:site_name\" content=\"Givanna Castelo\" \/>\n<meta property=\"article:modified_time\" content=\"2026-02-17T14:55:24+00:00\" \/>\n<meta property=\"og:image\" content=\"https:\/\/givannacastelo.es\/wp-content\/uploads\/2026\/02\/IMG-20260216-WA0027.jpg\" \/>\n\t<meta property=\"og:image:width\" content=\"1600\" \/>\n\t<meta property=\"og:image:height\" content=\"1269\" \/>\n\t<meta property=\"og:image:type\" content=\"image\/jpeg\" \/>\n<meta name=\"twitter:card\" content=\"summary_large_image\" \/>\n<meta name=\"twitter:label1\" content=\"Tiempo de lectura\" \/>\n\t<meta name=\"twitter:data1\" content=\"2 minutos\" \/>\n<script type=\"application\/ld+json\" class=\"yoast-schema-graph\">{\"@context\":\"https:\/\/schema.org\",\"@graph\":[{\"@type\":\"WebPage\",\"@id\":\"https:\/\/givannacastelo.es\/index.php\/producto\/jeans-colombianos-push-up-ref-a840\/\",\"url\":\"https:\/\/givannacastelo.es\/index.php\/producto\/jeans-colombianos-push-up-ref-a840\/\",\"name\":\"Jeans Colombianos Push Up Ref. A840 - Givanna Castelo\",\"isPartOf\":{\"@id\":\"https:\/\/givannacastelo.es\/#website\"},\"primaryImageOfPage\":{\"@id\":\"https:\/\/givannacastelo.es\/index.php\/producto\/jeans-colombianos-push-up-ref-a840\/#primaryimage\"},\"image\":{\"@id\":\"https:\/\/givannacastelo.es\/index.php\/producto\/jeans-colombianos-push-up-ref-a840\/#primaryimage\"},\"thumbnailUrl\":\"https:\/\/givannacastelo.es\/wp-content\/uploads\/2026\/02\/IMG-20260216-WA0027.jpg\",\"datePublished\":\"2026-02-17T14:52:11+00:00\",\"dateModified\":\"2026-02-17T14:55:24+00:00\",\"description\":\"Jeans Colombianos Push Up Ref. A840\",\"breadcrumb\":{\"@id\":\"https:\/\/givannacastelo.es\/index.php\/producto\/jeans-colombianos-push-up-ref-a840\/#breadcrumb\"},\"inLanguage\":\"es\",\"potentialAction\":[{\"@type\":\"ReadAction\",\"target\":[\"https:\/\/givannacastelo.es\/index.php\/producto\/jeans-colombianos-push-up-ref-a840\/\"]}]},{\"@type\":\"ImageObject\",\"inLanguage\":\"es\",\"@id\":\"https:\/\/givannacastelo.es\/index.php\/producto\/jeans-colombianos-push-up-ref-a840\/#primaryimage\",\"url\":\"https:\/\/givannacastelo.es\/wp-content\/uploads\/2026\/02\/IMG-20260216-WA0027.jpg\",\"contentUrl\":\"https:\/\/givannacastelo.es\/wp-content\/uploads\/2026\/02\/IMG-20260216-WA0027.jpg\",\"width\":1600,\"height\":1269},{\"@type\":\"BreadcrumbList\",\"@id\":\"https:\/\/givannacastelo.es\/index.php\/producto\/jeans-colombianos-push-up-ref-a840\/#breadcrumb\",\"itemListElement\":[{\"@type\":\"ListItem\",\"position\":1,\"name\":\"Portada\",\"item\":\"https:\/\/givannacastelo.es\/\"},{\"@type\":\"ListItem\",\"position\":2,\"name\":\"Tienda\",\"item\":\"https:\/\/givannacastelo.es\/index.php\/tienda\/\"},{\"@type\":\"ListItem\",\"position\":3,\"name\":\"Jeans Colombianos Push Up Ref. A840\"}]},{\"@type\":\"WebSite\",\"@id\":\"https:\/\/givannacastelo.es\/#website\",\"url\":\"https:\/\/givannacastelo.es\/\",\"name\":\"Givanna Castelo\",\"description\":\"Descubre en Givanna Castelo las \u00faltimas tendencias en moda para mujer y hombre. Ropa de calidad, estilo \u00fanico y precios accesibles para que siempre luzcas espectacular. \u00a1Compra f\u00e1cil y r\u00e1pido online!\",\"publisher\":{\"@id\":\"https:\/\/givannacastelo.es\/#organization\"},\"alternateName\":\"givannacastelo.es\",\"potentialAction\":[{\"@type\":\"SearchAction\",\"target\":{\"@type\":\"EntryPoint\",\"urlTemplate\":\"https:\/\/givannacastelo.es\/?s={search_term_string}\"},\"query-input\":{\"@type\":\"PropertyValueSpecification\",\"valueRequired\":true,\"valueName\":\"search_term_string\"}}],\"inLanguage\":\"es\"},{\"@type\":\"Organization\",\"@id\":\"https:\/\/givannacastelo.es\/#organization\",\"name\":\"Givanna Castelo\",\"alternateName\":\"givanna castelo\",\"url\":\"https:\/\/givannacastelo.es\/\",\"logo\":{\"@type\":\"ImageObject\",\"inLanguage\":\"es\",\"@id\":\"https:\/\/givannacastelo.es\/#\/schema\/logo\/image\/\",\"url\":\"https:\/\/givannacastelo.es\/wp-content\/uploads\/2025\/09\/Asset-1-1-2.png\",\"contentUrl\":\"https:\/\/givannacastelo.es\/wp-content\/uploads\/2025\/09\/Asset-1-1-2.png\",\"width\":184,\"height\":177,\"caption\":\"Givanna Castelo\"},\"image\":{\"@id\":\"https:\/\/givannacastelo.es\/#\/schema\/logo\/image\/\"}}]}<\/script>\n<!-- \/ Yoast SEO plugin. -->","yoast_head_json":{"title":"Jeans Colombianos Push Up Ref. A840 - Givanna Castelo","description":"Jeans Colombianos Push Up Ref. A840","robots":{"index":"index","follow":"follow","max-snippet":"max-snippet:-1","max-image-preview":"max-image-preview:large","max-video-preview":"max-video-preview:-1"},"canonical":"https:\/\/givannacastelo.es\/index.php\/producto\/jeans-colombianos-push-up-ref-a840\/","og_locale":"es_ES","og_type":"article","og_title":"Jeans Colombianos Push Up Ref. A840 - Givanna Castelo","og_description":"Jeans Colombianos Push Up Ref. A840","og_url":"https:\/\/givannacastelo.es\/index.php\/producto\/jeans-colombianos-push-up-ref-a840\/","og_site_name":"Givanna Castelo","article_modified_time":"2026-02-17T14:55:24+00:00","og_image":[{"width":1600,"height":1269,"url":"https:\/\/givannacastelo.es\/wp-content\/uploads\/2026\/02\/IMG-20260216-WA0027.jpg","type":"image\/jpeg"}],"twitter_card":"summary_large_image","twitter_misc":{"Tiempo de lectura":"2 minutos"},"schema":{"@context":"https:\/\/schema.org","@graph":[{"@type":"WebPage","@id":"https:\/\/givannacastelo.es\/index.php\/producto\/jeans-colombianos-push-up-ref-a840\/","url":"https:\/\/givannacastelo.es\/index.php\/producto\/jeans-colombianos-push-up-ref-a840\/","name":"Jeans Colombianos Push Up Ref. A840 - Givanna Castelo","isPartOf":{"@id":"https:\/\/givannacastelo.es\/#website"},"primaryImageOfPage":{"@id":"https:\/\/givannacastelo.es\/index.php\/producto\/jeans-colombianos-push-up-ref-a840\/#primaryimage"},"image":{"@id":"https:\/\/givannacastelo.es\/index.php\/producto\/jeans-colombianos-push-up-ref-a840\/#primaryimage"},"thumbnailUrl":"https:\/\/givannacastelo.es\/wp-content\/uploads\/2026\/02\/IMG-20260216-WA0027.jpg","datePublished":"2026-02-17T14:52:11+00:00","dateModified":"2026-02-17T14:55:24+00:00","description":"Jeans Colombianos Push Up Ref. A840","breadcrumb":{"@id":"https:\/\/givannacastelo.es\/index.php\/producto\/jeans-colombianos-push-up-ref-a840\/#breadcrumb"},"inLanguage":"es","potentialAction":[{"@type":"ReadAction","target":["https:\/\/givannacastelo.es\/index.php\/producto\/jeans-colombianos-push-up-ref-a840\/"]}]},{"@type":"ImageObject","inLanguage":"es","@id":"https:\/\/givannacastelo.es\/index.php\/producto\/jeans-colombianos-push-up-ref-a840\/#primaryimage","url":"https:\/\/givannacastelo.es\/wp-content\/uploads\/2026\/02\/IMG-20260216-WA0027.jpg","contentUrl":"https:\/\/givannacastelo.es\/wp-content\/uploads\/2026\/02\/IMG-20260216-WA0027.jpg","width":1600,"height":1269},{"@type":"BreadcrumbList","@id":"https:\/\/givannacastelo.es\/index.php\/producto\/jeans-colombianos-push-up-ref-a840\/#breadcrumb","itemListElement":[{"@type":"ListItem","position":1,"name":"Portada","item":"https:\/\/givannacastelo.es\/"},{"@type":"ListItem","position":2,"name":"Tienda","item":"https:\/\/givannacastelo.es\/index.php\/tienda\/"},{"@type":"ListItem","position":3,"name":"Jeans Colombianos Push Up Ref. A840"}]},{"@type":"WebSite","@id":"https:\/\/givannacastelo.es\/#website","url":"https:\/\/givannacastelo.es\/","name":"Givanna Castelo","description":"Descubre en Givanna Castelo las \u00faltimas tendencias en moda para mujer y hombre. Ropa de calidad, estilo \u00fanico y precios accesibles para que siempre luzcas espectacular. \u00a1Compra f\u00e1cil y r\u00e1pido online!","publisher":{"@id":"https:\/\/givannacastelo.es\/#organization"},"alternateName":"givannacastelo.es","potentialAction":[{"@type":"SearchAction","target":{"@type":"EntryPoint","urlTemplate":"https:\/\/givannacastelo.es\/?s={search_term_string}"},"query-input":{"@type":"PropertyValueSpecification","valueRequired":true,"valueName":"search_term_string"}}],"inLanguage":"es"},{"@type":"Organization","@id":"https:\/\/givannacastelo.es\/#organization","name":"Givanna Castelo","alternateName":"givanna castelo","url":"https:\/\/givannacastelo.es\/","logo":{"@type":"ImageObject","inLanguage":"es","@id":"https:\/\/givannacastelo.es\/#\/schema\/logo\/image\/","url":"https:\/\/givannacastelo.es\/wp-content\/uploads\/2025\/09\/Asset-1-1-2.png","contentUrl":"https:\/\/givannacastelo.es\/wp-content\/uploads\/2025\/09\/Asset-1-1-2.png","width":184,"height":177,"caption":"Givanna Castelo"},"image":{"@id":"https:\/\/givannacastelo.es\/#\/schema\/logo\/image\/"}}]}},"jetpack_sharing_enabled":true,"_links":{"self":[{"href":"https:\/\/givannacastelo.es\/index.php\/wp-json\/wp\/v2\/product\/10528","targetHints":{"allow":["GET"]}}],"collection":[{"href":"https:\/\/givannacastelo.es\/index.php\/wp-json\/wp\/v2\/product"}],"about":[{"href":"https:\/\/givannacastelo.es\/index.php\/wp-json\/wp\/v2\/types\/product"}],"replies":[{"embeddable":true,"href":"https:\/\/givannacastelo.es\/index.php\/wp-json\/wp\/v2\/comments?post=10528"}],"wp:featuredmedia":[{"embeddable":true,"href":"https:\/\/givannacastelo.es\/index.php\/wp-json\/wp\/v2\/media\/10520"}],"wp:attachment":[{"href":"https:\/\/givannacastelo.es\/index.php\/wp-json\/wp\/v2\/media?parent=10528"}],"wp:term":[{"taxonomy":"product_brand","embeddable":true,"href":"https:\/\/givannacastelo.es\/index.php\/wp-json\/wp\/v2\/product_brand?post=10528"},{"taxonomy":"product_cat","embeddable":true,"href":"https:\/\/givannacastelo.es\/index.php\/wp-json\/wp\/v2\/product_cat?post=10528"},{"taxonomy":"product_tag","embeddable":true,"href":"https:\/\/givannacastelo.es\/index.php\/wp-json\/wp\/v2\/product_tag?post=10528"}],"curies":[{"name":"wp","href":"https:\/\/api.w.org\/{rel}","templated":true}]}}