{"id":10176,"date":"2025-12-28T14:29:07","date_gmt":"2025-12-28T13:29:07","guid":{"rendered":"https:\/\/givannacastelo.es\/?post_type=product&#038;p=10176"},"modified":"2025-12-28T14:29:07","modified_gmt":"2025-12-28T13:29:07","slug":"jean-con-bolsillos-push-up-colombiano-ref-4441-suam","status":"publish","type":"product","link":"https:\/\/givannacastelo.es\/index.php\/producto\/jean-con-bolsillos-push-up-colombiano-ref-4441-suam\/","title":{"rendered":"Jean con Bolsillos Push Up Colombiano Ref. 4441 SUAM"},"content":{"rendered":"<p data-start=\"276\" data-end=\"607\">El\u00a0<strong data-start=\"279\" data-end=\"326\">Jean Ref. 4441 Suam de la marca Ofori Jeans<\/strong>\u00a0combina tendencia, estructura y un toque distintivo de brillo que lo convierte en una pieza \u00fanica. Confeccionado en\u00a0<strong data-start=\"443\" data-end=\"474\">tela r\u00edgida de alta calidad<\/strong>, ofrece firmeza, definici\u00f3n y un ajuste cl\u00e1sico que mantiene su forma, ideal para quienes prefieren una silueta moderna y aut\u00e9ntica.<\/p>\n<p data-start=\"609\" data-end=\"1068\">Este modelo presenta una\u00a0<strong data-start=\"634\" data-end=\"680\">pretina de tiro alto con un bot\u00f3n met\u00e1lico<\/strong>, dise\u00f1ada para definir la cintura y favorecer una postura estilizada. Su\u00a0<strong data-start=\"754\" data-end=\"772\">silueta momfit<\/strong>, ligeramente amplia en cadera y recta en pierna, aporta un estilo urbano de tendencia. El dise\u00f1o incorpora\u00a0<strong data-start=\"880\" data-end=\"927\">bolsillos delanteros y traseros funcionales<\/strong>\u00a0y un acabado visual \u00fanico gracias a los\u00a0<strong data-start=\"968\" data-end=\"1003\">detalles brillantes tipo strass<\/strong>, que elevan el look y lo transforman en una prenda protagonista.<\/p>\n<div class=\"body\">\n<div id=\"ini\" class=\"product\">\n<div class=\"product-right\">\n<div class=\"row\">\n<h4 data-start=\"1070\" data-end=\"1106\"><strong data-start=\"1075\" data-end=\"1106\">Caracter\u00edsticas destacadas:<\/strong><\/h4>\n<ul data-start=\"1108\" data-end=\"1523\">\n<li data-start=\"1108\" data-end=\"1162\">\n<p data-start=\"1110\" data-end=\"1162\">Jean colombiano de tiro alto con estructura firme.<\/p>\n<\/li>\n<li data-start=\"1163\" data-end=\"1211\">\n<p data-start=\"1165\" data-end=\"1211\">Silueta momfit moderna, c\u00f3moda y estilizada.<\/p>\n<\/li>\n<li data-start=\"1212\" data-end=\"1265\">\n<p data-start=\"1214\" data-end=\"1265\">Pretina con un bot\u00f3n met\u00e1lico para ajuste seguro.<\/p>\n<\/li>\n<li data-start=\"1266\" data-end=\"1324\">\n<p data-start=\"1268\" data-end=\"1324\">Tela r\u00edgida de alta calidad con excelente durabilidad.<\/p>\n<\/li>\n<li data-start=\"1325\" data-end=\"1381\">\n<p data-start=\"1327\" data-end=\"1381\">Detalles brillantes tipo strass en la parte frontal.<\/p>\n<\/li>\n<li data-start=\"1382\" data-end=\"1430\">\n<p data-start=\"1384\" data-end=\"1430\">Bolsillos delanteros y traseros funcionales.<\/p>\n<\/li>\n<li data-start=\"1431\" data-end=\"1481\">\n<p data-start=\"1433\" data-end=\"1481\">Color azul claro lavado para un estilo fresco.<\/p>\n<\/li>\n<li data-start=\"1482\" data-end=\"1523\">\n<p data-start=\"1484\" data-end=\"1523\">Hecho en Colombia con acabados premium.<\/p>\n<\/li>\n<\/ul>\n<p data-start=\"1525\" data-end=\"1647\">Ideal para looks urbanos, modernos y de tendencia.\u00a0<strong data-start=\"1576\" data-end=\"1647\">Moda colombiana con env\u00edos gratis en Espa\u00f1a y entregas en 24 horas.<\/strong><\/p>\n<\/div>\n<\/div>\n<\/div>\n<\/div>\n<div class=\"suscribete\"><\/div>\n<p data-start=\"609\" data-end=\"1068\">\n","protected":false},"excerpt":{"rendered":"<p>El\u00a0Jean Ref. 4441 Suam de la marca Ofori Jeans\u00a0combina tendencia, estructura y un toque distintivo de brillo que lo convierte en una pieza \u00fanica. Confeccionado en\u00a0tela r\u00edgida de alta calidad, ofrece firmeza, definici\u00f3n y un ajuste cl\u00e1sico que mantiene su forma, ideal para quienes prefieren una silueta moderna y aut\u00e9ntica. Este modelo presenta una\u00a0pretina de [&hellip;]<\/p>\n","protected":false},"featured_media":9925,"comment_status":"open","ping_status":"closed","template":"","meta":{"_et_pb_use_builder":"","_et_pb_old_content":"","_et_gb_content_width":""},"product_brand":[],"product_cat":[213,218,26],"product_tag":[75,500,509,124,51,47],"class_list":{"0":"post-10176","1":"product","2":"type-product","3":"status-publish","4":"has-post-thumbnail","6":"product_cat-pantalones","7":"product_cat-pantalones-tiro-alto","8":"product_cat-jeans-push-up","9":"product_tag-jeans-ajustado","10":"product_tag-jeans-bota-tubo","11":"product_tag-jeans-colombianos","12":"product_tag-jeans-con-bolsillo","13":"product_tag-jeans-con-botones","14":"product_tag-jeans-push-up","16":"first","17":"instock","18":"shipping-taxable","19":"purchasable","20":"product-type-variable"},"yoast_head":"<!-- This site is optimized with the Yoast SEO plugin v25.9 - https:\/\/yoast.com\/wordpress\/plugins\/seo\/ -->\n<title>Jean con Bolsillos Push Up Colombiano Ref. 4441 SUAM - Givanna Castelo<\/title>\n<meta name=\"description\" content=\"Jean con Bolsillos Push Up Colombiano Ref. 4441 SUAM\" \/>\n<meta name=\"robots\" content=\"index, follow, max-snippet:-1, max-image-preview:large, max-video-preview:-1\" \/>\n<link rel=\"canonical\" href=\"https:\/\/givannacastelo.es\/index.php\/producto\/jean-con-bolsillos-push-up-colombiano-ref-4441-suam\/\" \/>\n<meta property=\"og:locale\" content=\"es_ES\" \/>\n<meta property=\"og:type\" content=\"article\" \/>\n<meta property=\"og:title\" content=\"Jean con Bolsillos Push Up Colombiano Ref. 4441 SUAM - Givanna Castelo\" \/>\n<meta property=\"og:description\" content=\"Jean con Bolsillos Push Up Colombiano Ref. 4441 SUAM\" \/>\n<meta property=\"og:url\" content=\"https:\/\/givannacastelo.es\/index.php\/producto\/jean-con-bolsillos-push-up-colombiano-ref-4441-suam\/\" \/>\n<meta property=\"og:site_name\" content=\"Givanna Castelo\" \/>\n<meta property=\"og:image\" content=\"https:\/\/givannacastelo.es\/wp-content\/uploads\/2025\/12\/IMG-20251205-WA0035.jpg\" \/>\n\t<meta property=\"og:image:width\" content=\"1600\" \/>\n\t<meta property=\"og:image:height\" content=\"1131\" \/>\n\t<meta property=\"og:image:type\" content=\"image\/jpeg\" \/>\n<meta name=\"twitter:card\" content=\"summary_large_image\" \/>\n<meta name=\"twitter:label1\" content=\"Tiempo de lectura\" \/>\n\t<meta name=\"twitter:data1\" content=\"2 minutos\" \/>\n<script type=\"application\/ld+json\" class=\"yoast-schema-graph\">{\"@context\":\"https:\/\/schema.org\",\"@graph\":[{\"@type\":\"WebPage\",\"@id\":\"https:\/\/givannacastelo.es\/index.php\/producto\/jean-con-bolsillos-push-up-colombiano-ref-4441-suam\/\",\"url\":\"https:\/\/givannacastelo.es\/index.php\/producto\/jean-con-bolsillos-push-up-colombiano-ref-4441-suam\/\",\"name\":\"Jean con Bolsillos Push Up Colombiano Ref. 4441 SUAM - Givanna Castelo\",\"isPartOf\":{\"@id\":\"https:\/\/givannacastelo.es\/#website\"},\"primaryImageOfPage\":{\"@id\":\"https:\/\/givannacastelo.es\/index.php\/producto\/jean-con-bolsillos-push-up-colombiano-ref-4441-suam\/#primaryimage\"},\"image\":{\"@id\":\"https:\/\/givannacastelo.es\/index.php\/producto\/jean-con-bolsillos-push-up-colombiano-ref-4441-suam\/#primaryimage\"},\"thumbnailUrl\":\"https:\/\/givannacastelo.es\/wp-content\/uploads\/2025\/12\/IMG-20251205-WA0035.jpg\",\"datePublished\":\"2025-12-28T13:29:07+00:00\",\"description\":\"Jean con Bolsillos Push Up Colombiano Ref. 4441 SUAM\",\"breadcrumb\":{\"@id\":\"https:\/\/givannacastelo.es\/index.php\/producto\/jean-con-bolsillos-push-up-colombiano-ref-4441-suam\/#breadcrumb\"},\"inLanguage\":\"es\",\"potentialAction\":[{\"@type\":\"ReadAction\",\"target\":[\"https:\/\/givannacastelo.es\/index.php\/producto\/jean-con-bolsillos-push-up-colombiano-ref-4441-suam\/\"]}]},{\"@type\":\"ImageObject\",\"inLanguage\":\"es\",\"@id\":\"https:\/\/givannacastelo.es\/index.php\/producto\/jean-con-bolsillos-push-up-colombiano-ref-4441-suam\/#primaryimage\",\"url\":\"https:\/\/givannacastelo.es\/wp-content\/uploads\/2025\/12\/IMG-20251205-WA0035.jpg\",\"contentUrl\":\"https:\/\/givannacastelo.es\/wp-content\/uploads\/2025\/12\/IMG-20251205-WA0035.jpg\",\"width\":1600,\"height\":1131},{\"@type\":\"BreadcrumbList\",\"@id\":\"https:\/\/givannacastelo.es\/index.php\/producto\/jean-con-bolsillos-push-up-colombiano-ref-4441-suam\/#breadcrumb\",\"itemListElement\":[{\"@type\":\"ListItem\",\"position\":1,\"name\":\"Portada\",\"item\":\"https:\/\/givannacastelo.es\/\"},{\"@type\":\"ListItem\",\"position\":2,\"name\":\"Tienda\",\"item\":\"https:\/\/givannacastelo.es\/index.php\/tienda\/\"},{\"@type\":\"ListItem\",\"position\":3,\"name\":\"Jean con Bolsillos Push Up Colombiano Ref. 4441 SUAM\"}]},{\"@type\":\"WebSite\",\"@id\":\"https:\/\/givannacastelo.es\/#website\",\"url\":\"https:\/\/givannacastelo.es\/\",\"name\":\"Givanna Castelo\",\"description\":\"Descubre en Givanna Castelo las \u00faltimas tendencias en moda para mujer y hombre. Ropa de calidad, estilo \u00fanico y precios accesibles para que siempre luzcas espectacular. \u00a1Compra f\u00e1cil y r\u00e1pido online!\",\"publisher\":{\"@id\":\"https:\/\/givannacastelo.es\/#organization\"},\"alternateName\":\"givannacastelo.es\",\"potentialAction\":[{\"@type\":\"SearchAction\",\"target\":{\"@type\":\"EntryPoint\",\"urlTemplate\":\"https:\/\/givannacastelo.es\/?s={search_term_string}\"},\"query-input\":{\"@type\":\"PropertyValueSpecification\",\"valueRequired\":true,\"valueName\":\"search_term_string\"}}],\"inLanguage\":\"es\"},{\"@type\":\"Organization\",\"@id\":\"https:\/\/givannacastelo.es\/#organization\",\"name\":\"Givanna Castelo\",\"alternateName\":\"givanna castelo\",\"url\":\"https:\/\/givannacastelo.es\/\",\"logo\":{\"@type\":\"ImageObject\",\"inLanguage\":\"es\",\"@id\":\"https:\/\/givannacastelo.es\/#\/schema\/logo\/image\/\",\"url\":\"https:\/\/givannacastelo.es\/wp-content\/uploads\/2025\/09\/Asset-1-1-2.png\",\"contentUrl\":\"https:\/\/givannacastelo.es\/wp-content\/uploads\/2025\/09\/Asset-1-1-2.png\",\"width\":184,\"height\":177,\"caption\":\"Givanna Castelo\"},\"image\":{\"@id\":\"https:\/\/givannacastelo.es\/#\/schema\/logo\/image\/\"}}]}<\/script>\n<!-- \/ Yoast SEO plugin. -->","yoast_head_json":{"title":"Jean con Bolsillos Push Up Colombiano Ref. 4441 SUAM - Givanna Castelo","description":"Jean con Bolsillos Push Up Colombiano Ref. 4441 SUAM","robots":{"index":"index","follow":"follow","max-snippet":"max-snippet:-1","max-image-preview":"max-image-preview:large","max-video-preview":"max-video-preview:-1"},"canonical":"https:\/\/givannacastelo.es\/index.php\/producto\/jean-con-bolsillos-push-up-colombiano-ref-4441-suam\/","og_locale":"es_ES","og_type":"article","og_title":"Jean con Bolsillos Push Up Colombiano Ref. 4441 SUAM - Givanna Castelo","og_description":"Jean con Bolsillos Push Up Colombiano Ref. 4441 SUAM","og_url":"https:\/\/givannacastelo.es\/index.php\/producto\/jean-con-bolsillos-push-up-colombiano-ref-4441-suam\/","og_site_name":"Givanna Castelo","og_image":[{"width":1600,"height":1131,"url":"https:\/\/givannacastelo.es\/wp-content\/uploads\/2025\/12\/IMG-20251205-WA0035.jpg","type":"image\/jpeg"}],"twitter_card":"summary_large_image","twitter_misc":{"Tiempo de lectura":"2 minutos"},"schema":{"@context":"https:\/\/schema.org","@graph":[{"@type":"WebPage","@id":"https:\/\/givannacastelo.es\/index.php\/producto\/jean-con-bolsillos-push-up-colombiano-ref-4441-suam\/","url":"https:\/\/givannacastelo.es\/index.php\/producto\/jean-con-bolsillos-push-up-colombiano-ref-4441-suam\/","name":"Jean con Bolsillos Push Up Colombiano Ref. 4441 SUAM - Givanna Castelo","isPartOf":{"@id":"https:\/\/givannacastelo.es\/#website"},"primaryImageOfPage":{"@id":"https:\/\/givannacastelo.es\/index.php\/producto\/jean-con-bolsillos-push-up-colombiano-ref-4441-suam\/#primaryimage"},"image":{"@id":"https:\/\/givannacastelo.es\/index.php\/producto\/jean-con-bolsillos-push-up-colombiano-ref-4441-suam\/#primaryimage"},"thumbnailUrl":"https:\/\/givannacastelo.es\/wp-content\/uploads\/2025\/12\/IMG-20251205-WA0035.jpg","datePublished":"2025-12-28T13:29:07+00:00","description":"Jean con Bolsillos Push Up Colombiano Ref. 4441 SUAM","breadcrumb":{"@id":"https:\/\/givannacastelo.es\/index.php\/producto\/jean-con-bolsillos-push-up-colombiano-ref-4441-suam\/#breadcrumb"},"inLanguage":"es","potentialAction":[{"@type":"ReadAction","target":["https:\/\/givannacastelo.es\/index.php\/producto\/jean-con-bolsillos-push-up-colombiano-ref-4441-suam\/"]}]},{"@type":"ImageObject","inLanguage":"es","@id":"https:\/\/givannacastelo.es\/index.php\/producto\/jean-con-bolsillos-push-up-colombiano-ref-4441-suam\/#primaryimage","url":"https:\/\/givannacastelo.es\/wp-content\/uploads\/2025\/12\/IMG-20251205-WA0035.jpg","contentUrl":"https:\/\/givannacastelo.es\/wp-content\/uploads\/2025\/12\/IMG-20251205-WA0035.jpg","width":1600,"height":1131},{"@type":"BreadcrumbList","@id":"https:\/\/givannacastelo.es\/index.php\/producto\/jean-con-bolsillos-push-up-colombiano-ref-4441-suam\/#breadcrumb","itemListElement":[{"@type":"ListItem","position":1,"name":"Portada","item":"https:\/\/givannacastelo.es\/"},{"@type":"ListItem","position":2,"name":"Tienda","item":"https:\/\/givannacastelo.es\/index.php\/tienda\/"},{"@type":"ListItem","position":3,"name":"Jean con Bolsillos Push Up Colombiano Ref. 4441 SUAM"}]},{"@type":"WebSite","@id":"https:\/\/givannacastelo.es\/#website","url":"https:\/\/givannacastelo.es\/","name":"Givanna Castelo","description":"Descubre en Givanna Castelo las \u00faltimas tendencias en moda para mujer y hombre. Ropa de calidad, estilo \u00fanico y precios accesibles para que siempre luzcas espectacular. \u00a1Compra f\u00e1cil y r\u00e1pido online!","publisher":{"@id":"https:\/\/givannacastelo.es\/#organization"},"alternateName":"givannacastelo.es","potentialAction":[{"@type":"SearchAction","target":{"@type":"EntryPoint","urlTemplate":"https:\/\/givannacastelo.es\/?s={search_term_string}"},"query-input":{"@type":"PropertyValueSpecification","valueRequired":true,"valueName":"search_term_string"}}],"inLanguage":"es"},{"@type":"Organization","@id":"https:\/\/givannacastelo.es\/#organization","name":"Givanna Castelo","alternateName":"givanna castelo","url":"https:\/\/givannacastelo.es\/","logo":{"@type":"ImageObject","inLanguage":"es","@id":"https:\/\/givannacastelo.es\/#\/schema\/logo\/image\/","url":"https:\/\/givannacastelo.es\/wp-content\/uploads\/2025\/09\/Asset-1-1-2.png","contentUrl":"https:\/\/givannacastelo.es\/wp-content\/uploads\/2025\/09\/Asset-1-1-2.png","width":184,"height":177,"caption":"Givanna Castelo"},"image":{"@id":"https:\/\/givannacastelo.es\/#\/schema\/logo\/image\/"}}]}},"jetpack_sharing_enabled":true,"_links":{"self":[{"href":"https:\/\/givannacastelo.es\/index.php\/wp-json\/wp\/v2\/product\/10176","targetHints":{"allow":["GET"]}}],"collection":[{"href":"https:\/\/givannacastelo.es\/index.php\/wp-json\/wp\/v2\/product"}],"about":[{"href":"https:\/\/givannacastelo.es\/index.php\/wp-json\/wp\/v2\/types\/product"}],"replies":[{"embeddable":true,"href":"https:\/\/givannacastelo.es\/index.php\/wp-json\/wp\/v2\/comments?post=10176"}],"wp:featuredmedia":[{"embeddable":true,"href":"https:\/\/givannacastelo.es\/index.php\/wp-json\/wp\/v2\/media\/9925"}],"wp:attachment":[{"href":"https:\/\/givannacastelo.es\/index.php\/wp-json\/wp\/v2\/media?parent=10176"}],"wp:term":[{"taxonomy":"product_brand","embeddable":true,"href":"https:\/\/givannacastelo.es\/index.php\/wp-json\/wp\/v2\/product_brand?post=10176"},{"taxonomy":"product_cat","embeddable":true,"href":"https:\/\/givannacastelo.es\/index.php\/wp-json\/wp\/v2\/product_cat?post=10176"},{"taxonomy":"product_tag","embeddable":true,"href":"https:\/\/givannacastelo.es\/index.php\/wp-json\/wp\/v2\/product_tag?post=10176"}],"curies":[{"name":"wp","href":"https:\/\/api.w.org\/{rel}","templated":true}]}}