{"id":10161,"date":"2025-12-28T01:25:16","date_gmt":"2025-12-28T00:25:16","guid":{"rendered":"https:\/\/givannacastelo.es\/?post_type=product&#038;p=10161"},"modified":"2025-12-28T01:25:16","modified_gmt":"2025-12-28T00:25:16","slug":"chaqueta-imprescindible-colombiana-ref-bm1222ch","status":"publish","type":"product","link":"https:\/\/givannacastelo.es\/index.php\/producto\/chaqueta-imprescindible-colombiana-ref-bm1222ch\/","title":{"rendered":"Chaqueta Imprescindible Colombiana Ref. BM1222CH"},"content":{"rendered":"<div class=\"body\">\n<div id=\"ini\" class=\"product\">\n<div class=\"product-right\">\n<div class=\"row\">\n<p class=\"\" data-start=\"85\" data-end=\"397\">Luce moderna y c\u00f3moda con esta chaqueta\u00a0<strong data-start=\"125\" data-end=\"146\">hecha en Colombia<\/strong>, perfecta para quienes buscan una prenda vers\u00e1til con un dise\u00f1o aut\u00e9ntico. Con un estilo urbano y femenino, esta chaqueta combina la comodidad del algod\u00f3n con el car\u00e1cter del denim en un dise\u00f1o que resalta la figura sin perder libertad de movimiento.<\/p>\n<h3 class=\"\" data-start=\"399\" data-end=\"429\"><strong data-start=\"403\" data-end=\"427\">Detalles del dise\u00f1o:<\/strong><\/h3>\n<ul data-start=\"430\" data-end=\"882\">\n<li class=\"\" data-start=\"430\" data-end=\"488\">\n<p class=\"\" data-start=\"432\" data-end=\"488\"><strong data-start=\"432\" data-end=\"459\">Tela tipo algod\u00f3n suave<\/strong>, ideal para el uso diario.<\/p>\n<\/li>\n<li class=\"\" data-start=\"489\" data-end=\"612\">\n<p class=\"\" data-start=\"491\" data-end=\"612\"><strong data-start=\"491\" data-end=\"526\">Paneles en denim en forma curva<\/strong>\u00a0a ambos lados del cierre frontal, creando un efecto visual que estiliza la silueta.<\/p>\n<\/li>\n<li class=\"\" data-start=\"613\" data-end=\"692\">\n<p class=\"\" data-start=\"615\" data-end=\"692\"><strong data-start=\"615\" data-end=\"647\">Capucha ajustable con cord\u00f3n<\/strong>, perfecta para un look relajado y moderno.<\/p>\n<\/li>\n<li class=\"\" data-start=\"693\" data-end=\"750\">\n<p class=\"\" data-start=\"695\" data-end=\"750\"><strong data-start=\"695\" data-end=\"722\">Cierre frontal met\u00e1lico<\/strong>, pr\u00e1ctico y en tendencia.<\/p>\n<\/li>\n<li class=\"\" data-start=\"751\" data-end=\"821\">\n<p class=\"\" data-start=\"753\" data-end=\"821\"><strong data-start=\"753\" data-end=\"791\">Bolsillos con cremalleras en denim<\/strong>, funcionales y decorativos.<\/p>\n<\/li>\n<li class=\"\" data-start=\"822\" data-end=\"882\">\n<p class=\"\" data-start=\"824\" data-end=\"882\"><strong data-start=\"824\" data-end=\"843\">Corte tipo crop<\/strong>, que aporta un toque juvenil y actual.<\/p>\n<\/li>\n<\/ul>\n<p class=\"\" data-start=\"884\" data-end=\"1076\">Disponible en nuestra\u00a0<strong data-start=\"906\" data-end=\"934\">tienda colombiana online<\/strong>, esta prenda representa lo mejor de la\u00a0<strong data-start=\"974\" data-end=\"993\">moda colombiana<\/strong>\u00a0y ya est\u00e1 disponible para quienes buscan\u00a0<strong data-start=\"1035\" data-end=\"1073\">ropa colombiana en Espa\u00f1a y Europa<\/strong>.<\/p>\n<p class=\"\" data-start=\"1078\" data-end=\"1253\">Ideal para combinar con jeans, faldas o pantalones deportivos. Esta chaqueta es una opci\u00f3n perfecta para quienes valoran el dise\u00f1o nacional con estilo y calidad internacional.<\/p>\n<\/div>\n<\/div>\n<\/div>\n<\/div>\n<div class=\"suscribete\"><\/div>\n","protected":false},"excerpt":{"rendered":"<p>Luce moderna y c\u00f3moda con esta chaqueta\u00a0hecha en Colombia, perfecta para quienes buscan una prenda vers\u00e1til con un dise\u00f1o aut\u00e9ntico. Con un estilo urbano y femenino, esta chaqueta combina la comodidad del algod\u00f3n con el car\u00e1cter del denim en un dise\u00f1o que resalta la figura sin perder libertad de movimiento. Detalles del dise\u00f1o: Tela tipo [&hellip;]<\/p>\n","protected":false},"featured_media":10031,"comment_status":"open","ping_status":"closed","template":"","meta":{"_et_pb_use_builder":"","_et_pb_old_content":"","_et_gb_content_width":""},"product_brand":[],"product_cat":[164],"product_tag":[575,633,660,605,581],"class_list":{"0":"post-10161","1":"product","2":"type-product","3":"status-publish","4":"has-post-thumbnail","6":"product_cat-chaquetas","7":"product_tag-chaqueta-bless-me","8":"product_tag-chaqueta-colombiana","9":"product_tag-chaqueta-con-capucha","10":"product_tag-chaquetas-con-bolsillos","11":"product_tag-tela-denim-elastica","13":"first","14":"instock","15":"shipping-taxable","16":"purchasable","17":"product-type-variable"},"yoast_head":"<!-- This site is optimized with the Yoast SEO plugin v25.9 - https:\/\/yoast.com\/wordpress\/plugins\/seo\/ -->\n<title>Chaqueta Imprescindible Colombiana Ref. BM1222CH - Givanna Castelo<\/title>\n<meta name=\"description\" content=\"Chaqueta Imprescindible Colombiana Ref. BM1222CH\" \/>\n<meta name=\"robots\" content=\"index, follow, max-snippet:-1, max-image-preview:large, max-video-preview:-1\" \/>\n<link rel=\"canonical\" href=\"https:\/\/givannacastelo.es\/index.php\/producto\/chaqueta-imprescindible-colombiana-ref-bm1222ch\/\" \/>\n<meta property=\"og:locale\" content=\"es_ES\" \/>\n<meta property=\"og:type\" content=\"article\" \/>\n<meta property=\"og:title\" content=\"Chaqueta Imprescindible Colombiana Ref. BM1222CH - Givanna Castelo\" \/>\n<meta property=\"og:description\" content=\"Chaqueta Imprescindible Colombiana Ref. BM1222CH\" \/>\n<meta property=\"og:url\" content=\"https:\/\/givannacastelo.es\/index.php\/producto\/chaqueta-imprescindible-colombiana-ref-bm1222ch\/\" \/>\n<meta property=\"og:site_name\" content=\"Givanna Castelo\" \/>\n<meta property=\"og:image\" content=\"https:\/\/givannacastelo.es\/wp-content\/uploads\/2025\/12\/IMG-20251226-WA0000.jpg\" \/>\n\t<meta property=\"og:image:width\" content=\"1600\" \/>\n\t<meta property=\"og:image:height\" content=\"1579\" \/>\n\t<meta property=\"og:image:type\" content=\"image\/jpeg\" \/>\n<meta name=\"twitter:card\" content=\"summary_large_image\" \/>\n<meta name=\"twitter:label1\" content=\"Tiempo de lectura\" \/>\n\t<meta name=\"twitter:data1\" content=\"1 minuto\" \/>\n<script type=\"application\/ld+json\" class=\"yoast-schema-graph\">{\"@context\":\"https:\/\/schema.org\",\"@graph\":[{\"@type\":\"WebPage\",\"@id\":\"https:\/\/givannacastelo.es\/index.php\/producto\/chaqueta-imprescindible-colombiana-ref-bm1222ch\/\",\"url\":\"https:\/\/givannacastelo.es\/index.php\/producto\/chaqueta-imprescindible-colombiana-ref-bm1222ch\/\",\"name\":\"Chaqueta Imprescindible Colombiana Ref. BM1222CH - Givanna Castelo\",\"isPartOf\":{\"@id\":\"https:\/\/givannacastelo.es\/#website\"},\"primaryImageOfPage\":{\"@id\":\"https:\/\/givannacastelo.es\/index.php\/producto\/chaqueta-imprescindible-colombiana-ref-bm1222ch\/#primaryimage\"},\"image\":{\"@id\":\"https:\/\/givannacastelo.es\/index.php\/producto\/chaqueta-imprescindible-colombiana-ref-bm1222ch\/#primaryimage\"},\"thumbnailUrl\":\"https:\/\/givannacastelo.es\/wp-content\/uploads\/2025\/12\/IMG-20251226-WA0000.jpg\",\"datePublished\":\"2025-12-28T00:25:16+00:00\",\"description\":\"Chaqueta Imprescindible Colombiana Ref. BM1222CH\",\"breadcrumb\":{\"@id\":\"https:\/\/givannacastelo.es\/index.php\/producto\/chaqueta-imprescindible-colombiana-ref-bm1222ch\/#breadcrumb\"},\"inLanguage\":\"es\",\"potentialAction\":[{\"@type\":\"ReadAction\",\"target\":[\"https:\/\/givannacastelo.es\/index.php\/producto\/chaqueta-imprescindible-colombiana-ref-bm1222ch\/\"]}]},{\"@type\":\"ImageObject\",\"inLanguage\":\"es\",\"@id\":\"https:\/\/givannacastelo.es\/index.php\/producto\/chaqueta-imprescindible-colombiana-ref-bm1222ch\/#primaryimage\",\"url\":\"https:\/\/givannacastelo.es\/wp-content\/uploads\/2025\/12\/IMG-20251226-WA0000.jpg\",\"contentUrl\":\"https:\/\/givannacastelo.es\/wp-content\/uploads\/2025\/12\/IMG-20251226-WA0000.jpg\",\"width\":1600,\"height\":1579},{\"@type\":\"BreadcrumbList\",\"@id\":\"https:\/\/givannacastelo.es\/index.php\/producto\/chaqueta-imprescindible-colombiana-ref-bm1222ch\/#breadcrumb\",\"itemListElement\":[{\"@type\":\"ListItem\",\"position\":1,\"name\":\"Portada\",\"item\":\"https:\/\/givannacastelo.es\/\"},{\"@type\":\"ListItem\",\"position\":2,\"name\":\"Tienda\",\"item\":\"https:\/\/givannacastelo.es\/index.php\/tienda\/\"},{\"@type\":\"ListItem\",\"position\":3,\"name\":\"Chaqueta Imprescindible Colombiana Ref. BM1222CH\"}]},{\"@type\":\"WebSite\",\"@id\":\"https:\/\/givannacastelo.es\/#website\",\"url\":\"https:\/\/givannacastelo.es\/\",\"name\":\"Givanna Castelo\",\"description\":\"Descubre en Givanna Castelo las \u00faltimas tendencias en moda para mujer y hombre. Ropa de calidad, estilo \u00fanico y precios accesibles para que siempre luzcas espectacular. \u00a1Compra f\u00e1cil y r\u00e1pido online!\",\"publisher\":{\"@id\":\"https:\/\/givannacastelo.es\/#organization\"},\"alternateName\":\"givannacastelo.es\",\"potentialAction\":[{\"@type\":\"SearchAction\",\"target\":{\"@type\":\"EntryPoint\",\"urlTemplate\":\"https:\/\/givannacastelo.es\/?s={search_term_string}\"},\"query-input\":{\"@type\":\"PropertyValueSpecification\",\"valueRequired\":true,\"valueName\":\"search_term_string\"}}],\"inLanguage\":\"es\"},{\"@type\":\"Organization\",\"@id\":\"https:\/\/givannacastelo.es\/#organization\",\"name\":\"Givanna Castelo\",\"alternateName\":\"givanna castelo\",\"url\":\"https:\/\/givannacastelo.es\/\",\"logo\":{\"@type\":\"ImageObject\",\"inLanguage\":\"es\",\"@id\":\"https:\/\/givannacastelo.es\/#\/schema\/logo\/image\/\",\"url\":\"https:\/\/givannacastelo.es\/wp-content\/uploads\/2025\/09\/Asset-1-1-2.png\",\"contentUrl\":\"https:\/\/givannacastelo.es\/wp-content\/uploads\/2025\/09\/Asset-1-1-2.png\",\"width\":184,\"height\":177,\"caption\":\"Givanna Castelo\"},\"image\":{\"@id\":\"https:\/\/givannacastelo.es\/#\/schema\/logo\/image\/\"}}]}<\/script>\n<!-- \/ Yoast SEO plugin. -->","yoast_head_json":{"title":"Chaqueta Imprescindible Colombiana Ref. BM1222CH - Givanna Castelo","description":"Chaqueta Imprescindible Colombiana Ref. BM1222CH","robots":{"index":"index","follow":"follow","max-snippet":"max-snippet:-1","max-image-preview":"max-image-preview:large","max-video-preview":"max-video-preview:-1"},"canonical":"https:\/\/givannacastelo.es\/index.php\/producto\/chaqueta-imprescindible-colombiana-ref-bm1222ch\/","og_locale":"es_ES","og_type":"article","og_title":"Chaqueta Imprescindible Colombiana Ref. BM1222CH - Givanna Castelo","og_description":"Chaqueta Imprescindible Colombiana Ref. BM1222CH","og_url":"https:\/\/givannacastelo.es\/index.php\/producto\/chaqueta-imprescindible-colombiana-ref-bm1222ch\/","og_site_name":"Givanna Castelo","og_image":[{"width":1600,"height":1579,"url":"https:\/\/givannacastelo.es\/wp-content\/uploads\/2025\/12\/IMG-20251226-WA0000.jpg","type":"image\/jpeg"}],"twitter_card":"summary_large_image","twitter_misc":{"Tiempo de lectura":"1 minuto"},"schema":{"@context":"https:\/\/schema.org","@graph":[{"@type":"WebPage","@id":"https:\/\/givannacastelo.es\/index.php\/producto\/chaqueta-imprescindible-colombiana-ref-bm1222ch\/","url":"https:\/\/givannacastelo.es\/index.php\/producto\/chaqueta-imprescindible-colombiana-ref-bm1222ch\/","name":"Chaqueta Imprescindible Colombiana Ref. BM1222CH - Givanna Castelo","isPartOf":{"@id":"https:\/\/givannacastelo.es\/#website"},"primaryImageOfPage":{"@id":"https:\/\/givannacastelo.es\/index.php\/producto\/chaqueta-imprescindible-colombiana-ref-bm1222ch\/#primaryimage"},"image":{"@id":"https:\/\/givannacastelo.es\/index.php\/producto\/chaqueta-imprescindible-colombiana-ref-bm1222ch\/#primaryimage"},"thumbnailUrl":"https:\/\/givannacastelo.es\/wp-content\/uploads\/2025\/12\/IMG-20251226-WA0000.jpg","datePublished":"2025-12-28T00:25:16+00:00","description":"Chaqueta Imprescindible Colombiana Ref. BM1222CH","breadcrumb":{"@id":"https:\/\/givannacastelo.es\/index.php\/producto\/chaqueta-imprescindible-colombiana-ref-bm1222ch\/#breadcrumb"},"inLanguage":"es","potentialAction":[{"@type":"ReadAction","target":["https:\/\/givannacastelo.es\/index.php\/producto\/chaqueta-imprescindible-colombiana-ref-bm1222ch\/"]}]},{"@type":"ImageObject","inLanguage":"es","@id":"https:\/\/givannacastelo.es\/index.php\/producto\/chaqueta-imprescindible-colombiana-ref-bm1222ch\/#primaryimage","url":"https:\/\/givannacastelo.es\/wp-content\/uploads\/2025\/12\/IMG-20251226-WA0000.jpg","contentUrl":"https:\/\/givannacastelo.es\/wp-content\/uploads\/2025\/12\/IMG-20251226-WA0000.jpg","width":1600,"height":1579},{"@type":"BreadcrumbList","@id":"https:\/\/givannacastelo.es\/index.php\/producto\/chaqueta-imprescindible-colombiana-ref-bm1222ch\/#breadcrumb","itemListElement":[{"@type":"ListItem","position":1,"name":"Portada","item":"https:\/\/givannacastelo.es\/"},{"@type":"ListItem","position":2,"name":"Tienda","item":"https:\/\/givannacastelo.es\/index.php\/tienda\/"},{"@type":"ListItem","position":3,"name":"Chaqueta Imprescindible Colombiana Ref. BM1222CH"}]},{"@type":"WebSite","@id":"https:\/\/givannacastelo.es\/#website","url":"https:\/\/givannacastelo.es\/","name":"Givanna Castelo","description":"Descubre en Givanna Castelo las \u00faltimas tendencias en moda para mujer y hombre. Ropa de calidad, estilo \u00fanico y precios accesibles para que siempre luzcas espectacular. \u00a1Compra f\u00e1cil y r\u00e1pido online!","publisher":{"@id":"https:\/\/givannacastelo.es\/#organization"},"alternateName":"givannacastelo.es","potentialAction":[{"@type":"SearchAction","target":{"@type":"EntryPoint","urlTemplate":"https:\/\/givannacastelo.es\/?s={search_term_string}"},"query-input":{"@type":"PropertyValueSpecification","valueRequired":true,"valueName":"search_term_string"}}],"inLanguage":"es"},{"@type":"Organization","@id":"https:\/\/givannacastelo.es\/#organization","name":"Givanna Castelo","alternateName":"givanna castelo","url":"https:\/\/givannacastelo.es\/","logo":{"@type":"ImageObject","inLanguage":"es","@id":"https:\/\/givannacastelo.es\/#\/schema\/logo\/image\/","url":"https:\/\/givannacastelo.es\/wp-content\/uploads\/2025\/09\/Asset-1-1-2.png","contentUrl":"https:\/\/givannacastelo.es\/wp-content\/uploads\/2025\/09\/Asset-1-1-2.png","width":184,"height":177,"caption":"Givanna Castelo"},"image":{"@id":"https:\/\/givannacastelo.es\/#\/schema\/logo\/image\/"}}]}},"jetpack_sharing_enabled":true,"_links":{"self":[{"href":"https:\/\/givannacastelo.es\/index.php\/wp-json\/wp\/v2\/product\/10161","targetHints":{"allow":["GET"]}}],"collection":[{"href":"https:\/\/givannacastelo.es\/index.php\/wp-json\/wp\/v2\/product"}],"about":[{"href":"https:\/\/givannacastelo.es\/index.php\/wp-json\/wp\/v2\/types\/product"}],"replies":[{"embeddable":true,"href":"https:\/\/givannacastelo.es\/index.php\/wp-json\/wp\/v2\/comments?post=10161"}],"wp:featuredmedia":[{"embeddable":true,"href":"https:\/\/givannacastelo.es\/index.php\/wp-json\/wp\/v2\/media\/10031"}],"wp:attachment":[{"href":"https:\/\/givannacastelo.es\/index.php\/wp-json\/wp\/v2\/media?parent=10161"}],"wp:term":[{"taxonomy":"product_brand","embeddable":true,"href":"https:\/\/givannacastelo.es\/index.php\/wp-json\/wp\/v2\/product_brand?post=10161"},{"taxonomy":"product_cat","embeddable":true,"href":"https:\/\/givannacastelo.es\/index.php\/wp-json\/wp\/v2\/product_cat?post=10161"},{"taxonomy":"product_tag","embeddable":true,"href":"https:\/\/givannacastelo.es\/index.php\/wp-json\/wp\/v2\/product_tag?post=10161"}],"curies":[{"name":"wp","href":"https:\/\/api.w.org\/{rel}","templated":true}]}}